{"id":32,"date":"2019-09-10T15:09:42","date_gmt":"2019-09-10T12:09:42","guid":{"rendered":"https:\/\/blogi.eoppimispalvelut.fi\/soku2\/?page_id=32"},"modified":"2020-02-10T13:55:25","modified_gmt":"2020-02-10T11:55:25","slug":"leimattu-reservaatissa-oleva","status":"publish","type":"page","link":"https:\/\/blogi.eoppimispalvelut.fi\/soku2\/leimattu-reservaatissa-oleva\/","title":{"rendered":"Leimatut ja reservaatissa olevat"},"content":{"rendered":"<p><strong><a href=\"https:\/\/blogi.eoppimispalvelut.fi\/soku2\/rubber-stamp-2\/\"><img loading=\"lazy\" decoding=\"async\" class=\"alignnone size-medium wp-image-329\" src=\"https:\/\/blogi.eoppimispalvelut.fi\/soku2\/files\/2020\/02\/Asiakasprofiiliin-Leimatut-300x200.jpg\" alt=\"\" width=\"300\" height=\"200\" srcset=\"https:\/\/blogi.eoppimispalvelut.fi\/soku2\/files\/2020\/02\/Asiakasprofiiliin-Leimatut-300x200.jpg 300w, https:\/\/blogi.eoppimispalvelut.fi\/soku2\/files\/2020\/02\/Asiakasprofiiliin-Leimatut.jpg 550w\" sizes=\"auto, (max-width: 300px) 100vw, 300px\" \/><\/a><br \/>\nKuvaus:<\/strong><\/p>\n<ul>\n<li>pysyv\u00e4 leima tai diagnoosi on m\u00e4\u00e4ritelty \u2013 ikuisuusstigma sitoo ja lamauttaa vaikka yrityst\u00e4 ja voimavaroja olisi irtiottoon<\/li>\n<li>ei suoda mahdollisuuksiakaan yritt\u00e4\u00e4, kokeilla eik\u00e4 itsen\u00e4isty\u00e4 esim l\u00e4heisriippuvuus, kontrolli, taloudellinen hy\u00f6ty, huoltajuustestamentit<\/li>\n<li>vertaistuen varassa pitk\u00e4lti<\/li>\n<\/ul>\n<p><strong>Case Mirkku<\/strong><\/p>\n<p>Mirkku on 33-vuotias nainen. H\u00e4nell\u00e4 on taustakoulutuksenaan peruskoulu ja vuoden opinnot iltalukiossa. T\u00e4m\u00e4n j\u00e4lkeen h\u00e4n opiskeli vuoden valmentavassa koulutuksessa ammattiopistossa ja siirtyi merkonomiopintoihin, jonka tutkinnon h\u00e4n on suorittanut. Merkonomin ty\u00f6t\u00e4 ei ole l\u00f6ytynyt eik\u00e4 se kovin kiinnostakaan. Opiskelut aikanaan sujuivat hyvin, joskin h\u00e4n tarvitsi lis\u00e4aikaa teht\u00e4viss\u00e4\u00e4n todetun luki-h\u00e4iri\u00f6n vuoksi. Luku- ja kirjoitustaito sin\u00e4ll\u00e4\u00e4n ovat hyv\u00e4t, englannin kielen ja IT-perustaitojen ollessa my\u00f6s hyv\u00e4t.<\/p>\n<p>Mirkun el\u00e4m\u00e4nkaaressa on ik\u00e4v\u00e4n\u00e4 asiana ns ikuisuusdiagnoosi \u2013 psykologisissa testeiss\u00e4 kauan sitten on melko kevein tutkimuksin. H\u00e4nelle mielest\u00e4\u00e4n sanottu, ett\u00e4 \u201dsinusta ei koskaan ole ty\u00f6h\u00f6n\u201d ja oikeus ty\u00f6kyvytt\u00f6myysel\u00e4kkeeseen on sill\u00e4 siunattu.<\/p>\n<p>Mirkku on sosiaalinen persoona ja h\u00e4nen vuorovaikutus- ja kommunikointitaidot ovat hyv\u00e4t. Itse h\u00e4n kertoo, ett\u00e4 v\u00e4lill\u00e4 \u201dpinna\u201d on lyhyt. Uusissa tilanteissa on alkuj\u00e4nnityst\u00e4 ja toisinaan h\u00e4n kielt\u00e4ytyykin sen vuoksi uusiin tilanteisiin menemiss\u00e4\u2026 mutta kun kynnyksen ylitt\u00e4\u00e4<\/p>\n<p>niin hyvin sujuu, vahvistaen samalla itsetuntoa. Mirkku on aktiivinen liikkuja ja hoitaa hyvinvointiaan.<\/p>\n<p>Mirkku on ollut pitk\u00e4\u00e4n ty\u00f6toiminnassa ja omaa hyv\u00e4t k\u00e4dentaidot, ollen my\u00f6s ty\u00f6yhteis\u00f6ss\u00e4 ryhm\u00e4n apuohjaajana. Opiskelu er\u00e4\u00e4n hankkeen mahdollistamana on tuonut Mirkulle uutta sis\u00e4lt\u00f6\u00e4 ja h\u00e4n kokee sen mukavaksi; ja j\u00e4nnitys on v\u00e4hentynyt sek\u00e4 ryhm\u00e4ss\u00e4 toimimisen taidot ovat parantuneet.\u00a0 Opiskelun jatkaminen kiinnostaa ja \u201duusi ty\u00f6kin kiinnostaa, jos rohkenis\u201d<\/p>\n<p>Palvelut: ty\u00f6toiminta, Kela, terveyspalvelut<\/p>\n","protected":false},"excerpt":{"rendered":"<p>Kuvaus: pysyv\u00e4 leima tai diagnoosi on m\u00e4\u00e4ritelty \u2013 ikuisuusstigma sitoo ja lamauttaa vaikka yrityst\u00e4 ja voimavaroja olisi irtiottoon ei suoda mahdollisuuksiakaan yritt\u00e4\u00e4, kokeilla eik\u00e4 itsen\u00e4isty\u00e4 esim l\u00e4heisriippuvuus, kontrolli, taloudellinen hy\u00f6ty, huoltajuustestamentit vertaistuen varassa pitk\u00e4lti Case Mirkku Mirkku on 33-vuotias nainen. H\u00e4nell\u00e4 on taustakoulutuksenaan peruskoulu ja vuoden opinnot iltalukiossa. T\u00e4m\u00e4n j\u00e4lkeen h\u00e4n opiskeli vuoden valmentavassa koulutuksessa &hellip; <\/p>\n<p class=\"link-more\"><a href=\"https:\/\/blogi.eoppimispalvelut.fi\/soku2\/leimattu-reservaatissa-oleva\/\" class=\"more-link\">Jatka lukemista<span class=\"screen-reader-text\"> &#8220;Leimatut ja reservaatissa olevat&#8221;<\/span><\/a><\/p>\n","protected":false},"author":31,"featured_media":0,"parent":0,"menu_order":0,"comment_status":"closed","ping_status":"closed","template":"","meta":{"footnotes":""},"class_list":["post-32","page","type-page","status-publish","hentry"],"_links":{"self":[{"href":"https:\/\/blogi.eoppimispalvelut.fi\/soku2\/wp-json\/wp\/v2\/pages\/32","targetHints":{"allow":["GET"]}}],"collection":[{"href":"https:\/\/blogi.eoppimispalvelut.fi\/soku2\/wp-json\/wp\/v2\/pages"}],"about":[{"href":"https:\/\/blogi.eoppimispalvelut.fi\/soku2\/wp-json\/wp\/v2\/types\/page"}],"author":[{"embeddable":true,"href":"https:\/\/blogi.eoppimispalvelut.fi\/soku2\/wp-json\/wp\/v2\/users\/31"}],"replies":[{"embeddable":true,"href":"https:\/\/blogi.eoppimispalvelut.fi\/soku2\/wp-json\/wp\/v2\/comments?post=32"}],"version-history":[{"count":3,"href":"https:\/\/blogi.eoppimispalvelut.fi\/soku2\/wp-json\/wp\/v2\/pages\/32\/revisions"}],"predecessor-version":[{"id":336,"href":"https:\/\/blogi.eoppimispalvelut.fi\/soku2\/wp-json\/wp\/v2\/pages\/32\/revisions\/336"}],"wp:attachment":[{"href":"https:\/\/blogi.eoppimispalvelut.fi\/soku2\/wp-json\/wp\/v2\/media?parent=32"}],"curies":[{"name":"wp","href":"https:\/\/api.w.org\/{rel}","templated":true}]}}