{"id":34,"date":"2019-09-10T15:09:58","date_gmt":"2019-09-10T12:09:58","guid":{"rendered":"https:\/\/blogi.eoppimispalvelut.fi\/soku2\/?page_id=34"},"modified":"2020-02-10T13:58:33","modified_gmt":"2020-02-10T11:58:33","slug":"maaliin-juossut","status":"publish","type":"page","link":"https:\/\/blogi.eoppimispalvelut.fi\/soku2\/maaliin-juossut\/","title":{"rendered":"Maaliin juosseet"},"content":{"rendered":"<p><strong><a href=\"https:\/\/blogi.eoppimispalvelut.fi\/soku2\/maaliin-juossut\/asiakasprofiiliin-maaliin-juosseet\/\" rel=\"attachment wp-att-337\"><img loading=\"lazy\" decoding=\"async\" class=\"alignnone size-medium wp-image-337\" src=\"https:\/\/blogi.eoppimispalvelut.fi\/soku2\/files\/2020\/02\/Asiakasprofiiliin-Maaliin-juosseet-300x199.jpg\" alt=\"\" width=\"300\" height=\"199\" srcset=\"https:\/\/blogi.eoppimispalvelut.fi\/soku2\/files\/2020\/02\/Asiakasprofiiliin-Maaliin-juosseet-300x199.jpg 300w, https:\/\/blogi.eoppimispalvelut.fi\/soku2\/files\/2020\/02\/Asiakasprofiiliin-Maaliin-juosseet.jpg 392w\" sizes=\"auto, (max-width: 300px) 100vw, 300px\" \/><\/a><br \/>\nKuvaus:<\/strong><\/p>\n<ul>\n<li>el\u00e4m\u00e4 sujuu ja oma paikka ja polku on l\u00f6ytynyt, usein hyvin pitk\u00e4n ajan prosessina s\u00e4\u00e4nn\u00f6llisen tuen ja palvelujen turvin<\/li>\n<li>joko opiskelemassa tai ty\u00f6ss\u00e4<\/li>\n<\/ul>\n<p><strong>Case Matti<\/strong><\/p>\n<p>Matti on ollut nuorisopsykiatrian asiakkaana useita vuosia. Matilla on masennusta, itsetunto-ongelmia ja sosiaalisen tilanteiden pelkoa. Asiakassuhteet h\u00e4nell\u00e4 on ollut mielenterveysasemalla ja nuorisopsykiatrian poliklinikalla. Tutuissa kaveripiireiss\u00e4 h\u00e4n kuitenkin viihtyy. H\u00e4n on ollut nuorisopsykiatrian yksik\u00f6n ryhmiss\u00e4 vuosia ja on siirtynyt pikkuhiljaa sen j\u00e4rjest\u00e4miin harrastusmuotoisiin ryhmiin.<\/p>\n<p>Matti jatkoi k\u00e4ymist\u00e4 sosiaalisen kuntoutuksen ryhmiss\u00e4 ajoittain, ollen aina aktiivinen ja kiinnostunut tapahtumista somen kautta, koska ei kiireilt\u00e4\u00e4n kerennyt aina osallistumaan. Matti on jatkanut opintojaan ja<\/p>\n<p>h\u00e4n pyysi my\u00f6hemmin apua ty\u00f6suhteen \u00a0aloittamiseen liittyviss\u00e4 ty\u00f6sopimus- ja virastoasioissa, koska oli saanut ty\u00f6paikan.<\/p>\n<p>Matille on l\u00f6ytynyt pysyv\u00e4isluonteinen ty\u00f6 ja muutoinkin el\u00e4m\u00e4ntilanne on selkeytynyt \u2013 \u201donnellinen loppu\u201d, johon p\u00e4\u00e4sy vaati aikaa ja paljon tukea.<\/p>\n<p>Suurin osa hankkeen asiakaskunnasta ei ns maaliin juokse alle 3 vuoden aikana tai vain harvat henkil\u00f6t siin\u00e4 onnistuvat.<\/p>\n<p>&nbsp;<\/p>\n","protected":false},"excerpt":{"rendered":"<p>Kuvaus: el\u00e4m\u00e4 sujuu ja oma paikka ja polku on l\u00f6ytynyt, usein hyvin pitk\u00e4n ajan prosessina s\u00e4\u00e4nn\u00f6llisen tuen ja palvelujen turvin joko opiskelemassa tai ty\u00f6ss\u00e4 Case Matti Matti on ollut nuorisopsykiatrian asiakkaana useita vuosia. Matilla on masennusta, itsetunto-ongelmia ja sosiaalisen tilanteiden pelkoa. Asiakassuhteet h\u00e4nell\u00e4 on ollut mielenterveysasemalla ja nuorisopsykiatrian poliklinikalla. Tutuissa kaveripiireiss\u00e4 h\u00e4n kuitenkin viihtyy. H\u00e4n &hellip; <\/p>\n<p class=\"link-more\"><a href=\"https:\/\/blogi.eoppimispalvelut.fi\/soku2\/maaliin-juossut\/\" class=\"more-link\">Jatka lukemista<span class=\"screen-reader-text\"> &#8220;Maaliin juosseet&#8221;<\/span><\/a><\/p>\n","protected":false},"author":31,"featured_media":0,"parent":0,"menu_order":0,"comment_status":"closed","ping_status":"closed","template":"","meta":{"footnotes":""},"class_list":["post-34","page","type-page","status-publish","hentry"],"_links":{"self":[{"href":"https:\/\/blogi.eoppimispalvelut.fi\/soku2\/wp-json\/wp\/v2\/pages\/34","targetHints":{"allow":["GET"]}}],"collection":[{"href":"https:\/\/blogi.eoppimispalvelut.fi\/soku2\/wp-json\/wp\/v2\/pages"}],"about":[{"href":"https:\/\/blogi.eoppimispalvelut.fi\/soku2\/wp-json\/wp\/v2\/types\/page"}],"author":[{"embeddable":true,"href":"https:\/\/blogi.eoppimispalvelut.fi\/soku2\/wp-json\/wp\/v2\/users\/31"}],"replies":[{"embeddable":true,"href":"https:\/\/blogi.eoppimispalvelut.fi\/soku2\/wp-json\/wp\/v2\/comments?post=34"}],"version-history":[{"count":3,"href":"https:\/\/blogi.eoppimispalvelut.fi\/soku2\/wp-json\/wp\/v2\/pages\/34\/revisions"}],"predecessor-version":[{"id":338,"href":"https:\/\/blogi.eoppimispalvelut.fi\/soku2\/wp-json\/wp\/v2\/pages\/34\/revisions\/338"}],"wp:attachment":[{"href":"https:\/\/blogi.eoppimispalvelut.fi\/soku2\/wp-json\/wp\/v2\/media?parent=34"}],"curies":[{"name":"wp","href":"https:\/\/api.w.org\/{rel}","templated":true}]}}