{"id":36,"date":"2019-09-10T15:10:11","date_gmt":"2019-09-10T12:10:11","guid":{"rendered":"https:\/\/blogi.eoppimispalvelut.fi\/soku2\/?page_id=36"},"modified":"2020-02-10T13:59:43","modified_gmt":"2020-02-10T11:59:43","slug":"etsija","status":"publish","type":"page","link":"https:\/\/blogi.eoppimispalvelut.fi\/soku2\/etsija\/","title":{"rendered":"Etsij\u00e4t"},"content":{"rendered":"<p><strong><a href=\"https:\/\/blogi.eoppimispalvelut.fi\/soku2\/etsija\/asiakasprofiiliin-etsijat\/\" rel=\"attachment wp-att-339\"><img loading=\"lazy\" decoding=\"async\" class=\"alignnone size-medium wp-image-339\" src=\"https:\/\/blogi.eoppimispalvelut.fi\/soku2\/files\/2020\/02\/Asiakasprofiiliin-Etsij\u00e4t-300x202.jpg\" alt=\"\" width=\"300\" height=\"202\" srcset=\"https:\/\/blogi.eoppimispalvelut.fi\/soku2\/files\/2020\/02\/Asiakasprofiiliin-Etsij\u00e4t-300x202.jpg 300w, https:\/\/blogi.eoppimispalvelut.fi\/soku2\/files\/2020\/02\/Asiakasprofiiliin-Etsij\u00e4t.jpg 386w\" sizes=\"auto, (max-width: 300px) 100vw, 300px\" \/><\/a><br \/>\nKuvaus:<\/strong><\/p>\n<ul>\n<li>oman el\u00e4m\u00e4n ja oman min\u00e4n, paikan ja polun etsiminen menossa \u2013 aihioita ja ideoita on, mutta tarvitsee asiantuntijoiden tukea ja apua;\u00a0\u00a0 sek\u00e4 portaittain kulkemista<\/li>\n<li>tavoitteeseen p\u00e4\u00e4sy vie aikaa ja energiaa, jonka vuoksi esim urapolkusuunnitelmat eiv\u00e4t ole keski\u00f6ss\u00e4 eik\u00e4 niihin ole viel\u00e4 voimavaroja ja valmiuksia<\/li>\n<\/ul>\n<p><strong>Case Lissu<\/strong><\/p>\n<p>Lissu on 28-vuotias korkeakolututkinnon suorittanut nainen, joskin opiskelemaansa alaa ei tunne omakseen ja opiskelutkin olivat loppuvaiheessa kesken. Lissulla on pitk\u00e4\u00e4n ollut erilaista masennusta ja h\u00e4nell\u00e4 on heikko itsetunto. H\u00e4n oli kuntouttavassa ty\u00f6toiminnassa, josta h\u00e4n ohjautui Soku2- hankkeen Tupa-toimintaan. Sen my\u00f6t\u00e4 h\u00e4n \u00a0kovasti alkoi mietti\u00e4 tulevaisuuttaan, ty\u00f6el\u00e4m\u00e4polkuaan ja mahdollista uutta ammattia. Lissu saa tuekseen vankkaa yksil\u00f6ohjausta ja neuropsykiatrista valmennusta. T\u00e4t\u00e4 nyky\u00e4 h\u00e4n osallistuu Potkuri-toimintaan, jossa h\u00e4n k\u00e4ytt\u00e4\u00e4 ammatillisia taitojaan esimerkiksi apuohjaajan teht\u00e4viss\u00e4.<br \/>\nPalvelut: mielenterveyspalvelut, kuntouttava ty\u00f6toiminta, TE-palvelut, Potkuri- ja Tupa-toiminnat<\/p>\n","protected":false},"excerpt":{"rendered":"<p>Kuvaus: oman el\u00e4m\u00e4n ja oman min\u00e4n, paikan ja polun etsiminen menossa \u2013 aihioita ja ideoita on, mutta tarvitsee asiantuntijoiden tukea ja apua;\u00a0\u00a0 sek\u00e4 portaittain kulkemista tavoitteeseen p\u00e4\u00e4sy vie aikaa ja energiaa, jonka vuoksi esim urapolkusuunnitelmat eiv\u00e4t ole keski\u00f6ss\u00e4 eik\u00e4 niihin ole viel\u00e4 voimavaroja ja valmiuksia Case Lissu Lissu on 28-vuotias korkeakolututkinnon suorittanut nainen, joskin opiskelemaansa &hellip; <\/p>\n<p class=\"link-more\"><a href=\"https:\/\/blogi.eoppimispalvelut.fi\/soku2\/etsija\/\" class=\"more-link\">Jatka lukemista<span class=\"screen-reader-text\"> &#8220;Etsij\u00e4t&#8221;<\/span><\/a><\/p>\n","protected":false},"author":31,"featured_media":0,"parent":0,"menu_order":0,"comment_status":"closed","ping_status":"closed","template":"","meta":{"footnotes":""},"class_list":["post-36","page","type-page","status-publish","hentry"],"_links":{"self":[{"href":"https:\/\/blogi.eoppimispalvelut.fi\/soku2\/wp-json\/wp\/v2\/pages\/36","targetHints":{"allow":["GET"]}}],"collection":[{"href":"https:\/\/blogi.eoppimispalvelut.fi\/soku2\/wp-json\/wp\/v2\/pages"}],"about":[{"href":"https:\/\/blogi.eoppimispalvelut.fi\/soku2\/wp-json\/wp\/v2\/types\/page"}],"author":[{"embeddable":true,"href":"https:\/\/blogi.eoppimispalvelut.fi\/soku2\/wp-json\/wp\/v2\/users\/31"}],"replies":[{"embeddable":true,"href":"https:\/\/blogi.eoppimispalvelut.fi\/soku2\/wp-json\/wp\/v2\/comments?post=36"}],"version-history":[{"count":3,"href":"https:\/\/blogi.eoppimispalvelut.fi\/soku2\/wp-json\/wp\/v2\/pages\/36\/revisions"}],"predecessor-version":[{"id":340,"href":"https:\/\/blogi.eoppimispalvelut.fi\/soku2\/wp-json\/wp\/v2\/pages\/36\/revisions\/340"}],"wp:attachment":[{"href":"https:\/\/blogi.eoppimispalvelut.fi\/soku2\/wp-json\/wp\/v2\/media?parent=36"}],"curies":[{"name":"wp","href":"https:\/\/api.w.org\/{rel}","templated":true}]}}