{"id":38,"date":"2019-09-10T15:10:22","date_gmt":"2019-09-10T12:10:22","guid":{"rendered":"https:\/\/blogi.eoppimispalvelut.fi\/soku2\/?page_id=38"},"modified":"2020-02-10T13:53:54","modified_gmt":"2020-02-10T11:53:54","slug":"selviytyja","status":"publish","type":"page","link":"https:\/\/blogi.eoppimispalvelut.fi\/soku2\/selviytyja\/","title":{"rendered":"Selviytyj\u00e4t"},"content":{"rendered":"<p><strong><a href=\"https:\/\/blogi.eoppimispalvelut.fi\/soku2\/asiakasprofiiliin-selviytyjat-2\/\"><img loading=\"lazy\" decoding=\"async\" class=\"alignnone size-medium wp-image-328\" src=\"https:\/\/blogi.eoppimispalvelut.fi\/soku2\/files\/2020\/02\/Asiakasprofiiliin-Selviytyj\u00e4t-300x201.jpg\" alt=\"\" width=\"300\" height=\"201\" srcset=\"https:\/\/blogi.eoppimispalvelut.fi\/soku2\/files\/2020\/02\/Asiakasprofiiliin-Selviytyj\u00e4t-300x201.jpg 300w, https:\/\/blogi.eoppimispalvelut.fi\/soku2\/files\/2020\/02\/Asiakasprofiiliin-Selviytyj\u00e4t-1024x685.jpg 1024w, https:\/\/blogi.eoppimispalvelut.fi\/soku2\/files\/2020\/02\/Asiakasprofiiliin-Selviytyj\u00e4t-768x514.jpg 768w, https:\/\/blogi.eoppimispalvelut.fi\/soku2\/files\/2020\/02\/Asiakasprofiiliin-Selviytyj\u00e4t-1536x1027.jpg 1536w, https:\/\/blogi.eoppimispalvelut.fi\/soku2\/files\/2020\/02\/Asiakasprofiiliin-Selviytyj\u00e4t.jpg 1920w\" sizes=\"auto, (max-width: 300px) 100vw, 300px\" \/><\/a><br \/>\nKuvaus:<\/strong><\/p>\n<ul>\n<li>ei ole v\u00e4ltt\u00e4m\u00e4tt\u00e4 uutta ty\u00f6- tai koulutuspolkua, osalla on<\/li>\n<li>keskeist\u00e4 on, ett\u00e4 nuoren el\u00e4m\u00e4nhallinnan taidot ovat parantuneet; samoin itseluottamus vahvistunut<\/li>\n<li>ratkaisuja vaikeaan el\u00e4m\u00e4ntilanteeseen on yhdess\u00e4 l\u00f6ydetty\/yksil\u00f6llinen tuki on avainasemassa<\/li>\n<li>el\u00e4m\u00e4nsuunnitteluun tullut struktuuria<\/li>\n<li>on aktiivisena osallisena sosiaalisen ja ammatillisen kuntoutuksen toiminnoissa<\/li>\n<\/ul>\n<p><strong>Case Jaana<\/strong><\/p>\n<p>Jaana on 25-vuotias nuori nainen. Asuu avoliitossa ja ammatillinen koulutus k\u00e4ytyn\u00e4, mutta ei ty\u00f6llist\u00e4. Ty\u00f6kokemusta h\u00e4nell\u00e4 on lyhyist\u00e4 p\u00e4tkist\u00e4, koeajalla purkautuneista ty\u00f6suhteista palvelualalta. L\u00e4heiset perhesuhteet lapsuuden perheeseen ja yst\u00e4v\u00e4t j\u00e4\u00e4neet kotipaikkakunnalle, etsii omaa paikkaansa my\u00f6s sosiaalisissa suhteissa uudella paikkakunnalla. Masennusta ja ahdistusta, jonka vuoksi k\u00e4y mielenterveystoimistossa ja ohjautuu sielt\u00e4 Kelan kuntoutukseen s\u00e4\u00e4ti\u00f6lle. Oikean toimenpiteen (kuntouttava ty\u00f6toiminta) ja runsaan tuen ja ohjauksen kautta p\u00e4\u00e4see eteenp\u00e4in el\u00e4m\u00e4ss\u00e4\u00e4n. Sosiaalista verkostoa alkaa l\u00f6yty\u00e4 sosiaalisesta lahjakkaalle nuorelle. Tupa-toiminta tuo h\u00e4nelle t\u00e4rke\u00e4\u00e4 tietoa h\u00e4nen opiskelukapasiteetistaan ja samalla my\u00f6s vahvistaa h\u00e4nt\u00e4 ajatuksissaan l\u00e4hte\u00e4 viel\u00e4 opiskelemaan. Ep\u00e4ily ADD:sta saa vahvistuksen ja sit\u00e4 kautta saa l\u00e4\u00e4kityksen, josta on hy\u00f6ty\u00e4 rytmitt\u00e4m\u00e4\u00e4n el\u00e4m\u00e4\u00e4 ja tekee siit\u00e4 stressitt\u00f6m\u00e4n.\u00a0 H\u00e4n saa my\u00f6s neuropsykiatrista valmennusta, josta on hy\u00f6ty\u00e4 raha-asioiden hoitoon. Jaana on valmis ottamaan kaiken avun vastaan ja tekee aktiivisesti ty\u00f6t\u00e4 kuntoutumisen etenemiseksi. H\u00e4n k\u00e4y lyhyen ja ty\u00f6llist\u00e4v\u00e4n kurssin, jota kautta ty\u00f6llistyy hyvin. Ty\u00f6 on raskasta, mutta my\u00f6s antoisaa ja saa Jaanan miettim\u00e4\u00e4n kouluttautumista sosiaali- ja terveysalalle. Kohdalle osuu sopivasti hoiva-alalle suuntaava uravalmennus, josta h\u00e4n saa vahvistusta alalle hakeutumisessa. T\u00e4ll\u00e4 hetkell\u00e4 Jaana opiskelee l\u00e4hihoitajaksi.<\/p>\n<p>Palveluja: MTT, yksil\u00f6valmentaja, ty\u00f6valmentaja, neuropsykiatrinen valmentaja, Tupa-toiminta, Potkuri-toiminta, TE-toimisto, Kela, kuntouttava ty\u00f6toiminta, voimavaravalmennus, oppilaitos.<\/p>\n","protected":false},"excerpt":{"rendered":"<p>Kuvaus: ei ole v\u00e4ltt\u00e4m\u00e4tt\u00e4 uutta ty\u00f6- tai koulutuspolkua, osalla on keskeist\u00e4 on, ett\u00e4 nuoren el\u00e4m\u00e4nhallinnan taidot ovat parantuneet; samoin itseluottamus vahvistunut ratkaisuja vaikeaan el\u00e4m\u00e4ntilanteeseen on yhdess\u00e4 l\u00f6ydetty\/yksil\u00f6llinen tuki on avainasemassa el\u00e4m\u00e4nsuunnitteluun tullut struktuuria on aktiivisena osallisena sosiaalisen ja ammatillisen kuntoutuksen toiminnoissa Case Jaana Jaana on 25-vuotias nuori nainen. Asuu avoliitossa ja ammatillinen koulutus k\u00e4ytyn\u00e4, mutta &hellip; <\/p>\n<p class=\"link-more\"><a href=\"https:\/\/blogi.eoppimispalvelut.fi\/soku2\/selviytyja\/\" class=\"more-link\">Jatka lukemista<span class=\"screen-reader-text\"> &#8220;Selviytyj\u00e4t&#8221;<\/span><\/a><\/p>\n","protected":false},"author":31,"featured_media":0,"parent":0,"menu_order":0,"comment_status":"closed","ping_status":"closed","template":"","meta":{"footnotes":""},"class_list":["post-38","page","type-page","status-publish","hentry"],"_links":{"self":[{"href":"https:\/\/blogi.eoppimispalvelut.fi\/soku2\/wp-json\/wp\/v2\/pages\/38","targetHints":{"allow":["GET"]}}],"collection":[{"href":"https:\/\/blogi.eoppimispalvelut.fi\/soku2\/wp-json\/wp\/v2\/pages"}],"about":[{"href":"https:\/\/blogi.eoppimispalvelut.fi\/soku2\/wp-json\/wp\/v2\/types\/page"}],"author":[{"embeddable":true,"href":"https:\/\/blogi.eoppimispalvelut.fi\/soku2\/wp-json\/wp\/v2\/users\/31"}],"replies":[{"embeddable":true,"href":"https:\/\/blogi.eoppimispalvelut.fi\/soku2\/wp-json\/wp\/v2\/comments?post=38"}],"version-history":[{"count":5,"href":"https:\/\/blogi.eoppimispalvelut.fi\/soku2\/wp-json\/wp\/v2\/pages\/38\/revisions"}],"predecessor-version":[{"id":335,"href":"https:\/\/blogi.eoppimispalvelut.fi\/soku2\/wp-json\/wp\/v2\/pages\/38\/revisions\/335"}],"wp:attachment":[{"href":"https:\/\/blogi.eoppimispalvelut.fi\/soku2\/wp-json\/wp\/v2\/media?parent=38"}],"curies":[{"name":"wp","href":"https:\/\/api.w.org\/{rel}","templated":true}]}}