{"id":44,"date":"2019-09-10T15:11:01","date_gmt":"2019-09-10T12:11:01","guid":{"rendered":"https:\/\/blogi.eoppimispalvelut.fi\/soku2\/?page_id=44"},"modified":"2020-02-10T14:27:00","modified_gmt":"2020-02-10T12:27:00","slug":"palvelumyllyssa-oleva","status":"publish","type":"page","link":"https:\/\/blogi.eoppimispalvelut.fi\/soku2\/palvelumyllyssa-oleva\/","title":{"rendered":"Palvelumyllyss\u00e4 olevat"},"content":{"rendered":"<p><strong><a href=\"https:\/\/blogi.eoppimispalvelut.fi\/soku2\/palvelumyllyssa-oleva\/asiakasprofiiliin-palvelumyllyssa-6\/\" rel=\"attachment wp-att-345\"><img loading=\"lazy\" decoding=\"async\" class=\"alignnone size-medium wp-image-345\" src=\"https:\/\/blogi.eoppimispalvelut.fi\/soku2\/files\/2020\/02\/Asiakasprofiiliin-Palvelumyllyss\u00e4-300x200.jpg\" alt=\"\" width=\"300\" height=\"200\" srcset=\"https:\/\/blogi.eoppimispalvelut.fi\/soku2\/files\/2020\/02\/Asiakasprofiiliin-Palvelumyllyss\u00e4-300x200.jpg 300w, https:\/\/blogi.eoppimispalvelut.fi\/soku2\/files\/2020\/02\/Asiakasprofiiliin-Palvelumyllyss\u00e4.jpg 510w\" sizes=\"auto, (max-width: 300px) 100vw, 300px\" \/><\/a><br \/>\nKuvaus:<\/strong><\/p>\n<ul>\n<li>tehostetussa verkostoyhteisty\u00f6ss\u00e4 on turvallista olla ja verkostosta pois p\u00e4\u00e4sy tai l\u00e4hteminen on vaikeaa<\/li>\n<li>siirtym\u00e4t hankalia<\/li>\n<li>j\u00e4rjestelm\u00e4 pit\u00e4\u00e4 kiinni ns hyvist\u00e4 asiakkaista ja mielell\u00e4\u00e4n luopuu ja luovuttaa ulos ns hankalat tyypit, joista j\u00e4lkimm\u00e4iset py\u00f6riv\u00e4t myllyss\u00e4 palvelusta ja luukusta toiseen ja sy\u00f6v\u00e4t resursseja<\/li>\n<li>monet palveluntuottajat hy\u00f6tyv\u00e4t<\/li>\n<\/ul>\n<p>Case Marina<\/p>\n<p>Marina on 26 vuotias nainen, jolla monet erilaiset pelot rajoittavat omaa el\u00e4m\u00e4\u00e4 (esim. tulipalon pelko ja sokeutumisen pelko). Lis\u00e4ksi on itsetunnon ongelmia, kokee ep\u00e4onnistumisen pelkoa ja ep\u00e4varmuutta. H\u00e4n on j\u00e4nnitt\u00e4j\u00e4 ja h\u00e4nell\u00e4 on sosiaalisten tilanteiden pelkoa ja unettomuutta. H\u00e4n stressaa aikataulut eik\u00e4 h\u00e4nell\u00e4 ole paineensietokyky\u00e4. Marina kokee el\u00e4m\u00e4n lipuvan ohi ja h\u00e4n kokee, ett\u00e4 h\u00e4nell\u00e4 j\u00e4\u00e4 oma el\u00e4m\u00e4 el\u00e4m\u00e4tt\u00e4. H\u00e4n toivoo oman sosiaalisen kanssak\u00e4ymisen vahvistumista.<\/p>\n<p>Marina asuu yksin kaupungin keskustassa vuokra-asunnossa ja on sinkku. Koulutustaustana \u00a0peruskoulu-&gt; lukio-&gt; ammattikoulu. H\u00e4nell\u00e4 on kaksi kaveria, joista toinen \u00a0asuu samalla paikkakunnalla, toinen kauempana.<\/p>\n<p>Palveluja: terveydenhuolto, psykologi,j\u00e4nnitt\u00e4jien ryhm\u00e4, TE-toimisto, sosiaalitoimisto, mielenterveyspalvelut, kuntouttava ty\u00f6toimintam, yksil\u00f6valmennus, Potkuri- ja Tupa-toiminnat.<\/p>\n","protected":false},"excerpt":{"rendered":"<p>Kuvaus: tehostetussa verkostoyhteisty\u00f6ss\u00e4 on turvallista olla ja verkostosta pois p\u00e4\u00e4sy tai l\u00e4hteminen on vaikeaa siirtym\u00e4t hankalia j\u00e4rjestelm\u00e4 pit\u00e4\u00e4 kiinni ns hyvist\u00e4 asiakkaista ja mielell\u00e4\u00e4n luopuu ja luovuttaa ulos ns hankalat tyypit, joista j\u00e4lkimm\u00e4iset py\u00f6riv\u00e4t myllyss\u00e4 palvelusta ja luukusta toiseen ja sy\u00f6v\u00e4t resursseja monet palveluntuottajat hy\u00f6tyv\u00e4t Case Marina Marina on 26 vuotias nainen, jolla monet erilaiset &hellip; <\/p>\n<p class=\"link-more\"><a href=\"https:\/\/blogi.eoppimispalvelut.fi\/soku2\/palvelumyllyssa-oleva\/\" class=\"more-link\">Jatka lukemista<span class=\"screen-reader-text\"> &#8220;Palvelumyllyss\u00e4 olevat&#8221;<\/span><\/a><\/p>\n","protected":false},"author":31,"featured_media":0,"parent":0,"menu_order":0,"comment_status":"closed","ping_status":"closed","template":"","meta":{"footnotes":""},"class_list":["post-44","page","type-page","status-publish","hentry"],"_links":{"self":[{"href":"https:\/\/blogi.eoppimispalvelut.fi\/soku2\/wp-json\/wp\/v2\/pages\/44","targetHints":{"allow":["GET"]}}],"collection":[{"href":"https:\/\/blogi.eoppimispalvelut.fi\/soku2\/wp-json\/wp\/v2\/pages"}],"about":[{"href":"https:\/\/blogi.eoppimispalvelut.fi\/soku2\/wp-json\/wp\/v2\/types\/page"}],"author":[{"embeddable":true,"href":"https:\/\/blogi.eoppimispalvelut.fi\/soku2\/wp-json\/wp\/v2\/users\/31"}],"replies":[{"embeddable":true,"href":"https:\/\/blogi.eoppimispalvelut.fi\/soku2\/wp-json\/wp\/v2\/comments?post=44"}],"version-history":[{"count":4,"href":"https:\/\/blogi.eoppimispalvelut.fi\/soku2\/wp-json\/wp\/v2\/pages\/44\/revisions"}],"predecessor-version":[{"id":346,"href":"https:\/\/blogi.eoppimispalvelut.fi\/soku2\/wp-json\/wp\/v2\/pages\/44\/revisions\/346"}],"wp:attachment":[{"href":"https:\/\/blogi.eoppimispalvelut.fi\/soku2\/wp-json\/wp\/v2\/media?parent=44"}],"curies":[{"name":"wp","href":"https:\/\/api.w.org\/{rel}","templated":true}]}}