{"id":528,"date":"2020-02-22T11:56:51","date_gmt":"2020-02-22T09:56:51","guid":{"rendered":"https:\/\/blogi.eoppimispalvelut.fi\/soku2\/?page_id=528"},"modified":"2020-02-22T16:09:39","modified_gmt":"2020-02-22T14:09:39","slug":"sosiaalinen-kuntoutus","status":"publish","type":"page","link":"https:\/\/blogi.eoppimispalvelut.fi\/soku2\/sosiaalinen-kuntoutus\/","title":{"rendered":"Sosiaalinen kuntoutus"},"content":{"rendered":"<p>Sosiaalisen kuntoutuksen paikka itsen\u00e4isen\u00e4 toimintamuotona osana palveluj\u00e4rjestelm\u00e4\u00e4 on ep\u00e4selv\u00e4.T\u00e4m\u00e4 on mahdollistanut sen, ett\u00e4 hyvin monen tyyppist\u00e4 kuntouttavaa toimintaa on voitu j\u00e4rjest\u00e4\u00e4 sosiaalisena kuntoutuksena ja sen toimintamuodot vaihtelevat merkitt\u00e4v\u00e4sti paikallisesti. Haasteita ovat tuottaneet my\u00f6s tiedottamisen puutteet oikeuksista ja palveluista ja sen my\u00f6t\u00e4 syntyneet kokemukset oikeuksien toteutumattomuudesta. Sosiaalisen kuntoutuksen m\u00e4\u00e4ritelm\u00e4n ja sis\u00e4ll\u00f6n j\u00e4sent\u00e4minen ja palvelun vakiinnuttaminen ovatkin eritt\u00e4in t\u00e4rkeit\u00e4 sek\u00e4 asiakkaiden aseman, yhdenvertaisuuden, oikeuksien ja tarkoituksenmukaisten palvelujen saamisen ett\u00e4 palveluiden kehitt\u00e4misen n\u00e4k\u00f6kulmasta.<\/p>\n<p>Sosiaalisen kuntoutuksen k\u00e4sitteellisen, toiminnallisen ja asemoitumisen ep\u00e4selvyyden johdosta m\u00e4\u00e4rittelytarve s\u00e4ilyy edelleen: Mit\u00e4 nuorten sosiaalinen kuntoutus on, mit\u00e4 sill\u00e4 tavoitellaan, miten sit\u00e4 toteutetaan ja kuka palvelua tarjoaa?<\/p>\n<p>M\u00e4\u00e4rittelyn pohjalta sosiaalisen kuntoutuksen paikkaa olemassa olevassa j\u00e4rjestelm\u00e4ss\u00e4 on mahdollista pohtia, sek\u00e4 sen edellytt\u00e4m\u00e4\u00e4 asiantuntijuutta ja osaamista, painopistealueita ja verkostoitumista. On tarpeen j\u00e4sent\u00e4\u00e4, mit\u00e4 on nimenomaan sosiaalinen sosiaalisessa kuntoutuksessa.<\/p>\n<p>T\u00e4t\u00e4 asiaa olemme hankkeen matkalla paljonkin pohtineet nuoren aikuisen kehityksen, kasvun ja tukemisen n\u00e4k\u00f6kulmista. Sosiaalinen kuntoutus on ollut kohtuullisen pitk\u00e4\u00e4n osa suomalaista kuntoutusj\u00e4rjestelm\u00e4\u00e4, mutta vasta vuoden 2015 sosiaalihuoltolain uudistuksen my\u00f6t\u00e4 sosiaalinen kuntoutus m\u00e4\u00e4riteltiin sosiaalihuoltolain mukaiseksi sosiaalipalveluksi. Silti sen on edelleen sis\u00e4ll\u00f6llisesti m\u00e4\u00e4ritt\u00e4m\u00e4t\u00f6n ja ep\u00e4selv\u00e4. Lakimuutoksen my\u00f6t\u00e4 kunnissa on alettu hahmottamaan sosiaalista kuntoutusta osaksi palveluj\u00e4rjestelm\u00e4\u00e4. V\u00e4lill\u00e4 huomio ja painopiste on kiinnittynyt erityisesti erilaisiin ryhmiin ja niiden mahdollisuuksiin sosiaalisen kuntoutuksen kontekstissa ja yksil\u00f6ty\u00f6skentely on j\u00e4\u00e4nyt v\u00e4hemm\u00e4lle huomiolle.<\/p>\n<p><!-- x-tinymce\/html --><!-- x-tinymce\/html --><a href=\"https:\/\/blogi.eoppimispalvelut.fi\/soku2\/files\/2020\/02\/nuorten_paiva_blogikuva.jpg\"><img loading=\"lazy\" decoding=\"async\" class=\"wp-image-535 aligncenter\" src=\"https:\/\/blogi.eoppimispalvelut.fi\/soku2\/files\/2020\/02\/nuorten_paiva_blogikuva-300x215.jpg\" alt=\"\" width=\"357\" height=\"256\" srcset=\"https:\/\/blogi.eoppimispalvelut.fi\/soku2\/files\/2020\/02\/nuorten_paiva_blogikuva-300x215.jpg 300w, https:\/\/blogi.eoppimispalvelut.fi\/soku2\/files\/2020\/02\/nuorten_paiva_blogikuva-768x550.jpg 768w, https:\/\/blogi.eoppimispalvelut.fi\/soku2\/files\/2020\/02\/nuorten_paiva_blogikuva.jpg 875w\" sizes=\"auto, (max-width: 357px) 100vw, 357px\" \/><\/a><\/p>\n<p>Kuva: Pixabay<\/p>\n<p>Sosiaalisen kuntoutuksen yksil\u00f6ty\u00f6skentely\u00e4 tarvitaan kuitenkin etenkin sellaisten asiakkaiden kanssa, joiden sosiaalista toimintakyky\u00e4 ja osallisuutta heikent\u00e4v\u00e4t ja syrj\u00e4ytymist\u00e4 aiheuttavat ongelmat ovat p\u00e4\u00e4sseet kasautumaan ja pitkittym\u00e4\u00e4n.<\/p>\n<p><em><strong>Voit lukea lis\u00e4\u00e4 hankkeen julkaisusta j\u00e1 siit\u00e4 poimituista artikkeleista: <\/strong><br \/>\n<\/em><\/p>\n<p>Sosiaalisen kuntoutuksen m\u00e4\u00e4ritelm\u00e4 ja sis\u00e4ll\u00f6t<\/p>\n<p><strong><a href=\"https:\/\/blogi.eoppimispalvelut.fi\/soku2\/files\/2020\/02\/Sosiaalisen-kuntoutuksen-m\u00e4\u00e4ritelm\u00e4-ja-sis\u00e4ll\u00f6t-Kati-Kataja-ja-Marjo-Romakkaniemi.docx\">Sosiaalisen kuntoutuksen m\u00e4\u00e4ritelm\u00e4 ja sis\u00e4ll\u00f6t; Kati Kataja ja Marjo Romakkaniemi<\/a><br \/>\n<\/strong><\/p>\n<p>Sosiaalinen kuntoutus toimintana ja k\u00e4yt\u00e4nt\u00f6in\u00e4<\/p>\n<p><strong><a href=\"https:\/\/blogi.eoppimispalvelut.fi\/soku2\/files\/2020\/02\/Sosiaalinen-kuntoutus-toimintana-ja-k\u00e4yt\u00e4nt\u00f6in\u00e4-Rauni-R\u00e4ty.docx\">Sosiaalinen kuntoutus toimintana ja k\u00e4yt\u00e4nt\u00f6in\u00e4; Rauni R\u00e4ty<\/a><\/strong><\/p>\n","protected":false},"excerpt":{"rendered":"<p>Sosiaalisen kuntoutuksen paikka itsen\u00e4isen\u00e4 toimintamuotona osana palveluj\u00e4rjestelm\u00e4\u00e4 on ep\u00e4selv\u00e4.T\u00e4m\u00e4 on mahdollistanut sen, ett\u00e4 hyvin monen tyyppist\u00e4 kuntouttavaa toimintaa on voitu j\u00e4rjest\u00e4\u00e4 sosiaalisena kuntoutuksena ja sen toimintamuodot vaihtelevat merkitt\u00e4v\u00e4sti paikallisesti. Haasteita ovat tuottaneet my\u00f6s tiedottamisen puutteet oikeuksista ja palveluista ja sen my\u00f6t\u00e4 syntyneet kokemukset oikeuksien toteutumattomuudesta. Sosiaalisen kuntoutuksen m\u00e4\u00e4ritelm\u00e4n ja sis\u00e4ll\u00f6n j\u00e4sent\u00e4minen ja palvelun vakiinnuttaminen ovatkin &hellip; <\/p>\n<p class=\"link-more\"><a href=\"https:\/\/blogi.eoppimispalvelut.fi\/soku2\/sosiaalinen-kuntoutus\/\" class=\"more-link\">Jatka lukemista<span class=\"screen-reader-text\"> &#8220;Sosiaalinen kuntoutus&#8221;<\/span><\/a><\/p>\n","protected":false},"author":632,"featured_media":0,"parent":0,"menu_order":0,"comment_status":"closed","ping_status":"closed","template":"","meta":{"footnotes":""},"class_list":["post-528","page","type-page","status-publish","hentry"],"_links":{"self":[{"href":"https:\/\/blogi.eoppimispalvelut.fi\/soku2\/wp-json\/wp\/v2\/pages\/528","targetHints":{"allow":["GET"]}}],"collection":[{"href":"https:\/\/blogi.eoppimispalvelut.fi\/soku2\/wp-json\/wp\/v2\/pages"}],"about":[{"href":"https:\/\/blogi.eoppimispalvelut.fi\/soku2\/wp-json\/wp\/v2\/types\/page"}],"author":[{"embeddable":true,"href":"https:\/\/blogi.eoppimispalvelut.fi\/soku2\/wp-json\/wp\/v2\/users\/632"}],"replies":[{"embeddable":true,"href":"https:\/\/blogi.eoppimispalvelut.fi\/soku2\/wp-json\/wp\/v2\/comments?post=528"}],"version-history":[{"count":9,"href":"https:\/\/blogi.eoppimispalvelut.fi\/soku2\/wp-json\/wp\/v2\/pages\/528\/revisions"}],"predecessor-version":[{"id":539,"href":"https:\/\/blogi.eoppimispalvelut.fi\/soku2\/wp-json\/wp\/v2\/pages\/528\/revisions\/539"}],"wp:attachment":[{"href":"https:\/\/blogi.eoppimispalvelut.fi\/soku2\/wp-json\/wp\/v2\/media?parent=528"}],"curies":[{"name":"wp","href":"https:\/\/api.w.org\/{rel}","templated":true}]}}