{"id":59,"date":"2019-09-10T15:14:11","date_gmt":"2019-09-10T12:14:11","guid":{"rendered":"https:\/\/blogi.eoppimispalvelut.fi\/soku2\/?page_id=59"},"modified":"2020-02-26T15:57:20","modified_gmt":"2020-02-26T13:57:20","slug":"tapahtumat","status":"publish","type":"page","link":"https:\/\/blogi.eoppimispalvelut.fi\/soku2\/tapahtumat\/","title":{"rendered":"Tapahtumia ja tallenteita"},"content":{"rendered":"<p><a href=\"https:\/\/blogi.eoppimispalvelut.fi\/soku2\/files\/2020\/02\/SivulleTapahtumia-ja-tallenteita.jpg\"><img loading=\"lazy\" decoding=\"async\" class=\"alignnone size-medium wp-image-326\" src=\"https:\/\/blogi.eoppimispalvelut.fi\/soku2\/files\/2020\/02\/SivulleTapahtumia-ja-tallenteita-300x200.jpg\" alt=\"\" width=\"300\" height=\"200\" srcset=\"https:\/\/blogi.eoppimispalvelut.fi\/soku2\/files\/2020\/02\/SivulleTapahtumia-ja-tallenteita-300x200.jpg 300w, https:\/\/blogi.eoppimispalvelut.fi\/soku2\/files\/2020\/02\/SivulleTapahtumia-ja-tallenteita-1024x682.jpg 1024w, https:\/\/blogi.eoppimispalvelut.fi\/soku2\/files\/2020\/02\/SivulleTapahtumia-ja-tallenteita-768x512.jpg 768w, https:\/\/blogi.eoppimispalvelut.fi\/soku2\/files\/2020\/02\/SivulleTapahtumia-ja-tallenteita-1536x1023.jpg 1536w, https:\/\/blogi.eoppimispalvelut.fi\/soku2\/files\/2020\/02\/SivulleTapahtumia-ja-tallenteita.jpg 1920w\" sizes=\"auto, (max-width: 300px) 100vw, 300px\" \/><\/a><strong>&#8220;KAAMOKSESTA VALOON &#8211; SEMINAARIP\u00c4IV\u00c4N ESITYSTEN TALLENTEITA; Nuorten aikuisten digitarinat on tallennettu blogisivustossa omalle sivulleen <\/strong><\/p>\n<p>&nbsp;<\/p>\n<p><strong>Seminaaritallenne kokonaisuutena<\/strong><\/p>\n<p><iframe loading=\"lazy\" title=\"SOKU 2 28.1.2020\" width=\"525\" height=\"295\" src=\"https:\/\/www.youtube.com\/embed\/edd-kmsLK1I?feature=oembed\" frameborder=\"0\" allow=\"accelerometer; autoplay; clipboard-write; encrypted-media; gyroscope; picture-in-picture; web-share\" referrerpolicy=\"strict-origin-when-cross-origin\" allowfullscreen><\/iframe><\/p>\n<p><strong>Ja p\u00e4iv\u00e4n esitykset dokumentteina<\/strong><\/p>\n<p><strong><a href=\"https:\/\/blogi.eoppimispalvelut.fi\/soku2\/files\/2020\/02\/SOKU2-hankkeen-reiteill\u00e4-ja-etapeilla-28.1.20-RR\u00e4ty.pptx\">SOKU2-hankkeen reiteill\u00e4 ja etapeilla 28.1.20 RR\u00e4ty<\/a><\/strong>&lt;<\/p>\n<p>Rauni R\u00e4ty<\/p>\n<p><strong><a href=\"https:\/\/blogi.eoppimispalvelut.fi\/soku2\/files\/2020\/02\/SOKU2-repullinen-matkaev\u00e4it\u00e4-2.pptx\">SOKU2 -repullinen matkaev\u00e4it\u00e4 <\/a><\/strong><\/p>\n<p>Sari Harju, Kaisu Pulju, Mikko Raappana, Satu Torvinen ja Emilia Vuori<\/p>\n<p><strong>Tutkittua TUPA-toimintaa Rauno Pietil\u00e4inen<\/strong><\/p>\n<p><a href=\"https:\/\/blogi.eoppimispalvelut.fi\/soku2\/files\/2020\/02\/Pietil\u00e4inen-Lumilinna-28.1.2020.pptx\">Pietil\u00e4inen Lumilinna <\/a><\/p>\n<p><strong>Hankkeen arvioinnin tuloksia ja kokemuksia; Marjo Romakkaniemi ja Kati Kataja<\/strong><\/p>\n<p><a href=\"https:\/\/blogi.eoppimispalvelut.fi\/soku2\/files\/2020\/02\/SOKU2_Loppuseminaari_280120.pptx\">SOKU2_Loppuseminaari_280120<\/a><\/p>\n<p>&nbsp;<\/p>\n<p>&#8230;&#8230;&#8230;&#8230;&#8230;&#8230;&#8230;&#8230;&#8230;&#8230;&#8230;&#8230;&#8230;&#8230;&#8230;&#8230;&#8230;&#8230;&#8230;&#8230;&#8230;&#8230;&#8230;&#8230;&#8230;..<br \/>\nSEMINAARIP\u00c4IV\u00c4N 28.1.2020 OHJELMA<\/p>\n<p><strong>KAAMOKSESTA VALOON- SOKU2- hankkeen seminaari &lt;<\/strong><br \/>\nJuontajina Jarkko &#8220;Jakke&#8221; Viitanen jaTanja Wallin<\/p>\n<p>klo 11-12\u00a0\u00a0 Lounas<br \/>\nN\u00e4k\u00f6alaravintola Lumihiutale<\/p>\n<p>klo 12.00\u00a0\u00a0 Musiikkiesitys<br \/>\nLaulu: Vivian Flink<br \/>\nS\u00e4estys: Rauno Pietil\u00e4inen,<br \/>\nKaisu Pulju ja Mikko Raappana<\/p>\n<p>klo 12.05\u00a0\u00a0 Avaus<br \/>\nHeidi Pyyny<br \/>\nOsaamisp\u00e4\u00e4llikk\u00f6, Osallisuus ja toimintakyky,<br \/>\nLapin AMK<\/p>\n<p>klo 12.20\u00a0\u00a0 Digitarina, Merkityst\u00e4 Jakke Viitanen Kokemusasiantuntija<\/p>\n<p>klo 12.25\u00a0\u00a0 Hankematkan reiteill\u00e4 ja etapeilla<br \/>\nRauni R\u00e4ty,<br \/>\nLehtori, projektip\u00e4\u00e4llikk\u00f6 Lapin AMK<\/p>\n<p>klo 12.40\u00a0\u00a0 Digitarina, Askeleilla ammattiin<br \/>\n\u201dMajuri\u201d<\/p>\n<p>klo 12.45\u00a0\u00a0 Repullinen matkaev\u00e4it\u00e4<br \/>\nProjektity\u00f6ntekij\u00e4t<br \/>\nKaisu Pulju, Seita- s\u00e4\u00e4ti\u00f6, Mikko Raappana, Meriva sr,<br \/>\nEmilia Vuori, Pohjant\u00e4hti &#8211; opisto &amp; kumppanit<\/p>\n<p>Digitarina, Ruma ankanpoikanen<br \/>\n\u201dNykyinen Joutsen\u201d<\/p>\n<p>klo 13.25\u00a0\u00a0 Tuluksien etsint\u00e4\u00e4 ja tulentekoa<br \/>\nRauno Pietil\u00e4inen,<br \/>\nYliopettaja, erityisasiantuntija,<br \/>\nLapin AMK<\/p>\n<p>klo 13.55\u00a0\u00a0 Digitarina, El\u00e4m\u00e4 \u2013 yht\u00e4 soittoa Tanja Wallin Kokemusasiantuntija<\/p>\n<p>klo 14.00 Virkistystauko<\/p>\n<p>Klo 14.30\u00a0 Digitarina, Jalat liiankin tiukasti maan pinnalla, mutta p\u00e4\u00e4 haaveilee senkin edest\u00e4<br \/>\nAnna Lammi Kokemusasiantuntija<\/p>\n<p>klo 14.35\u00a0\u00a0 Palvelutarpeesta<br \/>\npalvelutuotteeksi<br \/>\nMarjo Romakkaniemi, Yliopistonlehtori, Tutkija ja Kati Kataja, Yliopistonlehtori,\u00a0 Tutkija,<br \/>\nLapin yliopisto<\/p>\n<p>klo 15.15\u00a0\u00a0 Digitarina, SoKu-tarinani<br \/>\n\u201dMiikka\u201d<\/p>\n<p>klo 15.20\u00a0\u00a0 Matkamuistoja reitin varrelta<br \/>\nKaisu Pulju,Sari Harju,<br \/>\nMikko Raappana ja<br \/>\nEmilia Vuori hankenuorten kanssa<\/p>\n<p>Kokemusasiantuntijan puheenvuoro<br \/>\nNiki &#8211; Sebasti Saarinen Kokemusasiantuntija<\/p>\n<p>klo 15.55\u00a0\u00a0 Digitarina, Rohkeasti eteenp\u00e4in<br \/>\nTiia K\u00e4lve Kokemusasiantuntija<\/p>\n<p>klo 16.00\u00a0\u00a0 Seminaarin p\u00e4\u00e4t\u00f6s<br \/>\nRauni R\u00e4ty,<br \/>\nLehtori, projektip\u00e4\u00e4llikk\u00f6 Lapin AMK<\/p>\n<p>&nbsp;<\/p>\n","protected":false},"excerpt":{"rendered":"<p>&#8220;KAAMOKSESTA VALOON &#8211; SEMINAARIP\u00c4IV\u00c4N ESITYSTEN TALLENTEITA; Nuorten aikuisten digitarinat on tallennettu blogisivustossa omalle sivulleen &nbsp; Seminaaritallenne kokonaisuutena Ja p\u00e4iv\u00e4n esitykset dokumentteina SOKU2-hankkeen reiteill\u00e4 ja etapeilla 28.1.20 RR\u00e4ty&lt; Rauni R\u00e4ty SOKU2 -repullinen matkaev\u00e4it\u00e4 Sari Harju, Kaisu Pulju, Mikko Raappana, Satu Torvinen ja Emilia Vuori Tutkittua TUPA-toimintaa Rauno Pietil\u00e4inen Pietil\u00e4inen Lumilinna Hankkeen arvioinnin tuloksia ja kokemuksia; Marjo &hellip; <\/p>\n<p class=\"link-more\"><a href=\"https:\/\/blogi.eoppimispalvelut.fi\/soku2\/tapahtumat\/\" class=\"more-link\">Jatka lukemista<span class=\"screen-reader-text\"> &#8220;Tapahtumia ja tallenteita&#8221;<\/span><\/a><\/p>\n","protected":false},"author":31,"featured_media":0,"parent":0,"menu_order":0,"comment_status":"closed","ping_status":"closed","template":"","meta":{"footnotes":""},"class_list":["post-59","page","type-page","status-publish","hentry"],"_links":{"self":[{"href":"https:\/\/blogi.eoppimispalvelut.fi\/soku2\/wp-json\/wp\/v2\/pages\/59","targetHints":{"allow":["GET"]}}],"collection":[{"href":"https:\/\/blogi.eoppimispalvelut.fi\/soku2\/wp-json\/wp\/v2\/pages"}],"about":[{"href":"https:\/\/blogi.eoppimispalvelut.fi\/soku2\/wp-json\/wp\/v2\/types\/page"}],"author":[{"embeddable":true,"href":"https:\/\/blogi.eoppimispalvelut.fi\/soku2\/wp-json\/wp\/v2\/users\/31"}],"replies":[{"embeddable":true,"href":"https:\/\/blogi.eoppimispalvelut.fi\/soku2\/wp-json\/wp\/v2\/comments?post=59"}],"version-history":[{"count":47,"href":"https:\/\/blogi.eoppimispalvelut.fi\/soku2\/wp-json\/wp\/v2\/pages\/59\/revisions"}],"predecessor-version":[{"id":620,"href":"https:\/\/blogi.eoppimispalvelut.fi\/soku2\/wp-json\/wp\/v2\/pages\/59\/revisions\/620"}],"wp:attachment":[{"href":"https:\/\/blogi.eoppimispalvelut.fi\/soku2\/wp-json\/wp\/v2\/media?parent=59"}],"curies":[{"name":"wp","href":"https:\/\/api.w.org\/{rel}","templated":true}]}}