{"id":63,"date":"2019-09-10T15:14:52","date_gmt":"2019-09-10T12:14:52","guid":{"rendered":"https:\/\/blogi.eoppimispalvelut.fi\/soku2\/?page_id=63"},"modified":"2020-02-22T09:55:15","modified_gmt":"2020-02-22T07:55:15","slug":"hanketoimijat","status":"publish","type":"page","link":"https:\/\/blogi.eoppimispalvelut.fi\/soku2\/hanketoimijat\/","title":{"rendered":"Hanketoimijat"},"content":{"rendered":"<p><a href=\"https:\/\/blogi.eoppimispalvelut.fi\/soku2\/hanketoimijat-sivulle-2\/\"><img loading=\"lazy\" decoding=\"async\" class=\"alignnone size-medium wp-image-320\" src=\"https:\/\/blogi.eoppimispalvelut.fi\/soku2\/files\/2020\/02\/Hanketoimijat-sivulle-300x200.jpg\" alt=\"\" width=\"300\" height=\"200\" \/><\/a><\/p>\n<p>SOKU2- Sosiaalinen kuntoutus osaksi palveluj\u00e4rjestlm\u00e4\u00e4- hankkeen (ESR) toiminta alkoi helmikuussa 2018 jatkuen tammikuun 2020 loppuun saakka. Hanketta koordinoi p\u00e4\u00e4toteuttajana Lapin ammattikorkeakoulu ja osatoteuttajina ovat toimineet Meriva sr Kemiss\u00e4, Pohjant\u00e4htiopiston kannatusyhdistys ry\/Pohjant\u00e4hti-opisto Keminmaassa, Seita-S\u00e4\u00e4ti\u00f6 Sodankyl\u00e4ss\u00e4 ja Lapin yliopisto Rovaniemell\u00e4.<\/p>\n<p>Yhteisty\u00f6sopimuksin hankekumppanikuntina ovat olleet Kemi, Keminmaa ja Sodankyl\u00e4. Aktiivisina toimijakumppaneina hankepaikkakunnilla oli monia nuorten aikuisten kanssa toimivia tahoja ja yksik\u00f6it\u00e4 muun muassa etsiv\u00e4 nuorisoty\u00f6, nuorisotoimi, sosiaalitoimi, mielenterveysasema, A-klinikka, kuntien ty\u00f6llisyyspalvelut, ammatilliset oppilaitokset, TE-toimistot, seurakunta, L\u00e4nsi-Pohjan sairaanhoitopiirin nuorisopsykiatrian poliklinikka ja monet yhdistykset ja j\u00e4rjest\u00f6t.<\/p>\n<p>Hankkeen p\u00e4\u00e4rahoittajana oli EU:n Euroopan sosiaalirahasto ESR ja rahoittajaviranomaisena on toiminut Pohjois-Pohjanmaan elinkeino-, liikenne- ja ymp\u00e4rist\u00f6keskus ELY. Hanke on ollut maakunnallinen yhteistoimintahanke, jossa toimijat sijaitsevat ja toimivat Lapin eri seutukunnissa ja eri toiminta-alueilla.<\/p>\n<p><img loading=\"lazy\" decoding=\"async\" class=\"alignnone size-medium wp-image-91\" src=\"https:\/\/blogi.eoppimispalvelut.fi\/soku2\/files\/2019\/09\/Logot-1-300x148.jpg\" alt=\"\" width=\"300\" height=\"148\" srcset=\"https:\/\/blogi.eoppimispalvelut.fi\/soku2\/files\/2019\/09\/Logot-1-300x148.jpg 300w, https:\/\/blogi.eoppimispalvelut.fi\/soku2\/files\/2019\/09\/Logot-1.jpg 546w\" sizes=\"auto, (max-width: 300px) 100vw, 300px\" \/><\/p>\n","protected":false},"excerpt":{"rendered":"<p>SOKU2- Sosiaalinen kuntoutus osaksi palveluj\u00e4rjestlm\u00e4\u00e4- hankkeen (ESR) toiminta alkoi helmikuussa 2018 jatkuen tammikuun 2020 loppuun saakka. Hanketta koordinoi p\u00e4\u00e4toteuttajana Lapin ammattikorkeakoulu ja osatoteuttajina ovat toimineet Meriva sr Kemiss\u00e4, Pohjant\u00e4htiopiston kannatusyhdistys ry\/Pohjant\u00e4hti-opisto Keminmaassa, Seita-S\u00e4\u00e4ti\u00f6 Sodankyl\u00e4ss\u00e4 ja Lapin yliopisto Rovaniemell\u00e4. Yhteisty\u00f6sopimuksin hankekumppanikuntina ovat olleet Kemi, Keminmaa ja Sodankyl\u00e4. Aktiivisina toimijakumppaneina hankepaikkakunnilla oli monia nuorten aikuisten kanssa toimivia &hellip; <\/p>\n<p class=\"link-more\"><a href=\"https:\/\/blogi.eoppimispalvelut.fi\/soku2\/hanketoimijat\/\" class=\"more-link\">Jatka lukemista<span class=\"screen-reader-text\"> &#8220;Hanketoimijat&#8221;<\/span><\/a><\/p>\n","protected":false},"author":31,"featured_media":0,"parent":0,"menu_order":0,"comment_status":"closed","ping_status":"closed","template":"","meta":{"footnotes":""},"class_list":["post-63","page","type-page","status-publish","hentry"],"_links":{"self":[{"href":"https:\/\/blogi.eoppimispalvelut.fi\/soku2\/wp-json\/wp\/v2\/pages\/63","targetHints":{"allow":["GET"]}}],"collection":[{"href":"https:\/\/blogi.eoppimispalvelut.fi\/soku2\/wp-json\/wp\/v2\/pages"}],"about":[{"href":"https:\/\/blogi.eoppimispalvelut.fi\/soku2\/wp-json\/wp\/v2\/types\/page"}],"author":[{"embeddable":true,"href":"https:\/\/blogi.eoppimispalvelut.fi\/soku2\/wp-json\/wp\/v2\/users\/31"}],"replies":[{"embeddable":true,"href":"https:\/\/blogi.eoppimispalvelut.fi\/soku2\/wp-json\/wp\/v2\/comments?post=63"}],"version-history":[{"count":8,"href":"https:\/\/blogi.eoppimispalvelut.fi\/soku2\/wp-json\/wp\/v2\/pages\/63\/revisions"}],"predecessor-version":[{"id":447,"href":"https:\/\/blogi.eoppimispalvelut.fi\/soku2\/wp-json\/wp\/v2\/pages\/63\/revisions\/447"}],"wp:attachment":[{"href":"https:\/\/blogi.eoppimispalvelut.fi\/soku2\/wp-json\/wp\/v2\/media?parent=63"}],"curies":[{"name":"wp","href":"https:\/\/api.w.org\/{rel}","templated":true}]}}