{"id":66,"date":"2019-09-10T15:15:18","date_gmt":"2019-09-10T12:15:18","guid":{"rendered":"https:\/\/blogi.eoppimispalvelut.fi\/soku2\/?page_id=66"},"modified":"2020-02-22T09:36:50","modified_gmt":"2020-02-22T07:36:50","slug":"arviointi-ja-kehittaminen","status":"publish","type":"page","link":"https:\/\/blogi.eoppimispalvelut.fi\/soku2\/arviointi-ja-kehittaminen\/","title":{"rendered":"Palvelutarpeesta palvelutuotteeksi &#8211; SoKu2 -hankkeen tuotoksia, tuloksia ja kokemuksia"},"content":{"rendered":"<figure id=\"attachment_315\" aria-describedby=\"caption-attachment-315\" style=\"width: 200px\" class=\"wp-caption alignnone\"><a href=\"https:\/\/blogi.eoppimispalvelut.fi\/soku2\/palvelutarpeesta-jne-sivulle-puu-sini-maijala\/\"><img loading=\"lazy\" decoding=\"async\" class=\"size-medium wp-image-315\" src=\"https:\/\/blogi.eoppimispalvelut.fi\/soku2\/files\/2020\/01\/Palvelutarpeesta.jne-sivulle.Puu-Sini-Maijala.-200x300.jpg\" alt=\"\" width=\"200\" height=\"300\" srcset=\"https:\/\/blogi.eoppimispalvelut.fi\/soku2\/files\/2020\/01\/Palvelutarpeesta.jne-sivulle.Puu-Sini-Maijala.-200x300.jpg 200w, https:\/\/blogi.eoppimispalvelut.fi\/soku2\/files\/2020\/01\/Palvelutarpeesta.jne-sivulle.Puu-Sini-Maijala.-683x1024.jpg 683w, https:\/\/blogi.eoppimispalvelut.fi\/soku2\/files\/2020\/01\/Palvelutarpeesta.jne-sivulle.Puu-Sini-Maijala.-768x1152.jpg 768w, https:\/\/blogi.eoppimispalvelut.fi\/soku2\/files\/2020\/01\/Palvelutarpeesta.jne-sivulle.Puu-Sini-Maijala.-1024x1536.jpg 1024w, https:\/\/blogi.eoppimispalvelut.fi\/soku2\/files\/2020\/01\/Palvelutarpeesta.jne-sivulle.Puu-Sini-Maijala.-1365x2048.jpg 1365w, https:\/\/blogi.eoppimispalvelut.fi\/soku2\/files\/2020\/01\/Palvelutarpeesta.jne-sivulle.Puu-Sini-Maijala.-scaled.jpg 1707w\" sizes=\"auto, (max-width: 200px) 100vw, 200px\" \/><\/a><figcaption id=\"caption-attachment-315\" class=\"wp-caption-text\">Puu, Sini Maijala<\/figcaption><\/figure>\n<p>Raportissa kerrotaan SOKU2- Sosiaalinen kuntoutus osaksi palveluj\u00e4rjestelm\u00e4\u00e4- hankkeessa (2018-2020) toteutettua ja kehitetty\u00e4 sosiaalisen kuntoutuksen kehitt\u00e4misty\u00f6t\u00e4 ja sen keskeisimpi\u00e4 kokemuksia ja tuloksia.<\/p>\n<p>Eri artikkeleina ja kertomuksina kuvataan ja pohditaan sosiaalisen kuntoutuksen l\u00e4ht\u00f6kohtia, paikkaa toimintaymp\u00e4rist\u00f6ss\u00e4 ja rakenteissa sek\u00e4 k\u00e4yt\u00e4nn\u00f6n toimintaa arjen asiakasty\u00f6ss\u00e4.<\/p>\n<p>Sosiaalisen kuntoutuksen erilaisia ty\u00f6muotoja ja ty\u00f6k\u00e4yt\u00e4nteit\u00e4 kuvataan tehdyn k\u00e4yt\u00e4nn\u00f6n ty\u00f6n esimerkkien kautta, vuoropuhellen teoreettisten k\u00e4sitteiden ja mallien kanssa.<\/p>\n<p>SOKU2 -hankkeen julkaisuun p\u00e4\u00e4set seuraavista linkeist\u00e4:<\/p>\n<p>Julkaisu tallenteena Issuu-palvelussa:<\/p>\n<p><a href=\"https:\/\/eur02.safelinks.protection.outlook.com\/?url=https%3A%2F%2Fissuu.com%2Flapinamk%2Fdocs%2Fb_1_2020_r_ty_pietil_inen_palvelutarpeesta_palvelu&amp;data=02%7C01%7CJanne.Hirvonen%40lapinamk.fi%7Cf0b0339d349e44f203d808d7b123a1f6%7C4c60a66f0a8d446e9ac0836a00d84542%7C0%7C0%7C637172638900618286&amp;sdata=1bHISno%2FwmhlSxsF7LprFyUOz%2B24b9zTdADx097x2G4%3D&amp;reserved=0\">https:\/\/issuu.com\/lapinamk\/docs\/b_1_2020_r_ty_pietil_inen_palvelutarpeesta_palvelu<\/a><\/p>\n<p>Julkaisu l\u00f6ytyy Lapin AMKin verkkosivustolta osoitteesta:<\/p>\n<p><a href=\"https:\/\/www.lapinamk.fi\/fi\/Yrityksille-ja-yhteisoille\/Julkaisut\/Lapin-AMKin-julkaisut?itemid=2570&amp;showlocation=a318a90d-6e54-4407-87e7-e228aa8e400f\">https:\/\/www.lapinamk.fi\/fi\/Yrityksille-ja-yhteisoille\/Julkaisut\/Lapin-AMKin-julkaisut?itemid=2570&amp;showlocation=a318a90d-6e54-4407-87e7-e228aa8e400f<\/a><\/p>\n<p>Ja Theseuksessa:<\/p>\n<p><a href=\"https:\/\/eur02.safelinks.protection.outlook.com\/?url=http%3A%2F%2Furn.fi%2FURN%3AISBN%3A978-952-316-339-3&amp;data=02%7C01%7CJanne.Hirvonen%40lapinamk.fi%7C69303e1e84e045cd5cd008d7b07fe3a6%7C4c60a66f0a8d446e9ac0836a00d84542%7C0%7C0%7C637171935635652775&amp;sdata=UmVBR8%2BIoIwf1BLoXKKmXDj0WSs2B5VAUhrqh%2F58xdM%3D&amp;reserved=0\">http:\/\/urn.fi\/URN:ISBN:978-952-316-339-3<\/a><\/p>\n","protected":false},"excerpt":{"rendered":"<p>Raportissa kerrotaan SOKU2- Sosiaalinen kuntoutus osaksi palveluj\u00e4rjestelm\u00e4\u00e4- hankkeessa (2018-2020) toteutettua ja kehitetty\u00e4 sosiaalisen kuntoutuksen kehitt\u00e4misty\u00f6t\u00e4 ja sen keskeisimpi\u00e4 kokemuksia ja tuloksia. Eri artikkeleina ja kertomuksina kuvataan ja pohditaan sosiaalisen kuntoutuksen l\u00e4ht\u00f6kohtia, paikkaa toimintaymp\u00e4rist\u00f6ss\u00e4 ja rakenteissa sek\u00e4 k\u00e4yt\u00e4nn\u00f6n toimintaa arjen asiakasty\u00f6ss\u00e4. Sosiaalisen kuntoutuksen erilaisia ty\u00f6muotoja ja ty\u00f6k\u00e4yt\u00e4nteit\u00e4 kuvataan tehdyn k\u00e4yt\u00e4nn\u00f6n ty\u00f6n esimerkkien kautta, vuoropuhellen teoreettisten k\u00e4sitteiden &hellip; <\/p>\n<p class=\"link-more\"><a href=\"https:\/\/blogi.eoppimispalvelut.fi\/soku2\/arviointi-ja-kehittaminen\/\" class=\"more-link\">Jatka lukemista<span class=\"screen-reader-text\"> &#8220;Palvelutarpeesta palvelutuotteeksi &#8211; SoKu2 -hankkeen tuotoksia, tuloksia ja kokemuksia&#8221;<\/span><\/a><\/p>\n","protected":false},"author":31,"featured_media":0,"parent":0,"menu_order":0,"comment_status":"closed","ping_status":"closed","template":"","meta":{"footnotes":""},"class_list":["post-66","page","type-page","status-publish","hentry"],"_links":{"self":[{"href":"https:\/\/blogi.eoppimispalvelut.fi\/soku2\/wp-json\/wp\/v2\/pages\/66","targetHints":{"allow":["GET"]}}],"collection":[{"href":"https:\/\/blogi.eoppimispalvelut.fi\/soku2\/wp-json\/wp\/v2\/pages"}],"about":[{"href":"https:\/\/blogi.eoppimispalvelut.fi\/soku2\/wp-json\/wp\/v2\/types\/page"}],"author":[{"embeddable":true,"href":"https:\/\/blogi.eoppimispalvelut.fi\/soku2\/wp-json\/wp\/v2\/users\/31"}],"replies":[{"embeddable":true,"href":"https:\/\/blogi.eoppimispalvelut.fi\/soku2\/wp-json\/wp\/v2\/comments?post=66"}],"version-history":[{"count":11,"href":"https:\/\/blogi.eoppimispalvelut.fi\/soku2\/wp-json\/wp\/v2\/pages\/66\/revisions"}],"predecessor-version":[{"id":491,"href":"https:\/\/blogi.eoppimispalvelut.fi\/soku2\/wp-json\/wp\/v2\/pages\/66\/revisions\/491"}],"wp:attachment":[{"href":"https:\/\/blogi.eoppimispalvelut.fi\/soku2\/wp-json\/wp\/v2\/media?parent=66"}],"curies":[{"name":"wp","href":"https:\/\/api.w.org\/{rel}","templated":true}]}}