{"id":70,"date":"2019-09-10T15:16:56","date_gmt":"2019-09-10T12:16:56","guid":{"rendered":"https:\/\/blogi.eoppimispalvelut.fi\/soku2\/?page_id=70"},"modified":"2020-02-22T16:28:53","modified_gmt":"2020-02-22T14:28:53","slug":"etusivu","status":"publish","type":"page","link":"https:\/\/blogi.eoppimispalvelut.fi\/soku2\/","title":{"rendered":"Sosiaalisen kuntoutuksen ty\u00f6k\u00e4yt\u00e4nt\u00f6j\u00e4 kehitt\u00e4m\u00e4ss\u00e4 ja juurruttamassa &#8211;"},"content":{"rendered":"<p><img loading=\"lazy\" decoding=\"async\" class=\"wp-image-369\" src=\"https:\/\/blogi.eoppimispalvelut.fi\/soku2\/files\/2020\/02\/adventure-1807524_1920-3-1024x628.jpg\" alt=\"\" width=\"554\" height=\"340\" srcset=\"https:\/\/blogi.eoppimispalvelut.fi\/soku2\/files\/2020\/02\/adventure-1807524_1920-3-1024x628.jpg 1024w, https:\/\/blogi.eoppimispalvelut.fi\/soku2\/files\/2020\/02\/adventure-1807524_1920-3-300x184.jpg 300w, https:\/\/blogi.eoppimispalvelut.fi\/soku2\/files\/2020\/02\/adventure-1807524_1920-3-768x471.jpg 768w, https:\/\/blogi.eoppimispalvelut.fi\/soku2\/files\/2020\/02\/adventure-1807524_1920-3-1536x942.jpg 1536w, https:\/\/blogi.eoppimispalvelut.fi\/soku2\/files\/2020\/02\/adventure-1807524_1920-3.jpg 1920w\" sizes=\"auto, (max-width: 554px) 100vw, 554px\" \/><\/p>\n<p style=\"text-align: center\"><strong>Tervetuloa tutustumaan SOKU2- Sosiaalinen kuntoutus osaksi palveluj\u00e4rjestelm\u00e4\u00e4- hankkeen (2018-2020; ESR) toimintaan ja kehitt\u00e4misty\u00f6h\u00f6n sek\u00e4 tuloksiin ja kokemuksiin<\/strong>.<\/p>\n<table style=\"height: 925px\" width=\"726\">\n<tbody>\n<tr>\n<td>\n<table style=\"height: 843px\" width=\"329\">\n<tbody>\n<tr>\n<td>\n<p style=\"text-align: center\"><em>Soku-hanke<br \/>\n<\/em><em>On nuorten tarve<br \/>\nPotkuri sua auttaa<br \/>\nl\u00f6yt\u00e4m\u00e4\u00e4n el\u00e4m\u00e4llesi suuntaa.<br \/>\nKun tarvitset apua ty\u00f6nhaussa,<br \/>\nopastusta saat Potkurissa.<br \/>\nHe toimintaa j\u00e4rjest\u00e4\u00e4,<br \/>\njottet syrj\u00e4\u00e4n j\u00e4\u00e4.<br \/>\nVoit tavata uusia kasvoja.<br \/>\nTies vaikka saat uusia kavereita.<br \/>\nHei nuori, onko suunta hukassa?<br \/>\nTule, sua autetaan Soku-hankkeessa.<br \/>\nSiell\u00e4 yhdess\u00e4 pohditaan,<br \/>\nmik\u00e4 sua vois kiinostaa.<br \/>\nSiel ei ket\u00e4\u00e4n j\u00e4tet\u00e4 syrj\u00e4\u00e4n.<br \/>\n\u00c4l\u00e4 j\u00e4\u00e4 kotiin m\u00e4rehtim\u00e4\u00e4n.<br \/>\nMeinaako ty\u00f6nhaku olla vaikeaa?<br \/>\nSoku ja Potkuri sua siin\u00e4 auttaa.<br \/>\nSoku-hankkeessa \u00e4\u00e4ni on nuorilla.<br \/>\nToimintaa j\u00e4rjestet\u00e4\u00e4n heid\u00e4n ehdoilla.<\/em><\/p>\n<p>&nbsp;<\/p>\n<p style=\"text-align: center\"><em>&#8211; Jakke, 2019 <\/em><\/p>\n<p style=\"text-align: center\"><em>&#8211;<\/em><img loading=\"lazy\" decoding=\"async\" class=\"alignnone wp-image-91\" src=\"https:\/\/blogi.eoppimispalvelut.fi\/soku2\/files\/2019\/09\/Logot-1-300x148.jpg\" alt=\"\" width=\"300\" height=\"148\" srcset=\"https:\/\/blogi.eoppimispalvelut.fi\/soku2\/files\/2019\/09\/Logot-1-300x148.jpg 300w, https:\/\/blogi.eoppimispalvelut.fi\/soku2\/files\/2019\/09\/Logot-1.jpg 546w\" sizes=\"auto, (max-width: 300px) 100vw, 300px\" \/><\/p>\n<\/td>\n<\/tr>\n<\/tbody>\n<\/table>\n<p>&nbsp;<\/td>\n<td><a href=\"https:\/\/blogi.eoppimispalvelut.fi\/soku2\/etusivu\/etusivulle-jaken-runon-yhteyteen-2\/\"><img loading=\"lazy\" decoding=\"async\" src=\"https:\/\/blogi.eoppimispalvelut.fi\/soku2\/files\/2020\/02\/Etusivulle-Jaken-runon-yhteyteen-e1581662314603.jpg\" alt=\"\" width=\"578\" height=\"800\" \/><\/a><\/td>\n<\/tr>\n<\/tbody>\n<\/table>\n<p>&nbsp;<\/p>\n","protected":false},"excerpt":{"rendered":"<p>Tervetuloa tutustumaan SOKU2- Sosiaalinen kuntoutus osaksi palveluj\u00e4rjestelm\u00e4\u00e4- hankkeen (2018-2020; ESR) toimintaan ja kehitt\u00e4misty\u00f6h\u00f6n sek\u00e4 tuloksiin ja kokemuksiin. Soku-hanke On nuorten tarve Potkuri sua auttaa l\u00f6yt\u00e4m\u00e4\u00e4n el\u00e4m\u00e4llesi suuntaa. Kun tarvitset apua ty\u00f6nhaussa, opastusta saat Potkurissa. He toimintaa j\u00e4rjest\u00e4\u00e4, jottet syrj\u00e4\u00e4n j\u00e4\u00e4. Voit tavata uusia kasvoja. Ties vaikka saat uusia kavereita. Hei nuori, onko suunta hukassa? Tule, &hellip; <\/p>\n<p class=\"link-more\"><a href=\"https:\/\/blogi.eoppimispalvelut.fi\/soku2\/\" class=\"more-link\">Jatka lukemista<span class=\"screen-reader-text\"> &#8220;Sosiaalisen kuntoutuksen ty\u00f6k\u00e4yt\u00e4nt\u00f6j\u00e4 kehitt\u00e4m\u00e4ss\u00e4 ja juurruttamassa &#8211;&#8221;<\/span><\/a><\/p>\n","protected":false},"author":31,"featured_media":0,"parent":0,"menu_order":0,"comment_status":"closed","ping_status":"closed","template":"","meta":{"footnotes":""},"class_list":["post-70","page","type-page","status-publish","hentry"],"_links":{"self":[{"href":"https:\/\/blogi.eoppimispalvelut.fi\/soku2\/wp-json\/wp\/v2\/pages\/70","targetHints":{"allow":["GET"]}}],"collection":[{"href":"https:\/\/blogi.eoppimispalvelut.fi\/soku2\/wp-json\/wp\/v2\/pages"}],"about":[{"href":"https:\/\/blogi.eoppimispalvelut.fi\/soku2\/wp-json\/wp\/v2\/types\/page"}],"author":[{"embeddable":true,"href":"https:\/\/blogi.eoppimispalvelut.fi\/soku2\/wp-json\/wp\/v2\/users\/31"}],"replies":[{"embeddable":true,"href":"https:\/\/blogi.eoppimispalvelut.fi\/soku2\/wp-json\/wp\/v2\/comments?post=70"}],"version-history":[{"count":29,"href":"https:\/\/blogi.eoppimispalvelut.fi\/soku2\/wp-json\/wp\/v2\/pages\/70\/revisions"}],"predecessor-version":[{"id":543,"href":"https:\/\/blogi.eoppimispalvelut.fi\/soku2\/wp-json\/wp\/v2\/pages\/70\/revisions\/543"}],"wp:attachment":[{"href":"https:\/\/blogi.eoppimispalvelut.fi\/soku2\/wp-json\/wp\/v2\/media?parent=70"}],"curies":[{"name":"wp","href":"https:\/\/api.w.org\/{rel}","templated":true}]}}