{"id":11,"date":"2019-10-16T15:12:53","date_gmt":"2019-10-16T12:12:53","guid":{"rendered":"https:\/\/blogi.eoppimispalvelut.fi\/sovitaannain\/?page_id=11"},"modified":"2019-10-16T15:37:11","modified_gmt":"2019-10-16T12:37:11","slug":"projekti-sopu","status":"publish","type":"page","link":"https:\/\/blogi.eoppimispalvelut.fi\/sovitaannain\/projekti-sopu\/","title":{"rendered":"Projekti SOPU"},"content":{"rendered":"<p>Projekti SOPU on Lapin AMK:n liiketalouden opiskelijoiden projekti, joka k\u00e4sittelee yrityskaupassa syntyvi\u00e4 olennaisimpia sopimuksia. Projektin on tarkoitus valmistua joulukuussa 2019.<\/p>\n<p>Projektin etenemist\u00e4 voit seurata <a href=\"https:\/\/www.instagram.com\/projektisopu\/\">Instagramissa<\/a><\/p>\n","protected":false},"excerpt":{"rendered":"<p>Projekti SOPU on Lapin AMK:n liiketalouden opiskelijoiden projekti, joka k\u00e4sittelee yrityskaupassa syntyvi\u00e4 olennaisimpia sopimuksia. Projektin on tarkoitus valmistua joulukuussa 2019. Projektin etenemist\u00e4 voit seurata Instagramissa<\/p>\n","protected":false},"author":3279,"featured_media":0,"parent":0,"menu_order":0,"comment_status":"closed","ping_status":"closed","template":"","meta":{"footnotes":""},"class_list":["post-11","page","type-page","status-publish","hentry"],"_links":{"self":[{"href":"https:\/\/blogi.eoppimispalvelut.fi\/sovitaannain\/wp-json\/wp\/v2\/pages\/11","targetHints":{"allow":["GET"]}}],"collection":[{"href":"https:\/\/blogi.eoppimispalvelut.fi\/sovitaannain\/wp-json\/wp\/v2\/pages"}],"about":[{"href":"https:\/\/blogi.eoppimispalvelut.fi\/sovitaannain\/wp-json\/wp\/v2\/types\/page"}],"author":[{"embeddable":true,"href":"https:\/\/blogi.eoppimispalvelut.fi\/sovitaannain\/wp-json\/wp\/v2\/users\/3279"}],"replies":[{"embeddable":true,"href":"https:\/\/blogi.eoppimispalvelut.fi\/sovitaannain\/wp-json\/wp\/v2\/comments?post=11"}],"version-history":[{"count":3,"href":"https:\/\/blogi.eoppimispalvelut.fi\/sovitaannain\/wp-json\/wp\/v2\/pages\/11\/revisions"}],"predecessor-version":[{"id":23,"href":"https:\/\/blogi.eoppimispalvelut.fi\/sovitaannain\/wp-json\/wp\/v2\/pages\/11\/revisions\/23"}],"wp:attachment":[{"href":"https:\/\/blogi.eoppimispalvelut.fi\/sovitaannain\/wp-json\/wp\/v2\/media?parent=11"}],"curies":[{"name":"wp","href":"https:\/\/api.w.org\/{rel}","templated":true}]}}