{"id":79,"date":"2020-02-27T22:03:51","date_gmt":"2020-02-27T20:03:51","guid":{"rendered":"https:\/\/blogi.eoppimispalvelut.fi\/ssarkikangas\/?page_id=79"},"modified":"2020-04-04T23:06:24","modified_gmt":"2020-04-04T20:06:24","slug":"kuka-kirjoittaa","status":"publish","type":"page","link":"https:\/\/blogi.eoppimispalvelut.fi\/ssarkikangas\/","title":{"rendered":"Etusivu"},"content":{"rendered":"<h1 style=\"text-align: justify\">Hei\u00a0kaikille!<\/h1>\n<p style=\"text-align: left\">Olen Suvisatu S\u00e4rkikangas ja opiskelen Lapin Ammattikorkeakoulussa liiketalouden tradenomiksi. Suuntautumiseni on digitaalinen myynti, ja t\u00e4ll\u00e4 hetkell\u00e4 on meneill\u00e4\u00e4n toinen vuosi opintoja. Olen my\u00f6s suorittanut opintoja itsen\u00e4isesti, ja tavoitteenani on valmistua kev\u00e4\u00e4ll\u00e4 2021.<\/p>\n<p style=\"text-align: left\">Olen erityisen kiinnostunut markkinoinnista, ja t\u00e4m\u00e4 sis\u00e4lt\u00f6markkinoinnin kurssi jota varten olen t\u00e4m\u00e4n blogin perustanut, on todella mielenkiintoinen. Sis\u00e4ll\u00f6ntuotanto ja siihen liittyv\u00e4 visuaalisuus on iso osa t\u00e4t\u00e4 kurssia, ja olen p\u00e4\u00e4ssyt toteuttamaan omia n\u00e4kemyksi\u00e4ni sek\u00e4 haastamaan itse\u00e4ni kurssin teht\u00e4vien kanssa.<\/p>\n<p style=\"text-align: left\">Luvassa on m\u00e4\u00e4r\u00e4tyist\u00e4 aiheista kirjoittamiani postauksia, joita toteuttaessani p\u00e4\u00e4sen tutustumaan monipuolisesti l\u00e4hdeaineistoihin sek\u00e4 toteuttamaan omaa luovuuttani muun muassa kuvien ja videoiden kautta. Toivottavasti viihdyt seurassani ja j\u00e4t\u00e4h\u00e4n kommentin merkiksi vierailuistasi!<\/p>\n","protected":false},"excerpt":{"rendered":"<p>Hei\u00a0kaikille! Olen Suvisatu S\u00e4rkikangas ja opiskelen Lapin Ammattikorkeakoulussa liiketalouden tradenomiksi. Suuntautumiseni on digitaalinen myynti, ja t\u00e4ll\u00e4 hetkell\u00e4 on meneill\u00e4\u00e4n toinen vuosi opintoja. Olen my\u00f6s suorittanut opintoja itsen\u00e4isesti, ja tavoitteenani on valmistua kev\u00e4\u00e4ll\u00e4 2021. Olen erityisen kiinnostunut markkinoinnista, ja t\u00e4m\u00e4 sis\u00e4lt\u00f6markkinoinnin kurssi jota varten olen t\u00e4m\u00e4n blogin perustanut, on todella mielenkiintoinen. Sis\u00e4ll\u00f6ntuotanto ja siihen liittyv\u00e4 visuaalisuus &hellip; <\/p>\n<p><a class=\"more-link btn\" href=\"https:\/\/blogi.eoppimispalvelut.fi\/ssarkikangas\/\">Jatka lukemista<\/a><\/p>\n","protected":false},"author":3512,"featured_media":0,"parent":0,"menu_order":0,"comment_status":"closed","ping_status":"closed","template":"","meta":{"footnotes":""},"class_list":["post-79","page","type-page","status-publish","hentry","nodate","item-wrap"],"_links":{"self":[{"href":"https:\/\/blogi.eoppimispalvelut.fi\/ssarkikangas\/wp-json\/wp\/v2\/pages\/79","targetHints":{"allow":["GET"]}}],"collection":[{"href":"https:\/\/blogi.eoppimispalvelut.fi\/ssarkikangas\/wp-json\/wp\/v2\/pages"}],"about":[{"href":"https:\/\/blogi.eoppimispalvelut.fi\/ssarkikangas\/wp-json\/wp\/v2\/types\/page"}],"author":[{"embeddable":true,"href":"https:\/\/blogi.eoppimispalvelut.fi\/ssarkikangas\/wp-json\/wp\/v2\/users\/3512"}],"replies":[{"embeddable":true,"href":"https:\/\/blogi.eoppimispalvelut.fi\/ssarkikangas\/wp-json\/wp\/v2\/comments?post=79"}],"version-history":[{"count":15,"href":"https:\/\/blogi.eoppimispalvelut.fi\/ssarkikangas\/wp-json\/wp\/v2\/pages\/79\/revisions"}],"predecessor-version":[{"id":273,"href":"https:\/\/blogi.eoppimispalvelut.fi\/ssarkikangas\/wp-json\/wp\/v2\/pages\/79\/revisions\/273"}],"wp:attachment":[{"href":"https:\/\/blogi.eoppimispalvelut.fi\/ssarkikangas\/wp-json\/wp\/v2\/media?parent=79"}],"curies":[{"name":"wp","href":"https:\/\/api.w.org\/{rel}","templated":true}]}}