{"id":1486,"date":"2020-06-26T22:32:28","date_gmt":"2020-06-26T19:32:28","guid":{"rendered":"https:\/\/blogi.eoppimispalvelut.fi\/struvenorth\/?page_id=1486"},"modified":"2020-12-11T21:19:32","modified_gmt":"2020-12-11T19:19:32","slug":"saavutettavuusseloste","status":"publish","type":"page","link":"https:\/\/blogi.eoppimispalvelut.fi\/struvenorth\/saavutettavuusseloste\/","title":{"rendered":"Saavutettavuusseloste"},"content":{"rendered":"<p>[et_pb_section fb_built=&#8221;1&#8243; _builder_version=&#8221;4.6.6&#8243; _module_preset=&#8221;default&#8221;][et_pb_row _builder_version=&#8221;4.6.6&#8243; _module_preset=&#8221;default&#8221;][et_pb_column type=&#8221;4_4&#8243; _builder_version=&#8221;4.6.6&#8243; _module_preset=&#8221;default&#8221;][et_pb_text _builder_version=&#8221;4.6.6&#8243; _module_preset=&#8221;default&#8221; hover_enabled=&#8221;0&#8243; sticky_enabled=&#8221;0&#8243;]<\/p>\n<h2><span style=\"font-weight: 400\">Verkkosivuston struvenorth.net\u00a0 <\/span><span style=\"font-weight: 400\">saavutettavuusseloste<\/span><\/h2>\n<p><span style=\"font-weight: 400\">T\u00e4m\u00e4 saavutettavuusseloste koskee <\/span><span style=\"font-weight: 400\">Maailmanperint\u00f6 Struven ketjun pohjoiset osat hankkeen <\/span><span style=\"font-weight: 400\">verkkosivustoa struvenorth.net. Saavutettavuusseloste kuvaa saavutettavuusvaatimuksia, jotka m\u00e4\u00e4ritell\u00e4\u00e4n WCAG 2.1 ohjeistuksessa (<\/span><a href=\"https:\/\/www.w3.org\/WAI\/WCAG21\/quickref\/\"><span style=\"font-weight: 400\">Web Content Accessibility Guidelines (WCAG) 2.1, levels A and AA<\/span><\/a>).<\/p>\n<p><span style=\"font-weight: 400\">T\u00e4m\u00e4 seloste kuvaa tunnistetut puutteet saavutettavuudessa t\u00e4ss\u00e4 palvelussa ja kertoo, mihin tahoon tulee ottaa yhteytt\u00e4 palautteenantamiseksi. Kriittiset puutteet saavutettavuudessa kuvataan alla. Palvelun saavutettavuus on arvioitu itse.\u00a0<\/span><\/p>\n<p><span style=\"font-weight: 400\">Digipalvelun saavutettavuuden tila: verkkosivusto ei ole kaikilta osin vaatimusten mukainen.<\/span><\/p>\n<p>&nbsp;<\/p>\n<h3><span style=\"font-weight: 400\">Ei saavutettava sis\u00e4lt\u00f6<\/span><\/h3>\n<h4><span style=\"font-weight: 400\">Havaittava &#8211; Virheit\u00e4 tyylitiedosto m\u00e4\u00e4ritelmiss\u00e4<\/span><\/h4>\n<p><span style=\"font-weight: 400\">Osa sis\u00e4ll\u00f6ist\u00e4 css -tiedostoissa ei ole luettavissa joillakin n\u00e4yt\u00f6nlukijoilla eik\u00e4 ole tarjolla henkil\u00f6ille, jotka ovat poistaneet k\u00e4yt\u00f6st\u00e4 tyylitiedostot. <\/span><span style=\"font-weight: 400\">(WCAG 1.3.1)<\/span><\/p>\n<h4><span style=\"font-weight: 400\">Toimintavarma &#8211; Elementit voivat sis\u00e4lt\u00e4\u00e4 samoja m\u00e4\u00e4ritteit\u00e4\u00a0<\/span><\/h4>\n<p><span style=\"font-weight: 400\">Sama id oli k\u00e4yt\u00f6ss\u00e4 useammassa kuin yhdess\u00e4 elementiss\u00e4. (WCAG 4.1.1)<\/span><\/p>\n<h4><span style=\"font-weight: 400\">Hallittava &#8211; Kuvalla ei ole saavutettavaa nime\u00e4<\/span><\/h4>\n<p><span style=\"font-weight: 400\">Linkin nimi puuttui joistakin elementeist\u00e4, n\u00e4yt\u00f6nlukijat k\u00e4ytt\u00e4v\u00e4t t\u00e4ll\u00f6in URL:a. (WCAG 2.4.4, 2.4.9 and 4.1.2)<\/span><\/p>\n<h4><span style=\"font-weight: 400\">Havaittava &#8211; Tarvittava informaatio ei v\u00e4lity ohjelmallisesti tai tekstin\u00e4<\/span><\/h4>\n<p><span style=\"font-weight: 400\">Lihavoitu fontti ei ole k\u00e4yt\u00f6ss\u00e4 html-kielisesss\u00e4 tekstiss\u00e4. (WCAG 1.3.1)<\/span><\/p>\n<h4><span style=\"font-weight: 400\">Havaittava &#8211; Tekstin koon muuttaminen<\/span><\/h4>\n<p><span style=\"font-weight: 400\">Joissakin elementeiss\u00e4 tekstin koon muuttaminen on otettu pois p\u00e4\u00e4lt\u00e4. (WCAG 1.4.4)<\/span><\/p>\n<h4><span style=\"font-weight: 400\">Havaittava &#8211; Kontrasti\u00a0<\/span><\/h4>\n<p><span style=\"font-weight: 400\">Tekstin ja taustav\u00e4rin kontrastisuhde ei ole aina riitt\u00e4v\u00e4. (WCAG 1.4.3)<\/span><\/p>\n<h4><span style=\"font-weight: 400\">Hallittava &#8211; N\u00e4kyv\u00e4 kohdistus<\/span><\/h4>\n<p><span style=\"font-weight: 400\">Joidenkin elementtien CSS-m\u00e4\u00e4rittely tai tyyli hankaloittaa n\u00e4pp\u00e4imist\u00f6n kohdistuksen ilmaisimen n\u00e4kymist\u00e4. (WCAG 2.4.7)<\/span><\/p>\n<p>&nbsp;<\/p>\n<h3><span style=\"font-weight: 400\">Oletko huomannut puutteita saavutettavuudessa?\u00a0<\/span><\/h3>\n<p><span style=\"font-weight: 400\">Verkkosivustoa kehitet\u00e4\u00e4n aktiivisesti. Oletko huomannut saavutettavuudessa ongelmia? Anna ensin palautetta sivuston yll\u00e4pit\u00e4j\u00e4lle. Yrit\u00e4mme korjata ongelman niin nopeasti kuin mahdollista. Vastauksessa voi menn\u00e4 14 p\u00e4iv\u00e4\u00e4.\u00a0\u00a0<\/span><\/p>\n<p><span style=\"font-weight: 400\">L\u00e4het\u00e4 s\u00e4hk\u00f6postia: eila.seppanen @ lapinamk.fi (projektip\u00e4\u00e4llikk\u00f6 <\/span><span style=\"font-weight: 400\">Maailmanperint\u00f6 Struven ketjun pohjoiset osat hanke, <\/span><span style=\"font-weight: 400\">Lapin ammattikorkeakoulu).<\/span><\/p>\n<p>&nbsp;<\/p>\n<h3><span style=\"font-weight: 400\">Valvontaviranomainen<\/span><\/h3>\n<p><span style=\"font-weight: 400\">Jos et ole tyytyv\u00e4inen sivuston yll\u00e4pit\u00e4j\u00e4n vastaukseen, voit tehd\u00e4 ilmoituksen <\/span><a href=\"https:\/\/www.saavutettavuusvaatimukset.fi\/oikeutesi\/ilmoita-ongelmasta-saavutettavuudessa\/\"><span style=\"font-weight: 400\">Etel\u00e4-Suomen aluehallintovirastoon<\/span><\/a><span style=\"font-weight: 400\">.\u00a0<\/span><\/p>\n<p>&nbsp;<\/p>\n<p><span style=\"font-weight: 400\">T\u00e4m\u00e4 saavutettavuusseloste on laadittu \/ p\u00e4ivitetty 29.9.2020<\/span><\/p>\n<p>[\/et_pb_text][\/et_pb_column][\/et_pb_row][\/et_pb_section]<\/p>\n","protected":false},"excerpt":{"rendered":"<p>Verkkosivuston struvenorth.net\u00a0 saavutettavuusseloste T\u00e4m\u00e4 saavutettavuusseloste koskee Maailmanperint\u00f6 Struven ketjun pohjoiset osat hankkeen verkkosivustoa struvenorth.net. Saavutettavuusseloste kuvaa saavutettavuusvaatimuksia, jotka m\u00e4\u00e4ritell\u00e4\u00e4n WCAG 2.1 ohjeistuksessa (Web Content Accessibility Guidelines (WCAG) 2.1, levels A and AA). T\u00e4m\u00e4 seloste kuvaa tunnistetut puutteet saavutettavuudessa t\u00e4ss\u00e4 palvelussa ja kertoo, mihin tahoon tulee ottaa yhteytt\u00e4 palautteenantamiseksi. Kriittiset puutteet saavutettavuudessa kuvataan alla. Palvelun saavutettavuus [&hellip;]<\/p>\n","protected":false},"author":4381,"featured_media":20,"parent":0,"menu_order":0,"comment_status":"closed","ping_status":"closed","template":"","meta":{"_et_pb_use_builder":"on","_et_pb_old_content":"","_et_gb_content_width":"","_monsterinsights_skip_tracking":false,"_monsterinsights_sitenote_active":false,"_monsterinsights_sitenote_note":"","_monsterinsights_sitenote_category":0,"footnotes":""},"class_list":["post-1486","page","type-page","status-publish","has-post-thumbnail","hentry"],"_links":{"self":[{"href":"https:\/\/blogi.eoppimispalvelut.fi\/struvenorth\/wp-json\/wp\/v2\/pages\/1486","targetHints":{"allow":["GET"]}}],"collection":[{"href":"https:\/\/blogi.eoppimispalvelut.fi\/struvenorth\/wp-json\/wp\/v2\/pages"}],"about":[{"href":"https:\/\/blogi.eoppimispalvelut.fi\/struvenorth\/wp-json\/wp\/v2\/types\/page"}],"author":[{"embeddable":true,"href":"https:\/\/blogi.eoppimispalvelut.fi\/struvenorth\/wp-json\/wp\/v2\/users\/4381"}],"replies":[{"embeddable":true,"href":"https:\/\/blogi.eoppimispalvelut.fi\/struvenorth\/wp-json\/wp\/v2\/comments?post=1486"}],"version-history":[{"count":5,"href":"https:\/\/blogi.eoppimispalvelut.fi\/struvenorth\/wp-json\/wp\/v2\/pages\/1486\/revisions"}],"predecessor-version":[{"id":3313,"href":"https:\/\/blogi.eoppimispalvelut.fi\/struvenorth\/wp-json\/wp\/v2\/pages\/1486\/revisions\/3313"}],"wp:featuredmedia":[{"embeddable":true,"href":"https:\/\/blogi.eoppimispalvelut.fi\/struvenorth\/wp-json\/wp\/v2\/media\/20"}],"wp:attachment":[{"href":"https:\/\/blogi.eoppimispalvelut.fi\/struvenorth\/wp-json\/wp\/v2\/media?parent=1486"}],"curies":[{"name":"wp","href":"https:\/\/api.w.org\/{rel}","templated":true}]}}