{"id":5699,"date":"2021-06-18T16:54:41","date_gmt":"2021-06-18T13:54:41","guid":{"rendered":"https:\/\/blogi.eoppimispalvelut.fi\/struvenorth\/?page_id=5699"},"modified":"2022-06-07T20:39:48","modified_gmt":"2022-06-07T17:39:48","slug":"measurement-points","status":"publish","type":"page","link":"https:\/\/blogi.eoppimispalvelut.fi\/struvenorth\/measurement-points\/","title":{"rendered":"Measurement points"},"content":{"rendered":"<p>[et_pb_section fb_built=&#8221;1&#8243; admin_label=&#8221;section&#8221; _builder_version=&#8221;3.22&#8243; module_alignment=&#8221;left&#8221;][et_pb_row use_custom_gutter=&#8221;on&#8221; make_equal=&#8221;on&#8221; admin_label=&#8221;row&#8221; _builder_version=&#8221;4.8.2&#8243; background_size=&#8221;initial&#8221; background_position=&#8221;top_left&#8221; background_repeat=&#8221;repeat&#8221; module_alignment=&#8221;left&#8221;][et_pb_column type=&#8221;4_4&#8243; _builder_version=&#8221;3.25&#8243; custom_padding=&#8221;|||&#8221; custom_padding__hover=&#8221;|||&#8221;][et_pb_text admin_label=&#8221;intro&#8221; _builder_version=&#8221;4.8.2&#8243; _module_preset=&#8221;default&#8221; text_font=&#8221;||||||||&#8221; text_font_size_tablet=&#8221;&#8221; text_font_size_phone=&#8221;&#8221; text_font_size_last_edited=&#8221;on|tablet&#8221;]<\/p>\n<p>F.G. W. Struve used in his calculations the measurements made in 265 main and 65 subsidiary station points. The measurement points described on this site run from Fuglenes, Norway to Ulkokrunni, Finland.\u00a0The Northern parts of the Struve Geodetic Arc include 40 main station points out of 265 included in the Unesco World Heritage nomination list. All of the main station points are not World Heritage Sites. Despite that, they have an interesting history and can be surrounded by beautiful nature.<\/p>\n<p>[\/et_pb_text][\/et_pb_column][\/et_pb_row][et_pb_row use_custom_gutter=&#8221;on&#8221; make_equal=&#8221;on&#8221; admin_label=&#8221;row&#8221; _builder_version=&#8221;4.8.2&#8243; background_size=&#8221;initial&#8221; background_position=&#8221;top_left&#8221; background_repeat=&#8221;repeat&#8221; width=&#8221;100%&#8221;][et_pb_column type=&#8221;4_4&#8243; _builder_version=&#8221;3.25&#8243; custom_padding=&#8221;|||&#8221; custom_padding__hover=&#8221;|||&#8221;][et_pb_divider color=&#8221;#E28103&#8243; divider_weight=&#8221;4px&#8221; _builder_version=&#8221;4.8.2&#8243; _module_preset=&#8221;default&#8221; width=&#8221;50%&#8221; module_alignment=&#8221;center&#8221; custom_margin=&#8221;2vh||2vh||false|false&#8221;][\/et_pb_divider][et_pb_text admin_label=&#8221;list-title&#8221; _builder_version=&#8221;4.8.2&#8243; _module_preset=&#8221;default&#8221; text_font=&#8221;||||||||&#8221; text_font_size_tablet=&#8221;&#8221; text_font_size_phone=&#8221;&#8221; text_font_size_last_edited=&#8221;on|tablet&#8221;]<\/p>\n<h3>Main station points\u00a0in the Northern parts\u00a0of the Struve Geodetic Arc<\/h3>\n<p>[\/et_pb_text][et_pb_text admin_label=&#8221;list of main station points&#8221; _builder_version=&#8221;4.8.2&#8243; _module_preset=&#8221;default&#8221; text_font=&#8221;||||||||&#8221; text_font_size_tablet=&#8221;&#8221; text_font_size_phone=&#8221;&#8221; text_font_size_last_edited=&#8221;on|tablet&#8221;]<\/p>\n<ol>\n<li><a href=\"https:\/\/blogi.eoppimispalvelut.fi\/struvenorth\/2021\/08\/31\/fuglenes-norway\/\">Fuglenes<\/a><\/li>\n<li>H\u00e5ja<\/li>\n<li>Tyven<\/li>\n<li>Seilandstuva<\/li>\n<li>Gosviktind<\/li>\n<li>Koven<\/li>\n<li>Vardfjellet<\/li>\n<li>Halde<\/li>\n<li>Nuhpeal\u00e1\u0161<\/li>\n<li><a href=\"https:\/\/blogi.eoppimispalvelut.fi\/struvenorth\/2021\/09\/21\/luvddiidcohkka-norway\/\">Luvddiid\u010dohkka \/ Lodiken<\/a><\/li>\n<li>\u00c1vjov\u00e1rri<\/li>\n<li>Carav\u00e1rri<\/li>\n<li>Spielgav\u00e1rri<\/li>\n<li><a href=\"https:\/\/blogi.eoppimispalvelut.fi\/struvenorth\/2021\/09\/21\/muvravarri-norway\/\">Muvrav\u00e1rri \/Bealj\u00e1\u0161v\u00e1rri<\/a><\/li>\n<li>\u00c1djit<\/li>\n<li><a href=\"https:\/\/blogi.eoppimispalvelut.fi\/struvenorth\/2022\/03\/04\/stuorrahanoaivi-finland\/\">Stuorrahanoaivi<\/a><\/li>\n<li>Jerstivaara<\/li>\n<li><a href=\"https:\/\/blogi.eoppimispalvelut.fi\/struvenorth\/2021\/09\/22\/tynnyrilaki-sweden\/\">Tynnyrilaki<\/a><\/li>\n<li>Outakka<\/li>\n<li>Pessinki<\/li>\n<li>Olostunturi<\/li>\n<li>Lumivaara<\/li>\n<li>Kiuaskero<\/li>\n<li><a href=\"https:\/\/blogi.eoppimispalvelut.fi\/struvenorth\/2021\/10\/25\/jupukka-sweden\/\">Jupukka<\/a><\/li>\n<li>Ylinenvaara<\/li>\n<li>Olosvaara<\/li>\n<li>Paljukkavaara<\/li>\n<li>Kittisvaara<\/li>\n<li>Niemivaara<\/li>\n<li><a href=\"https:\/\/blogi.eoppimispalvelut.fi\/struvenorth\/2021\/10\/29\/pullinki-sweden\/\">Pullinki<\/a><\/li>\n<li><a href=\"https:\/\/blogi.eoppimispalvelut.fi\/struvenorth\/2022\/03\/09\/aavasaksa-finland\/\">Aavasaksa<\/a><\/li>\n<li>Horrilonkero<\/li>\n<li>Huitaperi<\/li>\n<li><a href=\"https:\/\/blogi.eoppimispalvelut.fi\/struvenorth\/2022\/03\/04\/peravaara-sweden\/\">Per\u00e4vaara<\/a><\/li>\n<li>Kaakamavaara\/Tynnyrilaki<\/li>\n<li><a href=\"https:\/\/blogi.eoppimispalvelut.fi\/struvenorth\/2022\/03\/15\/alatornio-church-finland\/\">Alatornion kirkko<\/a><\/li>\n<li>Ajos<\/li>\n<li>Alapenikka<\/li>\n<li>Rontti<\/li>\n<li>Ulkokrunni<\/li>\n<\/ol>\n<p>&nbsp;<\/p>\n<p>&nbsp;<\/p>\n<p>[\/et_pb_text][et_pb_divider color=&#8221;#E28103&#8243; divider_weight=&#8221;4px&#8221; _builder_version=&#8221;4.8.2&#8243; _module_preset=&#8221;default&#8221; width=&#8221;50%&#8221; module_alignment=&#8221;center&#8221;][\/et_pb_divider][et_pb_blog fullwidth=&#8221;off&#8221; posts_number=&#8221;11&#8243; include_categories=&#8221;641393,643697&#8243; use_manual_excerpt=&#8221;off&#8221; show_author=&#8221;off&#8221; show_date=&#8221;off&#8221; show_categories=&#8221;off&#8221; show_excerpt=&#8221;off&#8221; use_overlay=&#8221;on&#8221; overlay_icon_color=&#8221;#FEFFFE&#8221; hover_overlay_color=&#8221;rgba(226,129,3,0.3)&#8221; _builder_version=&#8221;4.8.2&#8243; _module_preset=&#8221;default&#8221; header_level=&#8221;h4&#8243; header_font=&#8221;|700|||||||&#8221; header_font_size=&#8221;18px&#8221; custom_margin=&#8221;4vh||||false|false&#8221; box_shadow_style_image=&#8221;preset1&#8243;][\/et_pb_blog][et_pb_text admin_label=&#8221;references&#8221; _builder_version=&#8221;4.8.2&#8243; _module_preset=&#8221;default&#8221; header_line_height=&#8221;2em&#8221; header_2_line_height=&#8221;2em&#8221; custom_margin=&#8221;4vh||||false|false&#8221; hover_enabled=&#8221;0&#8243; sticky_enabled=&#8221;0&#8243;]<\/p>\n<h2>Reference<\/h2>\n<p>Unesco\u00a0 Serial Nomination Table for the Struve Geodetic Arc (p. 2).Nomination of the STRUVE GEODETIC ARC for inscription on the WORLD HERITAGELIST (pdf)<\/p>\n<p><a href=\"https:\/\/whc.unesco.org\/uploads\/nominations\/1187.pdf\">https:\/\/whc.unesco.org\/uploads\/nominations\/1187.pdf<\/a><\/p>\n<p>Unesco. World Heritage List. Struve Geodetic\u00a0 Arc:<\/p>\n<p><a href=\"http:\/\/whc.unesco.org\/en\/list\/1187\/multiple=1&amp;unique_number=1364\">http:\/\/whc.unesco.org\/en\/list\/1187\/multiple=1&amp;unique_number=1364<\/a><\/p>\n<p>&nbsp;<\/p>\n<p>[\/et_pb_text][\/et_pb_column][\/et_pb_row][\/et_pb_section]<\/p>\n","protected":false},"excerpt":{"rendered":"<p>F.G. W. Struve used in his calculations the measurements made in 265 main and 65 subsidiary station points. The measurement points described on this site run from Fuglenes, Norway to Ulkokrunni, Finland.\u00a0The Northern parts of the Struve Geodetic Arc include 40 main station points out of 265 included in the Unesco World Heritage nomination list. [&hellip;]<\/p>\n","protected":false},"author":4381,"featured_media":0,"parent":0,"menu_order":0,"comment_status":"closed","ping_status":"closed","template":"","meta":{"_et_pb_use_builder":"on","_et_pb_old_content":"","_et_gb_content_width":"","_monsterinsights_skip_tracking":false,"_monsterinsights_sitenote_active":false,"_monsterinsights_sitenote_note":"","_monsterinsights_sitenote_category":0,"footnotes":""},"class_list":["post-5699","page","type-page","status-publish","hentry"],"_links":{"self":[{"href":"https:\/\/blogi.eoppimispalvelut.fi\/struvenorth\/wp-json\/wp\/v2\/pages\/5699","targetHints":{"allow":["GET"]}}],"collection":[{"href":"https:\/\/blogi.eoppimispalvelut.fi\/struvenorth\/wp-json\/wp\/v2\/pages"}],"about":[{"href":"https:\/\/blogi.eoppimispalvelut.fi\/struvenorth\/wp-json\/wp\/v2\/types\/page"}],"author":[{"embeddable":true,"href":"https:\/\/blogi.eoppimispalvelut.fi\/struvenorth\/wp-json\/wp\/v2\/users\/4381"}],"replies":[{"embeddable":true,"href":"https:\/\/blogi.eoppimispalvelut.fi\/struvenorth\/wp-json\/wp\/v2\/comments?post=5699"}],"version-history":[{"count":45,"href":"https:\/\/blogi.eoppimispalvelut.fi\/struvenorth\/wp-json\/wp\/v2\/pages\/5699\/revisions"}],"predecessor-version":[{"id":9085,"href":"https:\/\/blogi.eoppimispalvelut.fi\/struvenorth\/wp-json\/wp\/v2\/pages\/5699\/revisions\/9085"}],"wp:attachment":[{"href":"https:\/\/blogi.eoppimispalvelut.fi\/struvenorth\/wp-json\/wp\/v2\/media?parent=5699"}],"curies":[{"name":"wp","href":"https:\/\/api.w.org\/{rel}","templated":true}]}}