{"id":5701,"date":"2021-06-18T16:55:29","date_gmt":"2021-06-18T13:55:29","guid":{"rendered":"https:\/\/blogi.eoppimispalvelut.fi\/struvenorth\/?page_id=5701"},"modified":"2022-06-07T20:36:34","modified_gmt":"2022-06-07T17:36:34","slug":"world-heritage-sites","status":"publish","type":"page","link":"https:\/\/blogi.eoppimispalvelut.fi\/struvenorth\/world-heritage-sites\/","title":{"rendered":"World Heritage Site"},"content":{"rendered":"<p>[et_pb_section fb_built=&#8221;1&#8243; admin_label=&#8221;section&#8221; _builder_version=&#8221;4.8.2&#8243; width=&#8221;100%&#8221; border_color_all=&#8221;#15ACB7&#8243;][et_pb_row use_custom_gutter=&#8221;on&#8221; make_equal=&#8221;on&#8221; admin_label=&#8221;row&#8221; _builder_version=&#8221;4.8.2&#8243; border_color_all=&#8221;#E28103&#8243; sticky_enabled=&#8221;0&#8243; background_size=&#8221;initial&#8221; background_position=&#8221;top_left&#8221; background_repeat=&#8221;repeat&#8221; module_alignment=&#8221;left&#8221;][et_pb_column type=&#8221;4_4&#8243; _builder_version=&#8221;3.25&#8243; custom_padding=&#8221;|||&#8221; custom_padding__hover=&#8221;|||&#8221;][et_pb_text admin_label=&#8221;intro&#8221; _builder_version=&#8221;4.8.2&#8243; _module_preset=&#8221;default&#8221; text_font=&#8221;||||||||&#8221; sticky_enabled=&#8221;0&#8243; text_font_size_last_edited=&#8221;on|tablet&#8221;]<\/p>\n<p>The Struve Geodetic Arc is a Unesco World Heritage Site. The Northern parts of the Struve Geodetic Arc include eleven measurement points out of thirtyfour included in the Unesco World Heritage nomination list.<\/p>\n<p>[\/et_pb_text][\/et_pb_column][\/et_pb_row][et_pb_row use_custom_gutter=&#8221;on&#8221; make_equal=&#8221;on&#8221; admin_label=&#8221;row&#8221; _builder_version=&#8221;4.8.2&#8243; background_size=&#8221;initial&#8221; background_position=&#8221;top_left&#8221; background_repeat=&#8221;repeat&#8221; width=&#8221;100%&#8221; border_color_all=&#8221;#E28103&#8243;][et_pb_column type=&#8221;4_4&#8243; _builder_version=&#8221;3.25&#8243; custom_padding=&#8221;|||&#8221; custom_padding__hover=&#8221;|||&#8221;][et_pb_divider color=&#8221;#E28103&#8243; divider_weight=&#8221;4px&#8221; _builder_version=&#8221;4.8.2&#8243; _module_preset=&#8221;default&#8221; width_tablet=&#8221;94%&#8221; width_phone=&#8221;&#8221; width_last_edited=&#8221;on|tablet&#8221; module_alignment=&#8221;left&#8221;][\/et_pb_divider][et_pb_text ol_item_indent=&#8221;1vw&#8221; admin_label=&#8221;list-title&#8221; _builder_version=&#8221;4.8.2&#8243; _module_preset=&#8221;default&#8221; ol_font=&#8221;Raleway||||||||&#8221; ol_font_size=&#8221;18px&#8221; ol_line_height=&#8221;1.3em&#8221; header_line_height=&#8221;2em&#8221; header_3_font=&#8221;||||||||&#8221; width=&#8221;80%&#8221; width_tablet=&#8221;80%&#8221; width_phone=&#8221;94%&#8221; width_last_edited=&#8221;on|desktop&#8221; module_alignment=&#8221;left&#8221; custom_margin=&#8221;2vh||||false|false&#8221;]<\/p>\n<h3>Struve Geodetic Arc \u00ad\u00adWorld Heritage Site \u00ad\u00ad in the Northern parts<\/h3>\n<p>[\/et_pb_text][et_pb_text ol_item_indent=&#8221;1vw&#8221; admin_label=&#8221;list&#8221; _builder_version=&#8221;4.8.2&#8243; _module_preset=&#8221;default&#8221; header_line_height=&#8221;2em&#8221; width=&#8221;50%&#8221; width_tablet=&#8221;80%&#8221; width_phone=&#8221;&#8221; width_last_edited=&#8221;on|tablet&#8221; module_alignment=&#8221;left&#8221; custom_margin=&#8221;|||1vw|false|false&#8221; border_color_all=&#8221;#E28103&#8243;]<\/p>\n<ol>\n<li><a href=\"https:\/\/blogi.eoppimispalvelut.fi\/struvenorth\/2021\/08\/31\/fuglenes-norway\/\">Fuglenes<\/a><\/li>\n<li><a href=\"https:\/\/blogi.eoppimispalvelut.fi\/struvenorth\/2021\/09\/21\/lille-raipas-norway\/\">Lille-Raipas *<\/a><\/li>\n<li><a href=\"https:\/\/blogi.eoppimispalvelut.fi\/struvenorth\/2021\/09\/21\/luvddiidcohkka-norway\/\">Luvddiid\u010dohkka \/ Lodiken<\/a><\/li>\n<li><a href=\"https:\/\/blogi.eoppimispalvelut.fi\/struvenorth\/2021\/09\/21\/muvravarri-norway\/\">Muvrav\u00e1rri \/ Bealj\u00e1\u0161v\u00e1rri<\/a><\/li>\n<li><a href=\"https:\/\/blogi.eoppimispalvelut.fi\/struvenorth\/2021\/09\/22\/tynnyrilaki-sweden\/\">Tynnyrilaki<\/a><\/li>\n<li><a href=\"https:\/\/blogi.eoppimispalvelut.fi\/struvenorth\/2021\/10\/25\/jupukka-sweden\/\">Jupukka<\/a><\/li>\n<li><a href=\"https:\/\/blogi.eoppimispalvelut.fi\/struvenorth\/2021\/10\/29\/pullinki-sweden\/\">Pullinki<\/a><\/li>\n<li><a href=\"https:\/\/blogi.eoppimispalvelut.fi\/struvenorth\/2022\/03\/04\/peravaara-sweden\/\">Per\u00e4vaara<\/a><\/li>\n<li><a href=\"https:\/\/blogi.eoppimispalvelut.fi\/struvenorth\/2022\/03\/04\/stuorrahanoaivi-finland\/\">Stuorrahanoaivi<\/a><\/li>\n<li><a href=\"https:\/\/blogi.eoppimispalvelut.fi\/struvenorth\/2022\/03\/09\/aavasaksa-finland\/\">Aavasaksa<\/a><\/li>\n<li><a href=\"https:\/\/blogi.eoppimispalvelut.fi\/struvenorth\/2022\/03\/15\/alatornio-church-finland\/\">Alatornio church<\/a><\/li>\n<\/ol>\n<p>[\/et_pb_text][et_pb_divider color=&#8221;#E28103&#8243; divider_weight=&#8221;4px&#8221; _builder_version=&#8221;4.8.2&#8243; _module_preset=&#8221;default&#8221; width_tablet=&#8221;94%&#8221; width_last_edited=&#8221;off|tablet&#8221; module_alignment=&#8221;left&#8221;][\/et_pb_divider][et_pb_blog fullwidth=&#8221;off&#8221; posts_number=&#8221;11&#8243; include_categories=&#8221;641393&#8243; use_manual_excerpt=&#8221;off&#8221; show_author=&#8221;off&#8221; show_date=&#8221;off&#8221; show_categories=&#8221;off&#8221; show_excerpt=&#8221;off&#8221; use_overlay=&#8221;on&#8221; overlay_icon_color=&#8221;#FEFFFE&#8221; hover_overlay_color=&#8221;rgba(226,129,3,0.3)&#8221; _builder_version=&#8221;4.8.2&#8243; _module_preset=&#8221;default&#8221; header_level=&#8221;h4&#8243; header_font=&#8221;|700|||||||&#8221; header_font_size=&#8221;18px&#8221; custom_margin=&#8221;4vh||||false|false&#8221; box_shadow_style_image=&#8221;preset1&#8243;][\/et_pb_blog][et_pb_text admin_label=&#8221;references&#8221; _builder_version=&#8221;4.8.2&#8243; _module_preset=&#8221;default&#8221; header_line_height=&#8221;2em&#8221; header_2_line_height=&#8221;2em&#8221; custom_margin=&#8221;4vh||||false|false&#8221;]<\/p>\n<h2>Reference<\/h2>\n<p>Unesco\u00a0 Serial Nomination Table for the Struve Geodetic Arc (p. 2).Nomination of the STRUVE GEODETIC ARC for inscription on the WORLD HERITAGELIST (pdf).<\/p>\n<p><a href=\"https:\/\/whc.unesco.org\/uploads\/nominations\/1187.pdf\">https:\/\/whc.unesco.org\/uploads\/nominations\/1187.pdf<\/a><\/p>\n<p>Unesco. World Heritage List. Struve Geodetic\u00a0 Arc.<\/p>\n<p><a href=\"http:\/\/whc.unesco.org\/en\/list\/1187\/multiple=1&amp;unique_number=1364\">http:\/\/whc.unesco.org\/en\/list\/1187\/multiple=1&amp;unique_number=1364<\/a><\/p>\n<p>&nbsp;<\/p>\n<p>[\/et_pb_text][\/et_pb_column][\/et_pb_row][\/et_pb_section]<\/p>\n","protected":false},"excerpt":{"rendered":"<p>The Struve Geodetic Arc is a Unesco World Heritage Site. The Northern parts of the Struve Geodetic Arc include eleven measurement points out of thirtyfour included in the Unesco World Heritage nomination list.Struve Geodetic Arc \u00ad\u00adWorld Heritage Site \u00ad\u00ad in the Northern parts Fuglenes Lille-Raipas * Luvddiid\u010dohkka \/ Lodiken Muvrav\u00e1rri \/ Bealj\u00e1\u0161v\u00e1rri Tynnyrilaki Jupukka Pullinki [&hellip;]<\/p>\n","protected":false},"author":4381,"featured_media":0,"parent":0,"menu_order":0,"comment_status":"closed","ping_status":"closed","template":"","meta":{"_et_pb_use_builder":"on","_et_pb_old_content":"","_et_gb_content_width":"","_monsterinsights_skip_tracking":false,"_monsterinsights_sitenote_active":false,"_monsterinsights_sitenote_note":"","_monsterinsights_sitenote_category":0,"footnotes":""},"class_list":["post-5701","page","type-page","status-publish","hentry"],"_links":{"self":[{"href":"https:\/\/blogi.eoppimispalvelut.fi\/struvenorth\/wp-json\/wp\/v2\/pages\/5701","targetHints":{"allow":["GET"]}}],"collection":[{"href":"https:\/\/blogi.eoppimispalvelut.fi\/struvenorth\/wp-json\/wp\/v2\/pages"}],"about":[{"href":"https:\/\/blogi.eoppimispalvelut.fi\/struvenorth\/wp-json\/wp\/v2\/types\/page"}],"author":[{"embeddable":true,"href":"https:\/\/blogi.eoppimispalvelut.fi\/struvenorth\/wp-json\/wp\/v2\/users\/4381"}],"replies":[{"embeddable":true,"href":"https:\/\/blogi.eoppimispalvelut.fi\/struvenorth\/wp-json\/wp\/v2\/comments?post=5701"}],"version-history":[{"count":94,"href":"https:\/\/blogi.eoppimispalvelut.fi\/struvenorth\/wp-json\/wp\/v2\/pages\/5701\/revisions"}],"predecessor-version":[{"id":9084,"href":"https:\/\/blogi.eoppimispalvelut.fi\/struvenorth\/wp-json\/wp\/v2\/pages\/5701\/revisions\/9084"}],"wp:attachment":[{"href":"https:\/\/blogi.eoppimispalvelut.fi\/struvenorth\/wp-json\/wp\/v2\/media?parent=5701"}],"curies":[{"name":"wp","href":"https:\/\/api.w.org\/{rel}","templated":true}]}}