{"id":8584,"date":"2022-03-10T20:52:51","date_gmt":"2022-03-10T18:52:51","guid":{"rendered":"https:\/\/blogi.eoppimispalvelut.fi\/struvenorth\/?page_id=8584"},"modified":"2022-06-07T20:56:08","modified_gmt":"2022-06-07T17:56:08","slug":"virtual-visit","status":"publish","type":"page","link":"https:\/\/blogi.eoppimispalvelut.fi\/struvenorth\/virtual-visit\/","title":{"rendered":"Virtual Visit"},"content":{"rendered":"<p>[et_pb_section fb_built=&#8221;1&#8243; _builder_version=&#8221;4.8.2&#8243; _module_preset=&#8221;default&#8221;][et_pb_row _builder_version=&#8221;4.8.2&#8243; _module_preset=&#8221;default&#8221; width=&#8221;100%&#8221;][et_pb_column type=&#8221;4_4&#8243; _builder_version=&#8221;4.8.2&#8243; _module_preset=&#8221;default&#8221;][et_pb_text _builder_version=&#8221;4.8.2&#8243; _module_preset=&#8221;default&#8221;]<\/p>\n<h2>Google Maps<\/h2>\n<p>[\/et_pb_text][\/et_pb_column][\/et_pb_row][et_pb_row column_structure=&#8221;1_2,1_2&#8243; _builder_version=&#8221;4.8.2&#8243; _module_preset=&#8221;default&#8221; width=&#8221;100%&#8221;][et_pb_column type=&#8221;1_2&#8243; _builder_version=&#8221;4.8.2&#8243; _module_preset=&#8221;default&#8221;][et_pb_text _builder_version=&#8221;4.8.2&#8243; _module_preset=&#8221;default&#8221; header_2_line_height=&#8221;2em&#8221; header_3_line_height=&#8221;2em&#8221;]<\/p>\n<h3>Measurement points<\/h3>\n<p>The measurement points of the Northern parts of the World Heritage Struve Geodetic Arc can be found on Google Maps.<\/p>\n<p><a href=\"https:\/\/www.google.com\/maps\/d\/embed?mid=15ljWfqrIyNF8oUv2Jen876YbJa66LPDC&amp;hl=fi\">Visit Struve on Google Maps&gt;<\/a><\/p>\n<p>&nbsp;<\/p>\n<p>&nbsp;<\/p>\n<p>[\/et_pb_text][\/et_pb_column][et_pb_column type=&#8221;1_2&#8243; _builder_version=&#8221;4.8.2&#8243; _module_preset=&#8221;default&#8221;][et_pb_image src=&#8221;https:\/\/blogi.eoppimispalvelut.fi\/struvenorth\/files\/2021\/09\/The-Northern-parts-of-Struve-Geodetic-Arc-on-Google-Maps-1200x900px.jpg&#8221; title_text=&#8221;The Northern parts of Struve Geodetic Arc on Google Maps&#8221; url=&#8221;https:\/\/www.google.com\/maps\/d\/embed?mid=15ljWfqrIyNF8oUv2Jen876YbJa66LPDC&amp;hl=fi&#8221; url_new_window=&#8221;on&#8221; use_overlay=&#8221;on&#8221; overlay_icon_color=&#8221;#FEFFFE&#8221; hover_overlay_color=&#8221;rgba(226,129,3,0.3)&#8221; show_bottom_space=&#8221;off&#8221; _builder_version=&#8221;4.8.2&#8243; _module_preset=&#8221;default&#8221; custom_margin=&#8221;0px||4vh||false|false&#8221;][\/et_pb_image][\/et_pb_column][\/et_pb_row][\/et_pb_section][et_pb_section fb_built=&#8221;1&#8243; _builder_version=&#8221;4.8.2&#8243; _module_preset=&#8221;default&#8221;][et_pb_row column_structure=&#8221;1_2,1_2&#8243; _builder_version=&#8221;4.8.2&#8243; _module_preset=&#8221;default&#8221; width=&#8221;100%&#8221;][et_pb_column type=&#8221;1_2&#8243; _builder_version=&#8221;4.8.2&#8243; _module_preset=&#8221;default&#8221;][et_pb_text _builder_version=&#8221;4.8.2&#8243; _module_preset=&#8221;default&#8221; header_2_line_height=&#8221;2em&#8221; hover_enabled=&#8221;0&#8243; sticky_enabled=&#8221;0&#8243;]<\/p>\n<h3>Extension networks in Tornio-Simo area and \u00d6vertorne\u00e5-Ylitornio area<\/h3>\n<p><span style=\"font-size: 18px;color: #000000\">The extension networks in Tornio-Simo area and \u00d6vertorne\u00e5-Ylitornio area on a Google Map.<\/span><\/p>\n<p><a href=\"https:\/\/www.google.com\/maps\/d\/embed?mid=1KMwJp1dL9cMvr0XeelQ7MZ0RryE17oUN&amp;ehbc=2E312F\">Visit Google Maps&gt;<\/a><\/p>\n<p>&nbsp;<\/p>\n<p>&nbsp;<\/p>\n<p>[\/et_pb_text][\/et_pb_column][et_pb_column type=&#8221;1_2&#8243; _builder_version=&#8221;4.8.2&#8243; _module_preset=&#8221;default&#8221;][et_pb_image src=&#8221;https:\/\/blogi.eoppimispalvelut.fi\/struvenorth\/files\/2022\/05\/overtornea-googlemaps.png&#8221; title_text=&#8221;\u00d6vertorne\u00e5-Ylitornio Extension Network&#8221; url=&#8221;https:\/\/www.google.com\/maps\/d\/embed?mid=1KMwJp1dL9cMvr0XeelQ7MZ0RryE17oUN&amp;ehbc=2E312F&#8221; url_new_window=&#8221;on&#8221; use_overlay=&#8221;on&#8221; overlay_icon_color=&#8221;#FEFFFE&#8221; hover_overlay_color=&#8221;rgba(226,129,3,0.3)&#8221; show_bottom_space=&#8221;off&#8221; _builder_version=&#8221;4.8.2&#8243; _module_preset=&#8221;default&#8221; custom_margin=&#8221;0px||4vh||false|false&#8221; hover_enabled=&#8221;0&#8243; sticky_enabled=&#8221;0&#8243;][\/et_pb_image][\/et_pb_column][\/et_pb_row][\/et_pb_section]<\/p>\n","protected":false},"excerpt":{"rendered":"<p>Google MapsMeasurement points The measurement points of the Northern parts of the World Heritage Struve Geodetic Arc can be found on Google Maps. Visit Struve on Google Maps&gt; &nbsp; &nbsp;Extension networks in Tornio-Simo area and \u00d6vertorne\u00e5-Ylitornio area The extension networks in Tornio-Simo area and \u00d6vertorne\u00e5-Ylitornio area on a Google Map. Visit Google Maps&gt; &nbsp; &nbsp;<\/p>\n","protected":false},"author":4381,"featured_media":0,"parent":0,"menu_order":0,"comment_status":"closed","ping_status":"closed","template":"","meta":{"_et_pb_use_builder":"on","_et_pb_old_content":"","_et_gb_content_width":"","_monsterinsights_skip_tracking":false,"_monsterinsights_sitenote_active":false,"_monsterinsights_sitenote_note":"","_monsterinsights_sitenote_category":0,"footnotes":""},"class_list":["post-8584","page","type-page","status-publish","hentry"],"_links":{"self":[{"href":"https:\/\/blogi.eoppimispalvelut.fi\/struvenorth\/wp-json\/wp\/v2\/pages\/8584","targetHints":{"allow":["GET"]}}],"collection":[{"href":"https:\/\/blogi.eoppimispalvelut.fi\/struvenorth\/wp-json\/wp\/v2\/pages"}],"about":[{"href":"https:\/\/blogi.eoppimispalvelut.fi\/struvenorth\/wp-json\/wp\/v2\/types\/page"}],"author":[{"embeddable":true,"href":"https:\/\/blogi.eoppimispalvelut.fi\/struvenorth\/wp-json\/wp\/v2\/users\/4381"}],"replies":[{"embeddable":true,"href":"https:\/\/blogi.eoppimispalvelut.fi\/struvenorth\/wp-json\/wp\/v2\/comments?post=8584"}],"version-history":[{"count":16,"href":"https:\/\/blogi.eoppimispalvelut.fi\/struvenorth\/wp-json\/wp\/v2\/pages\/8584\/revisions"}],"predecessor-version":[{"id":9094,"href":"https:\/\/blogi.eoppimispalvelut.fi\/struvenorth\/wp-json\/wp\/v2\/pages\/8584\/revisions\/9094"}],"wp:attachment":[{"href":"https:\/\/blogi.eoppimispalvelut.fi\/struvenorth\/wp-json\/wp\/v2\/media?parent=8584"}],"curies":[{"name":"wp","href":"https:\/\/api.w.org\/{rel}","templated":true}]}}