{"id":134,"date":"2020-03-21T00:44:54","date_gmt":"2020-03-20T22:44:54","guid":{"rendered":"https:\/\/blogi.eoppimispalvelut.fi\/susannavaarala\/?page_id=134"},"modified":"2020-03-22T00:44:35","modified_gmt":"2020-03-21T22:44:35","slug":"tervetuloa","status":"publish","type":"page","link":"https:\/\/blogi.eoppimispalvelut.fi\/susannavaarala\/","title":{"rendered":"Tervetuloa!"},"content":{"rendered":"<p>Kiva n\u00e4hd\u00e4 sinut t\u00e4\u00e4ll\u00e4!<\/p>\n<p>Tekisik\u00f6 mieli pit\u00e4\u00e4 pieni tauko arjen keskell\u00e4? Haeppa sieki kupillinen kuumaa kahvia taikka miksei vaikka kylm\u00e4\u00e4 ja perehdy blogini artikkeleihin fuusioitumisen tuomasta yhteisjohtajuudesta ja projekti viestinn\u00e4st\u00e4! \ud83d\ude42<\/p>\n<p><img loading=\"lazy\" decoding=\"async\" class=\"aligncenter wp-image-139 size-full\" src=\"https:\/\/blogi.eoppimispalvelut.fi\/susannavaarala\/files\/2020\/03\/Kahvi-e1584745625994.png\" alt=\"\" width=\"879\" height=\"1093\" srcset=\"https:\/\/blogi.eoppimispalvelut.fi\/susannavaarala\/files\/2020\/03\/Kahvi-e1584745625994.png 879w, https:\/\/blogi.eoppimispalvelut.fi\/susannavaarala\/files\/2020\/03\/Kahvi-e1584745625994-768x955.png 768w\" sizes=\"auto, (max-width: 767px) 89vw, (max-width: 1000px) 54vw, (max-width: 1071px) 543px, 580px\" \/><\/p>\n<p>&nbsp;<\/p>\n","protected":false},"excerpt":{"rendered":"<p>Kiva n\u00e4hd\u00e4 sinut t\u00e4\u00e4ll\u00e4! Tekisik\u00f6 mieli pit\u00e4\u00e4 pieni tauko arjen keskell\u00e4? Haeppa sieki kupillinen kuumaa kahvia taikka miksei vaikka kylm\u00e4\u00e4 ja perehdy blogini artikkeleihin fuusioitumisen tuomasta yhteisjohtajuudesta ja projekti viestinn\u00e4st\u00e4! \ud83d\ude42 &nbsp;<\/p>\n","protected":false},"author":4325,"featured_media":139,"parent":0,"menu_order":0,"comment_status":"closed","ping_status":"closed","template":"","meta":{"footnotes":""},"class_list":["post-134","page","type-page","status-publish","has-post-thumbnail","hentry"],"_links":{"self":[{"href":"https:\/\/blogi.eoppimispalvelut.fi\/susannavaarala\/wp-json\/wp\/v2\/pages\/134","targetHints":{"allow":["GET"]}}],"collection":[{"href":"https:\/\/blogi.eoppimispalvelut.fi\/susannavaarala\/wp-json\/wp\/v2\/pages"}],"about":[{"href":"https:\/\/blogi.eoppimispalvelut.fi\/susannavaarala\/wp-json\/wp\/v2\/types\/page"}],"author":[{"embeddable":true,"href":"https:\/\/blogi.eoppimispalvelut.fi\/susannavaarala\/wp-json\/wp\/v2\/users\/4325"}],"replies":[{"embeddable":true,"href":"https:\/\/blogi.eoppimispalvelut.fi\/susannavaarala\/wp-json\/wp\/v2\/comments?post=134"}],"version-history":[{"count":4,"href":"https:\/\/blogi.eoppimispalvelut.fi\/susannavaarala\/wp-json\/wp\/v2\/pages\/134\/revisions"}],"predecessor-version":[{"id":165,"href":"https:\/\/blogi.eoppimispalvelut.fi\/susannavaarala\/wp-json\/wp\/v2\/pages\/134\/revisions\/165"}],"wp:featuredmedia":[{"embeddable":true,"href":"https:\/\/blogi.eoppimispalvelut.fi\/susannavaarala\/wp-json\/wp\/v2\/media\/139"}],"wp:attachment":[{"href":"https:\/\/blogi.eoppimispalvelut.fi\/susannavaarala\/wp-json\/wp\/v2\/media?parent=134"}],"curies":[{"name":"wp","href":"https:\/\/api.w.org\/{rel}","templated":true}]}}