{"id":69,"date":"2020-03-06T14:36:40","date_gmt":"2020-03-06T12:36:40","guid":{"rendered":"https:\/\/blogi.eoppimispalvelut.fi\/susannavaarala\/?page_id=69"},"modified":"2020-03-21T01:40:30","modified_gmt":"2020-03-20T23:40:30","slug":"tietoa-minusta","status":"publish","type":"page","link":"https:\/\/blogi.eoppimispalvelut.fi\/susannavaarala\/tietoa-minusta\/","title":{"rendered":"Tietoa minusta"},"content":{"rendered":"<p>Hei, hauska tutustua!<\/p>\n<p>Tervetuloa seuraamaan 2. vuoden liiketalouden opiskelijan blogi sivustoa!<\/p>\n<p>Sivuston takana huutelen min\u00e4, 22 vuotias Susanna Vaarala. Opiskelen Rovaniemell\u00e4 Lapin ammattikorkeakoulussa, josta blogin perustaminen sai alkunsa projektin my\u00f6t\u00e4. Blogin teht\u00e4v\u00e4n\u00e4 on kertoa muille omia n\u00e4kemyksi\u00e4ni omasta projektista ja samalla luoda itselle osaamista viestinn\u00e4n parissa!<\/p>\n","protected":false},"excerpt":{"rendered":"<p>Hei, hauska tutustua! Tervetuloa seuraamaan 2. vuoden liiketalouden opiskelijan blogi sivustoa! Sivuston takana huutelen min\u00e4, 22 vuotias Susanna Vaarala. Opiskelen Rovaniemell\u00e4 Lapin ammattikorkeakoulussa, josta blogin perustaminen sai alkunsa projektin my\u00f6t\u00e4. Blogin teht\u00e4v\u00e4n\u00e4 on kertoa muille omia n\u00e4kemyksi\u00e4ni omasta projektista ja samalla luoda itselle osaamista viestinn\u00e4n parissa!<\/p>\n","protected":false},"author":4325,"featured_media":150,"parent":0,"menu_order":0,"comment_status":"closed","ping_status":"closed","template":"","meta":{"footnotes":""},"class_list":["post-69","page","type-page","status-publish","has-post-thumbnail","hentry"],"_links":{"self":[{"href":"https:\/\/blogi.eoppimispalvelut.fi\/susannavaarala\/wp-json\/wp\/v2\/pages\/69","targetHints":{"allow":["GET"]}}],"collection":[{"href":"https:\/\/blogi.eoppimispalvelut.fi\/susannavaarala\/wp-json\/wp\/v2\/pages"}],"about":[{"href":"https:\/\/blogi.eoppimispalvelut.fi\/susannavaarala\/wp-json\/wp\/v2\/types\/page"}],"author":[{"embeddable":true,"href":"https:\/\/blogi.eoppimispalvelut.fi\/susannavaarala\/wp-json\/wp\/v2\/users\/4325"}],"replies":[{"embeddable":true,"href":"https:\/\/blogi.eoppimispalvelut.fi\/susannavaarala\/wp-json\/wp\/v2\/comments?post=69"}],"version-history":[{"count":4,"href":"https:\/\/blogi.eoppimispalvelut.fi\/susannavaarala\/wp-json\/wp\/v2\/pages\/69\/revisions"}],"predecessor-version":[{"id":142,"href":"https:\/\/blogi.eoppimispalvelut.fi\/susannavaarala\/wp-json\/wp\/v2\/pages\/69\/revisions\/142"}],"wp:featuredmedia":[{"embeddable":true,"href":"https:\/\/blogi.eoppimispalvelut.fi\/susannavaarala\/wp-json\/wp\/v2\/media\/150"}],"wp:attachment":[{"href":"https:\/\/blogi.eoppimispalvelut.fi\/susannavaarala\/wp-json\/wp\/v2\/media?parent=69"}],"curies":[{"name":"wp","href":"https:\/\/api.w.org\/{rel}","templated":true}]}}