{"id":72,"date":"2020-03-06T14:40:53","date_gmt":"2020-03-06T12:40:53","guid":{"rendered":"https:\/\/blogi.eoppimispalvelut.fi\/susannavaarala\/?page_id=72"},"modified":"2020-03-21T01:46:07","modified_gmt":"2020-03-20T23:46:07","slug":"sodu-projekti","status":"publish","type":"page","link":"https:\/\/blogi.eoppimispalvelut.fi\/susannavaarala\/sodu-projekti\/","title":{"rendered":"SoDu -projekti"},"content":{"rendered":"<p>SoDu eli Soolosta Duoksi -projekti on kahden 2.vuoden liiketalouden opiskelijan projekti. Projektin aiheena on tilitoimistojen yritysostot ja fuusioituminen. Me olemme ottaneet projektiin n\u00e4k\u00f6kannaksi mukaan kuinka l\u00f6yt\u00e4\u00e4 t\u00e4ydellinen liikekumppani.<\/p>\n<p>Voit seurata meid\u00e4n projektia <a href=\"https:\/\/www.instagram.com\/sodu.projekti\/?hl=fi\" target=\"_blank\" rel=\"noopener noreferrer\">instagarmissa<\/a> ja\u00a0<a href=\"https:\/\/www.facebook.com\/sodu.projekti\/\">facebookissa\u00a0<\/a><\/p>\n","protected":false},"excerpt":{"rendered":"<p>SoDu eli Soolosta Duoksi -projekti on kahden 2.vuoden liiketalouden opiskelijan projekti. Projektin aiheena on tilitoimistojen yritysostot ja fuusioituminen. Me olemme ottaneet projektiin n\u00e4k\u00f6kannaksi mukaan kuinka l\u00f6yt\u00e4\u00e4 t\u00e4ydellinen liikekumppani. Voit seurata meid\u00e4n projektia instagarmissa ja\u00a0facebookissa\u00a0<\/p>\n","protected":false},"author":4325,"featured_media":154,"parent":0,"menu_order":0,"comment_status":"closed","ping_status":"closed","template":"","meta":{"footnotes":""},"class_list":["post-72","page","type-page","status-publish","has-post-thumbnail","hentry"],"_links":{"self":[{"href":"https:\/\/blogi.eoppimispalvelut.fi\/susannavaarala\/wp-json\/wp\/v2\/pages\/72","targetHints":{"allow":["GET"]}}],"collection":[{"href":"https:\/\/blogi.eoppimispalvelut.fi\/susannavaarala\/wp-json\/wp\/v2\/pages"}],"about":[{"href":"https:\/\/blogi.eoppimispalvelut.fi\/susannavaarala\/wp-json\/wp\/v2\/types\/page"}],"author":[{"embeddable":true,"href":"https:\/\/blogi.eoppimispalvelut.fi\/susannavaarala\/wp-json\/wp\/v2\/users\/4325"}],"replies":[{"embeddable":true,"href":"https:\/\/blogi.eoppimispalvelut.fi\/susannavaarala\/wp-json\/wp\/v2\/comments?post=72"}],"version-history":[{"count":5,"href":"https:\/\/blogi.eoppimispalvelut.fi\/susannavaarala\/wp-json\/wp\/v2\/pages\/72\/revisions"}],"predecessor-version":[{"id":156,"href":"https:\/\/blogi.eoppimispalvelut.fi\/susannavaarala\/wp-json\/wp\/v2\/pages\/72\/revisions\/156"}],"wp:featuredmedia":[{"embeddable":true,"href":"https:\/\/blogi.eoppimispalvelut.fi\/susannavaarala\/wp-json\/wp\/v2\/media\/154"}],"wp:attachment":[{"href":"https:\/\/blogi.eoppimispalvelut.fi\/susannavaarala\/wp-json\/wp\/v2\/media?parent=72"}],"curies":[{"name":"wp","href":"https:\/\/api.w.org\/{rel}","templated":true}]}}