{"id":109,"date":"2022-11-29T10:24:18","date_gmt":"2022-11-29T08:24:18","guid":{"rendered":"https:\/\/blogi.eoppimispalvelut.fi\/susiworkwear\/?page_id=109"},"modified":"2023-02-09T12:37:38","modified_gmt":"2023-02-09T10:37:38","slug":"meista","status":"publish","type":"page","link":"https:\/\/blogi.eoppimispalvelut.fi\/susiworkwear\/meista\/","title":{"rendered":"MEIST\u00c4"},"content":{"rendered":"\n<div class=\"wp-block-columns alignwide is-layout-flex wp-container-core-columns-is-layout-28f84493 wp-block-columns-is-layout-flex\">\n<div class=\"wp-block-column has-text-color has-background has-link-color wp-elements-ef9a2ba6024bebdd0494d5d947ef054b is-layout-flow wp-block-column-is-layout-flow\" style=\"color:#000000;background-color:#a8f0ad75;padding-top:2em;padding-right:2em;padding-bottom:2em;padding-left:2em\">\n<h2 class=\"wp-block-heading\" id=\"single\" style=\"font-size:40px\">SARA<\/h2>\n\n\n\n<p class=\"has-normal-font-size\" style=\"line-height:1.5\"><strong>Toimitusjohtaja<\/strong><\/p>\n\n\n\n<hr class=\"wp-block-separator has-text-color has-css-opacity has-background is-style-wide\" style=\"background-color:#000000;color:#000000\" \/>\n\n\n\n<ul class=\"wp-block-list\">\n<li>Osakas<\/li>\n\n\n\n<li>Myynti- ja markkinointitiimin j\u00e4sen<\/li>\n\n\n\n<li>Hallituksen j\u00e4sen <\/li>\n<\/ul>\n\n\n\n<figure class=\"wp-block-image size-full is-resized\"><img loading=\"lazy\" decoding=\"async\" src=\"https:\/\/blogi.eoppimispalvelut.fi\/susiworkwear\/files\/2022\/12\/PHOTO-2022-12-06-12-45-35.jpg\" alt=\"\" class=\"wp-image-297\" width=\"316\" height=\"316\" srcset=\"https:\/\/blogi.eoppimispalvelut.fi\/susiworkwear\/files\/2022\/12\/PHOTO-2022-12-06-12-45-35.jpg 942w, https:\/\/blogi.eoppimispalvelut.fi\/susiworkwear\/files\/2022\/12\/PHOTO-2022-12-06-12-45-35-900x900.jpg 900w, https:\/\/blogi.eoppimispalvelut.fi\/susiworkwear\/files\/2022\/12\/PHOTO-2022-12-06-12-45-35-120x120.jpg 120w, https:\/\/blogi.eoppimispalvelut.fi\/susiworkwear\/files\/2022\/12\/PHOTO-2022-12-06-12-45-35-768x768.jpg 768w\" sizes=\"auto, (max-width: 316px) 100vw, 316px\" \/><\/figure>\n\n\n\n<div class=\"wp-block-buttons alignfull is-horizontal is-content-justification-center is-layout-flex wp-container-core-buttons-is-layout-03627597 wp-block-buttons-is-layout-flex\"><\/div>\n<\/div>\n\n\n\n<div class=\"wp-block-column has-text-color has-background has-link-color wp-elements-307e070407239dd05439740d695055fd is-layout-flow wp-block-column-is-layout-flow\" style=\"color:#000000;background-color:#a8f0ad75;padding-top:2em;padding-right:2em;padding-bottom:2em;padding-left:2em\">\n<h2 class=\"wp-block-heading\" id=\"family\" style=\"font-size:40px\">AIDA<\/h2>\n\n\n\n<p><strong>Taloustiimin j\u00e4sen<\/strong><\/p>\n\n\n\n<hr class=\"wp-block-separator has-css-opacity is-style-wide\" \/>\n\n\n\n<ul class=\"wp-block-list\">\n<li>Osakas<\/li>\n\n\n\n<li>Hankintatiimin j\u00e4sen<\/li>\n\n\n\n<li>Hallituksen j\u00e4sen<\/li>\n\n\n\n<li>Ty\u00f6ntekij\u00e4<\/li>\n<\/ul>\n\n\n\n<figure class=\"wp-block-gallery has-nested-images columns-default is-cropped wp-block-gallery-1 is-layout-flex wp-block-gallery-is-layout-flex\">\n<figure class=\"wp-block-image size-large\"><img loading=\"lazy\" decoding=\"async\" width=\"1200\" height=\"1200\" data-id=\"299\" src=\"https:\/\/blogi.eoppimispalvelut.fi\/susiworkwear\/files\/2022\/12\/PHOTO-2022-12-06-12-42-08-edited.jpg\" alt=\"\" class=\"wp-image-299\" srcset=\"https:\/\/blogi.eoppimispalvelut.fi\/susiworkwear\/files\/2022\/12\/PHOTO-2022-12-06-12-42-08-edited.jpg 1200w, https:\/\/blogi.eoppimispalvelut.fi\/susiworkwear\/files\/2022\/12\/PHOTO-2022-12-06-12-42-08-edited-900x900.jpg 900w, https:\/\/blogi.eoppimispalvelut.fi\/susiworkwear\/files\/2022\/12\/PHOTO-2022-12-06-12-42-08-edited-120x120.jpg 120w, https:\/\/blogi.eoppimispalvelut.fi\/susiworkwear\/files\/2022\/12\/PHOTO-2022-12-06-12-42-08-edited-768x768.jpg 768w\" sizes=\"auto, (max-width: 1200px) 100vw, 1200px\" \/><\/figure>\n<\/figure>\n\n\n\n<div class=\"wp-block-buttons alignfull is-horizontal is-content-justification-center is-layout-flex wp-container-core-buttons-is-layout-03627597 wp-block-buttons-is-layout-flex\"><\/div>\n<\/div>\n\n\n\n<div class=\"wp-block-column has-text-color has-background has-link-color wp-elements-ddef924b8940955f734dbe1974e4d7aa is-layout-flow wp-block-column-is-layout-flow\" style=\"color:#000000;background-color:#a8f0ad75;padding-top:2em;padding-right:2em;padding-bottom:2em;padding-left:2em\">\n<h2 class=\"wp-block-heading\" id=\"patron\" style=\"font-size:40px\">ILONA<\/h2>\n\n\n\n<p class=\"has-normal-font-size\"><strong>Myynti- ja markkinointitiimin vet\u00e4j\u00e4<\/strong><\/p>\n\n\n\n<hr class=\"wp-block-separator has-css-opacity is-style-wide\" \/>\n\n\n\n<ul class=\"wp-block-list\">\n<li>Osakas<\/li>\n\n\n\n<li>Hallituksen j\u00e4sen<\/li>\n\n\n\n<li><\/li>\n<\/ul>\n\n\n\n<figure class=\"wp-block-gallery has-nested-images columns-default is-cropped wp-block-gallery-2 is-layout-flex wp-block-gallery-is-layout-flex\">\n<figure class=\"wp-block-image size-large\"><img loading=\"lazy\" decoding=\"async\" width=\"1173\" height=\"1173\" data-id=\"310\" src=\"https:\/\/blogi.eoppimispalvelut.fi\/susiworkwear\/files\/2022\/12\/IMG_4728.jpg\" alt=\"\" class=\"wp-image-310\" srcset=\"https:\/\/blogi.eoppimispalvelut.fi\/susiworkwear\/files\/2022\/12\/IMG_4728.jpg 1173w, https:\/\/blogi.eoppimispalvelut.fi\/susiworkwear\/files\/2022\/12\/IMG_4728-900x900.jpg 900w, https:\/\/blogi.eoppimispalvelut.fi\/susiworkwear\/files\/2022\/12\/IMG_4728-120x120.jpg 120w, https:\/\/blogi.eoppimispalvelut.fi\/susiworkwear\/files\/2022\/12\/IMG_4728-768x768.jpg 768w\" sizes=\"auto, (max-width: 1173px) 100vw, 1173px\" \/><\/figure>\n<\/figure>\n\n\n\n<div class=\"wp-block-buttons alignfull is-horizontal is-content-justification-center is-layout-flex wp-container-core-buttons-is-layout-03627597 wp-block-buttons-is-layout-flex\"><\/div>\n<\/div>\n<\/div>\n\n\n\n<div class=\"wp-block-columns alignwide is-layout-flex wp-container-core-columns-is-layout-28f84493 wp-block-columns-is-layout-flex\">\n<div class=\"wp-block-column has-text-color has-background has-link-color wp-elements-7e7cbb735d1f32d8fa76e5b2fb2eda5d is-layout-flow wp-block-column-is-layout-flow\" style=\"color:#000000;background-color:#69ab74;padding-top:2em;padding-right:2em;padding-bottom:2em;padding-left:2em\">\n<h2 class=\"wp-block-heading\" id=\"single\" style=\"font-size:40px\">JOONA<\/h2>\n\n\n\n<p class=\"has-normal-font-size\" style=\"line-height:1.5\"><strong>Taloustiimin vet\u00e4j\u00e4<\/strong> <\/p>\n\n\n\n<hr class=\"wp-block-separator has-text-color has-css-opacity has-background is-style-wide\" style=\"background-color:#000000;color:#000000\" \/>\n\n\n\n<ul class=\"wp-block-list\">\n<li>Osakas<\/li>\n\n\n\n<li><\/li>\n<\/ul>\n\n\n\n<figure class=\"wp-block-image size-full\"><img loading=\"lazy\" decoding=\"async\" width=\"1152\" height=\"1152\" src=\"https:\/\/blogi.eoppimispalvelut.fi\/susiworkwear\/files\/2022\/12\/PHOTO-2022-12-06-11-12-47-edited.jpg\" alt=\"\" class=\"wp-image-304\" srcset=\"https:\/\/blogi.eoppimispalvelut.fi\/susiworkwear\/files\/2022\/12\/PHOTO-2022-12-06-11-12-47-edited.jpg 1152w, https:\/\/blogi.eoppimispalvelut.fi\/susiworkwear\/files\/2022\/12\/PHOTO-2022-12-06-11-12-47-edited-900x900.jpg 900w, https:\/\/blogi.eoppimispalvelut.fi\/susiworkwear\/files\/2022\/12\/PHOTO-2022-12-06-11-12-47-edited-120x120.jpg 120w, https:\/\/blogi.eoppimispalvelut.fi\/susiworkwear\/files\/2022\/12\/PHOTO-2022-12-06-11-12-47-edited-768x768.jpg 768w\" sizes=\"auto, (max-width: 1152px) 100vw, 1152px\" \/><\/figure>\n\n\n\n<div class=\"wp-block-buttons alignfull is-horizontal is-content-justification-center is-layout-flex wp-container-core-buttons-is-layout-03627597 wp-block-buttons-is-layout-flex\"><\/div>\n<\/div>\n\n\n\n<div class=\"wp-block-column has-text-color has-background has-link-color wp-elements-5e823b5c68004bc7359f2768123cd595 is-layout-flow wp-block-column-is-layout-flow\" style=\"color:#000000;background-color:#69ab74;padding-top:2em;padding-right:2em;padding-bottom:2em;padding-left:2em\">\n<h2 class=\"wp-block-heading\" id=\"family\" style=\"font-size:40px\">MARIA<\/h2>\n\n\n\n<p class=\"has-normal-font-size\" style=\"line-height:1.5\"><strong>Myynti- ja markkinointitiimin j\u00e4sen<\/strong><\/p>\n\n\n\n<hr class=\"wp-block-separator has-css-opacity is-style-wide\" \/>\n\n\n\n<ul class=\"wp-block-list\">\n<li>Osakas<\/li>\n\n\n\n<li>Hallituksen j\u00e4sen<\/li>\n<\/ul>\n\n\n\n<figure class=\"wp-block-image size-full\"><img loading=\"lazy\" decoding=\"async\" width=\"559\" height=\"559\" src=\"https:\/\/blogi.eoppimispalvelut.fi\/susiworkwear\/files\/2022\/12\/PHOTO-2022-12-06-12-50-14-edited.jpg\" alt=\"\" class=\"wp-image-306\" srcset=\"https:\/\/blogi.eoppimispalvelut.fi\/susiworkwear\/files\/2022\/12\/PHOTO-2022-12-06-12-50-14-edited.jpg 559w, https:\/\/blogi.eoppimispalvelut.fi\/susiworkwear\/files\/2022\/12\/PHOTO-2022-12-06-12-50-14-edited-120x120.jpg 120w\" sizes=\"auto, (max-width: 559px) 100vw, 559px\" \/><\/figure>\n\n\n\n<div class=\"wp-block-buttons alignfull is-horizontal is-content-justification-center is-layout-flex wp-container-core-buttons-is-layout-03627597 wp-block-buttons-is-layout-flex\"><\/div>\n<\/div>\n\n\n\n<div class=\"wp-block-column has-text-color has-background has-link-color wp-elements-cd4b506db7a2a1c40034d1253c39472f is-layout-flow wp-block-column-is-layout-flow\" style=\"color:#000000;background-color:#69ab74;padding-top:2em;padding-right:2em;padding-bottom:2em;padding-left:2em\">\n<h2 class=\"wp-block-heading\" id=\"patron\" style=\"font-size:40px\">HENNA<\/h2>\n\n\n\n<p class=\"has-normal-font-size\"><strong>Taloustiimin j\u00e4sen<\/strong><\/p>\n\n\n\n<hr class=\"wp-block-separator has-css-opacity is-style-wide\" \/>\n\n\n\n<ul class=\"wp-block-list\">\n<li>Osakas<\/li>\n\n\n\n<li>Hallituksen varaj\u00e4sen<\/li>\n<\/ul>\n\n\n\n<figure class=\"wp-block-gallery has-nested-images columns-default is-cropped wp-block-gallery-3 is-layout-flex wp-block-gallery-is-layout-flex\">\n<figure class=\"wp-block-image size-large\"><img loading=\"lazy\" decoding=\"async\" width=\"1536\" height=\"1536\" data-id=\"308\" src=\"https:\/\/blogi.eoppimispalvelut.fi\/susiworkwear\/files\/2022\/12\/PHOTO-2022-12-06-10-51-32-edited.jpg\" alt=\"\" class=\"wp-image-308\" srcset=\"https:\/\/blogi.eoppimispalvelut.fi\/susiworkwear\/files\/2022\/12\/PHOTO-2022-12-06-10-51-32-edited.jpg 1536w, https:\/\/blogi.eoppimispalvelut.fi\/susiworkwear\/files\/2022\/12\/PHOTO-2022-12-06-10-51-32-edited-900x900.jpg 900w, https:\/\/blogi.eoppimispalvelut.fi\/susiworkwear\/files\/2022\/12\/PHOTO-2022-12-06-10-51-32-edited-1280x1280.jpg 1280w, https:\/\/blogi.eoppimispalvelut.fi\/susiworkwear\/files\/2022\/12\/PHOTO-2022-12-06-10-51-32-edited-120x120.jpg 120w, https:\/\/blogi.eoppimispalvelut.fi\/susiworkwear\/files\/2022\/12\/PHOTO-2022-12-06-10-51-32-edited-768x768.jpg 768w\" sizes=\"auto, (max-width: 1536px) 100vw, 1536px\" \/><\/figure>\n<\/figure>\n\n\n\n<div class=\"wp-block-buttons alignfull is-horizontal is-content-justification-center is-layout-flex wp-container-core-buttons-is-layout-03627597 wp-block-buttons-is-layout-flex\"><\/div>\n<\/div>\n<\/div>\n\n\n\n<div class=\"wp-block-columns alignwide is-layout-flex wp-container-core-columns-is-layout-28f84493 wp-block-columns-is-layout-flex\">\n<div class=\"wp-block-column has-text-color has-background has-link-color wp-elements-84c942babd851a2e6bb9c18f3fa6faeb is-layout-flow wp-block-column-is-layout-flow\" style=\"color:#000000;background-color:#567058;padding-top:2em;padding-right:2em;padding-bottom:2em;padding-left:2em\">\n<h2 class=\"wp-block-heading\" id=\"single\" style=\"font-size:40px\"><mark class=\"has-inline-color has-ast-global-color-8-color\">MIIA<\/mark><\/h2>\n\n\n\n<p class=\"has-normal-font-size\" style=\"line-height:1.5\"><strong>Hankintatiimin vet\u00e4j\u00e4<\/strong><\/p>\n\n\n\n<hr class=\"wp-block-separator has-text-color has-css-opacity has-background is-style-wide\" style=\"background-color:#000000;color:#000000\" \/>\n\n\n\n<ul class=\"wp-block-list\">\n<li>Varatoimitusjohtaja<\/li>\n\n\n\n<li>Osakas<\/li>\n\n\n\n<li><\/li>\n<\/ul>\n\n\n\n<figure class=\"wp-block-image size-full\"><img loading=\"lazy\" decoding=\"async\" width=\"1200\" height=\"1200\" src=\"https:\/\/blogi.eoppimispalvelut.fi\/susiworkwear\/files\/2022\/12\/PHOTO-2022-12-06-11-16-00-edited.jpg\" alt=\"\" class=\"wp-image-312\" srcset=\"https:\/\/blogi.eoppimispalvelut.fi\/susiworkwear\/files\/2022\/12\/PHOTO-2022-12-06-11-16-00-edited.jpg 1200w, https:\/\/blogi.eoppimispalvelut.fi\/susiworkwear\/files\/2022\/12\/PHOTO-2022-12-06-11-16-00-edited-900x900.jpg 900w, https:\/\/blogi.eoppimispalvelut.fi\/susiworkwear\/files\/2022\/12\/PHOTO-2022-12-06-11-16-00-edited-120x120.jpg 120w, https:\/\/blogi.eoppimispalvelut.fi\/susiworkwear\/files\/2022\/12\/PHOTO-2022-12-06-11-16-00-edited-768x768.jpg 768w\" sizes=\"auto, (max-width: 1200px) 100vw, 1200px\" \/><\/figure>\n\n\n\n<div class=\"wp-block-buttons alignfull is-horizontal is-content-justification-center is-layout-flex wp-container-core-buttons-is-layout-03627597 wp-block-buttons-is-layout-flex\"><\/div>\n<\/div>\n\n\n\n<div class=\"wp-block-column has-text-color has-background has-link-color wp-elements-9fb52b2296d6387509b4cc5f623402d9 is-layout-flow wp-block-column-is-layout-flow\" style=\"color:#000000;background-color:#567058;padding-top:2em;padding-right:2em;padding-bottom:2em;padding-left:2em\">\n<h2 class=\"wp-block-heading\" id=\"family\" style=\"font-size:40px\"><mark class=\"has-inline-color has-ast-global-color-8-color\">KALLE<\/mark><\/h2>\n\n\n\n<p class=\"has-normal-font-size\" style=\"line-height:1.5\"><strong>Hankintatiimin j\u00e4sen<\/strong><\/p>\n\n\n\n<hr class=\"wp-block-separator has-css-opacity is-style-wide\" \/>\n\n\n\n<ul class=\"wp-block-list\">\n<li>Osakas<\/li>\n\n\n\n<li>Ty\u00f6ntekij\u00e4<\/li>\n\n\n\n<li><\/li>\n<\/ul>\n\n\n\n<figure class=\"wp-block-image size-full\"><img loading=\"lazy\" decoding=\"async\" width=\"1242\" height=\"1226\" src=\"https:\/\/blogi.eoppimispalvelut.fi\/susiworkwear\/files\/2022\/12\/IMG_5186.jpg\" alt=\"\" class=\"wp-image-318\" srcset=\"https:\/\/blogi.eoppimispalvelut.fi\/susiworkwear\/files\/2022\/12\/IMG_5186.jpg 1242w, https:\/\/blogi.eoppimispalvelut.fi\/susiworkwear\/files\/2022\/12\/IMG_5186-900x888.jpg 900w, https:\/\/blogi.eoppimispalvelut.fi\/susiworkwear\/files\/2022\/12\/IMG_5186-768x758.jpg 768w\" sizes=\"auto, (max-width: 1242px) 100vw, 1242px\" \/><\/figure>\n\n\n\n<div class=\"wp-block-buttons alignfull is-horizontal is-content-justification-center is-layout-flex wp-container-core-buttons-is-layout-03627597 wp-block-buttons-is-layout-flex\"><\/div>\n<\/div>\n\n\n\n<div class=\"wp-block-column has-text-color has-background has-link-color wp-elements-2a9f02ee2f0aaa044e6edaa25a862663 is-layout-flow wp-block-column-is-layout-flow\" style=\"color:#000000;background-color:#567058;padding-top:2em;padding-right:2em;padding-bottom:2em;padding-left:2em\">\n<h2 class=\"wp-block-heading\" id=\"patron\" style=\"font-size:40px\"><mark class=\"has-inline-color has-ast-global-color-8-color\">NOORA<\/mark><\/h2>\n\n\n\n<p class=\"has-normal-font-size\"><strong>Hankintatiimin j\u00e4sen<\/strong><\/p>\n\n\n\n<hr class=\"wp-block-separator has-css-opacity is-style-wide\" \/>\n\n\n\n<ul class=\"wp-block-list\">\n<li>Osakas<\/li>\n\n\n\n<li>Ty\u00f6ntekij\u00e4<\/li>\n<\/ul>\n\n\n\n<figure class=\"wp-block-image size-full\"><img loading=\"lazy\" decoding=\"async\" width=\"914\" height=\"914\" src=\"https:\/\/blogi.eoppimispalvelut.fi\/susiworkwear\/files\/2022\/12\/PHOTO-2022-12-06-11-11-41-1-edited.jpg\" alt=\"\" class=\"wp-image-316\" srcset=\"https:\/\/blogi.eoppimispalvelut.fi\/susiworkwear\/files\/2022\/12\/PHOTO-2022-12-06-11-11-41-1-edited.jpg 914w, https:\/\/blogi.eoppimispalvelut.fi\/susiworkwear\/files\/2022\/12\/PHOTO-2022-12-06-11-11-41-1-edited-900x900.jpg 900w, https:\/\/blogi.eoppimispalvelut.fi\/susiworkwear\/files\/2022\/12\/PHOTO-2022-12-06-11-11-41-1-edited-120x120.jpg 120w, https:\/\/blogi.eoppimispalvelut.fi\/susiworkwear\/files\/2022\/12\/PHOTO-2022-12-06-11-11-41-1-edited-768x768.jpg 768w\" sizes=\"auto, (max-width: 914px) 100vw, 914px\" \/><\/figure>\n\n\n\n<div class=\"wp-block-buttons alignfull is-horizontal is-content-justification-center is-layout-flex wp-container-core-buttons-is-layout-03627597 wp-block-buttons-is-layout-flex\"><\/div>\n\n\n\n<p><\/p>\n<\/div>\n<\/div>\n\n\n\n<p><\/p>\n","protected":false},"excerpt":{"rendered":"<p>SARA Toimitusjohtaja AIDA Taloustiimin j\u00e4sen ILONA Myynti- ja markkinointitiimin vet\u00e4j\u00e4 JOONA Taloustiimin vet\u00e4j\u00e4 MARIA Myynti- ja markkinointitiimin j\u00e4sen HENNA Taloustiimin j\u00e4sen MIIA Hankintatiimin vet\u00e4j\u00e4 KALLE Hankintatiimin j\u00e4sen NOORA Hankintatiimin j\u00e4sen<\/p>\n","protected":false},"author":19970,"featured_media":0,"parent":0,"menu_order":0,"comment_status":"closed","ping_status":"closed","template":"","meta":{"site-sidebar-layout":"default","site-content-layout":"","ast-site-content-layout":"default","site-content-style":"default","site-sidebar-style":"default","ast-global-header-display":"","ast-banner-title-visibility":"","ast-main-header-display":"","ast-hfb-above-header-display":"","ast-hfb-below-header-display":"","ast-hfb-mobile-header-display":"","site-post-title":"","ast-breadcrumbs-content":"","ast-featured-img":"","footer-sml-layout":"","ast-disable-related-posts":"","theme-transparent-header-meta":"","adv-header-id-meta":"","stick-header-meta":"","header-above-stick-meta":"","header-main-stick-meta":"","header-below-stick-meta":"","astra-migrate-meta-layouts":"default","ast-page-background-enabled":"default","ast-page-background-meta":{"desktop":{"background-color":"var(--ast-global-color-4)","background-image":"","background-repeat":"repeat","background-position":"center center","background-size":"auto","background-attachment":"scroll","background-type":"","background-media":"","overlay-type":"","overlay-color":"","overlay-opacity":"","overlay-gradient":""},"tablet":{"background-color":"","background-image":"","background-repeat":"repeat","background-position":"center center","background-size":"auto","background-attachment":"scroll","background-type":"","background-media":"","overlay-type":"","overlay-color":"","overlay-opacity":"","overlay-gradient":""},"mobile":{"background-color":"","background-image":"","background-repeat":"repeat","background-position":"center center","background-size":"auto","background-attachment":"scroll","background-type":"","background-media":"","overlay-type":"","overlay-color":"","overlay-opacity":"","overlay-gradient":""}},"ast-content-background-meta":{"desktop":{"background-color":"var(--ast-global-color-5)","background-image":"","background-repeat":"repeat","background-position":"center center","background-size":"auto","background-attachment":"scroll","background-type":"","background-media":"","overlay-type":"","overlay-color":"","overlay-opacity":"","overlay-gradient":""},"tablet":{"background-color":"var(--ast-global-color-5)","background-image":"","background-repeat":"repeat","background-position":"center center","background-size":"auto","background-attachment":"scroll","background-type":"","background-media":"","overlay-type":"","overlay-color":"","overlay-opacity":"","overlay-gradient":""},"mobile":{"background-color":"var(--ast-global-color-5)","background-image":"","background-repeat":"repeat","background-position":"center center","background-size":"auto","background-attachment":"scroll","background-type":"","background-media":"","overlay-type":"","overlay-color":"","overlay-opacity":"","overlay-gradient":""}},"footnotes":""},"class_list":["post-109","page","type-page","status-publish","hentry"],"_links":{"self":[{"href":"https:\/\/blogi.eoppimispalvelut.fi\/susiworkwear\/wp-json\/wp\/v2\/pages\/109","targetHints":{"allow":["GET"]}}],"collection":[{"href":"https:\/\/blogi.eoppimispalvelut.fi\/susiworkwear\/wp-json\/wp\/v2\/pages"}],"about":[{"href":"https:\/\/blogi.eoppimispalvelut.fi\/susiworkwear\/wp-json\/wp\/v2\/types\/page"}],"author":[{"embeddable":true,"href":"https:\/\/blogi.eoppimispalvelut.fi\/susiworkwear\/wp-json\/wp\/v2\/users\/19970"}],"replies":[{"embeddable":true,"href":"https:\/\/blogi.eoppimispalvelut.fi\/susiworkwear\/wp-json\/wp\/v2\/comments?post=109"}],"version-history":[{"count":24,"href":"https:\/\/blogi.eoppimispalvelut.fi\/susiworkwear\/wp-json\/wp\/v2\/pages\/109\/revisions"}],"predecessor-version":[{"id":451,"href":"https:\/\/blogi.eoppimispalvelut.fi\/susiworkwear\/wp-json\/wp\/v2\/pages\/109\/revisions\/451"}],"wp:attachment":[{"href":"https:\/\/blogi.eoppimispalvelut.fi\/susiworkwear\/wp-json\/wp\/v2\/media?parent=109"}],"curies":[{"name":"wp","href":"https:\/\/api.w.org\/{rel}","templated":true}]}}