{"id":116,"date":"2022-11-29T10:34:54","date_gmt":"2022-11-29T08:34:54","guid":{"rendered":"https:\/\/blogi.eoppimispalvelut.fi\/susiworkwear\/?page_id=116"},"modified":"2023-02-09T13:56:12","modified_gmt":"2023-02-09T11:56:12","slug":"painatus-ja-brodeeraus","status":"publish","type":"page","link":"https:\/\/blogi.eoppimispalvelut.fi\/susiworkwear\/painatus-ja-brodeeraus\/","title":{"rendered":"PAINATUS JA BRODEERAUS"},"content":{"rendered":"\n<figure class=\"wp-block-image size-full is-resized\"><img loading=\"lazy\" decoding=\"async\" src=\"https:\/\/blogi.eoppimispalvelut.fi\/susiworkwear\/files\/2022\/11\/papappapap.png\" alt=\"\" class=\"wp-image-210\" width=\"1201\" height=\"152\" srcset=\"https:\/\/blogi.eoppimispalvelut.fi\/susiworkwear\/files\/2022\/11\/papappapap.png 1019w, https:\/\/blogi.eoppimispalvelut.fi\/susiworkwear\/files\/2022\/11\/papappapap-900x114.png 900w, https:\/\/blogi.eoppimispalvelut.fi\/susiworkwear\/files\/2022\/11\/papappapap-768x97.png 768w\" sizes=\"auto, (max-width: 1201px) 100vw, 1201px\" \/><\/figure>\n\n\n\n<div class=\"inherit-container-width wp-block-group is-layout-constrained wp-block-group-is-layout-constrained\" style=\"border-style:none;border-width:0px\">\n<div class=\"wp-block-group has-border-color is-vertical is-content-justification-center is-layout-flex wp-container-core-group-is-layout-ce155fab wp-block-group-is-layout-flex\" style=\"border-color:#a9deb682;border-width:3px\">\n<p class=\"has-text-align-center\">Painatuksilla tai brodeerauksilla saatte valitsemanne tuotteet haluamillanne merkkauksilla. T\u00e4m\u00e4 on loistava tapa lis\u00e4t\u00e4 yrityksenne logo n\u00e4kyviin, jotta jokaisella ty\u00f6ntekij\u00e4ll\u00e4nne on yhten\u00e4inen ilme. <\/p>\n\n\n\n<p class=\"has-text-align-center\">Yksil\u00f6lliset painatukset ja brodeeraukset erottavat sinut ja yrityksesi muista ja tekev\u00e4t ty\u00f6vaatteista osan yrityksesi visuaalista ilmett\u00e4. Samalla kun hankit ty\u00f6vaatteesi, voit tilata haluamasi brodeerauksen tai painatuksen meilt\u00e4.<\/p>\n\n\n\n<p class=\"has-text-align-center\">Susi Workwearin toimitiloista l\u00f6ytyy moderni tekstiilipaino ja brodeerauslaitteisto. <\/p>\n<\/div>\n<\/div>\n\n\n\n<div class=\"wp-block-media-text alignwide has-media-on-the-right is-stacked-on-mobile is-vertically-aligned-center has-ast-global-color-5-background-color has-background\" style=\"grid-template-columns:auto 29%\"><div class=\"wp-block-media-text__content\">\n<div class=\"inherit-container-width wp-block-group has-background is-layout-constrained wp-container-core-group-is-layout-e0d25d7f wp-block-group-is-layout-constrained\" style=\"border-style:none;border-width:0px;background-color:#a8f0ad75;padding-top:2em;padding-right:2em;padding-bottom:2em;padding-left:2em\">\n<p class=\"has-text-align-center\" style=\"font-size:36px;line-height:1.2;text-decoration:underline\"><strong>Painatus<\/strong><\/p>\n\n\n\n<p class=\"has-text-align-center has-extra-small-font-size\">Painatus vaatteisiin on kustannustehokas tapa saada kuvioita ja\/tai tekstej\u00e4 tuotteisiin. Meill\u00e4 painatus kuuluu tuotteiden hintaan, jolloin yksil\u00f6innist\u00e4 ei tule yritykselle lis\u00e4kustannuksia. Painatuksia saa useissa eri v\u00e4reiss\u00e4 ja l\u00e4hes mink\u00e4lainen vain kuva onnistuu.  Painoj\u00e4lki on tasainen, yhten\u00e4inen ja ehe\u00e4.<\/p>\n<\/div>\n<\/div><figure class=\"wp-block-media-text__media\"><img loading=\"lazy\" decoding=\"async\" width=\"496\" height=\"620\" src=\"https:\/\/blogi.eoppimispalvelut.fi\/susiworkwear\/files\/2022\/11\/Kuva1.jpg\" alt=\"\" class=\"wp-image-177 size-full\" \/><\/figure><\/div>\n\n\n\n<div class=\"wp-block-media-text alignwide is-stacked-on-mobile is-vertically-aligned-center has-ast-global-color-5-background-color has-background\" style=\"grid-template-columns:31% auto\"><figure class=\"wp-block-media-text__media\"><img loading=\"lazy\" decoding=\"async\" width=\"690\" height=\"863\" src=\"https:\/\/blogi.eoppimispalvelut.fi\/susiworkwear\/files\/2022\/11\/brodeeraus.png\" alt=\"\" class=\"wp-image-185 size-full\" \/><\/figure><div class=\"wp-block-media-text__content\">\n<div class=\"inherit-container-width wp-block-group has-background is-layout-constrained wp-container-core-group-is-layout-e0d25d7f wp-block-group-is-layout-constrained\" style=\"border-style:none;border-width:0px;background-color:#a8f0ad75;padding-top:2em;padding-right:2em;padding-bottom:2em;padding-left:2em\">\n<p class=\"has-text-align-center\" style=\"font-size:36px;line-height:1.2;text-decoration:underline\"><strong><strong>Brodeeraus<\/strong><\/strong><\/p>\n\n\n\n<p class=\"has-text-align-center has-extra-small-font-size\">Yksil\u00f6lliset brodeeraukset erottavat sinut ja yrityksesi muista ja tekev\u00e4t ty\u00f6vaatteista osan yrityksesi visuaalista ilmett\u00e4. Brodeeraus kest\u00e4\u00e4 paremmin kuin painatus, sill\u00e4 haluamanne logo tai teksti ommellaan kiinni vaatteeseen.    Samalla kun hankit ty\u00f6vaatteesi, voit tilata haluamasi brodeerauksen meilt\u00e4, miss\u00e4 v\u00e4riss\u00e4 ja kuviossa tahansa.<\/p>\n<\/div>\n<\/div><\/div>\n\n\n\n<div class=\"wp-block-columns alignfull has-text-color has-background is-layout-flex wp-container-core-columns-is-layout-28f84493 wp-block-columns-is-layout-flex\" style=\"color:#000000;background-color:#ffffff\">\n<div class=\"wp-block-column has-border-color is-layout-flow wp-block-column-is-layout-flow\" style=\"border-color:#a8f0ad75;border-width:2px;padding-top:0;padding-right:0;padding-bottom:0;padding-left:0\">\n<h3 class=\"has-text-align-center has-ast-global-color-8-color has-text-color has-background wp-block-heading\" style=\"background-color:#a8f0ad75;font-size:24px;font-style:normal;font-weight:500;line-height:1.3;text-decoration:underline;text-transform:uppercase\">Painatus hinnasto<\/h3>\n\n\n\n<p class=\"has-text-align-center has-small-font-size\">Pieni painatus, esimerkiksi hihassa tai rinnassa, sis\u00e4ltyy paketti tilausten hintaan.<\/p>\n\n\n\n<p class=\"has-text-align-center\" style=\"font-style:normal;font-weight:600\">Pieni painatus yksitt\u00e4isille tuotteille<\/p>\n\n\n\n<p class=\"has-text-align-center\" style=\"font-size:15px\">(esimerkiksi hihassa)<\/p>\n\n\n\n<p class=\"has-text-align-center\">15 \u20ac (sis. alv)<\/p>\n\n\n\n<p class=\"has-text-align-center\" style=\"font-style:normal;font-weight:600\">Iso painatus<\/p>\n\n\n\n<p class=\"has-text-align-center\" style=\"font-size:15px\">(esimerkiksi sel\u00e4ss\u00e4)<\/p>\n\n\n\n<p class=\"has-text-align-center\">25\u20ac (sis. alv)<\/p>\n<\/div>\n\n\n\n<div class=\"wp-block-column has-border-color is-layout-flow wp-block-column-is-layout-flow\" style=\"border-color:#a8f0ad75;border-width:2px\">\n<h2 class=\"has-text-align-center has-ast-global-color-8-color has-text-color has-background wp-block-heading\" style=\"background-color:#a8f0ad75;font-size:24px;font-style:normal;font-weight:500;line-height:1.3;text-decoration:underline;text-transform:uppercase\">Brodeeraus Hinnasto<\/h2>\n\n\n\n<p class=\"has-text-align-center has-small-font-size\">Paketti tilauksessa voit vaihtaa brodeerauksen painatuksen sijaan 7\u20ac lis\u00e4hintaan<\/p>\n\n\n\n<p class=\"has-text-align-center\" style=\"font-style:normal;font-weight:600\">Pieni brodeeraus<\/p>\n\n\n\n<p class=\"has-text-align-center\" style=\"font-size:15px\">(esimerkiksi hihassa)<\/p>\n\n\n\n<p class=\"has-text-align-center\">20 \u20ac (sis. alv)<\/p>\n\n\n\n<p class=\"has-text-align-center\" style=\"font-style:normal;font-weight:600\">Iso brodeeraus<\/p>\n\n\n\n<p class=\"has-text-align-center\" style=\"font-size:15px\">(esimerkiksi sel\u00e4ss\u00e4)<\/p>\n\n\n\n<p class=\"has-text-align-center\">30 \u20ac (sis. alv)<\/p>\n<\/div>\n<\/div>\n\n\n\n<p><\/p>\n\n\n\n<p class=\"has-text-align-center has-ast-global-color-8-color has-text-color has-background has-link-color wp-elements-64922c631240a9756af711848c2a21cb\" style=\"background-color:#a8f0ad75;margin-top:0rem;margin-right:0rem;margin-bottom:0rem;margin-left:0rem;padding-top:0;padding-right:0;padding-bottom:0;padding-left:0;font-style:normal;font-weight:600\">Kysy tarjousta s\u00e4hk\u00f6postilla tai <a href=\"https:\/\/blogi.eoppimispalvelut.fi\/susiworkwear\/yhteydenotto\/\">yhteydenottolomakkeen<\/a> kautta !<\/p>\n","protected":false},"excerpt":{"rendered":"<p>Painatuksilla tai brodeerauksilla saatte valitsemanne tuotteet haluamillanne merkkauksilla. T\u00e4m\u00e4 on loistava tapa lis\u00e4t\u00e4 yrityksenne logo n\u00e4kyviin, jotta jokaisella ty\u00f6ntekij\u00e4ll\u00e4nne on yhten\u00e4inen ilme. Yksil\u00f6lliset painatukset ja brodeeraukset erottavat sinut ja yrityksesi muista ja tekev\u00e4t ty\u00f6vaatteista osan yrityksesi visuaalista ilmett\u00e4. Samalla kun hankit ty\u00f6vaatteesi, voit tilata haluamasi brodeerauksen tai painatuksen meilt\u00e4. Susi Workwearin toimitiloista l\u00f6ytyy moderni tekstiilipaino [&hellip;]<\/p>\n","protected":false},"author":19970,"featured_media":0,"parent":0,"menu_order":0,"comment_status":"closed","ping_status":"closed","template":"","meta":{"site-sidebar-layout":"default","site-content-layout":"","ast-site-content-layout":"default","site-content-style":"default","site-sidebar-style":"default","ast-global-header-display":"","ast-banner-title-visibility":"","ast-main-header-display":"","ast-hfb-above-header-display":"","ast-hfb-below-header-display":"","ast-hfb-mobile-header-display":"","site-post-title":"","ast-breadcrumbs-content":"","ast-featured-img":"","footer-sml-layout":"","ast-disable-related-posts":"","theme-transparent-header-meta":"","adv-header-id-meta":"","stick-header-meta":"","header-above-stick-meta":"","header-main-stick-meta":"","header-below-stick-meta":"","astra-migrate-meta-layouts":"default","ast-page-background-enabled":"default","ast-page-background-meta":{"desktop":{"background-color":"var(--ast-global-color-4)","background-image":"","background-repeat":"repeat","background-position":"center center","background-size":"auto","background-attachment":"scroll","background-type":"","background-media":"","overlay-type":"","overlay-color":"","overlay-opacity":"","overlay-gradient":""},"tablet":{"background-color":"","background-image":"","background-repeat":"repeat","background-position":"center center","background-size":"auto","background-attachment":"scroll","background-type":"","background-media":"","overlay-type":"","overlay-color":"","overlay-opacity":"","overlay-gradient":""},"mobile":{"background-color":"","background-image":"","background-repeat":"repeat","background-position":"center center","background-size":"auto","background-attachment":"scroll","background-type":"","background-media":"","overlay-type":"","overlay-color":"","overlay-opacity":"","overlay-gradient":""}},"ast-content-background-meta":{"desktop":{"background-color":"var(--ast-global-color-5)","background-image":"","background-repeat":"repeat","background-position":"center center","background-size":"auto","background-attachment":"scroll","background-type":"","background-media":"","overlay-type":"","overlay-color":"","overlay-opacity":"","overlay-gradient":""},"tablet":{"background-color":"var(--ast-global-color-5)","background-image":"","background-repeat":"repeat","background-position":"center center","background-size":"auto","background-attachment":"scroll","background-type":"","background-media":"","overlay-type":"","overlay-color":"","overlay-opacity":"","overlay-gradient":""},"mobile":{"background-color":"var(--ast-global-color-5)","background-image":"","background-repeat":"repeat","background-position":"center center","background-size":"auto","background-attachment":"scroll","background-type":"","background-media":"","overlay-type":"","overlay-color":"","overlay-opacity":"","overlay-gradient":""}},"footnotes":""},"class_list":["post-116","page","type-page","status-publish","hentry"],"_links":{"self":[{"href":"https:\/\/blogi.eoppimispalvelut.fi\/susiworkwear\/wp-json\/wp\/v2\/pages\/116","targetHints":{"allow":["GET"]}}],"collection":[{"href":"https:\/\/blogi.eoppimispalvelut.fi\/susiworkwear\/wp-json\/wp\/v2\/pages"}],"about":[{"href":"https:\/\/blogi.eoppimispalvelut.fi\/susiworkwear\/wp-json\/wp\/v2\/types\/page"}],"author":[{"embeddable":true,"href":"https:\/\/blogi.eoppimispalvelut.fi\/susiworkwear\/wp-json\/wp\/v2\/users\/19970"}],"replies":[{"embeddable":true,"href":"https:\/\/blogi.eoppimispalvelut.fi\/susiworkwear\/wp-json\/wp\/v2\/comments?post=116"}],"version-history":[{"count":43,"href":"https:\/\/blogi.eoppimispalvelut.fi\/susiworkwear\/wp-json\/wp\/v2\/pages\/116\/revisions"}],"predecessor-version":[{"id":455,"href":"https:\/\/blogi.eoppimispalvelut.fi\/susiworkwear\/wp-json\/wp\/v2\/pages\/116\/revisions\/455"}],"wp:attachment":[{"href":"https:\/\/blogi.eoppimispalvelut.fi\/susiworkwear\/wp-json\/wp\/v2\/media?parent=116"}],"curies":[{"name":"wp","href":"https:\/\/api.w.org\/{rel}","templated":true}]}}