{"id":15,"date":"2022-11-25T16:00:26","date_gmt":"2022-11-25T14:00:26","guid":{"rendered":"https:\/\/blogi.eoppimispalvelut.fi\/susiworkwear\/?page_id=15"},"modified":"2023-02-09T13:51:15","modified_gmt":"2023-02-09T11:51:15","slug":"tuotepaketit","status":"publish","type":"page","link":"https:\/\/blogi.eoppimispalvelut.fi\/susiworkwear\/tuotepaketit\/","title":{"rendered":"TUOTTEEMME"},"content":{"rendered":"\n<p class=\"has-light-green-cyan-color has-text-color\"><\/p>\n\n\n\n<figure class=\"wp-block-image size-full is-resized\"><img loading=\"lazy\" decoding=\"async\" src=\"https:\/\/blogi.eoppimispalvelut.fi\/susiworkwear\/files\/2022\/11\/toi-2.png\" alt=\"\" class=\"wp-image-32\" width=\"1201\" height=\"158\" srcset=\"https:\/\/blogi.eoppimispalvelut.fi\/susiworkwear\/files\/2022\/11\/toi-2.png 1087w, https:\/\/blogi.eoppimispalvelut.fi\/susiworkwear\/files\/2022\/11\/toi-2-900x118.png 900w, https:\/\/blogi.eoppimispalvelut.fi\/susiworkwear\/files\/2022\/11\/toi-2-768x101.png 768w\" sizes=\"auto, (max-width: 1201px) 100vw, 1201px\" \/><\/figure>\n\n\n\n<p><\/p>\n\n\n\n<p class=\"has-text-align-center\" style=\"font-size:18px\">Susi workwearin laadukkaat peruspaketit ovat helppo tapa tilata yrityksellesi ty\u00f6vaatteet.<\/p>\n\n\n\n<p class=\"has-text-align-center\">Paketteja on aina mahdollista kustomoida juuri sinun yrityksesi tarpeisiin sopivaksi, joten ota reippaasti yhteytt\u00e4 yhteydenottolomakkeen kautta. Voimme sopia pakettiin sis\u00e4ltyvien tuotteiden lis\u00e4ksi muun muassa v\u00e4rimaailmasta, vaatekappaleiden ulkon\u00e4\u00f6st\u00e4, kankaista sek\u00e4 lis\u00e4palveluista kuten huomiov\u00e4rist\u00e4. Meilt\u00e4 saat my\u00f6s ty\u00f6ntekij\u00f6idesi ty\u00f6turvallisuuteen liittyv\u00e4t tuotteet ja suojaimet.<\/p>\n\n\n\n<p class=\"has-text-align-center\">Kysy my\u00f6s yksitt\u00e4isten tuotteiden hintaa ja saatavuutta. Autamme mielell\u00e4mme!<\/p>\n\n\n\n<p class=\"has-text-align-center has-black-color has-white-background-color has-text-color has-background\" style=\"font-size:30px\">TUOTEPAKETTIMME<\/p>\n\n\n\n<div class=\"inherit-container-width wp-block-group alignwide is-layout-constrained wp-block-group-is-layout-constrained\">\n<div class=\"wp-block-columns alignwide is-layout-flex wp-container-core-columns-is-layout-28f84493 wp-block-columns-is-layout-flex\">\n<div class=\"wp-block-column has-text-color has-background has-link-color wp-elements-984bd10cb8373997680028f0b1649724 is-layout-flow wp-block-column-is-layout-flow\" style=\"border-style:none;border-width:0px;color:#000000;background-color:#a6d3bf;padding-top:2em;padding-right:2em;padding-bottom:2em;padding-left:2em\">\n<h1 class=\"wp-block-heading\" id=\"single\" style=\"font-size:30px\">Sis\u00e4lle<\/h1>\n\n\n\n<p class=\"has-normal-font-size\" style=\"line-height:1.5\">Joustavat, hengitt\u00e4v\u00e4t ja mukavat p\u00e4\u00e4ll\u00e4<\/p>\n\n\n\n<hr class=\"wp-block-separator has-text-color has-css-opacity has-background is-style-wide\" style=\"background-color:#000000;color:#000000\" \/>\n\n\n\n<ul class=\"wp-block-list\">\n<li>Ty\u00f6takki (unisex kes\u00e4)<\/li>\n\n\n\n<li>Kauluspaita<\/li>\n\n\n\n<li>2 x T-paita<\/li>\n\n\n\n<li>Ty\u00f6housut<\/li>\n\n\n\n<li>Housut<\/li>\n\n\n\n<li>Vy\u00f6<\/li>\n\n\n\n<li>3 x Sukat<\/li>\n\n\n\n<li>Sis\u00e4ty\u00f6keng\u00e4t<\/li>\n<\/ul>\n\n\n\n<div class=\"wp-block-buttons alignfull is-horizontal is-content-justification-center is-layout-flex wp-container-core-buttons-is-layout-03627597 wp-block-buttons-is-layout-flex\">\n<div class=\"wp-block-button has-custom-width wp-block-button__width-100\"><a class=\"wp-block-button__link has-white-color has-text-color has-background no-border-radius wp-element-button\" style=\"background-color:#000000\">553,45 \u20ac (sis. ALV)<\/a><\/div>\n<\/div>\n<\/div>\n\n\n\n<div class=\"wp-block-column has-black-color has-text-color has-background has-link-color wp-elements-4f9982efd7d7233b3c798b2ed14b24ed is-layout-flow wp-block-column-is-layout-flow\" style=\"background-color:#a6d3bf;padding-top:2em;padding-right:2em;padding-bottom:2em;padding-left:2em\">\n<h2 class=\"wp-block-heading\" id=\"family\" style=\"font-size:30px\">Ulos<\/h2>\n\n\n\n<p class=\"has-normal-font-size\" style=\"line-height:1.5\">Hengitt\u00e4v\u00e4t, l\u00e4mpim\u00e4t ja likaa hylkiv\u00e4t<\/p>\n\n\n\n<hr class=\"wp-block-separator has-css-opacity is-style-wide\" \/>\n\n\n\n<ul class=\"wp-block-list\">\n<li>Ty\u00f6takki (unisex talvi)<\/li>\n\n\n\n<li>2 x Fleece poolopaita<\/li>\n\n\n\n<li>2 x T-paita<\/li>\n\n\n\n<li>Ty\u00f6housut<\/li>\n\n\n\n<li>2 x Fleece housut<\/li>\n\n\n\n<li>Vy\u00f6<\/li>\n\n\n\n<li>3 x Sukat<\/li>\n\n\n\n<li>Turvakeng\u00e4t<\/li>\n\n\n\n<li>Putkihuivi<\/li>\n<\/ul>\n\n\n\n<div class=\"wp-block-buttons alignfull is-horizontal is-content-justification-center is-layout-flex wp-container-core-buttons-is-layout-03627597 wp-block-buttons-is-layout-flex\">\n<div class=\"wp-block-button has-custom-width wp-block-button__width-100 is-style-fill\"><a class=\"wp-block-button__link has-white-color has-text-color has-background no-border-radius wp-element-button\" style=\"background-color:#000000\">796,02 \u20ac (sis. ALV)<\/a><\/div>\n<\/div>\n<\/div>\n\n\n\n<div class=\"wp-block-column has-text-color has-background has-link-color wp-elements-35f0bb2421e4e9dbb2a70ba6b37c2f4e is-layout-flow wp-block-column-is-layout-flow\" style=\"border-style:none;border-width:0px;color:#000000;background-color:#a6d3bf;padding-top:2em;padding-right:2em;padding-bottom:2em;padding-left:2em;line-height:1.2\">\n<h2 class=\"wp-block-heading\" id=\"patron\" style=\"font-size:30px\">Toimistoon<\/h2>\n\n\n\n<p style=\"line-height:1.5\">Tyylikk\u00e4\u00e4t ja mukavat<\/p>\n\n\n\n<hr class=\"wp-block-separator has-css-opacity is-style-wide\" \/>\n\n\n\n<p>NAISILLE<\/p>\n\n\n\n<ul class=\"wp-block-list\">\n<li>Jakkupuku<\/li>\n\n\n\n<li>Neuletakki<\/li>\n\n\n\n<li>Puvun keng\u00e4t<\/li>\n\n\n\n<li>2 x Sukat<\/li>\n<\/ul>\n\n\n\n<p class=\"has-text-align-center has-white-color has-black-background-color has-text-color has-background\">1107,55 \u20ac (sis. ALV)<\/p>\n\n\n\n<p>MIEHILLE<\/p>\n\n\n\n<ul class=\"wp-block-list\">\n<li>R\u00e4\u00e4t\u00e4l\u00f6ity puku<\/li>\n\n\n\n<li>Neuletakki<\/li>\n\n\n\n<li>Puvun keng\u00e4t<\/li>\n\n\n\n<li>2 x Sukat<\/li>\n<\/ul>\n\n\n\n<div class=\"wp-block-buttons alignfull is-horizontal is-content-justification-center is-layout-flex wp-container-core-buttons-is-layout-03627597 wp-block-buttons-is-layout-flex\">\n<div class=\"wp-block-button has-custom-width wp-block-button__width-100\"><a class=\"wp-block-button__link has-white-color has-text-color has-background no-border-radius wp-element-button\" style=\"background-color:#000000\">1140,64  \u20ac (sis. ALV)<\/a><\/div>\n<\/div>\n<\/div>\n<\/div>\n<\/div>\n\n\n\n\n\n<p class=\"has-text-align-center\" style=\"font-size:18px\">Kaikkiin vaatekappaleisiin on mahdollisuus valita <a href=\"https:\/\/blogi.eoppimispalvelut.fi\/susiworkwear\/painatus-ja-brodeeraus\/\">painatuksia tai brodeerauksia<\/a>. <\/p>\n\n\n\n<p class=\"has-text-align-center\">T\u00e4m\u00e4 on loistava tapa lis\u00e4t\u00e4 yrityksesi nimi ja logo n\u00e4kyville. N\u00e4in annatte koko ty\u00f6yhteis\u00f6lle yhten\u00e4isen ilmeen.<\/p>\n\n\n\n<figure class=\"wp-block-image size-full is-resized\"><img loading=\"lazy\" decoding=\"async\" src=\"https:\/\/blogi.eoppimispalvelut.fi\/susiworkwear\/files\/2022\/11\/embro.png\" alt=\"\" class=\"wp-image-40\" width=\"1201\" height=\"156\" srcset=\"https:\/\/blogi.eoppimispalvelut.fi\/susiworkwear\/files\/2022\/11\/embro.png 1086w, https:\/\/blogi.eoppimispalvelut.fi\/susiworkwear\/files\/2022\/11\/embro-900x117.png 900w, https:\/\/blogi.eoppimispalvelut.fi\/susiworkwear\/files\/2022\/11\/embro-768x100.png 768w\" sizes=\"auto, (max-width: 1201px) 100vw, 1201px\" \/><\/figure>\n\n\n\n<p><\/p>\n","protected":false},"excerpt":{"rendered":"<p>Susi workwearin laadukkaat peruspaketit ovat helppo tapa tilata yrityksellesi ty\u00f6vaatteet. Paketteja on aina mahdollista kustomoida juuri sinun yrityksesi tarpeisiin sopivaksi, joten ota reippaasti yhteytt\u00e4 yhteydenottolomakkeen kautta. Voimme sopia pakettiin sis\u00e4ltyvien tuotteiden lis\u00e4ksi muun muassa v\u00e4rimaailmasta, vaatekappaleiden ulkon\u00e4\u00f6st\u00e4, kankaista sek\u00e4 lis\u00e4palveluista kuten huomiov\u00e4rist\u00e4. Meilt\u00e4 saat my\u00f6s ty\u00f6ntekij\u00f6idesi ty\u00f6turvallisuuteen liittyv\u00e4t tuotteet ja suojaimet. Kysy my\u00f6s yksitt\u00e4isten tuotteiden [&hellip;]<\/p>\n","protected":false},"author":19970,"featured_media":0,"parent":0,"menu_order":0,"comment_status":"closed","ping_status":"closed","template":"","meta":{"site-sidebar-layout":"default","site-content-layout":"","ast-site-content-layout":"default","site-content-style":"default","site-sidebar-style":"default","ast-global-header-display":"","ast-banner-title-visibility":"","ast-main-header-display":"","ast-hfb-above-header-display":"","ast-hfb-below-header-display":"","ast-hfb-mobile-header-display":"","site-post-title":"","ast-breadcrumbs-content":"","ast-featured-img":"","footer-sml-layout":"","ast-disable-related-posts":"","theme-transparent-header-meta":"","adv-header-id-meta":"","stick-header-meta":"","header-above-stick-meta":"","header-main-stick-meta":"","header-below-stick-meta":"","astra-migrate-meta-layouts":"default","ast-page-background-enabled":"default","ast-page-background-meta":{"desktop":{"background-color":"var(--ast-global-color-4)","background-image":"","background-repeat":"repeat","background-position":"center center","background-size":"auto","background-attachment":"scroll","background-type":"","background-media":"","overlay-type":"","overlay-color":"","overlay-opacity":"","overlay-gradient":""},"tablet":{"background-color":"","background-image":"","background-repeat":"repeat","background-position":"center center","background-size":"auto","background-attachment":"scroll","background-type":"","background-media":"","overlay-type":"","overlay-color":"","overlay-opacity":"","overlay-gradient":""},"mobile":{"background-color":"","background-image":"","background-repeat":"repeat","background-position":"center center","background-size":"auto","background-attachment":"scroll","background-type":"","background-media":"","overlay-type":"","overlay-color":"","overlay-opacity":"","overlay-gradient":""}},"ast-content-background-meta":{"desktop":{"background-color":"var(--ast-global-color-5)","background-image":"","background-repeat":"repeat","background-position":"center center","background-size":"auto","background-attachment":"scroll","background-type":"","background-media":"","overlay-type":"","overlay-color":"","overlay-opacity":"","overlay-gradient":""},"tablet":{"background-color":"var(--ast-global-color-5)","background-image":"","background-repeat":"repeat","background-position":"center center","background-size":"auto","background-attachment":"scroll","background-type":"","background-media":"","overlay-type":"","overlay-color":"","overlay-opacity":"","overlay-gradient":""},"mobile":{"background-color":"var(--ast-global-color-5)","background-image":"","background-repeat":"repeat","background-position":"center center","background-size":"auto","background-attachment":"scroll","background-type":"","background-media":"","overlay-type":"","overlay-color":"","overlay-opacity":"","overlay-gradient":""}},"footnotes":""},"class_list":["post-15","page","type-page","status-publish","hentry"],"_links":{"self":[{"href":"https:\/\/blogi.eoppimispalvelut.fi\/susiworkwear\/wp-json\/wp\/v2\/pages\/15","targetHints":{"allow":["GET"]}}],"collection":[{"href":"https:\/\/blogi.eoppimispalvelut.fi\/susiworkwear\/wp-json\/wp\/v2\/pages"}],"about":[{"href":"https:\/\/blogi.eoppimispalvelut.fi\/susiworkwear\/wp-json\/wp\/v2\/types\/page"}],"author":[{"embeddable":true,"href":"https:\/\/blogi.eoppimispalvelut.fi\/susiworkwear\/wp-json\/wp\/v2\/users\/19970"}],"replies":[{"embeddable":true,"href":"https:\/\/blogi.eoppimispalvelut.fi\/susiworkwear\/wp-json\/wp\/v2\/comments?post=15"}],"version-history":[{"count":33,"href":"https:\/\/blogi.eoppimispalvelut.fi\/susiworkwear\/wp-json\/wp\/v2\/pages\/15\/revisions"}],"predecessor-version":[{"id":453,"href":"https:\/\/blogi.eoppimispalvelut.fi\/susiworkwear\/wp-json\/wp\/v2\/pages\/15\/revisions\/453"}],"wp:attachment":[{"href":"https:\/\/blogi.eoppimispalvelut.fi\/susiworkwear\/wp-json\/wp\/v2\/media?parent=15"}],"curies":[{"name":"wp","href":"https:\/\/api.w.org\/{rel}","templated":true}]}}