{"id":45,"date":"2022-11-25T17:19:17","date_gmt":"2022-11-25T15:19:17","guid":{"rendered":"https:\/\/blogi.eoppimispalvelut.fi\/susiworkwear\/?page_id=45"},"modified":"2022-11-30T12:01:29","modified_gmt":"2022-11-30T10:01:29","slug":"yhteydenotto","status":"publish","type":"page","link":"https:\/\/blogi.eoppimispalvelut.fi\/susiworkwear\/yhteydenotto\/","title":{"rendered":"YHTEYDENOTTO"},"content":{"rendered":"\n<div style=\"height:100px\" aria-hidden=\"true\" class=\"wp-block-spacer\"><\/div>\n\n\n\n<figure class=\"wp-block-image size-full is-resized\"><img loading=\"lazy\" decoding=\"async\" src=\"https:\/\/blogi.eoppimispalvelut.fi\/susiworkwear\/files\/2022\/11\/eeeeeeeeeeeeeeeeeee.png\" alt=\"\" class=\"wp-image-51\" width=\"1201\" height=\"156\" srcset=\"https:\/\/blogi.eoppimispalvelut.fi\/susiworkwear\/files\/2022\/11\/eeeeeeeeeeeeeeeeeee.png 1089w, https:\/\/blogi.eoppimispalvelut.fi\/susiworkwear\/files\/2022\/11\/eeeeeeeeeeeeeeeeeee-900x117.png 900w, https:\/\/blogi.eoppimispalvelut.fi\/susiworkwear\/files\/2022\/11\/eeeeeeeeeeeeeeeeeee-768x99.png 768w\" sizes=\"auto, (max-width: 1201px) 100vw, 1201px\" \/><\/figure>\n\n\n\n<hr class=\"wp-block-separator has-text-color has-ast-global-color-0-color has-alpha-channel-opacity has-ast-global-color-0-background-color has-background is-style-default\" style=\"margin-top:var(--wp--preset--spacing--70);margin-bottom:0\" \/>\n\n\n\n<div class=\"inherit-container-width wp-block-group is-layout-constrained wp-block-group-is-layout-constrained\" style=\"border-style:none;border-width:0px\">\n<p class=\"has-text-align-center has-medium-font-size\">Ota meihin yhteytt\u00e4 seuraavan lomakkeen avulla. Voitte esimerkiksi kysy\u00e4 mielt\u00e4 askarruttavasta aiheesta tai pyyt\u00e4\u00e4 meilt\u00e4 arviota kustomoidun tuotepaketin hinnasta. <\/p>\n\n\n\n<p class=\"has-text-align-center has-medium-font-size\">Vastaamme teille mahdollisimman pian s\u00e4hk\u00f6postin kautta!<\/p>\n<\/div>\n\n\n\n<hr class=\"wp-block-separator has-text-color has-ast-global-color-0-color has-alpha-channel-opacity has-ast-global-color-0-background-color has-background is-style-default\" style=\"margin-bottom:var(--wp--preset--spacing--70)\" \/>\n","protected":false},"excerpt":{"rendered":"<p>Ota meihin yhteytt\u00e4 seuraavan lomakkeen avulla. Voitte esimerkiksi kysy\u00e4 mielt\u00e4 askarruttavasta aiheesta tai pyyt\u00e4\u00e4 meilt\u00e4 arviota kustomoidun tuotepaketin hinnasta. Vastaamme teille mahdollisimman pian s\u00e4hk\u00f6postin kautta!<\/p>\n","protected":false},"author":19970,"featured_media":0,"parent":0,"menu_order":0,"comment_status":"closed","ping_status":"closed","template":"","meta":{"site-sidebar-layout":"default","site-content-layout":"","ast-site-content-layout":"default","site-content-style":"default","site-sidebar-style":"default","ast-global-header-display":"","ast-banner-title-visibility":"","ast-main-header-display":"","ast-hfb-above-header-display":"","ast-hfb-below-header-display":"","ast-hfb-mobile-header-display":"","site-post-title":"","ast-breadcrumbs-content":"","ast-featured-img":"","footer-sml-layout":"","ast-disable-related-posts":"","theme-transparent-header-meta":"","adv-header-id-meta":"","stick-header-meta":"","header-above-stick-meta":"","header-main-stick-meta":"","header-below-stick-meta":"","astra-migrate-meta-layouts":"default","ast-page-background-enabled":"default","ast-page-background-meta":{"desktop":{"background-color":"var(--ast-global-color-4)","background-image":"","background-repeat":"repeat","background-position":"center center","background-size":"auto","background-attachment":"scroll","background-type":"","background-media":"","overlay-type":"","overlay-color":"","overlay-opacity":"","overlay-gradient":""},"tablet":{"background-color":"","background-image":"","background-repeat":"repeat","background-position":"center center","background-size":"auto","background-attachment":"scroll","background-type":"","background-media":"","overlay-type":"","overlay-color":"","overlay-opacity":"","overlay-gradient":""},"mobile":{"background-color":"","background-image":"","background-repeat":"repeat","background-position":"center center","background-size":"auto","background-attachment":"scroll","background-type":"","background-media":"","overlay-type":"","overlay-color":"","overlay-opacity":"","overlay-gradient":""}},"ast-content-background-meta":{"desktop":{"background-color":"var(--ast-global-color-5)","background-image":"","background-repeat":"repeat","background-position":"center center","background-size":"auto","background-attachment":"scroll","background-type":"","background-media":"","overlay-type":"","overlay-color":"","overlay-opacity":"","overlay-gradient":""},"tablet":{"background-color":"var(--ast-global-color-5)","background-image":"","background-repeat":"repeat","background-position":"center center","background-size":"auto","background-attachment":"scroll","background-type":"","background-media":"","overlay-type":"","overlay-color":"","overlay-opacity":"","overlay-gradient":""},"mobile":{"background-color":"var(--ast-global-color-5)","background-image":"","background-repeat":"repeat","background-position":"center center","background-size":"auto","background-attachment":"scroll","background-type":"","background-media":"","overlay-type":"","overlay-color":"","overlay-opacity":"","overlay-gradient":""}},"footnotes":""},"class_list":["post-45","page","type-page","status-publish","hentry"],"_links":{"self":[{"href":"https:\/\/blogi.eoppimispalvelut.fi\/susiworkwear\/wp-json\/wp\/v2\/pages\/45","targetHints":{"allow":["GET"]}}],"collection":[{"href":"https:\/\/blogi.eoppimispalvelut.fi\/susiworkwear\/wp-json\/wp\/v2\/pages"}],"about":[{"href":"https:\/\/blogi.eoppimispalvelut.fi\/susiworkwear\/wp-json\/wp\/v2\/types\/page"}],"author":[{"embeddable":true,"href":"https:\/\/blogi.eoppimispalvelut.fi\/susiworkwear\/wp-json\/wp\/v2\/users\/19970"}],"replies":[{"embeddable":true,"href":"https:\/\/blogi.eoppimispalvelut.fi\/susiworkwear\/wp-json\/wp\/v2\/comments?post=45"}],"version-history":[{"count":13,"href":"https:\/\/blogi.eoppimispalvelut.fi\/susiworkwear\/wp-json\/wp\/v2\/pages\/45\/revisions"}],"predecessor-version":[{"id":225,"href":"https:\/\/blogi.eoppimispalvelut.fi\/susiworkwear\/wp-json\/wp\/v2\/pages\/45\/revisions\/225"}],"wp:attachment":[{"href":"https:\/\/blogi.eoppimispalvelut.fi\/susiworkwear\/wp-json\/wp\/v2\/media?parent=45"}],"curies":[{"name":"wp","href":"https:\/\/api.w.org\/{rel}","templated":true}]}}