{"id":54,"date":"2022-11-25T18:14:20","date_gmt":"2022-11-25T16:14:20","guid":{"rendered":"https:\/\/blogi.eoppimispalvelut.fi\/susiworkwear\/?page_id=54"},"modified":"2022-12-08T14:06:17","modified_gmt":"2022-12-08T12:06:17","slug":"vastuullisuus","status":"publish","type":"page","link":"https:\/\/blogi.eoppimispalvelut.fi\/susiworkwear\/vastuullisuus\/","title":{"rendered":"VASTUULLISUUS"},"content":{"rendered":"\n<div style=\"height:100px\" aria-hidden=\"true\" class=\"wp-block-spacer\"><\/div>\n\n\n\n<figure class=\"wp-block-image size-full is-resized\"><img loading=\"lazy\" decoding=\"async\" src=\"https:\/\/blogi.eoppimispalvelut.fi\/susiworkwear\/files\/2022\/11\/Capture4.png\" alt=\"\" class=\"wp-image-56\" width=\"1202\" height=\"158\" srcset=\"https:\/\/blogi.eoppimispalvelut.fi\/susiworkwear\/files\/2022\/11\/Capture4.png 1088w, https:\/\/blogi.eoppimispalvelut.fi\/susiworkwear\/files\/2022\/11\/Capture4-900x118.png 900w, https:\/\/blogi.eoppimispalvelut.fi\/susiworkwear\/files\/2022\/11\/Capture4-768x101.png 768w\" sizes=\"auto, (max-width: 1202px) 100vw, 1202px\" \/><\/figure>\n\n\n\n<div style=\"height:30px\" aria-hidden=\"true\" class=\"wp-block-spacer\"><\/div>\n\n\n\n<p class=\"has-text-align-center\" style=\"font-size:23px\">Kest\u00e4v\u00e4 kehitys on Susi Workwearin perusarvo. <\/p>\n\n\n\n<p class=\"has-text-align-center\" style=\"font-size:23px\">Otamme kaikessa toiminnassamme tasa-arvoisesti huomioon ymp\u00e4rist\u00f6n, talouden ja inhimillisyyden. Me Susi Workwearilla panostamme vastuullisuuteen ja pyrimme omalla toiminnallamme pienent\u00e4m\u00e4\u00e4n hiilijalanj\u00e4lke\u00e4mme ja kehitt\u00e4m\u00e4\u00e4n vastuullista toimintaa yrityksess\u00e4mme jatkuvasti.<\/p>\n\n\n\n<p class=\"has-text-align-left\">Tekstiiliteollisuus on maailman toiseksi saastuttavin teollisuudenala, ja me haluamme olla osa vastarintaa. Tekstiilimme on tuottanut Suomalainen Napatukku, joka osaltaan on selvitt\u00e4nyt meille, ett\u00e4 heid\u00e4n materiaalinsa ovat vastuullisesti tuotettuja. Omissa palveluissamme k\u00e4yt\u00e4mme vastuullisesti tuotettuja materiaaleja ja ymp\u00e4rist\u00f6yst\u00e4v\u00e4llisi\u00e4 pesuaineita.<\/p>\n\n\n\n<p class=\"has-text-align-left\">Yrityksemme on minimoinut j\u00e4tteen syntymisen kehitt\u00e4m\u00e4ll\u00e4 tuotantomenetelmi\u00e4\u00e4n. Kaikki ylij\u00e4\u00e4m\u00e4t, vialliset tuotteet sek\u00e4 yritysten k\u00e4yt\u00f6ss\u00e4 kuluneiden tuotteiden materiaalit uudelleenk\u00e4ytet\u00e4\u00e4n tai kierr\u00e4tet\u00e4\u00e4n asianmukaisesti. <\/p>\n\n\n\n<p class=\"has-text-align-left\">Runsas veden k\u00e4ytt\u00f6 maapallolla on suuri ongelma. Tekstiilialat k\u00e4ytt\u00e4v\u00e4t tyypillisesti todella paljon vett\u00e4 vaatteidensa valmistuksessa. Me Susi Workwearilla huolehdimme veden k\u00e4yt\u00f6st\u00e4 niin tuotantoketjussa kuin pesulapalveluissamme. Olemme selvitt\u00e4neet, ett\u00e4 tukusta tilaamiemme vaatteiden kankaissa k\u00e4ytetyt kuidut ovat luomuviljeltyj\u00e4 ja t\u00e4m\u00e4 on my\u00f6s ehto yhteisty\u00f6mme jatkumiselle. K\u00e4yt\u00e4mme eco-pesuohjelmia, jotka kuluttavat v\u00e4hemm\u00e4n vett\u00e4 ja s\u00e4hk\u00f6\u00e4 ja ovat n\u00e4in ollen ymp\u00e4rist\u00f6yst\u00e4v\u00e4llisempi\u00e4.<\/p>\n\n\n\n<p class=\"has-text-align-left\">Kaikkien vaatteidemme materiaali ovat kasviper\u00e4ist\u00e4 eiv\u00e4tk\u00e4 sis\u00e4ll\u00e4 el\u00e4inper\u00e4isi\u00e4 kuituja. Brodeerauksessa k\u00e4ytt\u00e4m\u00e4mme langat ovat kasviv\u00e4reill\u00e4 v\u00e4rj\u00e4ttyj\u00e4.<\/p>\n\n\n\n<p class=\"has-text-align-left\">Emme halua maapallolle yht\u00e4\u00e4n ylim\u00e4\u00e4r\u00e4ist\u00e4 ja tarpeetonta muoviroskaa, siksi pakkausmateriaalimme ovat kierr\u00e4tetty\u00e4 pahvia ja ne voi kompostoida tai kierr\u00e4tt\u00e4\u00e4 uudelleen. Kaikki pakataan tiiviisti, jotta voimme k\u00e4ytt\u00e4\u00e4 tilausten paketoimiseen mahdollisimman v\u00e4h\u00e4n materiaalia.<\/p>\n\n\n\n<p class=\"has-text-align-left\">Energiaa s\u00e4\u00e4st\u00e4mme suunnittelemalla kuljetusreittimme huolellisesti. Toimitilojemme katolle olemme asentaneet aurinkopaneeleita, joista eritoten kes\u00e4isin saamme virtamme. Kun aurinkopaneelit eiv\u00e4t tuota tarpeeksi s\u00e4hk\u00f6\u00e4 pilvisell\u00e4 s\u00e4\u00e4ll\u00e4 ja talvisin, k\u00e4yt\u00e4mme tuulivoimaa, sill\u00e4 se on uusiutuvaa ja p\u00e4\u00e4st\u00f6t\u00f6nt\u00e4 energiaa. Kannustamme my\u00f6s ty\u00f6ntekij\u00f6it\u00e4mme kulkemaan t\u00f6iss\u00e4 lyhytt\u00e4 matkaa py\u00f6r\u00e4ll\u00e4 tai jalan tai pidemp\u00e4\u00e4 matkaa julkisilla kulkuneuvoilla tai kimppakyydeill\u00e4, jotta he my\u00f6s omilla toimillaan v\u00e4hent\u00e4v\u00e4t p\u00e4\u00e4st\u00f6j\u00e4.<\/p>\n\n\n\n<div style=\"height:0px\" aria-hidden=\"true\" class=\"wp-block-spacer\"><\/div>\n\n\n\n<p class=\"has-text-align-left\">Hyv\u00e4t ty\u00f6olot sek\u00e4 meid\u00e4n yrityksess\u00e4mme, ett\u00e4 yhteisty\u00f6kumppaneidemme ty\u00f6oloissa ovat meille \u00e4\u00e4rimm\u00e4isen t\u00e4rkeit\u00e4. Olemme panostaneet ty\u00f6ntekij\u00f6idemme viihtyvyyteen ja teet\u00e4mme vuosittain ty\u00f6tyytyv\u00e4isyyskyselyit\u00e4, joilla kartoitamme niin onnistumisiamme kuin kehityskohtiamme. <\/p>\n\n\n\n<p class=\"has-text-align-left\">Vastustamme massatuotantoa ja pikamuotia. Susi Workwearin vaatteet ovat ajattomasti muodikkaita, trendikk\u00e4it\u00e4 ja sopivat kaikille. K\u00e4ytt\u00e4m\u00e4ll\u00e4 Susi Workwearin vaatteita voit kevent\u00e4\u00e4 omatuntoasi ja ottaa askeleen kohti parempaa maailmaa.<\/p>\n\n\n\n<figure class=\"wp-block-image size-full is-resized\"><img loading=\"lazy\" decoding=\"async\" src=\"https:\/\/blogi.eoppimispalvelut.fi\/susiworkwear\/files\/2022\/11\/Capture2.png\" alt=\"\" class=\"wp-image-55\" width=\"1201\" height=\"156\" srcset=\"https:\/\/blogi.eoppimispalvelut.fi\/susiworkwear\/files\/2022\/11\/Capture2.png 1089w, https:\/\/blogi.eoppimispalvelut.fi\/susiworkwear\/files\/2022\/11\/Capture2-900x117.png 900w, https:\/\/blogi.eoppimispalvelut.fi\/susiworkwear\/files\/2022\/11\/Capture2-768x99.png 768w\" sizes=\"auto, (max-width: 1201px) 100vw, 1201px\" \/><\/figure>\n","protected":false},"excerpt":{"rendered":"<p>Kest\u00e4v\u00e4 kehitys on Susi Workwearin perusarvo. Otamme kaikessa toiminnassamme tasa-arvoisesti huomioon ymp\u00e4rist\u00f6n, talouden ja inhimillisyyden. Me Susi Workwearilla panostamme vastuullisuuteen ja pyrimme omalla toiminnallamme pienent\u00e4m\u00e4\u00e4n hiilijalanj\u00e4lke\u00e4mme ja kehitt\u00e4m\u00e4\u00e4n vastuullista toimintaa yrityksess\u00e4mme jatkuvasti. Tekstiiliteollisuus on maailman toiseksi saastuttavin teollisuudenala, ja me haluamme olla osa vastarintaa. Tekstiilimme on tuottanut Suomalainen Napatukku, joka osaltaan on selvitt\u00e4nyt meille, ett\u00e4 [&hellip;]<\/p>\n","protected":false},"author":19970,"featured_media":0,"parent":0,"menu_order":0,"comment_status":"closed","ping_status":"closed","template":"","meta":{"site-sidebar-layout":"default","site-content-layout":"","ast-site-content-layout":"default","site-content-style":"default","site-sidebar-style":"default","ast-global-header-display":"","ast-banner-title-visibility":"","ast-main-header-display":"","ast-hfb-above-header-display":"","ast-hfb-below-header-display":"","ast-hfb-mobile-header-display":"","site-post-title":"","ast-breadcrumbs-content":"","ast-featured-img":"","footer-sml-layout":"","ast-disable-related-posts":"","theme-transparent-header-meta":"","adv-header-id-meta":"","stick-header-meta":"","header-above-stick-meta":"","header-main-stick-meta":"","header-below-stick-meta":"","astra-migrate-meta-layouts":"default","ast-page-background-enabled":"default","ast-page-background-meta":{"desktop":{"background-color":"var(--ast-global-color-4)","background-image":"","background-repeat":"repeat","background-position":"center center","background-size":"auto","background-attachment":"scroll","background-type":"","background-media":"","overlay-type":"","overlay-color":"","overlay-opacity":"","overlay-gradient":""},"tablet":{"background-color":"","background-image":"","background-repeat":"repeat","background-position":"center center","background-size":"auto","background-attachment":"scroll","background-type":"","background-media":"","overlay-type":"","overlay-color":"","overlay-opacity":"","overlay-gradient":""},"mobile":{"background-color":"","background-image":"","background-repeat":"repeat","background-position":"center center","background-size":"auto","background-attachment":"scroll","background-type":"","background-media":"","overlay-type":"","overlay-color":"","overlay-opacity":"","overlay-gradient":""}},"ast-content-background-meta":{"desktop":{"background-color":"var(--ast-global-color-5)","background-image":"","background-repeat":"repeat","background-position":"center center","background-size":"auto","background-attachment":"scroll","background-type":"","background-media":"","overlay-type":"","overlay-color":"","overlay-opacity":"","overlay-gradient":""},"tablet":{"background-color":"var(--ast-global-color-5)","background-image":"","background-repeat":"repeat","background-position":"center center","background-size":"auto","background-attachment":"scroll","background-type":"","background-media":"","overlay-type":"","overlay-color":"","overlay-opacity":"","overlay-gradient":""},"mobile":{"background-color":"var(--ast-global-color-5)","background-image":"","background-repeat":"repeat","background-position":"center center","background-size":"auto","background-attachment":"scroll","background-type":"","background-media":"","overlay-type":"","overlay-color":"","overlay-opacity":"","overlay-gradient":""}},"footnotes":""},"class_list":["post-54","page","type-page","status-publish","hentry"],"_links":{"self":[{"href":"https:\/\/blogi.eoppimispalvelut.fi\/susiworkwear\/wp-json\/wp\/v2\/pages\/54","targetHints":{"allow":["GET"]}}],"collection":[{"href":"https:\/\/blogi.eoppimispalvelut.fi\/susiworkwear\/wp-json\/wp\/v2\/pages"}],"about":[{"href":"https:\/\/blogi.eoppimispalvelut.fi\/susiworkwear\/wp-json\/wp\/v2\/types\/page"}],"author":[{"embeddable":true,"href":"https:\/\/blogi.eoppimispalvelut.fi\/susiworkwear\/wp-json\/wp\/v2\/users\/19970"}],"replies":[{"embeddable":true,"href":"https:\/\/blogi.eoppimispalvelut.fi\/susiworkwear\/wp-json\/wp\/v2\/comments?post=54"}],"version-history":[{"count":7,"href":"https:\/\/blogi.eoppimispalvelut.fi\/susiworkwear\/wp-json\/wp\/v2\/pages\/54\/revisions"}],"predecessor-version":[{"id":328,"href":"https:\/\/blogi.eoppimispalvelut.fi\/susiworkwear\/wp-json\/wp\/v2\/pages\/54\/revisions\/328"}],"wp:attachment":[{"href":"https:\/\/blogi.eoppimispalvelut.fi\/susiworkwear\/wp-json\/wp\/v2\/media?parent=54"}],"curies":[{"name":"wp","href":"https:\/\/api.w.org\/{rel}","templated":true}]}}