{"id":59,"date":"2022-11-25T18:47:47","date_gmt":"2022-11-25T16:47:47","guid":{"rendered":"https:\/\/blogi.eoppimispalvelut.fi\/susiworkwear\/?page_id=59"},"modified":"2023-03-15T13:08:09","modified_gmt":"2023-03-15T11:08:09","slug":"palvelut","status":"publish","type":"page","link":"https:\/\/blogi.eoppimispalvelut.fi\/susiworkwear\/palvelut\/","title":{"rendered":"PALVELUMME"},"content":{"rendered":"\n<div style=\"height:100px\" aria-hidden=\"true\" class=\"wp-block-spacer\"><\/div>\n\n\n\n<figure class=\"wp-block-image size-full is-resized\"><img loading=\"lazy\" decoding=\"async\" src=\"https:\/\/blogi.eoppimispalvelut.fi\/susiworkwear\/files\/2022\/11\/Capturell.png\" alt=\"\" class=\"wp-image-60\" width=\"1202\" height=\"156\" srcset=\"https:\/\/blogi.eoppimispalvelut.fi\/susiworkwear\/files\/2022\/11\/Capturell.png 1087w, https:\/\/blogi.eoppimispalvelut.fi\/susiworkwear\/files\/2022\/11\/Capturell-900x117.png 900w, https:\/\/blogi.eoppimispalvelut.fi\/susiworkwear\/files\/2022\/11\/Capturell-768x100.png 768w\" sizes=\"auto, (max-width: 1202px) 100vw, 1202px\" \/><\/figure>\n\n\n\n<div style=\"height:30px\" aria-hidden=\"true\" class=\"wp-block-spacer\"><\/div>\n\n\n\n<p class=\"has-text-align-center has-medium-font-size\"><strong>Pesulapalvelu<\/strong><\/p>\n\n\n\n<p class=\"has-text-align-center\">Susi Workwear Opy tarjoaa pesulapalveluita ty\u00f6vaatteille ammattitaidolla. Meid\u00e4n tekstiilialan ammattilaiset huolehtivat, ett\u00e4 sinulla on k\u00e4yt\u00f6ss\u00e4si puhtaat ja ehyet ty\u00f6vaatteet, jotta muut saavat huolitellun kuvan yrityksesi imagosta. Pesulapalvelu toimii joustavasti sinun yrityksesi tarpeiden mukaan lyhyell\u00e4 aikataululla. Palvelu j\u00e4rjestyy my\u00f6s viikonloppuisin. <\/p>\n\n\n\n<p class=\"has-text-align-center\">S\u00e4\u00e4nn\u00f6llinen ty\u00f6vaatteiden pesu ja huolto lis\u00e4\u00e4v\u00e4t ty\u00f6vaatteiden k\u00e4ytt\u00f6ik\u00e4\u00e4. <\/p>\n\n\n\n<div class=\"wp-block-columns alignwide is-layout-flex wp-container-core-columns-is-layout-28f84493 wp-block-columns-is-layout-flex\">\n<div class=\"wp-block-column has-text-color has-background has-link-color wp-elements-b4b5c25152da21763a6d19d7ad5b99f8 is-layout-flow wp-block-column-is-layout-flow\" style=\"color:#000000;background-color:#a6d3bf;padding-top:2em;padding-right:2em;padding-bottom:2em;padding-left:2em\">\n<h2 class=\"wp-block-heading\" id=\"single\" style=\"font-size:30px\">Uudet asiakkaat<\/h2>\n\n\n\n<p class=\"has-normal-font-size\" style=\"line-height:1.5\">Alle kuuden kuukauden kestoinen m\u00e4\u00e4r\u00e4aikainen tilaus<\/p>\n\n\n\n<p>Tai<\/p>\n\n\n\n<p>Toistaiseksi voimassa oleva tilaus<\/p>\n\n\n\n<hr class=\"wp-block-separator has-text-color has-css-opacity has-background is-style-wide\" style=\"background-color:#000000;color:#000000\" \/>\n\n\n\n<ul class=\"wp-block-list\">\n<li>Vaatteiden haku yrityksenne tiloista<\/li>\n\n\n\n<li>Pesu ja kuivaus<\/li>\n\n\n\n<li>Tahranpoisto<\/li>\n\n\n\n<li>Vaatteiden tarkastus ja tarvittaessa korjaus<\/li>\n\n\n\n<li>Kuljetus takaisin yrityksenne tiloihin<\/li>\n<\/ul>\n\n\n\n<div class=\"wp-block-buttons alignfull is-horizontal is-content-justification-center is-layout-flex wp-container-core-buttons-is-layout-03627597 wp-block-buttons-is-layout-flex\">\n<div class=\"wp-block-button has-custom-width wp-block-button__width-100\"><a class=\"wp-block-button__link has-white-color has-text-color has-background no-border-radius wp-element-button\" style=\"background-color:#000000\">yksi kerta viikossa &#8211; 349 \u20ac \/kk (sis. ALV)<\/a><\/div>\n\n\n\n<div class=\"wp-block-button has-custom-width wp-block-button__width-100\"><a class=\"wp-block-button__link has-white-color has-text-color has-background no-border-radius wp-element-button\" style=\"background-color:#000000\">kaksi kertaa viikossa &#8211; 499 \u20ac \/kk (sis. ALV)<\/a><\/div>\n<\/div>\n<\/div>\n\n\n\n<div class=\"wp-block-column has-text-color has-background has-link-color wp-elements-c09a30d9b589674e1b45b744f750c95d is-layout-flow wp-block-column-is-layout-flow\" style=\"color:#000000;background-color:#a6d3bf;padding-top:2em;padding-right:2em;padding-bottom:2em;padding-left:2em\">\n<h2 class=\"wp-block-heading\" id=\"family\" style=\"font-size:30px\">Kanta-asiakkaat<\/h2>\n\n\n\n<p>M\u00e4\u00e4r\u00e4aikainen kuuden kuukauden tilaus, jonka j\u00e4lkeen tilaus jatkuu toistaiseksi voimassa olevana&nbsp;<\/p>\n\n\n\n<p>Tai<\/p>\n\n\n\n<p>Jos asiakas on tilannut normaaleilla hinnoilla kuusi kuukautta yht\u00e4jaksoisesti, vaihdetaan tilaukseen automaattisesti kanta-asiakashinnat<\/p>\n\n\n\n<hr class=\"wp-block-separator has-css-opacity is-style-wide\" \/>\n\n\n\n<ul class=\"wp-block-list\">\n<li>Vaatteiden haku yrityksenne tiloista<\/li>\n\n\n\n<li>Pesu ja kuivaus<\/li>\n\n\n\n<li>Tahranpoisto<\/li>\n\n\n\n<li>Vaatteiden tarkastus ja tarvittaessa korjaus<\/li>\n\n\n\n<li>Kuljetus takaisin yrityksenne tiloihin<\/li>\n<\/ul>\n\n\n\n<div class=\"wp-block-buttons alignfull is-horizontal is-content-justification-center is-layout-flex wp-container-core-buttons-is-layout-03627597 wp-block-buttons-is-layout-flex\">\n<div class=\"wp-block-button has-custom-width wp-block-button__width-100 is-style-fill\"><a class=\"wp-block-button__link has-white-color has-text-color has-background no-border-radius wp-element-button\" style=\"background-color:#000000\">yksi kerta viikossa &#8211; 249 \u20ac \/kk (sis. ALV)<\/a><\/div>\n\n\n\n<div class=\"wp-block-button has-custom-width wp-block-button__width-100 is-style-fill\"><a class=\"wp-block-button__link has-white-color has-text-color has-background no-border-radius wp-element-button\" style=\"background-color:#000000\">kaksi kertaa viikossa &#8211; 399 \u20ac \/kk (sis. ALV)<\/a><\/div>\n<\/div>\n<\/div>\n<\/div>\n\n\n\n<p class=\"has-text-align-center\">Pakettihinnat ovat viiden henkil\u00f6n vaatteille. <\/p>\n\n\n\n<p class=\"has-text-align-center\">K\u00e4yt\u00e4mme kaikissa pesuissa biohajoavaa, vegaanista sek\u00e4 hajusteetonta tahranpoistoainetta ja pyykinpesuainetta. Ty\u00f6n laadun vaatiessa asiakkaalla on mahdollisuus pyyt\u00e4\u00e4 vaatteille desinfioiva puhdistusaine. <\/p>\n\n\n\n<p class=\"has-text-align-center\">Ota yhteys s\u00e4hk\u00f6postilla.<\/p>\n","protected":false},"excerpt":{"rendered":"<p>Pesulapalvelu Susi Workwear Opy tarjoaa pesulapalveluita ty\u00f6vaatteille ammattitaidolla. Meid\u00e4n tekstiilialan ammattilaiset huolehtivat, ett\u00e4 sinulla on k\u00e4yt\u00f6ss\u00e4si puhtaat ja ehyet ty\u00f6vaatteet, jotta muut saavat huolitellun kuvan yrityksesi imagosta. Pesulapalvelu toimii joustavasti sinun yrityksesi tarpeiden mukaan lyhyell\u00e4 aikataululla. Palvelu j\u00e4rjestyy my\u00f6s viikonloppuisin. S\u00e4\u00e4nn\u00f6llinen ty\u00f6vaatteiden pesu ja huolto lis\u00e4\u00e4v\u00e4t ty\u00f6vaatteiden k\u00e4ytt\u00f6ik\u00e4\u00e4. Uudet asiakkaat Alle kuuden kuukauden kestoinen m\u00e4\u00e4r\u00e4aikainen [&hellip;]<\/p>\n","protected":false},"author":19970,"featured_media":0,"parent":0,"menu_order":0,"comment_status":"closed","ping_status":"closed","template":"","meta":{"site-sidebar-layout":"default","site-content-layout":"","ast-site-content-layout":"default","site-content-style":"default","site-sidebar-style":"default","ast-global-header-display":"","ast-banner-title-visibility":"","ast-main-header-display":"","ast-hfb-above-header-display":"","ast-hfb-below-header-display":"","ast-hfb-mobile-header-display":"","site-post-title":"","ast-breadcrumbs-content":"","ast-featured-img":"","footer-sml-layout":"","ast-disable-related-posts":"","theme-transparent-header-meta":"","adv-header-id-meta":"","stick-header-meta":"","header-above-stick-meta":"","header-main-stick-meta":"","header-below-stick-meta":"","astra-migrate-meta-layouts":"default","ast-page-background-enabled":"default","ast-page-background-meta":{"desktop":{"background-color":"var(--ast-global-color-4)","background-image":"","background-repeat":"repeat","background-position":"center center","background-size":"auto","background-attachment":"scroll","background-type":"","background-media":"","overlay-type":"","overlay-color":"","overlay-opacity":"","overlay-gradient":""},"tablet":{"background-color":"","background-image":"","background-repeat":"repeat","background-position":"center center","background-size":"auto","background-attachment":"scroll","background-type":"","background-media":"","overlay-type":"","overlay-color":"","overlay-opacity":"","overlay-gradient":""},"mobile":{"background-color":"","background-image":"","background-repeat":"repeat","background-position":"center center","background-size":"auto","background-attachment":"scroll","background-type":"","background-media":"","overlay-type":"","overlay-color":"","overlay-opacity":"","overlay-gradient":""}},"ast-content-background-meta":{"desktop":{"background-color":"var(--ast-global-color-5)","background-image":"","background-repeat":"repeat","background-position":"center center","background-size":"auto","background-attachment":"scroll","background-type":"","background-media":"","overlay-type":"","overlay-color":"","overlay-opacity":"","overlay-gradient":""},"tablet":{"background-color":"var(--ast-global-color-5)","background-image":"","background-repeat":"repeat","background-position":"center center","background-size":"auto","background-attachment":"scroll","background-type":"","background-media":"","overlay-type":"","overlay-color":"","overlay-opacity":"","overlay-gradient":""},"mobile":{"background-color":"var(--ast-global-color-5)","background-image":"","background-repeat":"repeat","background-position":"center center","background-size":"auto","background-attachment":"scroll","background-type":"","background-media":"","overlay-type":"","overlay-color":"","overlay-opacity":"","overlay-gradient":""}},"footnotes":""},"class_list":["post-59","page","type-page","status-publish","hentry"],"_links":{"self":[{"href":"https:\/\/blogi.eoppimispalvelut.fi\/susiworkwear\/wp-json\/wp\/v2\/pages\/59","targetHints":{"allow":["GET"]}}],"collection":[{"href":"https:\/\/blogi.eoppimispalvelut.fi\/susiworkwear\/wp-json\/wp\/v2\/pages"}],"about":[{"href":"https:\/\/blogi.eoppimispalvelut.fi\/susiworkwear\/wp-json\/wp\/v2\/types\/page"}],"author":[{"embeddable":true,"href":"https:\/\/blogi.eoppimispalvelut.fi\/susiworkwear\/wp-json\/wp\/v2\/users\/19970"}],"replies":[{"embeddable":true,"href":"https:\/\/blogi.eoppimispalvelut.fi\/susiworkwear\/wp-json\/wp\/v2\/comments?post=59"}],"version-history":[{"count":16,"href":"https:\/\/blogi.eoppimispalvelut.fi\/susiworkwear\/wp-json\/wp\/v2\/pages\/59\/revisions"}],"predecessor-version":[{"id":462,"href":"https:\/\/blogi.eoppimispalvelut.fi\/susiworkwear\/wp-json\/wp\/v2\/pages\/59\/revisions\/462"}],"wp:attachment":[{"href":"https:\/\/blogi.eoppimispalvelut.fi\/susiworkwear\/wp-json\/wp\/v2\/media?parent=59"}],"curies":[{"name":"wp","href":"https:\/\/api.w.org\/{rel}","templated":true}]}}