{"id":77,"date":"2022-11-25T19:27:12","date_gmt":"2022-11-25T17:27:12","guid":{"rendered":"https:\/\/blogi.eoppimispalvelut.fi\/susiworkwear\/?page_id=77"},"modified":"2023-03-15T13:54:27","modified_gmt":"2023-03-15T11:54:27","slug":"kotisivu","status":"publish","type":"page","link":"https:\/\/blogi.eoppimispalvelut.fi\/susiworkwear\/","title":{"rendered":"KOTISIVU"},"content":{"rendered":"\n<p><\/p>\n\n\n\n<p class=\"has-text-align-center has-medium-font-size\">Susi workwear Opy<\/p>\n\n\n\n<p class=\"has-text-align-center\">Susi workwear on syntynyt yhdeks\u00e4n ihmisen halusta tuottaa parempia, kest\u00e4v\u00e4mpi\u00e4 ja vastuullisemmin valmistettuja ty\u00f6vaatteita. Haluamme olla markkinoiden kest\u00e4vin ja vastuullisin ty\u00f6vaateyritys. Valitsemalla meid\u00e4n palvelut, tuet kest\u00e4v\u00e4sti tuotettuja vaatteita ja taistelet yhdess\u00e4 meid\u00e4n kanssa h\u00e4vikki\u00e4 ja pikamuotia vastaan.<\/p>\n\n\n\n<p class=\"has-text-align-center\">Meilt\u00e4 l\u00f6yd\u00e4t laadukkaat ty\u00f6vaatteet eri toimialoille, esimerkiksi rakennusalalle tai siivousalalle. Palveluistamme l\u00f6yd\u00e4t my\u00f6s painatus- ja brodeerauspalvelut sek\u00e4 pesula- ja korjauspalvelut.<\/p>\n\n\n\n<div style=\"height:100px\" aria-hidden=\"true\" class=\"wp-block-spacer\"><\/div>\n\n\n\n<div class=\"wp-block-media-text alignwide is-stacked-on-mobile\" style=\"grid-template-columns:62% auto\"><figure class=\"wp-block-media-text__media\"><img loading=\"lazy\" decoding=\"async\" width=\"757\" height=\"246\" src=\"https:\/\/blogi.eoppimispalvelut.fi\/susiworkwear\/files\/2022\/11\/Capturehi.png\" alt=\"\" class=\"wp-image-86 size-full\" \/><\/figure><div class=\"wp-block-media-text__content\">\n<div class=\"wp-block-buttons is-layout-flex wp-block-buttons-is-layout-flex\">\n<div class=\"wp-block-button has-custom-width wp-block-button__width-50 has-custom-font-size is-style-fill has-medium-font-size\"><a class=\"wp-block-button__link has-ast-global-color-8-color has-text-color has-background wp-element-button\" href=\"https:\/\/blogi.eoppimispalvelut.fi\/susiworkwear\/tuotepaketit\/\" style=\"border-radius:12px;background-color:#689a84;padding-top:var(--wp--preset--spacing--50);padding-right:var(--wp--preset--spacing--50);padding-bottom:var(--wp--preset--spacing--50);padding-left:var(--wp--preset--spacing--50)\" rel=\"https:\/\/blogi.eoppimispalvelut.fi\/susiworkwear\/tuotepaketit\/\">Tuotepaketit<\/a><\/div>\n<\/div>\n<\/div><\/div>\n\n\n\n<div style=\"height:100px\" aria-hidden=\"true\" class=\"wp-block-spacer\"><\/div>\n\n\n\n<div class=\"wp-block-media-text alignwide is-stacked-on-mobile\" style=\"grid-template-columns:62% auto\"><figure class=\"wp-block-media-text__media\"><img loading=\"lazy\" decoding=\"async\" width=\"777\" height=\"246\" src=\"https:\/\/blogi.eoppimispalvelut.fi\/susiworkwear\/files\/2022\/11\/wwwwwww.png\" alt=\"\" class=\"wp-image-84 size-full\" srcset=\"https:\/\/blogi.eoppimispalvelut.fi\/susiworkwear\/files\/2022\/11\/wwwwwww.png 777w, https:\/\/blogi.eoppimispalvelut.fi\/susiworkwear\/files\/2022\/11\/wwwwwww-768x243.png 768w\" sizes=\"auto, (max-width: 777px) 100vw, 777px\" \/><\/figure><div class=\"wp-block-media-text__content\">\n<div class=\"wp-block-buttons is-layout-flex wp-block-buttons-is-layout-flex\">\n<div class=\"wp-block-button has-custom-width wp-block-button__width-50 has-custom-font-size has-medium-font-size\"><a class=\"wp-block-button__link has-black-color has-text-color has-background wp-element-button\" href=\"https:\/\/blogi.eoppimispalvelut.fi\/susiworkwear\/palvelut\/\" style=\"border-radius:12px;background-color:#689a84;padding-top:var(--wp--preset--spacing--50);padding-right:var(--wp--preset--spacing--50);padding-bottom:var(--wp--preset--spacing--50);padding-left:var(--wp--preset--spacing--50)\">Palvelut<\/a><\/div>\n<\/div>\n<\/div><\/div>\n\n\n\n<div style=\"height:72px\" aria-hidden=\"true\" class=\"wp-block-spacer\"><\/div>\n","protected":false},"excerpt":{"rendered":"<p>Susi workwear Opy Susi workwear on syntynyt yhdeks\u00e4n ihmisen halusta tuottaa parempia, kest\u00e4v\u00e4mpi\u00e4 ja vastuullisemmin valmistettuja ty\u00f6vaatteita. Haluamme olla markkinoiden kest\u00e4vin ja vastuullisin ty\u00f6vaateyritys. Valitsemalla meid\u00e4n palvelut, tuet kest\u00e4v\u00e4sti tuotettuja vaatteita ja taistelet yhdess\u00e4 meid\u00e4n kanssa h\u00e4vikki\u00e4 ja pikamuotia vastaan. Meilt\u00e4 l\u00f6yd\u00e4t laadukkaat ty\u00f6vaatteet eri toimialoille, esimerkiksi rakennusalalle tai siivousalalle. Palveluistamme l\u00f6yd\u00e4t my\u00f6s painatus- ja [&hellip;]<\/p>\n","protected":false},"author":19970,"featured_media":0,"parent":0,"menu_order":0,"comment_status":"closed","ping_status":"closed","template":"","meta":{"site-sidebar-layout":"default","site-content-layout":"","ast-site-content-layout":"default","site-content-style":"default","site-sidebar-style":"default","ast-global-header-display":"","ast-banner-title-visibility":"","ast-main-header-display":"","ast-hfb-above-header-display":"","ast-hfb-below-header-display":"","ast-hfb-mobile-header-display":"","site-post-title":"disabled","ast-breadcrumbs-content":"","ast-featured-img":"","footer-sml-layout":"","ast-disable-related-posts":"","theme-transparent-header-meta":"","adv-header-id-meta":"","stick-header-meta":"","header-above-stick-meta":"","header-main-stick-meta":"","header-below-stick-meta":"","astra-migrate-meta-layouts":"default","ast-page-background-enabled":"default","ast-page-background-meta":{"desktop":{"background-color":"var(--ast-global-color-4)","background-image":"","background-repeat":"repeat","background-position":"center center","background-size":"auto","background-attachment":"scroll","background-type":"","background-media":"","overlay-type":"","overlay-color":"","overlay-opacity":"","overlay-gradient":""},"tablet":{"background-color":"","background-image":"","background-repeat":"repeat","background-position":"center center","background-size":"auto","background-attachment":"scroll","background-type":"","background-media":"","overlay-type":"","overlay-color":"","overlay-opacity":"","overlay-gradient":""},"mobile":{"background-color":"","background-image":"","background-repeat":"repeat","background-position":"center center","background-size":"auto","background-attachment":"scroll","background-type":"","background-media":"","overlay-type":"","overlay-color":"","overlay-opacity":"","overlay-gradient":""}},"ast-content-background-meta":{"desktop":{"background-color":"var(--ast-global-color-5)","background-image":"","background-repeat":"repeat","background-position":"center center","background-size":"auto","background-attachment":"scroll","background-type":"","background-media":"","overlay-type":"","overlay-color":"","overlay-opacity":"","overlay-gradient":""},"tablet":{"background-color":"var(--ast-global-color-5)","background-image":"","background-repeat":"repeat","background-position":"center center","background-size":"auto","background-attachment":"scroll","background-type":"","background-media":"","overlay-type":"","overlay-color":"","overlay-opacity":"","overlay-gradient":""},"mobile":{"background-color":"var(--ast-global-color-5)","background-image":"","background-repeat":"repeat","background-position":"center center","background-size":"auto","background-attachment":"scroll","background-type":"","background-media":"","overlay-type":"","overlay-color":"","overlay-opacity":"","overlay-gradient":""}},"footnotes":""},"class_list":["post-77","page","type-page","status-publish","hentry"],"_links":{"self":[{"href":"https:\/\/blogi.eoppimispalvelut.fi\/susiworkwear\/wp-json\/wp\/v2\/pages\/77","targetHints":{"allow":["GET"]}}],"collection":[{"href":"https:\/\/blogi.eoppimispalvelut.fi\/susiworkwear\/wp-json\/wp\/v2\/pages"}],"about":[{"href":"https:\/\/blogi.eoppimispalvelut.fi\/susiworkwear\/wp-json\/wp\/v2\/types\/page"}],"author":[{"embeddable":true,"href":"https:\/\/blogi.eoppimispalvelut.fi\/susiworkwear\/wp-json\/wp\/v2\/users\/19970"}],"replies":[{"embeddable":true,"href":"https:\/\/blogi.eoppimispalvelut.fi\/susiworkwear\/wp-json\/wp\/v2\/comments?post=77"}],"version-history":[{"count":14,"href":"https:\/\/blogi.eoppimispalvelut.fi\/susiworkwear\/wp-json\/wp\/v2\/pages\/77\/revisions"}],"predecessor-version":[{"id":469,"href":"https:\/\/blogi.eoppimispalvelut.fi\/susiworkwear\/wp-json\/wp\/v2\/pages\/77\/revisions\/469"}],"wp:attachment":[{"href":"https:\/\/blogi.eoppimispalvelut.fi\/susiworkwear\/wp-json\/wp\/v2\/media?parent=77"}],"curies":[{"name":"wp","href":"https:\/\/api.w.org\/{rel}","templated":true}]}}