{"id":64,"date":"2019-11-07T11:24:43","date_gmt":"2019-11-07T09:24:43","guid":{"rendered":"https:\/\/blogi.eoppimispalvelut.fi\/tainankauppa\/?page_id=64"},"modified":"2019-11-07T13:43:06","modified_gmt":"2019-11-07T11:43:06","slug":"toimitusehdot","status":"publish","type":"page","link":"https:\/\/blogi.eoppimispalvelut.fi\/tainankauppa\/toimitusehdot\/","title":{"rendered":"Toimitusehdot"},"content":{"rendered":"<p><strong>Tilaaminen<\/strong><br \/>\nL\u00f6ydetty\u00e4si mielenkiintoisen tuotteen<\/p>\n<ol>\n<li>Valitse tuotteet<\/li>\n<li>T\u00e4yt\u00e4 yhteystietosi huolellisesti. Jos haluat, ett\u00e4 l\u00e4het\u00e4mme tuotteen toiselle henkil\u00f6lle esim. lahjaksi, ilmoita h\u00e4nen osoite tietonsa.<\/li>\n<li>Valitse sinulle sopivin toimitus- ja maksutapa<\/li>\n<li>Tarkista tilaus ja hyv\u00e4ksy ja lue toimitusehdot.<\/li>\n<\/ol>\n<p>Kaikki sivustolla listatut hinnat sis\u00e4lt\u00e4v\u00e4t arvonlis\u00e4veron 24% tai 14%<\/p>\n<p><strong>Tilausvahvistus<\/strong><\/p>\n<p>Kaikki tilaukset vahvistetaan s\u00e4hk\u00f6postilla, jossa ilmenee tilauksen hinta, toimituskulut sek\u00e4 tilatut tuotteet. Tilausvahvistuksen saaminen edellytt\u00e4\u00e4 s\u00e4hk\u00f6postiosoitteen ilmoittamista tilauksen yhteydess\u00e4. Huomioi, ett\u00e4 esim. Hotmail ja Yahoo s\u00e4hk\u00f6postia k\u00e4ytt\u00e4ess\u00e4si, tilausvahvistusviesti voi menn\u00e4 suoraan roskapostiksi. Saat s\u00e4hk\u00f6postiisi tilausvahvistuksen maksettuasi tilauksen, ja uuden ilmoituksen Postin \u00a0tai Matkahuollon l\u00e4hetystunnuksineen, kun tilauksesi on pakattu.Sopimus tuotteiden toimittamisesta syntyy tilausvahvistuksen yhteydess\u00e4. Voit my\u00f6s seurata tilauksesi tilaa ja etenemist\u00e4 kirjautumalla verkkokauppaan, \u201doma tili\u201d linkist\u00e4 n\u00e4et tilauksesi vaiheen. Saat my\u00f6s antamaasi s\u00e4hk\u00f6postiin viestin tilauksen tilasta tai muutoksista.<\/p>\n<p><strong>Toimitusaika<\/strong><\/p>\n<p>Tuotteet jotka ovat varastossamme toimitetaan eteenp\u00e4in tiistaisin ja torstaisin. Mik\u00e4li jokin tilattu tuote on tilap\u00e4isesti loppunut tai jos toimittamiseen tulee jokin ennalta arvaamaton viiv\u00e4stys, niin tilaajalle ilmoitetaan t\u00e4st\u00e4 viipym\u00e4tt\u00e4.<\/p>\n<p><strong>Toimitusmaksut ja toimitustavat<\/strong><br \/>\nToimitustapoina k\u00e4ytet\u00e4\u00e4n :<\/p>\n<ul>\n<li>Kirje 2.00\u20ac.<\/li>\n<\/ul>\n<ul>\n<li>Posti Economy 6.50\u20ac Tilauksesi toimitetaan l\u00e4himp\u00e4\u00e4n Postin toimipisteeseesi. Saat s\u00e4hk\u00f6postitse l\u00e4hetystunnuksen, jolla voit seurata l\u00e4hetyksesi kulkua. Posti l\u00e4hett\u00e4\u00e4 noutopyynn\u00f6n antamaasi puhelinnumeroon ja\/tai s\u00e4hk\u00f6postiosoitteeseesi, kun pakettisi on noudettavissa. T\u00e4m\u00e4 toimitustapa on voimassa Suomen ja Ahvenanmaan tilauksissa.<\/li>\n<\/ul>\n<ul>\n<li>Nouto Postin pakettiautomaatista 6.50\u20ac Voit noutaa pakettisi valitsemastasi postin pakettiautomaatista. Paketteja jotka ylitt\u00e4v\u00e4t paino- ja kokorajoitukset, ei voida toimittaa pakettiautomaattiin. Lue lis\u00e4\u00e4 maksuttomasta \u00a0Postin Oma Noutopiste palvelusta.<\/li>\n<li>Postin kotiinkuljetus 11,90\u20ac. Valitse t\u00e4m\u00e4 vaihtoehto kassalla, jos haluat pakettisi kotiinkannettuna. Posti ottaa puhelimitse yhteytt\u00e4 vastaanottajaan 1-2 ty\u00f6p\u00e4iv\u00e4n kuluessa l\u00e4hett\u00e4misest\u00e4 toimitusajankohdan sopimiseksi.<\/li>\n<li>Nouto Matkahuollon pakettipisteit\u00e4 ( L\u00e4hi \/ verkkopaketti ) \u00a07,50\u20ac.Tilauksesi toimitetaan osoitettasi l\u00e4himp\u00e4\u00e4n Matkahuollon Pakettipisteeseen (K-Marketit, R-kioskit, Tokmannit ja monet muut yritykset). Saat tekstiviestin tai s\u00e4hk\u00f6postin heti, kun tilaus on noudettavissa. <u><\/u><\/li>\n<li>Nouto Matkahuollosta ( bussipaketti) 7,50\u20ac.Tilauksesi toimitetaan osoitettasi l\u00e4himp\u00e4\u00e4n tai valitsemaasi Matkahuoltoon tai Matkahuolto-asiamiespisteeseen. Saat tekstiviestin tai s\u00e4hk\u00f6postin heti, kun tilaus on noudettavissa. Anna osoite tilaajan tietoihin, jotta voit valita haluamasi noutopisteen. <u><\/u><\/li>\n<li>Matkahuollon Jakopaketti 11.90\u20ac. Toimitus suoraan kotiovellesi sovitusti. L\u00e4hetys toimitetaan ilmoittamaasi osoitteeseen arkip\u00e4ivisin.<\/li>\n<\/ul>\n<div class=\"module page-module\">\n<div class=\"module-content\">\n<div class=\"fr-view\">\n<p><strong>Maksutavat<\/strong><\/p>\n<ul>\n<li>Pankki- ja luottokortit<\/li>\n<li>Klarna : Lasku ja Osamaksu<\/li>\n<\/ul>\n<p><strong>Tuotteiden palautus<\/strong><\/p>\n<p>Tilauksen peruutus onnistuu helposti ja nopeasti ennen tilauksen l\u00e4hetyst\u00e4, l\u00e4het\u00e4 s\u00e4hk\u00f6postitse viesti tai soita, jossa kerrot peruutettavan tuotteen nimikkeen. N\u00e4in v\u00e4ltymme turhilta l\u00e4hetyskuluilta.<\/p>\n<p>Jos tuote ei vastaa odotuksiasi, voit palauttaa sen 14 p\u00e4iv\u00e4n kuluessa vastaanottamisesta, mik\u00e4li tuote on k\u00e4ytt\u00e4m\u00e4t\u00f6n ja siin\u00e4 kunnossa, jossa sen vastaanotit ja kaikki tuotteeseen kuuluvat osat ovat tallella. Palautettava tuote pit\u00e4\u00e4 olla pakattu alkuper\u00e4iseen kuljetuspakkaukseensa tai vastaavalla tavalla. Palautuksesta tulee kuitenkin aina ilmoittaa etuk\u00e4teen, joko s\u00e4hk\u00f6postitse osoitteeseen tainanlahjakauppa@outlook.com tai puhelimitse numeroon 040-233 4556. Ilmoita seuraavat tiedot:<\/p>\n<ul>\n<li>Tilaajan nimi<\/li>\n<li>Tilaajan osoite<\/li>\n<li>Tieto palautettavasta tuotteesta<\/li>\n<li>Tilaajan IBAN-tilinumero<\/li>\n<\/ul>\n<p>Voit vied\u00e4 tuotteet postiin ja ilmoittaa kyseess\u00e4 olevan asiakaspalautus. S\u00e4ilyt\u00e4th\u00e4n postista saamasi kuitin tositteena palautuksestasi.Liit\u00e4 palautuksen mukaan palatuslomake, joka toimitetaan tilauksesi mukana. Palautettaessa k\u00e4yt\u00e4 aina samaa kuljetusmuotoa, kuin vastaanotettaessa. Paketin p\u00e4\u00e4lle merkint\u00e4: Asiakaspalautus.<\/p>\n<p>Tuotteiden palautuksessa asiakas maksaa itse kaikki l\u00e4hetyksist\u00e4 aiheutuneet kustannukset. Palautuksen ylitt\u00e4ess\u00e4 14 p\u00e4iv\u00e4\u00e4 veloitamme asiakkaalta kaikki postikulut ja muut tilauksen maksusta aiheutuneet kulut ennen rahojen palautusta. Huomioithan, ett\u00e4 tilauksen noutamatta j\u00e4tt\u00e4minen ei t\u00e4yt\u00e4 palautusehtoja. Noutamatta j\u00e4tettyjen pakettien kaikki toteutuneet postikulut sek\u00e4 muut kulut veloitetaan asiakkaalta ennen rahojen palauttamista.<\/p>\n<p>Palautamme rahat tilillesi, kun palautuksesi on vastaanotettu , k\u00e4sitelty ja tuotteiden kunto tarkistettu. Huom. Jos olet tehnyt tilauksen laskulla tai osamaksulla, informoimme laskutuspalveluntarjoajaa kun palautus on saapunut myym\u00e4l\u00e4\u00e4n.<\/p>\n<p>Myym\u00e4l\u00e4st\u00e4 noudettujen verkkokauppatilausten palautus tehd\u00e4\u00e4n myym\u00e4l\u00e4\u00e4n.<\/p>\n<p>Mik\u00e4li tuotteet on tilattu ilmaiseen toimitukseen oikeuttavalla kampanjalla, jonka ehtona on tietty tilauksen loppusumma, toimituskulut veloitetaan mik\u00e4li tilaus ei palautuksen j\u00e4lkeen t\u00e4yt\u00e4 t\u00e4t\u00e4 ehtoa.<\/p>\n<p>Mik\u00e4li tuote on vioittunut kuljetuksen aikana, tee postiin vahinkoilmoitus v\u00e4litt\u00f6m\u00e4sti ja ole Tiitunpuotiin yhteydess\u00e4. Palauta tuote yhdess\u00e4 tilausvahvistuksen kanssa. Lis\u00e4\u00e4 lomakkeeseen tilinumerosi rahojen palauttamista varten. Palauta tuote postin kautta halvimmalla tavalla.<\/p>\n<p><strong>Postil\u00e4hetyksen viiv\u00e4styminen tai katoaminen<\/strong><\/p>\n<p>Mik\u00e4li l\u00e4hetys ei saavu perille tai saapuu my\u00f6h\u00e4ss\u00e4 perille, pyyd\u00e4mme ottamaan yhteytt\u00e4 Postin myym\u00e4l\u00e4\u00e4n tai myyntipisteeseen. He opastavat tiedustelun tekemiseen l\u00e4hetyksen osalta.<\/p>\n<p><strong>Tuotteen vaihtaminen<\/strong><\/p>\n<p>Jos haluat vaihtaa tilaamasi tuotteen toiseen, tulee sinun tehd\u00e4 uusi tilaus. Vaihdettava tuote palautetaan normaalisti yll\u00e4olevan ohjeen mukaan. Uudesta tilauksesta veloitamme aina toimituskulut.<\/p>\n<p><strong>Pakkausmateriaali<\/strong><\/p>\n<p>L\u00e4hetett\u00e4v\u00e4t tuotteet pakkaamme ensisijaisesti kierr\u00e4tt\u00e4en meille saapuneet pahvilaatikot kest\u00e4v\u00e4n kehityksen periaatteiden mukaisesti.<\/p>\n<p><strong>Muuta<\/strong><\/p>\n<p>Emme vastaa sivuilla mahdollisesti olevista kirjoitus- lasku- tai j\u00e4rjestelm\u00e4virheist\u00e4. Mik\u00e4li t\u00e4llaisesta virheest\u00e4 koituu ongelmia, myyj\u00e4 ei ole velvollinen toimittamaan tuotteitaan virheellisten tietojen perusteella. Asiakas p\u00e4\u00e4tt\u00e4\u00e4 hyv\u00e4ksyyk\u00f6 h\u00e4n tilauksen korjatuin tiedoin ja ehdoin.<\/p>\n<p><strong>Toimitapa<\/strong><\/p>\n<p>Noudatamme kaikessa toiminnassa voimassa olevia Suomen lakeja ja hyv\u00e4\u00e4 kauppatapaa. Toimintaperiaatteemme on tyytyv\u00e4inen asiakas.Toimitapaamme kuuluu nopea toimitus sek\u00e4 asikaspalvelun toimivuus. Otamme mielell\u00e4mme asiakkailta vastaan palautetta, niin risuja kuin ruusujakin tainanlahjakauppa@outlook.com, voit my\u00f6s soittaa, jos sinulla on kysytt\u00e4v\u00e4\u00e4 : 040 233 4556.<\/p>\n<p><strong>Riitojen ratkaisu<\/strong><\/p>\n<ul>\n<li>Ensisijaisesti pyrimme ratkaisemaan kaikki riitatilanteet neuvottelemalla asiakkaan kanssa joko s\u00e4hk\u00f6postitse, puhelimitse tai tapaamisen yhteydess\u00e4.<\/li>\n<li>Jos kauppasopimusta koskevaa erimielisyytt\u00e4 ei saada ratkaistuksi osapuolten v\u00e4lisill\u00e4 neuvotteluilla, kuluttaja voi saattaa asian kuluttajariitalautakunnan ratkaistavaksi.<\/li>\n<li>Ennen asian viemist\u00e4 kuluttajariitalautakunnan k\u00e4sittelyyn kuluttajan tulee olla yhteydess\u00e4 maistraattien kuluttajaneuvontaan.<\/li>\n<\/ul>\n<\/div>\n<\/div>\n<\/div>\n<div class=\"module product-carousel-module products-assorted\"><\/div>\n","protected":false},"excerpt":{"rendered":"<p>Tilaaminen L\u00f6ydetty\u00e4si mielenkiintoisen tuotteen Valitse tuotteet T\u00e4yt\u00e4 yhteystietosi huolellisesti. Jos haluat, ett\u00e4 l\u00e4het\u00e4mme tuotteen toiselle henkil\u00f6lle esim. lahjaksi, ilmoita h\u00e4nen osoite tietonsa. Valitse sinulle sopivin toimitus- ja maksutapa Tarkista tilaus ja hyv\u00e4ksy ja lue toimitusehdot. Kaikki sivustolla listatut hinnat sis\u00e4lt\u00e4v\u00e4t arvonlis\u00e4veron 24% tai 14% Tilausvahvistus Kaikki tilaukset vahvistetaan s\u00e4hk\u00f6postilla, jossa ilmenee tilauksen hinta, toimituskulut sek\u00e4 [&hellip;]<\/p>\n","protected":false},"author":3976,"featured_media":0,"parent":0,"menu_order":0,"comment_status":"closed","ping_status":"closed","template":"","meta":{"footnotes":""},"class_list":["post-64","page","type-page","status-publish","hentry"],"_links":{"self":[{"href":"https:\/\/blogi.eoppimispalvelut.fi\/tainankauppa\/wp-json\/wp\/v2\/pages\/64","targetHints":{"allow":["GET"]}}],"collection":[{"href":"https:\/\/blogi.eoppimispalvelut.fi\/tainankauppa\/wp-json\/wp\/v2\/pages"}],"about":[{"href":"https:\/\/blogi.eoppimispalvelut.fi\/tainankauppa\/wp-json\/wp\/v2\/types\/page"}],"author":[{"embeddable":true,"href":"https:\/\/blogi.eoppimispalvelut.fi\/tainankauppa\/wp-json\/wp\/v2\/users\/3976"}],"replies":[{"embeddable":true,"href":"https:\/\/blogi.eoppimispalvelut.fi\/tainankauppa\/wp-json\/wp\/v2\/comments?post=64"}],"version-history":[{"count":7,"href":"https:\/\/blogi.eoppimispalvelut.fi\/tainankauppa\/wp-json\/wp\/v2\/pages\/64\/revisions"}],"predecessor-version":[{"id":104,"href":"https:\/\/blogi.eoppimispalvelut.fi\/tainankauppa\/wp-json\/wp\/v2\/pages\/64\/revisions\/104"}],"wp:attachment":[{"href":"https:\/\/blogi.eoppimispalvelut.fi\/tainankauppa\/wp-json\/wp\/v2\/media?parent=64"}],"curies":[{"name":"wp","href":"https:\/\/api.w.org\/{rel}","templated":true}]}}