{"id":75,"date":"2019-11-07T11:49:50","date_gmt":"2019-11-07T09:49:50","guid":{"rendered":"https:\/\/blogi.eoppimispalvelut.fi\/tainankauppa\/?page_id=75"},"modified":"2019-11-07T13:35:15","modified_gmt":"2019-11-07T11:35:15","slug":"tarjoukset","status":"publish","type":"page","link":"https:\/\/blogi.eoppimispalvelut.fi\/tainankauppa\/tarjoukset\/","title":{"rendered":"Tarjoukset"},"content":{"rendered":"<p><img loading=\"lazy\" decoding=\"async\" class=\"alignnone wp-image-80\" src=\"https:\/\/blogi.eoppimispalvelut.fi\/tainankauppa\/files\/2019\/11\/kyn\u00e4-300x300.jpg\" alt=\"\" width=\"265\" height=\"265\" srcset=\"https:\/\/blogi.eoppimispalvelut.fi\/tainankauppa\/files\/2019\/11\/kyn\u00e4-300x300.jpg 300w, https:\/\/blogi.eoppimispalvelut.fi\/tainankauppa\/files\/2019\/11\/kyn\u00e4-150x150.jpg 150w, https:\/\/blogi.eoppimispalvelut.fi\/tainankauppa\/files\/2019\/11\/kyn\u00e4-768x768.jpg 768w, https:\/\/blogi.eoppimispalvelut.fi\/tainankauppa\/files\/2019\/11\/kyn\u00e4-1024x1024.jpg 1024w\" sizes=\"auto, (max-width: 265px) 100vw, 265px\" \/> \u00a0 \u00a0 \u00a0\u00a0 \u00a0 <img loading=\"lazy\" decoding=\"async\" class=\"alignnone wp-image-81\" src=\"https:\/\/blogi.eoppimispalvelut.fi\/tainankauppa\/files\/2019\/11\/muki-300x200.jpg\" alt=\"\" width=\"395\" height=\"264\" srcset=\"https:\/\/blogi.eoppimispalvelut.fi\/tainankauppa\/files\/2019\/11\/muki-300x200.jpg 300w, https:\/\/blogi.eoppimispalvelut.fi\/tainankauppa\/files\/2019\/11\/muki-768x512.jpg 768w, https:\/\/blogi.eoppimispalvelut.fi\/tainankauppa\/files\/2019\/11\/muki-1024x683.jpg 1024w\" sizes=\"auto, (max-width: 395px) 100vw, 395px\" \/><\/p>\n<p>Laadukas ja n\u00e4ytt\u00e4v\u00e4 kuulak\u00e4rkikyn\u00e4\u00a0\u00a0\u00a0\u00a0\u00a0\u00a0\u00a0\u00a0\u00a0\u00a0\u00a0\u00a0\u00a0\u00a0\u00a0\u00a0\u00a0\u00a0\u00a0\u00a0 Las Vegas muki<\/p>\n<p>26 \u20ac\u00a0 <strong>nyt 17 \u20ac\u00a0\u00a0\u00a0\u00a0\u00a0\u00a0\u00a0\u00a0\u00a0\u00a0\u00a0\u00a0\u00a0\u00a0\u00a0\u00a0\u00a0\u00a0\u00a0\u00a0\u00a0\u00a0\u00a0\u00a0\u00a0\u00a0\u00a0\u00a0\u00a0\u00a0\u00a0\u00a0\u00a0\u00a0\u00a0\u00a0\u00a0\u00a0\u00a0\u00a0\u00a0\u00a0\u00a0\u00a0\u00a0\u00a0\u00a0\u00a0\u00a0\u00a0\u00a0\u00a0\u00a0\u00a0\u00a0\u00a0\u00a0\u00a0 \u00a0 <\/strong>14 \u20ac<strong>\u00a0 nyt 8 \u20ac<br \/>\n<\/strong><\/p>\n<p><img loading=\"lazy\" decoding=\"async\" class=\"alignnone wp-image-82\" src=\"https:\/\/blogi.eoppimispalvelut.fi\/tainankauppa\/files\/2019\/11\/sakit-225x300.jpg\" alt=\"\" width=\"225\" height=\"300\" srcset=\"https:\/\/blogi.eoppimispalvelut.fi\/tainankauppa\/files\/2019\/11\/sakit-225x300.jpg 225w, https:\/\/blogi.eoppimispalvelut.fi\/tainankauppa\/files\/2019\/11\/sakit-768x1024.jpg 768w\" sizes=\"auto, (max-width: 225px) 100vw, 225px\" \/> \u00a0\u00a0\u00a0\u00a0\u00a0\u00a0\u00a0\u00a0\u00a0\u00a0\u00a0\u00a0\u00a0\u00a0\u00a0\u00a0\u00a0\u00a0\u00a0\u00a0\u00a0\u00a0\u00a0\u00a0\u00a0\u00a0\u00a0 <img loading=\"lazy\" decoding=\"async\" class=\"alignnone wp-image-78\" src=\"https:\/\/blogi.eoppimispalvelut.fi\/tainankauppa\/files\/2019\/11\/hillot-208x300.jpg\" alt=\"\" width=\"207\" height=\"299\" srcset=\"https:\/\/blogi.eoppimispalvelut.fi\/tainankauppa\/files\/2019\/11\/hillot-208x300.jpg 208w, https:\/\/blogi.eoppimispalvelut.fi\/tainankauppa\/files\/2019\/11\/hillot-768x1105.jpg 768w, https:\/\/blogi.eoppimispalvelut.fi\/tainankauppa\/files\/2019\/11\/hillot-712x1024.jpg 712w\" sizes=\"auto, (max-width: 207px) 100vw, 207px\" \/><\/p>\n<p>Juuttis\u00e4kki 35&#215;65 cm\u00a0\u00a0\u00a0\u00a0\u00a0\u00a0\u00a0\u00a0\u00a0\u00a0\u00a0\u00a0\u00a0\u00a0\u00a0\u00a0\u00a0\u00a0\u00a0\u00a0\u00a0\u00a0\u00a0\u00a0\u00a0\u00a0\u00a0\u00a0\u00a0\u00a0\u00a0\u00a0\u00a0\u00a0\u00a0\u00a0\u00a0\u00a0\u00a0\u00a0\u00a0\u00a0\u00a0\u00a0\u00a0\u00a0\u00a0\u00a0\u00a0\u00a0\u00a0\u00a0\u00a0 Hillot 8 \u20ac \u00a0\u00a0 <strong>nyt 5 \u20ac \/kpl<\/strong><\/p>\n<p>19 \u20ac\u00a0\u00a0 <strong>nyt 12 \u20ac\u00a0<\/strong> \u00a0\u00a0\u00a0\u00a0\u00a0\u00a0\u00a0\u00a0\u00a0\u00a0\u00a0\u00a0\u00a0\u00a0\u00a0\u00a0\u00a0\u00a0\u00a0\u00a0\u00a0\u00a0\u00a0\u00a0\u00a0\u00a0\u00a0\u00a0\u00a0\u00a0\u00a0\u00a0\u00a0\u00a0\u00a0\u00a0\u00a0\u00a0\u00a0\u00a0\u00a0\u00a0\u00a0\u00a0\u00a0\u00a0\u00a0\u00a0\u00a0\u00a0\u00a0\u00a0\u00a0\u00a0\u00a0\u00a0\u00a0\u00a0\u00a0\u00a0\u00a0\u00a0 Salaatinkastikkeet\u00a0\u00a0\u00a0 14 \u20ac<strong>\u00a0\u00a0 nyt 9 \u20ac\/kpl<\/strong><\/p>\n","protected":false},"excerpt":{"rendered":"<p>\u00a0 \u00a0 \u00a0\u00a0 \u00a0 Laadukas ja n\u00e4ytt\u00e4v\u00e4 kuulak\u00e4rkikyn\u00e4\u00a0\u00a0\u00a0\u00a0\u00a0\u00a0\u00a0\u00a0\u00a0\u00a0\u00a0\u00a0\u00a0\u00a0\u00a0\u00a0\u00a0\u00a0\u00a0\u00a0 Las Vegas muki 26 \u20ac\u00a0 nyt 17 \u20ac\u00a0\u00a0\u00a0\u00a0\u00a0\u00a0\u00a0\u00a0\u00a0\u00a0\u00a0\u00a0\u00a0\u00a0\u00a0\u00a0\u00a0\u00a0\u00a0\u00a0\u00a0\u00a0\u00a0\u00a0\u00a0\u00a0\u00a0\u00a0\u00a0\u00a0\u00a0\u00a0\u00a0\u00a0\u00a0\u00a0\u00a0\u00a0\u00a0\u00a0\u00a0\u00a0\u00a0\u00a0\u00a0\u00a0\u00a0\u00a0\u00a0\u00a0\u00a0\u00a0\u00a0\u00a0\u00a0\u00a0\u00a0\u00a0 \u00a0 14 \u20ac\u00a0 nyt 8 \u20ac \u00a0\u00a0\u00a0\u00a0\u00a0\u00a0\u00a0\u00a0\u00a0\u00a0\u00a0\u00a0\u00a0\u00a0\u00a0\u00a0\u00a0\u00a0\u00a0\u00a0\u00a0\u00a0\u00a0\u00a0\u00a0\u00a0\u00a0 Juuttis\u00e4kki 35&#215;65 cm\u00a0\u00a0\u00a0\u00a0\u00a0\u00a0\u00a0\u00a0\u00a0\u00a0\u00a0\u00a0\u00a0\u00a0\u00a0\u00a0\u00a0\u00a0\u00a0\u00a0\u00a0\u00a0\u00a0\u00a0\u00a0\u00a0\u00a0\u00a0\u00a0\u00a0\u00a0\u00a0\u00a0\u00a0\u00a0\u00a0\u00a0\u00a0\u00a0\u00a0\u00a0\u00a0\u00a0\u00a0\u00a0\u00a0\u00a0\u00a0\u00a0\u00a0\u00a0\u00a0\u00a0 Hillot 8 \u20ac \u00a0\u00a0 nyt 5 \u20ac \/kpl 19 \u20ac\u00a0\u00a0 nyt 12 \u20ac\u00a0 \u00a0\u00a0\u00a0\u00a0\u00a0\u00a0\u00a0\u00a0\u00a0\u00a0\u00a0\u00a0\u00a0\u00a0\u00a0\u00a0\u00a0\u00a0\u00a0\u00a0\u00a0\u00a0\u00a0\u00a0\u00a0\u00a0\u00a0\u00a0\u00a0\u00a0\u00a0\u00a0\u00a0\u00a0\u00a0\u00a0\u00a0\u00a0\u00a0\u00a0\u00a0\u00a0\u00a0\u00a0\u00a0\u00a0\u00a0\u00a0\u00a0\u00a0\u00a0\u00a0\u00a0\u00a0\u00a0\u00a0\u00a0\u00a0\u00a0\u00a0\u00a0\u00a0 Salaatinkastikkeet\u00a0\u00a0\u00a0 14 \u20ac\u00a0\u00a0 nyt 9 \u20ac\/kpl<\/p>\n","protected":false},"author":3976,"featured_media":0,"parent":0,"menu_order":0,"comment_status":"closed","ping_status":"closed","template":"","meta":{"footnotes":""},"class_list":["post-75","page","type-page","status-publish","hentry"],"_links":{"self":[{"href":"https:\/\/blogi.eoppimispalvelut.fi\/tainankauppa\/wp-json\/wp\/v2\/pages\/75","targetHints":{"allow":["GET"]}}],"collection":[{"href":"https:\/\/blogi.eoppimispalvelut.fi\/tainankauppa\/wp-json\/wp\/v2\/pages"}],"about":[{"href":"https:\/\/blogi.eoppimispalvelut.fi\/tainankauppa\/wp-json\/wp\/v2\/types\/page"}],"author":[{"embeddable":true,"href":"https:\/\/blogi.eoppimispalvelut.fi\/tainankauppa\/wp-json\/wp\/v2\/users\/3976"}],"replies":[{"embeddable":true,"href":"https:\/\/blogi.eoppimispalvelut.fi\/tainankauppa\/wp-json\/wp\/v2\/comments?post=75"}],"version-history":[{"count":7,"href":"https:\/\/blogi.eoppimispalvelut.fi\/tainankauppa\/wp-json\/wp\/v2\/pages\/75\/revisions"}],"predecessor-version":[{"id":103,"href":"https:\/\/blogi.eoppimispalvelut.fi\/tainankauppa\/wp-json\/wp\/v2\/pages\/75\/revisions\/103"}],"wp:attachment":[{"href":"https:\/\/blogi.eoppimispalvelut.fi\/tainankauppa\/wp-json\/wp\/v2\/media?parent=75"}],"curies":[{"name":"wp","href":"https:\/\/api.w.org\/{rel}","templated":true}]}}