{"id":22,"date":"2020-02-18T18:38:47","date_gmt":"2020-02-18T16:38:47","guid":{"rendered":"https:\/\/blogi.eoppimispalvelut.fi\/thop\/?page_id=22"},"modified":"2020-03-30T16:21:28","modified_gmt":"2020-03-30T13:21:28","slug":"ulpu-illikainen","status":"publish","type":"page","link":"https:\/\/blogi.eoppimispalvelut.fi\/thop\/ulpu-illikainen\/","title":{"rendered":"Ulpu Illikainen"},"content":{"rendered":"<p>Kuka on Ulpu Illikainen?<\/p>\n<p>Se on hyv\u00e4 kysymys. Kysymyksen syv\u00e4llisemp\u00e4\u00e4n ruotimiseen menisi pieni elinik\u00e4, joten paneudun t\u00e4ss\u00e4 vain kylmiin faktoihin:<\/p>\n<ul>\n<li>35-vuotias rovaniemel\u00e4inen, kolmen lapsen \u00e4iti ja yhden miehen vaimo<\/li>\n<li>Tietojenk\u00e4sittelyn tradenomi sek\u00e4 myynnin ammattilainen (myynnin ammattitutkinto)<\/li>\n<li>Prim\u00e4\u00e4riperheens\u00e4 kuopus, mik\u00e4 selitt\u00e4nee monia asioita<\/li>\n<\/ul>\n<p>Jos kiinnostaa tarkempi ammatillinen osaamiseni, niin siit\u00e4 on CV:ss\u00e4 lis\u00e4\u00e4.<\/p>\n","protected":false},"excerpt":{"rendered":"<p>Kuka on Ulpu Illikainen? Se on hyv\u00e4 kysymys. Kysymyksen syv\u00e4llisemp\u00e4\u00e4n ruotimiseen menisi pieni elinik\u00e4, joten paneudun t\u00e4ss\u00e4 vain kylmiin faktoihin: 35-vuotias rovaniemel\u00e4inen, kolmen lapsen \u00e4iti ja yhden miehen vaimo Tietojenk\u00e4sittelyn tradenomi sek\u00e4 myynnin ammattilainen (myynnin ammattitutkinto) Prim\u00e4\u00e4riperheens\u00e4 kuopus, mik\u00e4 selitt\u00e4nee monia asioita Jos kiinnostaa tarkempi ammatillinen osaamiseni, niin siit\u00e4 on CV:ss\u00e4 lis\u00e4\u00e4.<\/p>\n","protected":false},"author":4225,"featured_media":0,"parent":0,"menu_order":0,"comment_status":"closed","ping_status":"closed","template":"","meta":{"_monsterinsights_skip_tracking":false,"_monsterinsights_sitenote_active":false,"_monsterinsights_sitenote_note":"","_monsterinsights_sitenote_category":0,"footnotes":""},"class_list":["post-22","page","type-page","status-publish","hentry"],"_links":{"self":[{"href":"https:\/\/blogi.eoppimispalvelut.fi\/thop\/wp-json\/wp\/v2\/pages\/22","targetHints":{"allow":["GET"]}}],"collection":[{"href":"https:\/\/blogi.eoppimispalvelut.fi\/thop\/wp-json\/wp\/v2\/pages"}],"about":[{"href":"https:\/\/blogi.eoppimispalvelut.fi\/thop\/wp-json\/wp\/v2\/types\/page"}],"author":[{"embeddable":true,"href":"https:\/\/blogi.eoppimispalvelut.fi\/thop\/wp-json\/wp\/v2\/users\/4225"}],"replies":[{"embeddable":true,"href":"https:\/\/blogi.eoppimispalvelut.fi\/thop\/wp-json\/wp\/v2\/comments?post=22"}],"version-history":[{"count":5,"href":"https:\/\/blogi.eoppimispalvelut.fi\/thop\/wp-json\/wp\/v2\/pages\/22\/revisions"}],"predecessor-version":[{"id":118,"href":"https:\/\/blogi.eoppimispalvelut.fi\/thop\/wp-json\/wp\/v2\/pages\/22\/revisions\/118"}],"wp:attachment":[{"href":"https:\/\/blogi.eoppimispalvelut.fi\/thop\/wp-json\/wp\/v2\/media?parent=22"}],"curies":[{"name":"wp","href":"https:\/\/api.w.org\/{rel}","templated":true}]}}