{"id":40,"date":"2020-02-18T18:53:05","date_gmt":"2020-02-18T16:53:05","guid":{"rendered":"https:\/\/blogi.eoppimispalvelut.fi\/thop\/?page_id=40"},"modified":"2020-03-06T18:02:24","modified_gmt":"2020-03-06T16:02:24","slug":"harrastukset","status":"publish","type":"page","link":"https:\/\/blogi.eoppimispalvelut.fi\/thop\/harrastukset\/","title":{"rendered":"Harrastukset"},"content":{"rendered":"<p>Olen aina ollut luontainen liikkuja ja liikunta sen eri muodoissaan on minulle t\u00e4rke\u00e4 osa my\u00f6s henkist\u00e4 hyvinvointiani. T\u00e4ll\u00e4 hetkell\u00e4 rakkaimmat liikkumismuodot ovat hiihto, kuntosali sek\u00e4 k\u00e4vely\/juoksu. V\u00e4lill\u00e4 tykk\u00e4\u00e4n k\u00e4yd\u00e4 uimassa tai vaihtaa maisemia l\u00e4skipy\u00f6r\u00e4n sel\u00e4ss\u00e4.<\/p>\n<p>Tykk\u00e4\u00e4n tehd\u00e4 asioita k\u00e4sill\u00e4ni ja n\u00e4hd\u00e4 k\u00e4tteni j\u00e4ljen. Omaa kotia laittaessa on tullut monenmoiset pintaremontit tutuksi ja n\u00e4iss\u00e4kin paras ohjenuora on ollut &#8220;tekem\u00e4ll\u00e4 oppii&#8221;.\u00a0 My\u00f6s sisustaminen on minulle rakas harrastus. On ihanaa pirist\u00e4\u00e4 arkea py\u00f6ritt\u00e4m\u00e4ll\u00e4 huonekalut uuteen j\u00e4rjestykseen ja viimeistell\u00e4 uusi ilme pienill\u00e4 yksityiskohdilla kuten sisustustekstiileill\u00e4 tai -tavaroilla. My\u00f6s siisteys on minulle t\u00e4rke\u00e4\u00e4 ja tykk\u00e4\u00e4nkin my\u00f6s siivota \ud83d\ude00<\/p>\n","protected":false},"excerpt":{"rendered":"<p>Olen aina ollut luontainen liikkuja ja liikunta sen eri muodoissaan on minulle t\u00e4rke\u00e4 osa my\u00f6s henkist\u00e4 hyvinvointiani. T\u00e4ll\u00e4 hetkell\u00e4 rakkaimmat liikkumismuodot ovat hiihto, kuntosali sek\u00e4 k\u00e4vely\/juoksu. V\u00e4lill\u00e4 tykk\u00e4\u00e4n k\u00e4yd\u00e4 uimassa tai vaihtaa maisemia l\u00e4skipy\u00f6r\u00e4n sel\u00e4ss\u00e4. Tykk\u00e4\u00e4n tehd\u00e4 asioita k\u00e4sill\u00e4ni ja n\u00e4hd\u00e4 k\u00e4tteni j\u00e4ljen. Omaa kotia laittaessa on tullut monenmoiset pintaremontit tutuksi ja n\u00e4iss\u00e4kin paras ohjenuora &hellip; <\/p>\n<p class=\"link-more\"><a href=\"https:\/\/blogi.eoppimispalvelut.fi\/thop\/harrastukset\/\" class=\"more-link\">Jatka lukemista<span class=\"screen-reader-text\"> &#8220;Harrastukset&#8221;<\/span><\/a><\/p>\n","protected":false},"author":4225,"featured_media":0,"parent":0,"menu_order":0,"comment_status":"closed","ping_status":"closed","template":"","meta":{"_monsterinsights_skip_tracking":false,"_monsterinsights_sitenote_active":false,"_monsterinsights_sitenote_note":"","_monsterinsights_sitenote_category":0,"footnotes":""},"class_list":["post-40","page","type-page","status-publish","hentry"],"_links":{"self":[{"href":"https:\/\/blogi.eoppimispalvelut.fi\/thop\/wp-json\/wp\/v2\/pages\/40","targetHints":{"allow":["GET"]}}],"collection":[{"href":"https:\/\/blogi.eoppimispalvelut.fi\/thop\/wp-json\/wp\/v2\/pages"}],"about":[{"href":"https:\/\/blogi.eoppimispalvelut.fi\/thop\/wp-json\/wp\/v2\/types\/page"}],"author":[{"embeddable":true,"href":"https:\/\/blogi.eoppimispalvelut.fi\/thop\/wp-json\/wp\/v2\/users\/4225"}],"replies":[{"embeddable":true,"href":"https:\/\/blogi.eoppimispalvelut.fi\/thop\/wp-json\/wp\/v2\/comments?post=40"}],"version-history":[{"count":3,"href":"https:\/\/blogi.eoppimispalvelut.fi\/thop\/wp-json\/wp\/v2\/pages\/40\/revisions"}],"predecessor-version":[{"id":84,"href":"https:\/\/blogi.eoppimispalvelut.fi\/thop\/wp-json\/wp\/v2\/pages\/40\/revisions\/84"}],"wp:attachment":[{"href":"https:\/\/blogi.eoppimispalvelut.fi\/thop\/wp-json\/wp\/v2\/media?parent=40"}],"curies":[{"name":"wp","href":"https:\/\/api.w.org\/{rel}","templated":true}]}}