{"id":53,"date":"2020-02-27T12:45:57","date_gmt":"2020-02-27T10:45:57","guid":{"rendered":"https:\/\/blogi.eoppimispalvelut.fi\/thop\/?page_id=53"},"modified":"2020-03-31T17:25:16","modified_gmt":"2020-03-31T14:25:16","slug":"koulutus","status":"publish","type":"page","link":"https:\/\/blogi.eoppimispalvelut.fi\/thop\/koulutus\/","title":{"rendered":"Koulutus"},"content":{"rendered":"<ul>\n<li>Digitaalinen markkinointi (02\/2020 alkaen) &#8211; Lapin ammattikorkeakoulu<\/li>\n<li>Myynnin ammattitutkinto (2013) &#8211; Unic-palvelut Oy<\/li>\n<li>Tietojenk\u00e4sittelyn tradenomitutkinto (2009) &#8211; Rovaniemen ammattikorkeakoulu<\/li>\n<li>Ylioppilas (2003) &#8211; Lyseonpuiston lukio, Rovaniemi<\/li>\n<\/ul>\n<p>Muu osaaminen<\/p>\n<ul>\n<li>EA1 (2019)<\/li>\n<li>Ik\u00e4rajapassi<\/li>\n<li>Hygieniapassi<\/li>\n<li>Anniskelupassi<\/li>\n<li>R\u00e4j\u00e4hdekaupan p\u00e4tevyys (2014)<\/li>\n<\/ul>\n","protected":false},"excerpt":{"rendered":"<p>Digitaalinen markkinointi (02\/2020 alkaen) &#8211; Lapin ammattikorkeakoulu Myynnin ammattitutkinto (2013) &#8211; Unic-palvelut Oy Tietojenk\u00e4sittelyn tradenomitutkinto (2009) &#8211; Rovaniemen ammattikorkeakoulu Ylioppilas (2003) &#8211; Lyseonpuiston lukio, Rovaniemi Muu osaaminen EA1 (2019) Ik\u00e4rajapassi Hygieniapassi Anniskelupassi R\u00e4j\u00e4hdekaupan p\u00e4tevyys (2014)<\/p>\n","protected":false},"author":4225,"featured_media":0,"parent":0,"menu_order":0,"comment_status":"closed","ping_status":"closed","template":"","meta":{"_monsterinsights_skip_tracking":false,"_monsterinsights_sitenote_active":false,"_monsterinsights_sitenote_note":"","_monsterinsights_sitenote_category":0,"footnotes":""},"class_list":["post-53","page","type-page","status-publish","hentry"],"_links":{"self":[{"href":"https:\/\/blogi.eoppimispalvelut.fi\/thop\/wp-json\/wp\/v2\/pages\/53","targetHints":{"allow":["GET"]}}],"collection":[{"href":"https:\/\/blogi.eoppimispalvelut.fi\/thop\/wp-json\/wp\/v2\/pages"}],"about":[{"href":"https:\/\/blogi.eoppimispalvelut.fi\/thop\/wp-json\/wp\/v2\/types\/page"}],"author":[{"embeddable":true,"href":"https:\/\/blogi.eoppimispalvelut.fi\/thop\/wp-json\/wp\/v2\/users\/4225"}],"replies":[{"embeddable":true,"href":"https:\/\/blogi.eoppimispalvelut.fi\/thop\/wp-json\/wp\/v2\/comments?post=53"}],"version-history":[{"count":4,"href":"https:\/\/blogi.eoppimispalvelut.fi\/thop\/wp-json\/wp\/v2\/pages\/53\/revisions"}],"predecessor-version":[{"id":124,"href":"https:\/\/blogi.eoppimispalvelut.fi\/thop\/wp-json\/wp\/v2\/pages\/53\/revisions\/124"}],"wp:attachment":[{"href":"https:\/\/blogi.eoppimispalvelut.fi\/thop\/wp-json\/wp\/v2\/media?parent=53"}],"curies":[{"name":"wp","href":"https:\/\/api.w.org\/{rel}","templated":true}]}}