{"id":55,"date":"2020-02-27T12:46:10","date_gmt":"2020-02-27T10:46:10","guid":{"rendered":"https:\/\/blogi.eoppimispalvelut.fi\/thop\/?page_id=55"},"modified":"2020-03-31T17:22:30","modified_gmt":"2020-03-31T14:22:30","slug":"tyokokemus","status":"publish","type":"page","link":"https:\/\/blogi.eoppimispalvelut.fi\/thop\/tyokokemus\/","title":{"rendered":"Ty\u00f6kokemus"},"content":{"rendered":"<p>Olen tehnyt el\u00e4m\u00e4ni aikana monenlaisia t\u00f6it\u00e4, erilaisissa ty\u00f6ymp\u00e4rist\u00f6iss\u00e4 ja -yhteis\u00f6iss\u00e4. Jokainen niist\u00e4 on omalla tavallaan vaikuttanut siihen, millainen osaaja olen t\u00e4n\u00e4 p\u00e4iv\u00e4n\u00e4. Alla on esitelty viimeisimm\u00e4t ty\u00f6paikkani ja -teht\u00e4v\u00e4ni ennen nykyist\u00e4 koulutustani digimarkkinoinnin parissa:<\/p>\n<h2>Posti Oyj<\/h2>\n<p>Olin loppuvuodesta 2019 asiakasneuvojana Postilla. Ty\u00f6teht\u00e4v\u00e4n\u00e4ni oli vastata asiakkaiden puhelimitse tuleviin yhteydenottoihin koskien l\u00e4hinn\u00e4 kirjepostia ja osoitteenmuutospalveluja. Vaikka ty\u00f6 oli hyvin itsen\u00e4ist\u00e4 oli mukava, kun tukena oli hyv\u00e4, osaava tiimi.<\/p>\n<h2>Tokmanni Oyj<\/h2>\n<p>Aloitin kev\u00e4\u00e4ll\u00e4 2014 Tokmannilla kassamyyj\u00e4n\u00e4 vuokraty\u00f6firman kautta. Talon listoilla aloitin vuodenvaihteessa 2015. Ty\u00f6teht\u00e4v\u00e4ni sis\u00e4lsiv\u00e4t monipuolisia kaupan alan teht\u00e4vi\u00e4 esillepanoista ja hyllytt\u00e4misest\u00e4 myynnin seuraamiseen ja kehitt\u00e4miseen, asiakaspalvelua unohtamatta. Nautin suuresti siit\u00e4, ett\u00e4 jokainen ty\u00f6p\u00e4iv\u00e4 ja asiakastilanne oli erilainen. Kiire ja osittainen paine eiv\u00e4t haitanneet minua &#8211; p\u00e4invastoin! Toimin hyvin m\u00e4\u00e4r\u00e4tietoisesti ja tehokkaasti parhaiden tulosten saavuttamiseksi. Vastuualueena minulla oli sesonki- ja taloustarvikkeet sek\u00e4 puutarhaosasto. Autoin mielell\u00e4ni ty\u00f6tovereitani, koska kyse oli kuitenkin tiimity\u00f6skentelyst\u00e4.<\/p>\n<h2>K-Citymarket Oy<\/h2>\n<p>Aloitin syksyll\u00e4 2013 harjoittelijana Rovaniemen K-Citymarketissa vapaa-ajanosastolla. P\u00e4\u00e4sin tekem\u00e4\u00e4n niin esillepanoja, hyllymuutoksia kuin asiakaspalveluakin, joka on minulle ty\u00f6ss\u00e4 se eliksiiri. Osoitin kyvykkyyteni esimiehelleni ja ty\u00f6llistyinkin harjoittelun j\u00e4lkeen kassa-osastolle. Parasta antia kassalla ty\u00f6skentelyss\u00e4 oli se, kun sai antaa sen viimeisen silauksen asiakkaalle positiivisesta ostoskokemuksesta.<\/p>\n<h2>Ydinosaaminen<\/h2>\n<blockquote><p>Vahvinta osaamistani on asiakaspalvelu, suunnittelu- ja kehitt\u00e4misteht\u00e4v\u00e4t sek\u00e4 markkinointi.<\/p><\/blockquote>\n","protected":false},"excerpt":{"rendered":"<p>Olen tehnyt el\u00e4m\u00e4ni aikana monenlaisia t\u00f6it\u00e4, erilaisissa ty\u00f6ymp\u00e4rist\u00f6iss\u00e4 ja -yhteis\u00f6iss\u00e4. Jokainen niist\u00e4 on omalla tavallaan vaikuttanut siihen, millainen osaaja olen t\u00e4n\u00e4 p\u00e4iv\u00e4n\u00e4. Alla on esitelty viimeisimm\u00e4t ty\u00f6paikkani ja -teht\u00e4v\u00e4ni ennen nykyist\u00e4 koulutustani digimarkkinoinnin parissa: Posti Oyj Olin loppuvuodesta 2019 asiakasneuvojana Postilla. Ty\u00f6teht\u00e4v\u00e4n\u00e4ni oli vastata asiakkaiden puhelimitse tuleviin yhteydenottoihin koskien l\u00e4hinn\u00e4 kirjepostia ja osoitteenmuutospalveluja. Vaikka ty\u00f6 &hellip; <\/p>\n<p class=\"link-more\"><a href=\"https:\/\/blogi.eoppimispalvelut.fi\/thop\/tyokokemus\/\" class=\"more-link\">Jatka lukemista<span class=\"screen-reader-text\"> &#8220;Ty\u00f6kokemus&#8221;<\/span><\/a><\/p>\n","protected":false},"author":4225,"featured_media":0,"parent":0,"menu_order":0,"comment_status":"closed","ping_status":"closed","template":"","meta":{"_monsterinsights_skip_tracking":false,"_monsterinsights_sitenote_active":false,"_monsterinsights_sitenote_note":"","_monsterinsights_sitenote_category":0,"footnotes":""},"class_list":["post-55","page","type-page","status-publish","hentry"],"_links":{"self":[{"href":"https:\/\/blogi.eoppimispalvelut.fi\/thop\/wp-json\/wp\/v2\/pages\/55","targetHints":{"allow":["GET"]}}],"collection":[{"href":"https:\/\/blogi.eoppimispalvelut.fi\/thop\/wp-json\/wp\/v2\/pages"}],"about":[{"href":"https:\/\/blogi.eoppimispalvelut.fi\/thop\/wp-json\/wp\/v2\/types\/page"}],"author":[{"embeddable":true,"href":"https:\/\/blogi.eoppimispalvelut.fi\/thop\/wp-json\/wp\/v2\/users\/4225"}],"replies":[{"embeddable":true,"href":"https:\/\/blogi.eoppimispalvelut.fi\/thop\/wp-json\/wp\/v2\/comments?post=55"}],"version-history":[{"count":3,"href":"https:\/\/blogi.eoppimispalvelut.fi\/thop\/wp-json\/wp\/v2\/pages\/55\/revisions"}],"predecessor-version":[{"id":123,"href":"https:\/\/blogi.eoppimispalvelut.fi\/thop\/wp-json\/wp\/v2\/pages\/55\/revisions\/123"}],"wp:attachment":[{"href":"https:\/\/blogi.eoppimispalvelut.fi\/thop\/wp-json\/wp\/v2\/media?parent=55"}],"curies":[{"name":"wp","href":"https:\/\/api.w.org\/{rel}","templated":true}]}}