{"id":57,"date":"2020-02-27T12:46:33","date_gmt":"2020-02-27T10:46:33","guid":{"rendered":"https:\/\/blogi.eoppimispalvelut.fi\/thop\/?page_id=57"},"modified":"2020-03-06T17:54:59","modified_gmt":"2020-03-06T15:54:59","slug":"kielitaito","status":"publish","type":"page","link":"https:\/\/blogi.eoppimispalvelut.fi\/thop\/kielitaito\/","title":{"rendered":"Kielitaito"},"content":{"rendered":"<p>Olen ty\u00f6skennellyt paljon erilaisissa asiakaspalveluteht\u00e4viss\u00e4 ja vaikka kielitaitoni ei olekaan t\u00e4ydellist\u00e4, olen aina onnistunut palvelemaan asiakkaani onnistuneesti.<\/p>\n<ul>\n<li>Suomi (\u00e4idinkieli)<\/li>\n<li>Ruotsi: suullinen hyv\u00e4, kirjallinen hyv\u00e4<\/li>\n<li>Englanti: suullinen hyv\u00e4, kirjallinen hyv\u00e4\/tyydytt\u00e4v\u00e4<\/li>\n<li>Saksa: suullinen alkeet, kirjallinen alkeet<\/li>\n<li>Ven\u00e4j\u00e4: suullinen alkeet, kirjallinen alkeet (asiakaspalvelusanasto)<\/li>\n<\/ul>\n<p>Pid\u00e4nkin kielitaidossani t\u00e4rkeimp\u00e4n\u00e4 sit\u00e4, ett\u00e4 uskallan k\u00e4ytt\u00e4\u00e4 rohkeasti eri kieli\u00e4 vaikka ne eiv\u00e4t olekaan minulla t\u00e4ydellisesti hallussa.<\/p>\n","protected":false},"excerpt":{"rendered":"<p>Olen ty\u00f6skennellyt paljon erilaisissa asiakaspalveluteht\u00e4viss\u00e4 ja vaikka kielitaitoni ei olekaan t\u00e4ydellist\u00e4, olen aina onnistunut palvelemaan asiakkaani onnistuneesti. Suomi (\u00e4idinkieli) Ruotsi: suullinen hyv\u00e4, kirjallinen hyv\u00e4 Englanti: suullinen hyv\u00e4, kirjallinen hyv\u00e4\/tyydytt\u00e4v\u00e4 Saksa: suullinen alkeet, kirjallinen alkeet Ven\u00e4j\u00e4: suullinen alkeet, kirjallinen alkeet (asiakaspalvelusanasto) Pid\u00e4nkin kielitaidossani t\u00e4rkeimp\u00e4n\u00e4 sit\u00e4, ett\u00e4 uskallan k\u00e4ytt\u00e4\u00e4 rohkeasti eri kieli\u00e4 vaikka ne eiv\u00e4t olekaan minulla &hellip; <\/p>\n<p class=\"link-more\"><a href=\"https:\/\/blogi.eoppimispalvelut.fi\/thop\/kielitaito\/\" class=\"more-link\">Jatka lukemista<span class=\"screen-reader-text\"> &#8220;Kielitaito&#8221;<\/span><\/a><\/p>\n","protected":false},"author":4225,"featured_media":0,"parent":0,"menu_order":0,"comment_status":"closed","ping_status":"closed","template":"","meta":{"_monsterinsights_skip_tracking":false,"_monsterinsights_sitenote_active":false,"_monsterinsights_sitenote_note":"","_monsterinsights_sitenote_category":0,"footnotes":""},"class_list":["post-57","page","type-page","status-publish","hentry"],"_links":{"self":[{"href":"https:\/\/blogi.eoppimispalvelut.fi\/thop\/wp-json\/wp\/v2\/pages\/57","targetHints":{"allow":["GET"]}}],"collection":[{"href":"https:\/\/blogi.eoppimispalvelut.fi\/thop\/wp-json\/wp\/v2\/pages"}],"about":[{"href":"https:\/\/blogi.eoppimispalvelut.fi\/thop\/wp-json\/wp\/v2\/types\/page"}],"author":[{"embeddable":true,"href":"https:\/\/blogi.eoppimispalvelut.fi\/thop\/wp-json\/wp\/v2\/users\/4225"}],"replies":[{"embeddable":true,"href":"https:\/\/blogi.eoppimispalvelut.fi\/thop\/wp-json\/wp\/v2\/comments?post=57"}],"version-history":[{"count":3,"href":"https:\/\/blogi.eoppimispalvelut.fi\/thop\/wp-json\/wp\/v2\/pages\/57\/revisions"}],"predecessor-version":[{"id":82,"href":"https:\/\/blogi.eoppimispalvelut.fi\/thop\/wp-json\/wp\/v2\/pages\/57\/revisions\/82"}],"wp:attachment":[{"href":"https:\/\/blogi.eoppimispalvelut.fi\/thop\/wp-json\/wp\/v2\/media?parent=57"}],"curies":[{"name":"wp","href":"https:\/\/api.w.org\/{rel}","templated":true}]}}