{"id":12,"date":"2016-10-04T09:15:43","date_gmt":"2016-10-04T06:15:43","guid":{"rendered":"https:\/\/blogi.eoppimispalvelut.fi\/tiijatuulija\/?post_type=product&#038;p=12"},"modified":"2018-09-09T23:18:16","modified_gmt":"2018-09-09T20:18:16","slug":"hv-polo-saddlepad","status":"publish","type":"product","link":"https:\/\/blogi.eoppimispalvelut.fi\/tiijatuulija\/product\/hv-polo-saddlepad\/","title":{"rendered":"HV Polo Saddlepad GP satulahuopa"},"content":{"rendered":"<p>T\u00e4m\u00e4n ylellisen satulahuovan ihanat ja klassiset v\u00e4rit sopivat t\u00e4ydellisesti yhteen muiden HV Polo-tuotteiden kanssa. Pehme\u00e4ss\u00e4, aaltokuvioin tikatussa yleissatulahuovassa on nopeasti kuivuva vuorimateriaali, joka siirt\u00e4\u00e4 tehokkaasti kosteutta hevosesi iholta.<\/p>\n","protected":false},"excerpt":{"rendered":"<p>Tyylik\u00e4s ja laadukas huopa.<\/p>\n","protected":false},"featured_media":68,"comment_status":"open","ping_status":"closed","template":"","meta":[],"product_brand":[],"product_cat":[41764],"product_tag":[],"class_list":{"0":"post-12","1":"product","2":"type-product","3":"status-publish","4":"has-post-thumbnail","6":"product_cat-yleinen","8":"first","9":"instock","10":"taxable","11":"shipping-taxable","12":"purchasable","13":"product-type-variable"},"_links":{"self":[{"href":"https:\/\/blogi.eoppimispalvelut.fi\/tiijatuulija\/wp-json\/wp\/v2\/product\/12","targetHints":{"allow":["GET"]}}],"collection":[{"href":"https:\/\/blogi.eoppimispalvelut.fi\/tiijatuulija\/wp-json\/wp\/v2\/product"}],"about":[{"href":"https:\/\/blogi.eoppimispalvelut.fi\/tiijatuulija\/wp-json\/wp\/v2\/types\/product"}],"replies":[{"embeddable":true,"href":"https:\/\/blogi.eoppimispalvelut.fi\/tiijatuulija\/wp-json\/wp\/v2\/comments?post=12"}],"wp:featuredmedia":[{"embeddable":true,"href":"https:\/\/blogi.eoppimispalvelut.fi\/tiijatuulija\/wp-json\/wp\/v2\/media\/68"}],"wp:attachment":[{"href":"https:\/\/blogi.eoppimispalvelut.fi\/tiijatuulija\/wp-json\/wp\/v2\/media?parent=12"}],"wp:term":[{"taxonomy":"product_brand","embeddable":true,"href":"https:\/\/blogi.eoppimispalvelut.fi\/tiijatuulija\/wp-json\/wp\/v2\/product_brand?post=12"},{"taxonomy":"product_cat","embeddable":true,"href":"https:\/\/blogi.eoppimispalvelut.fi\/tiijatuulija\/wp-json\/wp\/v2\/product_cat?post=12"},{"taxonomy":"product_tag","embeddable":true,"href":"https:\/\/blogi.eoppimispalvelut.fi\/tiijatuulija\/wp-json\/wp\/v2\/product_tag?post=12"}],"curies":[{"name":"wp","href":"https:\/\/api.w.org\/{rel}","templated":true}]}}