{"id":13,"date":"2016-10-04T09:26:51","date_gmt":"2016-10-04T06:26:51","guid":{"rendered":"https:\/\/blogi.eoppimispalvelut.fi\/tiijatuulija\/?post_type=product&#038;p=13"},"modified":"2025-04-29T10:00:10","modified_gmt":"2025-04-29T07:00:10","slug":"santiago-saappaat","status":"publish","type":"product","link":"https:\/\/blogi.eoppimispalvelut.fi\/tiijatuulija\/product\/santiago-saappaat\/","title":{"rendered":"Horze Santiago ratsastussaappaat"},"content":{"rendered":"<p>Tyylikk\u00e4\u00e4t ja perinteiset, nauhalliset nahkaratsastussaappaat, jotka ovat erinomaisen miellytt\u00e4v\u00e4t jalassa ja joissa on mukavuutta lis\u00e4\u00e4v\u00e4 takavetoketju. N\u00e4m\u00e4 saappaat ovat kauniin malliset ja py\u00f6ristetyt polven takaa parhaan liikkumavapauden varmistamiseksi. N\u00e4iss\u00e4 sulavalinjaisissa saappaissa on sivussa kest\u00e4v\u00e4 venyke, joka varmistaa jokaiselle sopivan istuvuuden. Varren yl\u00e4osan painonapin kiinnitysl\u00e4pp\u00e4 joustaa pohkeen mukaan ja suojaa ja varmistaa samalla vetoketjua. Kapeaksi muotoillussa ulkopohjassa on likaa hylkiv\u00e4t alueet, jotka parantavat pitoa jalustimessa. Luistamaton ja iskuja vaimentava pohja on s\u00e4hk\u00f6istym\u00e4t\u00f6n ja pit\u00e4v\u00e4. N\u00e4iss\u00e4 ihanissa saappaissa on my\u00f6s seitsem\u00e4n paria keng\u00e4nnauhojen reiki\u00e4 ja joustavat valenauhat sek\u00e4 irrotettava pohjallinen.<\/p>\n","protected":false},"excerpt":{"rendered":"<p>Laadukkaat, nauhalliset nahkaratsastussaappaat.<\/p>\n","protected":false},"featured_media":64,"comment_status":"open","ping_status":"closed","template":"","meta":[],"product_brand":[],"product_cat":[41764],"product_tag":[],"class_list":{"0":"post-13","1":"product","2":"type-product","3":"status-publish","4":"has-post-thumbnail","6":"product_cat-yleinen","8":"first","9":"instock","10":"taxable","11":"shipping-taxable","12":"purchasable","13":"product-type-variable"},"_links":{"self":[{"href":"https:\/\/blogi.eoppimispalvelut.fi\/tiijatuulija\/wp-json\/wp\/v2\/product\/13","targetHints":{"allow":["GET"]}}],"collection":[{"href":"https:\/\/blogi.eoppimispalvelut.fi\/tiijatuulija\/wp-json\/wp\/v2\/product"}],"about":[{"href":"https:\/\/blogi.eoppimispalvelut.fi\/tiijatuulija\/wp-json\/wp\/v2\/types\/product"}],"replies":[{"embeddable":true,"href":"https:\/\/blogi.eoppimispalvelut.fi\/tiijatuulija\/wp-json\/wp\/v2\/comments?post=13"}],"wp:featuredmedia":[{"embeddable":true,"href":"https:\/\/blogi.eoppimispalvelut.fi\/tiijatuulija\/wp-json\/wp\/v2\/media\/64"}],"wp:attachment":[{"href":"https:\/\/blogi.eoppimispalvelut.fi\/tiijatuulija\/wp-json\/wp\/v2\/media?parent=13"}],"wp:term":[{"taxonomy":"product_brand","embeddable":true,"href":"https:\/\/blogi.eoppimispalvelut.fi\/tiijatuulija\/wp-json\/wp\/v2\/product_brand?post=13"},{"taxonomy":"product_cat","embeddable":true,"href":"https:\/\/blogi.eoppimispalvelut.fi\/tiijatuulija\/wp-json\/wp\/v2\/product_cat?post=13"},{"taxonomy":"product_tag","embeddable":true,"href":"https:\/\/blogi.eoppimispalvelut.fi\/tiijatuulija\/wp-json\/wp\/v2\/product_tag?post=13"}],"curies":[{"name":"wp","href":"https:\/\/api.w.org\/{rel}","templated":true}]}}