{"id":14,"date":"2016-10-04T09:38:57","date_gmt":"2016-10-04T06:38:57","guid":{"rendered":"https:\/\/blogi.eoppimispalvelut.fi\/tiijatuulija\/?post_type=product&#038;p=14"},"modified":"2018-09-09T23:18:17","modified_gmt":"2018-09-09T20:18:17","slug":"cap-kypara","status":"publish","type":"product","link":"https:\/\/blogi.eoppimispalvelut.fi\/tiijatuulija\/product\/cap-kypara\/","title":{"rendered":"C.a.p ratsastuskyp\u00e4r\u00e4"},"content":{"rendered":"<p>Uusi C.A.P. ratsastuskyp\u00e4r\u00e4 t\u00e4ytt\u00e4\u00e4 CE VG1 01.040 2014-12 m\u00e4\u00e4r\u00e4ysten vaatimukset. Kevyt ratsastuskyp\u00e4r\u00e4 irrotettavalla etupaneelilla ja helposti sopivaksi s\u00e4\u00e4dett\u00e4v\u00e4ll\u00e4 rullas\u00e4\u00e4d\u00f6ll\u00e4. Kyp\u00e4r\u00e4ss\u00e4 on Chamude ulkopinta, irrotettava ja pest\u00e4v\u00e4 Coolmax\u00ae-vuoraus, titaanin v\u00e4rinen etupaneeli, useita ilmastointiaukkoja ja pikalukko. Kyp\u00e4r\u00e4ss\u00e4 on lukittava rullas\u00e4\u00e4t\u00f6, jolla varmistetaan oikea koko.<\/p>\n","protected":false},"excerpt":{"rendered":"<p>Laadukas C.A.P. ratsastuskyp\u00e4r\u00e4.<\/p>\n","protected":false},"featured_media":62,"comment_status":"open","ping_status":"closed","template":"","meta":[],"product_brand":[],"product_cat":[41764],"product_tag":[],"class_list":{"0":"post-14","1":"product","2":"type-product","3":"status-publish","4":"has-post-thumbnail","6":"product_cat-yleinen","8":"first","9":"instock","10":"taxable","11":"shipping-taxable","12":"purchasable","13":"product-type-variable"},"_links":{"self":[{"href":"https:\/\/blogi.eoppimispalvelut.fi\/tiijatuulija\/wp-json\/wp\/v2\/product\/14","targetHints":{"allow":["GET"]}}],"collection":[{"href":"https:\/\/blogi.eoppimispalvelut.fi\/tiijatuulija\/wp-json\/wp\/v2\/product"}],"about":[{"href":"https:\/\/blogi.eoppimispalvelut.fi\/tiijatuulija\/wp-json\/wp\/v2\/types\/product"}],"replies":[{"embeddable":true,"href":"https:\/\/blogi.eoppimispalvelut.fi\/tiijatuulija\/wp-json\/wp\/v2\/comments?post=14"}],"wp:featuredmedia":[{"embeddable":true,"href":"https:\/\/blogi.eoppimispalvelut.fi\/tiijatuulija\/wp-json\/wp\/v2\/media\/62"}],"wp:attachment":[{"href":"https:\/\/blogi.eoppimispalvelut.fi\/tiijatuulija\/wp-json\/wp\/v2\/media?parent=14"}],"wp:term":[{"taxonomy":"product_brand","embeddable":true,"href":"https:\/\/blogi.eoppimispalvelut.fi\/tiijatuulija\/wp-json\/wp\/v2\/product_brand?post=14"},{"taxonomy":"product_cat","embeddable":true,"href":"https:\/\/blogi.eoppimispalvelut.fi\/tiijatuulija\/wp-json\/wp\/v2\/product_cat?post=14"},{"taxonomy":"product_tag","embeddable":true,"href":"https:\/\/blogi.eoppimispalvelut.fi\/tiijatuulija\/wp-json\/wp\/v2\/product_tag?post=14"}],"curies":[{"name":"wp","href":"https:\/\/api.w.org\/{rel}","templated":true}]}}