{"id":6,"date":"2018-05-26T13:33:35","date_gmt":"2018-05-26T10:33:35","guid":{"rendered":"https:\/\/blogi.eoppimispalvelut.fi\/tilitoimisto\/?page_id=6"},"modified":"2018-05-26T16:05:35","modified_gmt":"2018-05-26T13:05:35","slug":"projekti","status":"publish","type":"page","link":"https:\/\/blogi.eoppimispalvelut.fi\/tilitoimisto\/projekti\/","title":{"rendered":"Kohdeyritys"},"content":{"rendered":"<p><img loading=\"lazy\" decoding=\"async\" class=\"size-thumbnail wp-image-51 alignleft\" src=\"https:\/\/blogi.eoppimispalvelut.fi\/tilitoimisto\/files\/2018\/05\/esitys-150x150.png\" alt=\"\" width=\"150\" height=\"150\" srcset=\"https:\/\/blogi.eoppimispalvelut.fi\/tilitoimisto\/files\/2018\/05\/esitys-150x150.png 150w, https:\/\/blogi.eoppimispalvelut.fi\/tilitoimisto\/files\/2018\/05\/esitys-300x300.png 300w, https:\/\/blogi.eoppimispalvelut.fi\/tilitoimisto\/files\/2018\/05\/esitys.png 384w\" sizes=\"auto, (max-width: 150px) 100vw, 150px\" \/><\/p>\n<p>&nbsp;<\/p>\n<p>Projektin kohdeyrityksen\u00e4 on s\u00e4hk\u00f6isi\u00e4 taloushallinnon palveluja tarjoava tilitoimisto, jonka palvelujen tuottamisessa k\u00e4ytet\u00e4\u00e4n\u00a0 taloushallinnon pilvipalvelua, joka mahdollistaa asiakkaille s\u00e4hk\u00f6isen ja paperittoman taloushallinnon.<\/p>\n<p>Asiakkaiden, tilitoimiston ja sen ty\u00f6ntekij\u00f6iden maantieteellisell\u00e4 sijainnilla ei ole k\u00e4yt\u00e4nn\u00f6ss\u00e4 merkityst\u00e4 \u2013 riitt\u00e4\u00e4, ett\u00e4 kaikilla osapuolilla on mahdollisuus kirjautua j\u00e4rjestelm\u00e4\u00e4n omilla p\u00e4\u00e4telaitteillaan verkon v\u00e4lityksell\u00e4. Yrityksen ty\u00f6ntekij\u00e4t et\u00e4ty\u00f6skentelev\u00e4t Suomessa ja ulkomailla sijaitsevista kotitoimistoista k\u00e4sin.<\/p>\n<p>Palvelujen tuottamiseen k\u00e4ytetty sovellus ei tarjoa toimivia ratkaisuja tilitoimiston ja sen kirjapit\u00e4jien ty\u00f6prosessien sek\u00e4 taloushallinnon palveluihin liittyvien ty\u00f6teht\u00e4vien hallintaan, jotka ovat tilitoimiston varsinaisia kehitystarpeita, ja joihin liittyvien ongelmien ja puutteiden korjaamiseen olen kehityssuunnitelmani keskittynyt. Yrityksell\u00e4 on my\u00f6s tarve yhteiselle tallennustilalle, jonka puuttuminen vaikeuttaa nykyisin ty\u00f6skentely\u00e4.<\/p>\n","protected":false},"excerpt":{"rendered":"<p>&nbsp; Projektin kohdeyrityksen\u00e4 on s\u00e4hk\u00f6isi\u00e4 taloushallinnon palveluja tarjoava tilitoimisto, jonka palvelujen tuottamisessa k\u00e4ytet\u00e4\u00e4n\u00a0 taloushallinnon pilvipalvelua, joka mahdollistaa asiakkaille s\u00e4hk\u00f6isen ja paperittoman taloushallinnon. Asiakkaiden, tilitoimiston ja sen ty\u00f6ntekij\u00f6iden maantieteellisell\u00e4 sijainnilla ei ole k\u00e4yt\u00e4nn\u00f6ss\u00e4 merkityst\u00e4 \u2013 riitt\u00e4\u00e4, ett\u00e4 kaikilla osapuolilla on mahdollisuus kirjautua j\u00e4rjestelm\u00e4\u00e4n omilla p\u00e4\u00e4telaitteillaan verkon v\u00e4lityksell\u00e4. Yrityksen ty\u00f6ntekij\u00e4t et\u00e4ty\u00f6skentelev\u00e4t Suomessa ja ulkomailla sijaitsevista kotitoimistoista k\u00e4sin. &hellip; <a href=\"https:\/\/blogi.eoppimispalvelut.fi\/tilitoimisto\/projekti\/\" class=\"more-link\">Continue reading <span class=\"screen-reader-text\">Kohdeyritys<\/span> <span class=\"meta-nav\">&rarr;<\/span><\/a><\/p>\n","protected":false},"author":3093,"featured_media":0,"parent":0,"menu_order":1,"comment_status":"closed","ping_status":"closed","template":"","meta":{"footnotes":""},"class_list":["post-6","page","type-page","status-publish","hentry"],"_links":{"self":[{"href":"https:\/\/blogi.eoppimispalvelut.fi\/tilitoimisto\/wp-json\/wp\/v2\/pages\/6","targetHints":{"allow":["GET"]}}],"collection":[{"href":"https:\/\/blogi.eoppimispalvelut.fi\/tilitoimisto\/wp-json\/wp\/v2\/pages"}],"about":[{"href":"https:\/\/blogi.eoppimispalvelut.fi\/tilitoimisto\/wp-json\/wp\/v2\/types\/page"}],"author":[{"embeddable":true,"href":"https:\/\/blogi.eoppimispalvelut.fi\/tilitoimisto\/wp-json\/wp\/v2\/users\/3093"}],"replies":[{"embeddable":true,"href":"https:\/\/blogi.eoppimispalvelut.fi\/tilitoimisto\/wp-json\/wp\/v2\/comments?post=6"}],"version-history":[{"count":8,"href":"https:\/\/blogi.eoppimispalvelut.fi\/tilitoimisto\/wp-json\/wp\/v2\/pages\/6\/revisions"}],"predecessor-version":[{"id":66,"href":"https:\/\/blogi.eoppimispalvelut.fi\/tilitoimisto\/wp-json\/wp\/v2\/pages\/6\/revisions\/66"}],"wp:attachment":[{"href":"https:\/\/blogi.eoppimispalvelut.fi\/tilitoimisto\/wp-json\/wp\/v2\/media?parent=6"}],"curies":[{"name":"wp","href":"https:\/\/api.w.org\/{rel}","templated":true}]}}