{"id":76,"date":"2018-05-27T14:47:52","date_gmt":"2018-05-27T11:47:52","guid":{"rendered":"https:\/\/blogi.eoppimispalvelut.fi\/tilitoimisto\/?page_id=76"},"modified":"2018-05-27T15:31:09","modified_gmt":"2018-05-27T12:31:09","slug":"yhteinen-tallennustila","status":"publish","type":"page","link":"https:\/\/blogi.eoppimispalvelut.fi\/tilitoimisto\/lopputulos\/yhteinen-tallennustila\/","title":{"rendered":"Yhteinen tallennustila"},"content":{"rendered":"<h3>TeamDrive<\/h3>\n<p>Kehityssuunnitelman lopputuloksena p\u00e4\u00e4dyin siihen, ett\u00e4 tilitoimiston k\u00e4ytt\u00f6\u00f6n soveltuu parhaiten yritysk\u00e4ytt\u00f6\u00f6n tarkoitettu <a href=\"https:\/\/www.teamdrive.fi\/\" target=\"_blank\" rel=\"noopener\">TeamDrive-pilvipalvelu<\/a>, joka t\u00e4ytt\u00e4\u00e4 kaikki sille asetetut vaatimukset. Tilitoimiston arkaluontoisista tiedoista johtuen, halusin lis\u00e4ksi kiinnitt\u00e4\u00e4 erityist\u00e4 huomiota tietojen turvallisuuteen.<\/p>\n<h6>Tekniset tiedot<\/h6>\n<p>Palvelu toimii kaikilla tilitoimiston p\u00e4\u00e4telaitteilla ja tallennustilan tiedostot n\u00e4kyv\u00e4t k\u00e4ytt\u00e4jien tietokoneilla tavalliseen tapaan. TeamDrive-sovelluksesta l\u00f6ytyy Mac-, Linux- ja Windows-ty\u00f6p\u00f6yt\u00e4versiot sek\u00e4 IOS- ja Android-mobiiliversiot.<\/p>\n<p>Testik\u00e4yt\u00f6ss\u00e4ni oli maksutonta levytilaa 2 Gt sis\u00e4lt\u00e4v\u00e4, 30 p\u00e4iv\u00e4n k\u00e4ytt\u00f6oikeuteen rajattu TeamDrive Free-palvelu sek\u00e4 Windowsin ty\u00f6asemasovellus ja vastaava Android-sovellus mobiilik\u00e4ytt\u00f6\u00f6n. TeamDrive for Windows on ty\u00f6asemasovellus, jonka asennus tapahtuu ohjatun asennusohjelman avulla. Asennuksen yhteydess\u00e4 valitaan sovelluksen kieli, hyv\u00e4ksyt\u00e4\u00e4n k\u00e4ytt\u00f6oikeussopimus sek\u00e4 asennushakemisto asennettavine osineen, jonka j\u00e4lkeen TeamDrive asentuu k\u00e4ytt\u00e4j\u00e4n tietokoneelle ja k\u00e4ynnistet\u00e4\u00e4n tietokone uudelleen. Asennuksen j\u00e4lkeen rekister\u00f6idyt\u00e4\u00e4n palveluun luomalla k\u00e4ytt\u00e4j\u00e4tunnus sek\u00e4 tallentamalla s\u00e4hk\u00f6postiosoite ja salasana, joita voidaan my\u00f6hemmin muuttaa. Toimenpide luo TeamDrive-palveluun tilin, joka aktivoidaan s\u00e4hk\u00f6postiin l\u00e4hetetyn aktivointilinkin kautta. K\u00e4ytt\u00e4j\u00e4 voi itsen\u00e4isesti luoda palveluun voidaan luoda ns. turvatiloja, joihin voidaan kutsua k\u00e4ytt\u00e4ji\u00e4. Yksitt\u00e4isi\u00e4 tiedostoja voidaan esimerkiksi lukita tai suojata erillisell\u00e4 salasanalla. TeamDriven Android -versio mobiililaitteille toimii vastaavasti ja on asennettavissa Google Play -kaupasta. Palvelu toimi testik\u00e4yt\u00f6ss\u00e4 eri laitteiden ja k\u00e4ytt\u00e4jien v\u00e4lill\u00e4 moitteettomasti sek\u00e4 osoittautui toimivaksi ratkaisuksi.<\/p>\n<p>Pilveen tallennettavat tiedostot salataan vahvaa salausta k\u00e4ytt\u00e4en jo k\u00e4ytt\u00e4jien laitteilla. Tiedostojen sek\u00e4 tiedonsiirron salausmenetelm\u00e4n\u00e4 k\u00e4ytet\u00e4\u00e4n AES-256 protokollaa ja salausavaimet s\u00e4ilytet\u00e4\u00e4n k\u00e4ytt\u00e4jien omilla laitteilla. Sis\u00e4lt\u00f6 on vain ennalta m\u00e4\u00e4riteltyjen k\u00e4ytt\u00e4jien saatavissa ja tiedostojen jakaminen on turvallista. Tiedot synkronisoituvat automaattisesti pilvipalveluun ja varmuuskopiointi on automaattista. TeamDrive toimii my\u00f6s silloin kun verkkoyhteys ei ole k\u00e4yt\u00f6ss\u00e4.<\/p>\n<h6>Aikataulu<\/h6>\n<p>Kehitysprojektin ensimm\u00e4inen vaihe, yhteisen tallennustilan k\u00e4ytt\u00f6\u00f6notto, voidaan toteuttaa varsin nopealla aikataululla jo kes\u00e4ll\u00e4 2018.<\/p>\n<p>Koska aiempaa vastaavaa j\u00e4rjestelm\u00e4\u00e4 ei ole k\u00e4yt\u00f6ss\u00e4, toimenpiteen suorittamiseksi tarvitaan vain TeamDrive-palvelun tilaaminen, k\u00e4ytt\u00f6\u00f6n tarvittavien sovellusten asentaminen ja lyhyt perehtyminen uuteen pilvitallennusj\u00e4rjestelm\u00e4\u00e4n sek\u00e4 k\u00e4ytt\u00e4jien ohjeistaminen.<\/p>\n<h6>Kehitysty\u00f6n hy\u00f6dyt<\/h6>\n<p>Yhteisen tallennustilan k\u00e4ytt\u00f6\u00f6notto on ensimm\u00e4inen vaihe matkalla tilitoimiston toiminnan tehostamiseen t\u00e4ht\u00e4\u00e4v\u00e4\u00e4n tavoitetilaan. Tallennustilan avulla varmistetaan, ett\u00e4 palvelun tuottamisessa tarvittavat tiedot ovat tallessa ja tarvittaessa kaikkien saatavilla.<\/p>\n<h6>Kustannukset<\/h6>\n<p>TeamDrive-pilvipalvelun hinta m\u00e4\u00e4r\u00e4ytyy k\u00e4ytt\u00e4jien lukum\u00e4\u00e4r\u00e4n ja tallennustilan perusteella. Esimerkiksi peruspaketin hinta nelj\u00e4lle henkil\u00f6lle, 100 Gt tallennustilalla on 77,70 \u20ac \/ kk (alv 0 %).<\/p>\n<p>Tallennustila on alussa riitt\u00e4v\u00e4, sill\u00e4 palveluun tallennettavat dokumentit eiv\u00e4t ole suuria ja useimmat niist\u00e4 siirret\u00e4\u00e4n Procountorin arkistoon. Kapasiteettia voidaan pienent\u00e4\u00e4 merkitt\u00e4v\u00e4sti tai mahdollisesti jopa luopua siit\u00e4 kokonaan, kun uusi teht\u00e4vienhallinnan j\u00e4rjestelm\u00e4 otetaan my\u00f6hemmin k\u00e4ytt\u00f6\u00f6n.<\/p>\n<p>&nbsp;<\/p>\n","protected":false},"excerpt":{"rendered":"<p>TeamDrive Kehityssuunnitelman lopputuloksena p\u00e4\u00e4dyin siihen, ett\u00e4 tilitoimiston k\u00e4ytt\u00f6\u00f6n soveltuu parhaiten yritysk\u00e4ytt\u00f6\u00f6n tarkoitettu TeamDrive-pilvipalvelu, joka t\u00e4ytt\u00e4\u00e4 kaikki sille asetetut vaatimukset. Tilitoimiston arkaluontoisista tiedoista johtuen, halusin lis\u00e4ksi kiinnitt\u00e4\u00e4 erityist\u00e4 huomiota tietojen turvallisuuteen. Tekniset tiedot Palvelu toimii kaikilla tilitoimiston p\u00e4\u00e4telaitteilla ja tallennustilan tiedostot n\u00e4kyv\u00e4t k\u00e4ytt\u00e4jien tietokoneilla tavalliseen tapaan. TeamDrive-sovelluksesta l\u00f6ytyy Mac-, Linux- ja Windows-ty\u00f6p\u00f6yt\u00e4versiot sek\u00e4 IOS- ja Android-mobiiliversiot. &hellip; <a href=\"https:\/\/blogi.eoppimispalvelut.fi\/tilitoimisto\/lopputulos\/yhteinen-tallennustila\/\" class=\"more-link\">Continue reading <span class=\"screen-reader-text\">Yhteinen tallennustila<\/span> <span class=\"meta-nav\">&rarr;<\/span><\/a><\/p>\n","protected":false},"author":3093,"featured_media":0,"parent":8,"menu_order":0,"comment_status":"closed","ping_status":"closed","template":"","meta":{"footnotes":""},"class_list":["post-76","page","type-page","status-publish","hentry"],"_links":{"self":[{"href":"https:\/\/blogi.eoppimispalvelut.fi\/tilitoimisto\/wp-json\/wp\/v2\/pages\/76","targetHints":{"allow":["GET"]}}],"collection":[{"href":"https:\/\/blogi.eoppimispalvelut.fi\/tilitoimisto\/wp-json\/wp\/v2\/pages"}],"about":[{"href":"https:\/\/blogi.eoppimispalvelut.fi\/tilitoimisto\/wp-json\/wp\/v2\/types\/page"}],"author":[{"embeddable":true,"href":"https:\/\/blogi.eoppimispalvelut.fi\/tilitoimisto\/wp-json\/wp\/v2\/users\/3093"}],"replies":[{"embeddable":true,"href":"https:\/\/blogi.eoppimispalvelut.fi\/tilitoimisto\/wp-json\/wp\/v2\/comments?post=76"}],"version-history":[{"count":5,"href":"https:\/\/blogi.eoppimispalvelut.fi\/tilitoimisto\/wp-json\/wp\/v2\/pages\/76\/revisions"}],"predecessor-version":[{"id":90,"href":"https:\/\/blogi.eoppimispalvelut.fi\/tilitoimisto\/wp-json\/wp\/v2\/pages\/76\/revisions\/90"}],"up":[{"embeddable":true,"href":"https:\/\/blogi.eoppimispalvelut.fi\/tilitoimisto\/wp-json\/wp\/v2\/pages\/8"}],"wp:attachment":[{"href":"https:\/\/blogi.eoppimispalvelut.fi\/tilitoimisto\/wp-json\/wp\/v2\/media?parent=76"}],"curies":[{"name":"wp","href":"https:\/\/api.w.org\/{rel}","templated":true}]}}