{"id":11,"date":"2017-10-05T15:02:08","date_gmt":"2017-10-05T12:02:08","guid":{"rendered":"https:\/\/blogi.eoppimispalvelut.fi\/toimistodecoopy\/?page_id=11"},"modified":"2018-02-01T12:48:10","modified_gmt":"2018-02-01T10:48:10","slug":"toimistokalusteet-tarvikkeet","status":"publish","type":"page","link":"https:\/\/blogi.eoppimispalvelut.fi\/toimistodecoopy\/toimistokalusteet-tarvikkeet\/","title":{"rendered":"Toimistotarvikkeet"},"content":{"rendered":"<p>TOIMISTOTARVIKEPAKETTI<\/p>\n<p>Post-It pieni, 5 v\u00e4ri\u00e4 <\/p>\n<p>Akryyliviivain 40 cm kirkas<\/p>\n<p>Voimal\u00e4vist\u00e4j\u00e4 Rapid SP30 SUPREME<\/p>\n<p>Nitoja Allura Leitz ( kvartsinharmaa)<\/p>\n<p>Lyijykyn\u00e4 100g12s Staedt.12\/rasia lajit<\/p>\n<p>Mustekyn\u00e4 Base Black sininen muste<\/p>\n<p>Scotch yleisteippi 550 12mmx66m<\/p>\n<p>Paperisakset Dahle 16cm 00.54406 Comfort Grip-<\/p>\n<p>Paperintuhooja Dahle<\/p>\n<p>V\u00e4rikasetti 3 v\u00e4ri\u00e4<\/p>\n<p>Paketin kokonaishinta on 220\u20ac (sis. alv 24%)<\/p>\n","protected":false},"excerpt":{"rendered":"<p>TOIMISTOTARVIKEPAKETTI Post-It pieni, 5 v\u00e4ri\u00e4 Akryyliviivain 40 cm kirkas Voimal\u00e4vist\u00e4j\u00e4 Rapid SP30 SUPREME Nitoja Allura Leitz ( kvartsinharmaa) Lyijykyn\u00e4 100g12s Staedt.12\/rasia lajit Mustekyn\u00e4 Base Black sininen muste Scotch yleisteippi 550 12mmx66m Paperisakset Dahle 16cm 00.54406 Comfort Grip- Paperintuhooja Dahle V\u00e4rikasetti 3 v\u00e4ri\u00e4 Paketin kokonaishinta on 220\u20ac (sis. alv 24%)<\/p>\n","protected":false},"author":2570,"featured_media":181,"parent":0,"menu_order":0,"comment_status":"closed","ping_status":"closed","template":"","meta":{"footnotes":""},"class_list":["post-11","page","type-page","status-publish","has-post-thumbnail","hentry"],"_links":{"self":[{"href":"https:\/\/blogi.eoppimispalvelut.fi\/toimistodecoopy\/wp-json\/wp\/v2\/pages\/11","targetHints":{"allow":["GET"]}}],"collection":[{"href":"https:\/\/blogi.eoppimispalvelut.fi\/toimistodecoopy\/wp-json\/wp\/v2\/pages"}],"about":[{"href":"https:\/\/blogi.eoppimispalvelut.fi\/toimistodecoopy\/wp-json\/wp\/v2\/types\/page"}],"author":[{"embeddable":true,"href":"https:\/\/blogi.eoppimispalvelut.fi\/toimistodecoopy\/wp-json\/wp\/v2\/users\/2570"}],"replies":[{"embeddable":true,"href":"https:\/\/blogi.eoppimispalvelut.fi\/toimistodecoopy\/wp-json\/wp\/v2\/comments?post=11"}],"version-history":[{"count":3,"href":"https:\/\/blogi.eoppimispalvelut.fi\/toimistodecoopy\/wp-json\/wp\/v2\/pages\/11\/revisions"}],"predecessor-version":[{"id":182,"href":"https:\/\/blogi.eoppimispalvelut.fi\/toimistodecoopy\/wp-json\/wp\/v2\/pages\/11\/revisions\/182"}],"wp:featuredmedia":[{"embeddable":true,"href":"https:\/\/blogi.eoppimispalvelut.fi\/toimistodecoopy\/wp-json\/wp\/v2\/media\/181"}],"wp:attachment":[{"href":"https:\/\/blogi.eoppimispalvelut.fi\/toimistodecoopy\/wp-json\/wp\/v2\/media?parent=11"}],"curies":[{"name":"wp","href":"https:\/\/api.w.org\/{rel}","templated":true}]}}