{"id":19,"date":"2017-10-05T15:09:57","date_gmt":"2017-10-05T12:09:57","guid":{"rendered":"https:\/\/blogi.eoppimispalvelut.fi\/toimistodecoopy\/?page_id=19"},"modified":"2017-11-29T14:52:59","modified_gmt":"2017-11-29T12:52:59","slug":"remontointi","status":"publish","type":"page","link":"https:\/\/blogi.eoppimispalvelut.fi\/toimistodecoopy\/remontointi\/","title":{"rendered":"Remontointi"},"content":{"rendered":"<p><a href=\"https:\/\/blogi.eoppimispalvelut.fi\/toimistodecoopy\/files\/2017\/11\/REMONTOINTI.pdf\">PDF<\/a><\/p>\n<p>REMONTOINTI <\/p>\n<p>ToimistodEcon remontointipalvelu on saatavilla kaikille yrityksille ymp\u00e4ri Suomen. Halutessasi voit peruspakettien lis\u00e4ksi tilata meilt\u00e4 remontointipalvelun, joka kattaa kokonaisvaltaisen toimiston uusimisen lattiasta kattoon tai perushuoltoa toimiston rakenteisiin.<\/p>\n<p>HINTA M\u00c4\u00c4R\u00c4YTYY URAKAN SUURUDEN MUKAAN! <\/p>\n<p>Ota yhteytt\u00e4 ja kysy lis\u00e4\u00e4!  <\/p>\n","protected":false},"excerpt":{"rendered":"<p>PDF REMONTOINTI ToimistodEcon remontointipalvelu on saatavilla kaikille yrityksille ymp\u00e4ri Suomen. Halutessasi voit peruspakettien lis\u00e4ksi tilata meilt\u00e4 remontointipalvelun, joka kattaa kokonaisvaltaisen toimiston uusimisen lattiasta kattoon tai perushuoltoa toimiston rakenteisiin. HINTA M\u00c4\u00c4R\u00c4YTYY URAKAN SUURUDEN MUKAAN! Ota yhteytt\u00e4 ja kysy lis\u00e4\u00e4!<\/p>\n","protected":false},"author":2570,"featured_media":149,"parent":0,"menu_order":0,"comment_status":"closed","ping_status":"closed","template":"","meta":{"footnotes":""},"class_list":["post-19","page","type-page","status-publish","has-post-thumbnail","hentry"],"_links":{"self":[{"href":"https:\/\/blogi.eoppimispalvelut.fi\/toimistodecoopy\/wp-json\/wp\/v2\/pages\/19","targetHints":{"allow":["GET"]}}],"collection":[{"href":"https:\/\/blogi.eoppimispalvelut.fi\/toimistodecoopy\/wp-json\/wp\/v2\/pages"}],"about":[{"href":"https:\/\/blogi.eoppimispalvelut.fi\/toimistodecoopy\/wp-json\/wp\/v2\/types\/page"}],"author":[{"embeddable":true,"href":"https:\/\/blogi.eoppimispalvelut.fi\/toimistodecoopy\/wp-json\/wp\/v2\/users\/2570"}],"replies":[{"embeddable":true,"href":"https:\/\/blogi.eoppimispalvelut.fi\/toimistodecoopy\/wp-json\/wp\/v2\/comments?post=19"}],"version-history":[{"count":4,"href":"https:\/\/blogi.eoppimispalvelut.fi\/toimistodecoopy\/wp-json\/wp\/v2\/pages\/19\/revisions"}],"predecessor-version":[{"id":150,"href":"https:\/\/blogi.eoppimispalvelut.fi\/toimistodecoopy\/wp-json\/wp\/v2\/pages\/19\/revisions\/150"}],"wp:featuredmedia":[{"embeddable":true,"href":"https:\/\/blogi.eoppimispalvelut.fi\/toimistodecoopy\/wp-json\/wp\/v2\/media\/149"}],"wp:attachment":[{"href":"https:\/\/blogi.eoppimispalvelut.fi\/toimistodecoopy\/wp-json\/wp\/v2\/media?parent=19"}],"curies":[{"name":"wp","href":"https:\/\/api.w.org\/{rel}","templated":true}]}}