{"id":29,"date":"2017-10-05T15:12:36","date_gmt":"2017-10-05T12:12:36","guid":{"rendered":"https:\/\/blogi.eoppimispalvelut.fi\/toimistodecoopy\/?page_id=29"},"modified":"2017-12-13T13:53:19","modified_gmt":"2017-12-13T11:53:19","slug":"kulta","status":"publish","type":"page","link":"https:\/\/blogi.eoppimispalvelut.fi\/toimistodecoopy\/kulta\/","title":{"rendered":"Kulta"},"content":{"rendered":"<p>Kuva on suuntaa-antava.<\/p>\n<p>Sofia monitoimip\u00f6yt\u00e4<br \/>\nToimistotuoli Lake 2007 harmaa<br \/>\nAkryyliviivain 40 cm kirkas<br \/>\nKalenterimappi B5<br \/>\nKokousmuistiokirja A4 musta kartonki sidottu-<br \/>\nKierreluentolehti\u00f6 A4\/60 30\/ltk<br \/>\nPost-It pieni, 5 v\u00e4ri\u00e4<br \/>\nKukka- asetelma iso<br \/>\nVoimal\u00e4vist\u00e4j\u00e4 Rapid SP30 SUPREME<br \/>\nNitoja Allura Leitz kvartsinharmaa<br \/>\nLyijykyn\u00e4 100g12s Staedt.12\/ras lajit<br \/>\nMustekyn\u00e4 Base Black sininen muste&lt;a<br \/>\nScotch yleisteippi 550 12mmx66m<br \/>\nPaperintuhooja Dahle<br \/>\nPaperisakset Dahle 16cm 00.54406 Comfort Grip-<\/p>\n<p>Yhteens\u00e4 (yhdelle hengelle): 772,76\u20ac<\/p>\n","protected":false},"excerpt":{"rendered":"<p>Kuva on suuntaa-antava. Sofia monitoimip\u00f6yt\u00e4 Toimistotuoli Lake 2007 harmaa Akryyliviivain 40 cm kirkas Kalenterimappi B5 Kokousmuistiokirja A4 musta kartonki sidottu- Kierreluentolehti\u00f6 A4\/60 30\/ltk Post-It pieni, 5 v\u00e4ri\u00e4 Kukka- asetelma iso Voimal\u00e4vist\u00e4j\u00e4 Rapid SP30 SUPREME Nitoja Allura Leitz kvartsinharmaa Lyijykyn\u00e4 100g12s Staedt.12\/ras lajit Mustekyn\u00e4 Base Black sininen muste&lt;a Scotch yleisteippi 550 12mmx66m Paperintuhooja Dahle Paperisakset Dahle [&hellip;]<\/p>\n","protected":false},"author":2570,"featured_media":163,"parent":0,"menu_order":0,"comment_status":"closed","ping_status":"closed","template":"","meta":{"footnotes":""},"class_list":["post-29","page","type-page","status-publish","has-post-thumbnail","hentry"],"_links":{"self":[{"href":"https:\/\/blogi.eoppimispalvelut.fi\/toimistodecoopy\/wp-json\/wp\/v2\/pages\/29","targetHints":{"allow":["GET"]}}],"collection":[{"href":"https:\/\/blogi.eoppimispalvelut.fi\/toimistodecoopy\/wp-json\/wp\/v2\/pages"}],"about":[{"href":"https:\/\/blogi.eoppimispalvelut.fi\/toimistodecoopy\/wp-json\/wp\/v2\/types\/page"}],"author":[{"embeddable":true,"href":"https:\/\/blogi.eoppimispalvelut.fi\/toimistodecoopy\/wp-json\/wp\/v2\/users\/2570"}],"replies":[{"embeddable":true,"href":"https:\/\/blogi.eoppimispalvelut.fi\/toimistodecoopy\/wp-json\/wp\/v2\/comments?post=29"}],"version-history":[{"count":7,"href":"https:\/\/blogi.eoppimispalvelut.fi\/toimistodecoopy\/wp-json\/wp\/v2\/pages\/29\/revisions"}],"predecessor-version":[{"id":166,"href":"https:\/\/blogi.eoppimispalvelut.fi\/toimistodecoopy\/wp-json\/wp\/v2\/pages\/29\/revisions\/166"}],"wp:featuredmedia":[{"embeddable":true,"href":"https:\/\/blogi.eoppimispalvelut.fi\/toimistodecoopy\/wp-json\/wp\/v2\/media\/163"}],"wp:attachment":[{"href":"https:\/\/blogi.eoppimispalvelut.fi\/toimistodecoopy\/wp-json\/wp\/v2\/media?parent=29"}],"curies":[{"name":"wp","href":"https:\/\/api.w.org\/{rel}","templated":true}]}}