{"id":31,"date":"2017-10-05T15:12:50","date_gmt":"2017-10-05T12:12:50","guid":{"rendered":"https:\/\/blogi.eoppimispalvelut.fi\/toimistodecoopy\/?page_id=31"},"modified":"2017-12-13T13:57:01","modified_gmt":"2017-12-13T11:57:01","slug":"hopea","status":"publish","type":"page","link":"https:\/\/blogi.eoppimispalvelut.fi\/toimistodecoopy\/hopea\/","title":{"rendered":"Hopea"},"content":{"rendered":"<p>Kuva on suuntaa-antava.<\/p>\n<p>Monitoimip\u00f6yt\u00e4 PT5 sivutasoilla<br \/>\nKokoustuoli py\u00f6rill\u00e4<br \/>\nAkryyliviivain 40 cm kirkas<br \/>\nKalenterimappi B5<br \/>\nKokousmuistiokirja A4 musta kartonki sidottu-<br \/>\nKierreluentolehti\u00f6 A4\/60 30\/ltk<br \/>\nPost-It pieni, 5 v\u00e4ri\u00e4<br \/>\nVoimal\u00e4vist\u00e4j\u00e4 Rapid SP30 SUPREME<br \/>\nNitoja Allura Leitz kvartsinharmaa<br \/>\nLyijykyn\u00e4 100g12s Staedt.12\/ras lajit<br \/>\nMustekyn\u00e4 Base Black sininen muste<br \/>\nScotch yleisteippi 550 12mmx66m<br \/>\nPaperintuhooja Dahle<br \/>\nPaperisakset Dahle 16cm 00.54406 Comfort Grip-<\/p>\n<p>Yhteens\u00e4 (yhdelle hengelle): 519,17 \u20ac\t<\/p>\n","protected":false},"excerpt":{"rendered":"<p>Kuva on suuntaa-antava. Monitoimip\u00f6yt\u00e4 PT5 sivutasoilla Kokoustuoli py\u00f6rill\u00e4 Akryyliviivain 40 cm kirkas Kalenterimappi B5 Kokousmuistiokirja A4 musta kartonki sidottu- Kierreluentolehti\u00f6 A4\/60 30\/ltk Post-It pieni, 5 v\u00e4ri\u00e4 Voimal\u00e4vist\u00e4j\u00e4 Rapid SP30 SUPREME Nitoja Allura Leitz kvartsinharmaa Lyijykyn\u00e4 100g12s Staedt.12\/ras lajit Mustekyn\u00e4 Base Black sininen muste Scotch yleisteippi 550 12mmx66m Paperintuhooja Dahle Paperisakset Dahle 16cm 00.54406 Comfort Grip- [&hellip;]<\/p>\n","protected":false},"author":2570,"featured_media":132,"parent":0,"menu_order":0,"comment_status":"closed","ping_status":"closed","template":"","meta":{"footnotes":""},"class_list":["post-31","page","type-page","status-publish","has-post-thumbnail","hentry"],"_links":{"self":[{"href":"https:\/\/blogi.eoppimispalvelut.fi\/toimistodecoopy\/wp-json\/wp\/v2\/pages\/31","targetHints":{"allow":["GET"]}}],"collection":[{"href":"https:\/\/blogi.eoppimispalvelut.fi\/toimistodecoopy\/wp-json\/wp\/v2\/pages"}],"about":[{"href":"https:\/\/blogi.eoppimispalvelut.fi\/toimistodecoopy\/wp-json\/wp\/v2\/types\/page"}],"author":[{"embeddable":true,"href":"https:\/\/blogi.eoppimispalvelut.fi\/toimistodecoopy\/wp-json\/wp\/v2\/users\/2570"}],"replies":[{"embeddable":true,"href":"https:\/\/blogi.eoppimispalvelut.fi\/toimistodecoopy\/wp-json\/wp\/v2\/comments?post=31"}],"version-history":[{"count":8,"href":"https:\/\/blogi.eoppimispalvelut.fi\/toimistodecoopy\/wp-json\/wp\/v2\/pages\/31\/revisions"}],"predecessor-version":[{"id":168,"href":"https:\/\/blogi.eoppimispalvelut.fi\/toimistodecoopy\/wp-json\/wp\/v2\/pages\/31\/revisions\/168"}],"wp:featuredmedia":[{"embeddable":true,"href":"https:\/\/blogi.eoppimispalvelut.fi\/toimistodecoopy\/wp-json\/wp\/v2\/media\/132"}],"wp:attachment":[{"href":"https:\/\/blogi.eoppimispalvelut.fi\/toimistodecoopy\/wp-json\/wp\/v2\/media?parent=31"}],"curies":[{"name":"wp","href":"https:\/\/api.w.org\/{rel}","templated":true}]}}