{"id":33,"date":"2017-10-05T15:13:09","date_gmt":"2017-10-05T12:13:09","guid":{"rendered":"https:\/\/blogi.eoppimispalvelut.fi\/toimistodecoopy\/?page_id=33"},"modified":"2017-12-13T13:58:05","modified_gmt":"2017-12-13T11:58:05","slug":"pronssi","status":"publish","type":"page","link":"https:\/\/blogi.eoppimispalvelut.fi\/toimistodecoopy\/pronssi\/","title":{"rendered":"Pronssi"},"content":{"rendered":"<p>Kuva on suuntaa-antava.<\/p>\n<p>Post-It pieni, 5 v\u00e4ri\u00e4<br \/>\nAkryyliviivain 40 cm kirkas<br \/>\nVoimal\u00e4vist\u00e4j\u00e4 Rapid SP30 SUPREME<br \/>\nNitoja Allura Leitz kvartsinharmaa<br \/>\nLyijykyn\u00e4 100g12s Staedt.12\/ras lajit<br \/>\nMustekyn\u00e4 Base Black sininen muste<br \/>\nScotch yleisteippi 550 12mmx66m<br \/>\nPaperisakset Dahle 16cm 00.54406 Comfort Grip-<br \/>\nPaperintuhooja Dahle<br \/>\nMonitoimip\u00f6yt\u00e4 VT1 kaapilla<br \/>\nKokoustuoli, musta <\/p>\n<p>Yhteens\u00e4 (yhdelle hengelle): 384,97 \u20ac\t<\/p>\n","protected":false},"excerpt":{"rendered":"<p>Kuva on suuntaa-antava. Post-It pieni, 5 v\u00e4ri\u00e4 Akryyliviivain 40 cm kirkas Voimal\u00e4vist\u00e4j\u00e4 Rapid SP30 SUPREME Nitoja Allura Leitz kvartsinharmaa Lyijykyn\u00e4 100g12s Staedt.12\/ras lajit Mustekyn\u00e4 Base Black sininen muste Scotch yleisteippi 550 12mmx66m Paperisakset Dahle 16cm 00.54406 Comfort Grip- Paperintuhooja Dahle Monitoimip\u00f6yt\u00e4 VT1 kaapilla Kokoustuoli, musta Yhteens\u00e4 (yhdelle hengelle): 384,97 \u20ac<\/p>\n","protected":false},"author":2570,"featured_media":144,"parent":0,"menu_order":0,"comment_status":"closed","ping_status":"closed","template":"","meta":{"footnotes":""},"class_list":["post-33","page","type-page","status-publish","has-post-thumbnail","hentry"],"_links":{"self":[{"href":"https:\/\/blogi.eoppimispalvelut.fi\/toimistodecoopy\/wp-json\/wp\/v2\/pages\/33","targetHints":{"allow":["GET"]}}],"collection":[{"href":"https:\/\/blogi.eoppimispalvelut.fi\/toimistodecoopy\/wp-json\/wp\/v2\/pages"}],"about":[{"href":"https:\/\/blogi.eoppimispalvelut.fi\/toimistodecoopy\/wp-json\/wp\/v2\/types\/page"}],"author":[{"embeddable":true,"href":"https:\/\/blogi.eoppimispalvelut.fi\/toimistodecoopy\/wp-json\/wp\/v2\/users\/2570"}],"replies":[{"embeddable":true,"href":"https:\/\/blogi.eoppimispalvelut.fi\/toimistodecoopy\/wp-json\/wp\/v2\/comments?post=33"}],"version-history":[{"count":5,"href":"https:\/\/blogi.eoppimispalvelut.fi\/toimistodecoopy\/wp-json\/wp\/v2\/pages\/33\/revisions"}],"predecessor-version":[{"id":169,"href":"https:\/\/blogi.eoppimispalvelut.fi\/toimistodecoopy\/wp-json\/wp\/v2\/pages\/33\/revisions\/169"}],"wp:featuredmedia":[{"embeddable":true,"href":"https:\/\/blogi.eoppimispalvelut.fi\/toimistodecoopy\/wp-json\/wp\/v2\/media\/144"}],"wp:attachment":[{"href":"https:\/\/blogi.eoppimispalvelut.fi\/toimistodecoopy\/wp-json\/wp\/v2\/media?parent=33"}],"curies":[{"name":"wp","href":"https:\/\/api.w.org\/{rel}","templated":true}]}}