{"id":88,"date":"2017-10-12T13:48:03","date_gmt":"2017-10-12T10:48:03","guid":{"rendered":"https:\/\/blogi.eoppimispalvelut.fi\/toimistodecoopy\/?page_id=88"},"modified":"2017-11-03T10:45:49","modified_gmt":"2017-11-03T08:45:49","slug":"yritys","status":"publish","type":"page","link":"https:\/\/blogi.eoppimispalvelut.fi\/toimistodecoopy\/yritys\/","title":{"rendered":"Yrityksest\u00e4"},"content":{"rendered":"<ul> Olemme ToimistodEco, ekologinen ratkaisu toimistojen viihtyvyyden parantamiseksi. Luomme toimistoosi kokonaisvaltaisen uudistuksen j\u00e4rkihintaan, ergonomiaa unohtamatta. Ymp\u00e4rist\u00f6 on l\u00e4hell\u00e4 syd\u00e4nt\u00e4mme ja n\u00e4in ollen k\u00e4yt\u00e4mme tuotteissamme vain ymp\u00e4rist\u00f6yst\u00e4v\u00e4llisi\u00e4 materiaaleja ja ratkaisuja.<\/p>\n<p>Meilt\u00e4 l\u00f6yd\u00e4t muunmuassa n\u00e4m\u00e4 palvelut:<\/p>\n<li>Toimistokalusteet- ja tarvikkeet ovelle tuotuna\u200b\n<li>R\u00e4\u00e4t\u00e4l\u00f6idyt sisustus- ja remontointipalvelut yrityksellesi\u200b<\/li>\n<li>Yksitt\u00e4isi\u00e4 tuotteita, sek\u00e4 huolella harkittuja pakettikokonaisuuksia\u200b<\/li>\n<li>Ymp\u00e4rist\u00f6yst\u00e4v\u00e4lliset materiaalit.<\/li>\n<\/ul>\n","protected":false},"excerpt":{"rendered":"<p>Olemme ToimistodEco, ekologinen ratkaisu toimistojen viihtyvyyden parantamiseksi. Luomme toimistoosi kokonaisvaltaisen uudistuksen j\u00e4rkihintaan, ergonomiaa unohtamatta. Ymp\u00e4rist\u00f6 on l\u00e4hell\u00e4 syd\u00e4nt\u00e4mme ja n\u00e4in ollen k\u00e4yt\u00e4mme tuotteissamme vain ymp\u00e4rist\u00f6yst\u00e4v\u00e4llisi\u00e4 materiaaleja ja ratkaisuja. Meilt\u00e4 l\u00f6yd\u00e4t muunmuassa n\u00e4m\u00e4 palvelut: Toimistokalusteet- ja tarvikkeet ovelle tuotuna\u200b R\u00e4\u00e4t\u00e4l\u00f6idyt sisustus- ja remontointipalvelut yrityksellesi\u200b Yksitt\u00e4isi\u00e4 tuotteita, sek\u00e4 huolella harkittuja pakettikokonaisuuksia\u200b Ymp\u00e4rist\u00f6yst\u00e4v\u00e4lliset materiaalit.<\/p>\n","protected":false},"author":2558,"featured_media":0,"parent":0,"menu_order":0,"comment_status":"closed","ping_status":"closed","template":"","meta":{"footnotes":""},"class_list":["post-88","page","type-page","status-publish","hentry"],"_links":{"self":[{"href":"https:\/\/blogi.eoppimispalvelut.fi\/toimistodecoopy\/wp-json\/wp\/v2\/pages\/88","targetHints":{"allow":["GET"]}}],"collection":[{"href":"https:\/\/blogi.eoppimispalvelut.fi\/toimistodecoopy\/wp-json\/wp\/v2\/pages"}],"about":[{"href":"https:\/\/blogi.eoppimispalvelut.fi\/toimistodecoopy\/wp-json\/wp\/v2\/types\/page"}],"author":[{"embeddable":true,"href":"https:\/\/blogi.eoppimispalvelut.fi\/toimistodecoopy\/wp-json\/wp\/v2\/users\/2558"}],"replies":[{"embeddable":true,"href":"https:\/\/blogi.eoppimispalvelut.fi\/toimistodecoopy\/wp-json\/wp\/v2\/comments?post=88"}],"version-history":[{"count":10,"href":"https:\/\/blogi.eoppimispalvelut.fi\/toimistodecoopy\/wp-json\/wp\/v2\/pages\/88\/revisions"}],"predecessor-version":[{"id":100,"href":"https:\/\/blogi.eoppimispalvelut.fi\/toimistodecoopy\/wp-json\/wp\/v2\/pages\/88\/revisions\/100"}],"wp:attachment":[{"href":"https:\/\/blogi.eoppimispalvelut.fi\/toimistodecoopy\/wp-json\/wp\/v2\/media?parent=88"}],"curies":[{"name":"wp","href":"https:\/\/api.w.org\/{rel}","templated":true}]}}