{"id":41,"date":"2018-11-05T10:34:26","date_gmt":"2018-11-05T08:34:26","guid":{"rendered":"https:\/\/blogi.eoppimispalvelut.fi\/toky\/?page_id=41"},"modified":"2018-11-30T14:02:16","modified_gmt":"2018-11-30T12:02:16","slug":"tyontekijoiden-suusta","status":"publish","type":"page","link":"https:\/\/blogi.eoppimispalvelut.fi\/toky\/tyontekijoiden-suusta\/","title":{"rendered":"Ty\u00f6ntekij\u00f6iden suusta"},"content":{"rendered":"<p><strong>Mielipiteet yrityskaupasta<\/strong>: Yleisesti koetaan hyv\u00e4n\u00e4 asiana, palveluita tulee lis\u00e4\u00e4 mm. hammasl\u00e4\u00e4k\u00e4ripalvelut<\/p>\n<p>Tulevasta yrityskaupasta ei olla viel\u00e4 keskusteltu eik\u00e4 tiedotettu ty\u00f6ntekij\u00f6ille<\/p>\n<p>Toimintojen modernisointi, mahdolliset remontit, miss\u00e4 tiloissa jatketaan?<\/p>\n<p><strong>Ovatko ty\u00f6paikat uhattuna<\/strong>?Attendolla ei esim. toimistoty\u00f6ntekij\u00f6it\u00e4, mutta ent\u00e4 l\u00e4hi- ja sairaanhoitajat?<br \/>\nM\u00e4\u00e4r\u00e4-aikaisuus; jatkuvatko ty\u00f6t ja mill\u00e4 palkalla?<\/p>\n<blockquote><p>Lis\u00e4palvelut, nykyisen ty\u00f6ilmapiirin s\u00e4ilytt\u00e4minen, avoimuus<\/p><\/blockquote>\n<p>Mahdolliset uudet ty\u00f6ntekij\u00e4t otetaan hyvin vastaan<\/p>\n<p><strong>Toiveet esimiehille<\/strong>: Asiasta kertominen ajoissa, ajantasalla pit\u00e4minen ja avoimuus<\/p>\n<p>&nbsp;<\/p>\n","protected":false},"excerpt":{"rendered":"<p>Mielipiteet yrityskaupasta: Yleisesti koetaan hyv\u00e4n\u00e4 asiana, palveluita tulee lis\u00e4\u00e4 mm. hammasl\u00e4\u00e4k\u00e4ripalvelut Tulevasta yrityskaupasta ei olla viel\u00e4 keskusteltu eik\u00e4 tiedotettu ty\u00f6ntekij\u00f6ille Toimintojen modernisointi, mahdolliset remontit, miss\u00e4 tiloissa jatketaan?&hellip; <span class=\"read-more\"><a class=\"more-link\" href=\"https:\/\/blogi.eoppimispalvelut.fi\/toky\/tyontekijoiden-suusta\/\" rel=\"bookmark\">Read more <span class=\"screen-reader-text\">&#8220;Ty\u00f6ntekij\u00f6iden suusta&#8221;<\/span><\/a><\/span><\/p>\n","protected":false},"author":3411,"featured_media":0,"parent":0,"menu_order":0,"comment_status":"closed","ping_status":"closed","template":"","meta":{"footnotes":""},"class_list":["post-41","page","type-page","status-publish","hentry"],"_links":{"self":[{"href":"https:\/\/blogi.eoppimispalvelut.fi\/toky\/wp-json\/wp\/v2\/pages\/41","targetHints":{"allow":["GET"]}}],"collection":[{"href":"https:\/\/blogi.eoppimispalvelut.fi\/toky\/wp-json\/wp\/v2\/pages"}],"about":[{"href":"https:\/\/blogi.eoppimispalvelut.fi\/toky\/wp-json\/wp\/v2\/types\/page"}],"author":[{"embeddable":true,"href":"https:\/\/blogi.eoppimispalvelut.fi\/toky\/wp-json\/wp\/v2\/users\/3411"}],"replies":[{"embeddable":true,"href":"https:\/\/blogi.eoppimispalvelut.fi\/toky\/wp-json\/wp\/v2\/comments?post=41"}],"version-history":[{"count":8,"href":"https:\/\/blogi.eoppimispalvelut.fi\/toky\/wp-json\/wp\/v2\/pages\/41\/revisions"}],"predecessor-version":[{"id":125,"href":"https:\/\/blogi.eoppimispalvelut.fi\/toky\/wp-json\/wp\/v2\/pages\/41\/revisions\/125"}],"wp:attachment":[{"href":"https:\/\/blogi.eoppimispalvelut.fi\/toky\/wp-json\/wp\/v2\/media?parent=41"}],"curies":[{"name":"wp","href":"https:\/\/api.w.org\/{rel}","templated":true}]}}