{"id":16,"date":"2018-10-15T12:56:16","date_gmt":"2018-10-15T09:56:16","guid":{"rendered":"https:\/\/blogi.eoppimispalvelut.fi\/tourimiehille\/?page_id=16"},"modified":"2019-04-15T13:42:07","modified_gmt":"2019-04-15T10:42:07","slug":"hanketoimijat","status":"publish","type":"page","link":"https:\/\/blogi.eoppimispalvelut.fi\/tourimiehille\/hanketoimijat\/","title":{"rendered":"Hanketoimijat ja yhteystiedot"},"content":{"rendered":"<p>Touri Miehille hankketta toteuttavat \u00a0ovat Lapin Ammattikorkeakoulun\u00a0\u00a0 Pohjoinen hyvinvointi ja palvelut osaamisalueen lehtorit:<\/p>\n<p><em>Birgit Myll\u00e4ri<\/em><\/p>\n<p>Projektip\u00e4\u00e4llikk\u00f6<\/p>\n<p>birgit.myllari@lapiamk.fi<\/p>\n<p>puh. +358503109348<\/p>\n<p>&nbsp;<\/p>\n<p><em>Tarja Lipponen<\/em><\/p>\n<p>Hankety\u00f6ntekij\u00e4<\/p>\n<p>tarja.lipponen@lapinamk.fi<\/p>\n<p>puh.+358504276433<\/p>\n<p>&nbsp;<\/p>\n<p><em>Timo Marttala<\/em><\/p>\n<p>Hankety\u00f6ntekij\u00e4<\/p>\n<p>timo.marttala@lapiamk.fi<\/p>\n<p>puh.+358503109345<\/p>\n","protected":false},"excerpt":{"rendered":"<p>Touri Miehille hankketta toteuttavat \u00a0ovat Lapin Ammattikorkeakoulun\u00a0\u00a0 Pohjoinen hyvinvointi ja palvelut osaamisalueen lehtorit: Birgit Myll\u00e4ri Projektip\u00e4\u00e4llikk\u00f6 birgit.myllari@lapiamk.fi puh. +358503109348 &nbsp; Tarja Lipponen Hankety\u00f6ntekij\u00e4 tarja.lipponen@lapinamk.fi puh.+358504276433 &nbsp; Timo Marttala Hankety\u00f6ntekij\u00e4 timo.marttala@lapiamk.fi puh.+358503109345<\/p>\n","protected":false},"author":31,"featured_media":0,"parent":0,"menu_order":0,"comment_status":"closed","ping_status":"closed","template":"","meta":{"_et_pb_use_builder":"","_et_pb_old_content":"","_et_gb_content_width":"","footnotes":""},"class_list":["post-16","page","type-page","status-publish","hentry"],"_links":{"self":[{"href":"https:\/\/blogi.eoppimispalvelut.fi\/tourimiehille\/wp-json\/wp\/v2\/pages\/16","targetHints":{"allow":["GET"]}}],"collection":[{"href":"https:\/\/blogi.eoppimispalvelut.fi\/tourimiehille\/wp-json\/wp\/v2\/pages"}],"about":[{"href":"https:\/\/blogi.eoppimispalvelut.fi\/tourimiehille\/wp-json\/wp\/v2\/types\/page"}],"author":[{"embeddable":true,"href":"https:\/\/blogi.eoppimispalvelut.fi\/tourimiehille\/wp-json\/wp\/v2\/users\/31"}],"replies":[{"embeddable":true,"href":"https:\/\/blogi.eoppimispalvelut.fi\/tourimiehille\/wp-json\/wp\/v2\/comments?post=16"}],"version-history":[{"count":6,"href":"https:\/\/blogi.eoppimispalvelut.fi\/tourimiehille\/wp-json\/wp\/v2\/pages\/16\/revisions"}],"predecessor-version":[{"id":430,"href":"https:\/\/blogi.eoppimispalvelut.fi\/tourimiehille\/wp-json\/wp\/v2\/pages\/16\/revisions\/430"}],"wp:attachment":[{"href":"https:\/\/blogi.eoppimispalvelut.fi\/tourimiehille\/wp-json\/wp\/v2\/media?parent=16"}],"curies":[{"name":"wp","href":"https:\/\/api.w.org\/{rel}","templated":true}]}}