{"id":271,"date":"2019-11-28T14:44:56","date_gmt":"2019-11-28T12:44:56","guid":{"rendered":"https:\/\/blogi.eoppimispalvelut.fi\/tourimiehille\/?page_id=271"},"modified":"2020-11-22T19:42:14","modified_gmt":"2020-11-22T17:42:14","slug":"koulutukset-2","status":"publish","type":"page","link":"https:\/\/blogi.eoppimispalvelut.fi\/tourimiehille\/koulutukset-2\/","title":{"rendered":"Koulutukset"},"content":{"rendered":"<p><span style=\"color: #0000ff\">KOULUTUSP\u00c4IV\u00c4T \/\u00a0 TAPAHTUMAT <\/span><\/p>\n<p>Hankkeessa on j\u00e4rjestetty \u00a0 jokaisella lukukaudella koulutusp\u00e4ivi\u00e4. Kev\u00e4\u00e4n 2019 p\u00e4iv\u00e4t\u00a0 olivat\u00a0 19.3 ja 20.3.\u00a0 P\u00e4ivien aiheet : Ty\u00f6tt\u00f6myys el\u00e4m\u00e4ntilanteena\u00a0 ja\u00a0 Pojasta mieheksi kasvun kokemukset ja rooliodotukset.\u00a0 Koulutusp\u00e4iviin osallistuneille olemme l\u00e4hett\u00e4neet koulutusp\u00e4ivien materiaalin.<\/p>\n<p>Syksyn 2019 koulutusp\u00e4iv\u00e4n aiheena oli Koulutuksen, ty\u00f6- ja toimintakyvyn haasteet. T\u00e4m\u00e4n koulutusp\u00e4iv\u00e4n materiaalit on my\u00f6s toimitettu osallistujille.<\/p>\n<p>Kev\u00e4\u00e4n 2020 toteutuneet tilaisuudet ja\u00a0<span style=\"color: #0000ff\"> SYKSYN 2020\u00a0 tilaisuudet ilmoittautumislinkkeineen l\u00f6yd\u00e4t sivun lopusta. Klikkaa itsesi mukaan!<\/span><\/p>\n<p><span style=\"color: #0000ff\">Kev\u00e4t 2020\u00a0<\/span><\/p>\n<p><span style=\"color: #0000ff\"> 24.1.2020 Miesty\u00f6n Foorumi\u00a0<\/span><\/p>\n<p>Lapin Ammattikorkeakoululla Tietokatu 1 j\u00e4rjest\u00e4mme \u00a0 keskustelutilaisuuden miesty\u00f6n tilanteesta Meri-Lapissa. Tilaisuuteen tulee mukaan Oulun kaupungin miesty\u00f6verkoston seurakunnan ty\u00f6ntekij\u00e4 Kari Rekil\u00e4 ja kaupungin ty\u00f6ntekij\u00e4 Ville Pahkin. Mukana on my\u00f6s\u00a0 Lapin ensi- ja turvakodista miesty\u00f6ntekij\u00e4 Jari Harju. \u00a0Lis\u00e4ksi mukana on Helsingist\u00e4 verkkoyhteydell\u00e4 Visa Kuusikallio Miessakit ry:st\u00e4.<\/p>\n<p><img loading=\"lazy\" decoding=\"async\" class=\"alignnone size-medium wp-image-322\" src=\"https:\/\/blogi.eoppimispalvelut.fi\/tourimiehille\/files\/2020\/01\/20200124_122016-600x450.jpg\" alt=\"\" width=\"600\" height=\"450\" \/><\/p>\n<p>Kuvassa foorumin osallistujia paikan p\u00e4\u00e4ll\u00e4 ja Visa Kuusikallio Skypeyhteydelll\u00e4 Helsingist\u00e4.<\/p>\n<p><span style=\"color: #ff0000\">19.3.2020 Kohtaamisia ja mahdollisuuksia- koulutusp\u00e4iv\u00e4 PERUUNTUU\u00a0 JA SIIRRET\u00c4\u00c4N MY\u00d6HEMMIN ILMOITETTAVAAN AJANKOHTAAN<\/span><\/p>\n<p>Koulutus j\u00e4rjestet\u00e4\u00e4n Lapin Ammattikorkeakoululla Auditoriossa Tietokatu 1 94600 Kemi.<\/p>\n<p>Klikkaa otsikkoa, n\u00e4et p\u00e4iv\u00e4n ohjelman: <a href=\"https:\/\/blogi.eoppimispalvelut.fi\/tourimiehille\/files\/2019\/11\/19.3.2020-Kohtaamisia-ja-mahdollisuuksia.docx\">19.3.2020 Kohtaamisia ja mahdollisuuksia . \u00a0<\/a><\/p>\n<p>Ilmoittudu koulutusp\u00e4iv\u00e4\u00e4n: \u00a0<a href=\"https:\/\/link.webropolsurveys.com\/S\/4588110B4061FF5A\">https:\/\/link.webropolsurveys.com\/S\/4588110B4061FF5A<\/a><\/p>\n<p><span style=\"color: #0000ff\">28.4.2020 MIesten ja poikien asialla-seminaari \u00a0<\/span><\/p>\n<p>Luennon voit katsoa avaamalla tuo linkin:<\/p>\n<p><a href=\"https:\/\/lucit-my.sharepoint.com\/:v:\/g\/personal\/tlipponen_lapinamk_fi\/EXdn0YjQ9oJCu6nNPW7w24gB_f_bcqRJVaCBuKkqWpOASw\">Poikien ja miesten ammatillinen kohtaaminen luento 28.4.20<\/a><\/p>\n<p><span style=\"color: #3366ff\">2.4.2020 Meri-Lapin miesty\u00f6foorumi klo 14-16.00<\/span><\/p>\n<p>Foorumi j\u00e4rjestet\u00e4\u00e4n Lapin Ammattikorkeakoululla Tietokatu 1 luokka Gamma 2032<\/p>\n<p>Tervetuloa edist\u00e4m\u00e4\u00e4n miesty\u00f6t\u00e4 Meri-Lapissa.<\/p>\n<p><span style=\"color: #3366ff\">23.4.2020 Meri-Lapin miesty\u00f6foorumi klo 14-16.00<\/span><\/p>\n<p>Foorumi j\u00e4rjestet\u00e4\u00e4n Lapin Ammattikorkeakoululla Tietokatu 1 luokka Gamma 2032<\/p>\n<p>Tervetuloa edist\u00e4m\u00e4\u00e4n miesty\u00f6t\u00e4 Meri-Lapissa.<\/p>\n<p><span style=\"color: #3366ff\">14.5.2020 Meri-Lapin miesty\u00f6foorumi klo 14-16.00<\/span><\/p>\n<p>Tervetuloa edist\u00e4m\u00e4\u00e4n miesty\u00f6t\u00e4 Meri-Lapissa. T\u00e4ss\u00e4 linkki Teams- kokoukseen:<\/p>\n<p><a href=\"https:\/\/eur02.safelinks.protection.outlook.com\/ap\/t-59584e83\/?url=https%3A%2F%2Fteams.microsoft.com%2Fl%2Fmeetup-join%2F19%253ameeting_ZGRhMjQ5YjEtYWQzMi00ZWUxLTliMzItYzFiZDBmOGIwZDUx%2540thread.v2%2F0%3Fcontext%3D%257b%2522Tid%2522%253a%25224c60a66f-0a8d-446e-9ac0-836a00d84542%2522%252c%2522Oid%2522%253a%25220f556dd6-ac0c-456f-87e9-6ec1d58d56ad%2522%257d&amp;data=02%7C01%7CTarja.Lipponen%40lapinamk.fi%7C0a753cc96b044b22b77c08d7f26c1b72%7C4c60a66f0a8d446e9ac0836a00d84542%7C0%7C0%7C637244418454427329&amp;sdata=yc%2BXt8osdOrf6BmFfaZQ9AD%2B1I%2BH4CL8ta2vz%2BWLj%2B0%3D&amp;reserved=0\">MIesty\u00f6n Foorumin liittymislinkki 14.5.2020<\/a><\/p>\n<p>28.5.2020 j\u00e4rjestettiin koulutustilaisuus\u00a0 teemana\u00a0 Kohtaamisia ja mahdollisuuksia . Kokemuskouluttaja Ville-Veikko Kovasen luennon voit katsoa t\u00e4st\u00e4 linkist\u00e4:<a href=\"https:\/\/lucit-my.sharepoint.com\/:v:\/g\/personal\/tlipponen_lapinamk_fi\/EZeB4C5_oAZHu9laVh0jJPIBOL2XmYkQmS0vhN6B1GXR7w?e=Uivrw4\">Kipu ja mieli- MIehinen selviytymistarina<\/a><\/p>\n<p><span style=\"color: #0b0125\">3.6.2020 Meri-Lapin miesty\u00f6foorumi klo 14-16.00<\/span><\/p>\n<p>T\u00e4ss\u00e4 linkki foorumiin: <a href=\"https:\/\/meet.lync.com\/lucit-lapinamk\/tlipponen\/2LF90DKS\">\u00a0 MIesty\u00f6n foorumi<\/a><\/p>\n<p>Tervetuloa edist\u00e4m\u00e4\u00e4n miesty\u00f6t\u00e4 Meri-Lapissa.<\/p>\n<p><strong><span style=\"color: #0000ff\">SYKSY 2020<\/span><\/strong><\/p>\n<p><span style=\"color: #000000\"><span style=\"color: #0000ff\">13.8.2020<\/span> Meri-Lapin miesty\u00f6foorumi klo 14.00-16.00 . LInkki tilaisuuteen <a href=\"https:\/\/meet.lync.com\/lucit-lapinamk\/tlipponen\/2PJLFJ54\">Liity Skype-kokoukseen <\/a><\/span><\/p>\n<p><span style=\"color: #0000ff\">19.8.2020<\/span><span style=\"color: #000000\"> k\u00e4ynnistyy Ryhdy ryhm\u00f6nohjaajaksi koulutus Kivalo-opisto\/ Tornion Kansalaiopisto. Koulutus toteutuu verkossa. Ohessa linkki ilmoittautumisee<\/span>n <span style=\"color: #000000\">Kivalo-opisto\u00a0<\/span> :\u00a0<a href=\"https:\/\/opistopalvelut.fi\/kivalo-opisto\/course.php?l=fi&amp;t=7407\">Ryhdy ryhm\u00e4nohjaajaksi\u00a0\u00a0\u00a0<\/a><span style=\"color: #000000\">ja t\u00e4ss\u00e4<\/span><\/p>\n<p><a href=\"https:\/\/opistopalvelut.fi\/tornio\/search.php?l=fi&amp;search=RYhdy+ryhm%C3%A4nohjaajaksi\">Tornion Ka<\/a><a href=\"https:\/\/opistopalvelut.fi\/tornio\/search.php?l=fi&amp;search=RYhdy+ryhm%C3%A4nohjaajaksi\">nsalaisopiston ilmoittautumislinkki<\/a><\/p>\n<p><span style=\"color: #0000ff\">MIEHET JA METT\u00c4TERAPIA<\/span><\/p>\n<p><span style=\"color: #000000\">Touri Miehille -hanke j\u00e4rjesti\u00a0 seminaarin keskiviikkona 26.8.2020 klo 12.00-14.00. Toteutuksessa k\u00e4ytettiin Microsoft Teams -alustaa. Tavoitteena on antaa luonnosta my\u00f6nteist\u00e4 voimaa ja ev\u00e4it\u00e4 miesten osallisuuden sek\u00e4 hyvinvoinnin edist\u00e4miseen. Jari Harjun ja S\u00e1miSoster ry:n Tero Hakovirta juontama tilaisuus suoraan Lapin luonnosta. Saimme\u00a0 yhteyden Suomen Lapin luonnon keskelle ja yhteys toimi hienosti.\u00a0 Mukana Jarin ja Teron lis\u00e4ksi oli\u00a0 seitsem\u00e4n miest\u00e4 ja Piia\u00a0 siell\u00e4 luonnon helmassa.<\/span><\/p>\n<p>Tervetuloa mukaan! T\u00e4ss\u00e4 linkki sinulle, voit katsella tilaisuuden.<\/p>\n<p><a href=\"https:\/\/lucit-my.sharepoint.com\/:v:\/g\/personal\/tlipponen_lapinamk_fi\/EVSfk4bFfQ9Euinguxs6Ij8BPghJpg0m-mUdZ6rdiqxt0w?e=S667Ha\">https:\/\/lucit-my.sharepoint.com\/:v:\/g\/personal\/tlipponen_lapinamk_fi\/EVSfk4bFfQ9Euinguxs6Ij8BPghJpg0m-mUdZ6rdiqxt0w?e=S667Ha<\/a><\/p>\n<p><span style=\"color: #0000ff\">27.8.2020 Hankkeen\u00a0 P\u00e4\u00e4t\u00f6sseminaari osa I : 27.8.2020 KLO 13.00-15.00<\/span><\/p>\n<p><span style=\"color: #0000ff\">POJAT JA MIEHET \u2013 HYVINVOIVIA, OSALLISIA?\u00a0<\/span><\/p>\n<p><span style=\"color: #000000\">Tilaisuuden luennoitsijana ja sis\u00e4ll\u00f6st\u00e4 vastaavana \u00a0toimii \u00a0historioitsija ja v\u00e4kivaltatutkija FT Satu Lidman.<\/span><\/p>\n<p><span style=\"color: #000000\">Teemaan johdattava ennakkoteht\u00e4v\u00e4 tulee jakoon maanantaina 17.8.20. \u00a0Seminaari koostuu kahdesta 45 minuutin luento-osuudesta sek\u00e4 30 minuutin itsen\u00e4isest\u00e4 ty\u00f6skentelyst\u00e4. Tarkastelussa ovat kulttuuriin ja yhteiskuntaan juurtuneet, hitaasti muuttuvat k\u00e4sitykset miehen\u00e4 olemisesta. Poikiin ja miehiin kohdistuvat oletukset suuntaavat heihin kohdistuvia odotuksia ja vaikuttavat asenteiden ohella my\u00f6s tekoihin ja yhteiskunnan rakenteisiin. T\u00e4m\u00e4 heijastuu miesten kokemuksiin mm. identiteetist\u00e4, toimijuudesta ja isyydest\u00e4, sek\u00e4 n\u00e4kyy monenlaisina v\u00e4kivaltariskein\u00e4. \u00a0<\/span><\/p>\n<p><span style=\"color: #000000\">Tavoitteena on antaa ev\u00e4it\u00e4 nuorten ja aikuisten miesten osallisuuden sek\u00e4 hyvinvoinnin edist\u00e4miseen niin ihmissuhteissa kuin ty\u00f6el\u00e4m\u00e4ss\u00e4. On koko yhteiskunnan etu tukea miesten moninaisuutta ja maskuliinisuuden my\u00f6nteist\u00e4 voimaa. Historiasta on mahdollista oppia eik\u00e4 sen tarvitse m\u00e4\u00e4ritt\u00e4\u00e4 tulevaa.\u00a0<\/span><\/p>\n<p><span style=\"color: #000000\">Tervetuloa mukaan! Tilaisuus j\u00e4rjestet\u00e4\u00e4n Microsoft Teamsissa, linkki siihen ilmoitetaan elokuun alussa<\/span><\/p>\n<p><span style=\"color: #000000\">Tilaisuuteen ilmoittautuminen oheisen linkin kautta viimeist\u00e4\u00e4n 14.8.2020<\/span><\/p>\n<p><a href=\"https:\/\/link.webropolsurveys.com\/S\/7646DE7089CE1E0F\"><span style=\"color: #000000\">https:\/\/link.webropolsurveys.com\/S\/7646DE7089CE1E<\/span>0F<\/a><\/p>\n<p><span style=\"color: #000000\"><span style=\"color: #0000ff\">29.8.2020 Toiminnan Miehet -hanke<\/span> j\u00e4rjest\u00e4\u00e4 koulutustilaisuuden vertaismiestoiminnasta lauantaina Helsingiss\u00e4. Tilaisuus on tarkoitettu vertaisryhmien vet\u00e4jille, ryhm\u00e4nvet\u00e4jiksi haluaville ja aiheesta kiinnostuneille. Tilaisuuteen voi osallistua et\u00e4n\u00e4. Tilaisuudesta l\u00f6yd\u00e4t tietoja www.miessakit.fi sivuilta ja Toiminnan Miesten vertaiskoulutus Helsinki<\/span><\/p>\n<p><strong><span style=\"color: #0000ff\">Miesty\u00f6n foorumin\u00a0 kokous 10.9.20 klo 14.00\u00a0 <\/span><\/strong><span style=\"color: #0000ff\"><span style=\"color: #000000\">T\u00e4ss\u00e4 skypelinkki kokoukseen :\u00a0<\/span><\/span><a href=\"https:\/\/meet.lync.com\/lucit-lapinamk\/tlipponen\/M15N2F10\">MIesty\u00f6n foorumi<\/a><\/p>\n<p><strong><span style=\"color: #0000ff\">15.9.2020 Hankkeen P\u00e4\u00e4t\u00f6sseminaari osa II klo 13.15-15.00.<\/span><\/strong><\/p>\n<p><span style=\"color: #000000\">Teemaan johdattava ennakkoteht\u00e4v\u00e4 l\u00e4hetet\u00e4\u00e4n maanantaina 7.9. Seminaari koostuu vuorovaikutteisesta 90 minuutin luento- ja keskusteluosuudesta. Sis\u00e4ll\u00f6st\u00e4 vastaa vuorovaikutuksen ja viestinn\u00e4n tutkija FT Ira Virtanen Tampereen yliopistosta.\u00a0<\/span><\/p>\n<p><span style=\"color: #000000\">Luennolla k\u00e4sitell\u00e4\u00e4n sosiaalisen tuen viestint\u00e4\u00e4. Sosiaalinen tuki on k\u00e4ytt\u00e4ytymist\u00e4, jonka tarkoituksena on vastata toisessa ihmisess\u00e4 havaittuun avun tai vahvistuksen tarpeeseen. Tukea siis ennen kaikkea viestit\u00e4\u00e4n, ja sit\u00e4 voi tehd\u00e4 enemm\u00e4n tai v\u00e4hemm\u00e4n tehokkaasti.<\/span><\/p>\n<p><span style=\"color: #000000\">Luennon tavoitteena on jakaa tutkimustietoa ja k\u00e4yt\u00e4nn\u00f6n ty\u00f6v\u00e4lineit\u00e4 tuen antamiseen poikien ja miesten kanssa ty\u00f6skenteleville ja aiheesta kiinnostuneille. Seminaarissa eritell\u00e4\u00e4n hy\u00f6dyllisen ja tehokkaan tuen elementtej\u00e4 konkreettisella tavalla: Mit\u00e4 on kokemuskeskeinen tuki ja miten sit\u00e4 viestit\u00e4\u00e4n? Millaisia tekij\u00f6it\u00e4 kannattaa ottaa huomioon, jotta tukea antava viestint\u00e4 tavoittaa saajansa? Osallistujat p\u00e4\u00e4sev\u00e4t my\u00f6s jakamaan itse hyv\u00e4ksi kokemiaan tapoja havaita tuen tarpeita, hakea tukea ja vastata miehen tuen tarpeiseen.<\/span><\/p>\n<p><span style=\"color: #000000\">Luennoitsijasta: Ira Virtanen on v\u00e4itellyt miesten yst\u00e4vyyssuhteissa annetusta sosiaalisesta tuesta ja tutkinut muun muassa poikien tuen hakemista auttavassa puhelimessa. H\u00e4n ty\u00f6skentelee sek\u00e4 tutkijana sek\u00e4 viestint\u00e4kouluttajana. Ira on kouluttanut useita vertaistukitoimintaa tarjoavia vapaaehtoisj\u00e4rjest\u00f6j\u00e4 ja luonut 8-viikkoisen vuorovaikutusosaamista kehitt\u00e4v\u00e4n ryhm\u00e4prosessin nuorille miehille.<\/span><\/p>\n<p><span style=\"color: #000000\">Ilmoittautuminen oheisen linkin kautta: <a style=\"color: #000000\" href=\"https:\/\/link.webropolsurveys.com\/S\/5D8630528581E0AF\">https:\/\/link.webropolsurveys.com\/S\/5D8630528581E0AF<\/a><\/span><\/p>\n<p><span style=\"color: #000000\">Osallistumislinkki\u00a0 tilaisuuten : \u00a0<\/span><span style=\"font-family: 'Segoe UI',sans-serif;color: #252424\"><a href=\"https:\/\/teams.microsoft.com\/l\/meetup-join\/19%3ameeting_OTM2MjAxODUtOTk2YS00NmQ2LTllNmItMDk1ZWIyOTQyZGQ4%40thread.v2\/0?context=%7b%22Tid%22%3a%224c60a66f-0a8d-446e-9ac0-836a00d84542%22%2c%22Oid%22%3a%220f556dd6-ac0c-456f-87e9-6ec1d58d56ad%22%7d\" target=\"_blank\" rel=\"noopener noreferrer\"><span style=\"font-size: 13.5pt;font-family: 'Segoe UI Semibold',sans-serif;color: #6264a7\">Liity Microsoft Teams -kokoukseen<\/span><\/a> <\/span><\/p>\n<p><strong><span style=\"color: #0000ff\">Miesten viikon tapahtuma 5.11.20 j\u00e4rjestettiin Teamissa, ohessa linkki tallenteeseen<\/span><\/strong><\/p>\n<p><a href=\"https:\/\/lucit-my.sharepoint.com\/:v:\/g\/personal\/tlipponen_lapinamk_fi\/ETVa1cc_879GgKsWvYSJthQBqnCJkmjtEgZ5r_onq0LSrw\">MIes ja hyvinvointiala<\/a><\/p>\n<p>Nelj\u00e4 Hyvinvointialalla ty\u00f6skentelev\u00e4\u00e4 miest\u00e4 kertoo ty\u00f6st\u00e4\u00e4n.<\/p>\n","protected":false},"excerpt":{"rendered":"<p>KOULUTUSP\u00c4IV\u00c4T \/\u00a0 TAPAHTUMAT Hankkeessa on j\u00e4rjestetty \u00a0 jokaisella lukukaudella koulutusp\u00e4ivi\u00e4. Kev\u00e4\u00e4n 2019 p\u00e4iv\u00e4t\u00a0 olivat\u00a0 19.3 ja 20.3.\u00a0 P\u00e4ivien aiheet : Ty\u00f6tt\u00f6myys el\u00e4m\u00e4ntilanteena\u00a0 ja\u00a0 Pojasta mieheksi kasvun kokemukset ja rooliodotukset.\u00a0 Koulutusp\u00e4iviin osallistuneille olemme l\u00e4hett\u00e4neet koulutusp\u00e4ivien materiaalin. Syksyn 2019 koulutusp\u00e4iv\u00e4n aiheena oli Koulutuksen, ty\u00f6- ja toimintakyvyn haasteet. T\u00e4m\u00e4n koulutusp\u00e4iv\u00e4n materiaalit on my\u00f6s toimitettu osallistujille. Kev\u00e4\u00e4n 2020 toteutuneet [&hellip;]<\/p>\n","protected":false},"author":2032,"featured_media":0,"parent":0,"menu_order":0,"comment_status":"closed","ping_status":"closed","template":"","meta":{"_et_pb_use_builder":"","_et_pb_old_content":"","_et_gb_content_width":"","footnotes":""},"class_list":["post-271","page","type-page","status-publish","hentry"],"_links":{"self":[{"href":"https:\/\/blogi.eoppimispalvelut.fi\/tourimiehille\/wp-json\/wp\/v2\/pages\/271","targetHints":{"allow":["GET"]}}],"collection":[{"href":"https:\/\/blogi.eoppimispalvelut.fi\/tourimiehille\/wp-json\/wp\/v2\/pages"}],"about":[{"href":"https:\/\/blogi.eoppimispalvelut.fi\/tourimiehille\/wp-json\/wp\/v2\/types\/page"}],"author":[{"embeddable":true,"href":"https:\/\/blogi.eoppimispalvelut.fi\/tourimiehille\/wp-json\/wp\/v2\/users\/2032"}],"replies":[{"embeddable":true,"href":"https:\/\/blogi.eoppimispalvelut.fi\/tourimiehille\/wp-json\/wp\/v2\/comments?post=271"}],"version-history":[{"count":42,"href":"https:\/\/blogi.eoppimispalvelut.fi\/tourimiehille\/wp-json\/wp\/v2\/pages\/271\/revisions"}],"predecessor-version":[{"id":602,"href":"https:\/\/blogi.eoppimispalvelut.fi\/tourimiehille\/wp-json\/wp\/v2\/pages\/271\/revisions\/602"}],"wp:attachment":[{"href":"https:\/\/blogi.eoppimispalvelut.fi\/tourimiehille\/wp-json\/wp\/v2\/media?parent=271"}],"curies":[{"name":"wp","href":"https:\/\/api.w.org\/{rel}","templated":true}]}}