{"id":329,"date":"2020-01-30T09:47:43","date_gmt":"2020-01-30T07:47:43","guid":{"rendered":"https:\/\/blogi.eoppimispalvelut.fi\/tourimiehille\/?page_id=329"},"modified":"2020-06-10T13:27:11","modified_gmt":"2020-06-10T10:27:11","slug":"kuvia-matkan-varrelta","status":"publish","type":"page","link":"https:\/\/blogi.eoppimispalvelut.fi\/tourimiehille\/kuvia-matkan-varrelta\/","title":{"rendered":"Kuvia  ja digivideoita matkan varrelta"},"content":{"rendered":"<p>T\u00e4lle sivulle olemme ker\u00e4nneet joitakin kuvia hankkeen tapahtumista sek\u00e4 hankkeen aikana toteutet digitarinat l\u00f6ytyv\u00e4t t\u00e4\u00e4lt\u00e4. Digitarinat l\u00f6yd\u00e4t sivun lopusta.<\/p>\n<p><img loading=\"lazy\" decoding=\"async\" class=\" wp-image-359\" src=\"https:\/\/blogi.eoppimispalvelut.fi\/tourimiehille\/files\/2020\/02\/19.3.19-Koulutusp\u00e4iv\u00e4-600x450.jpg\" alt=\"\" width=\"511\" height=\"383\" srcset=\"https:\/\/blogi.eoppimispalvelut.fi\/tourimiehille\/files\/2020\/02\/19.3.19-Koulutusp\u00e4iv\u00e4-600x450.jpg 600w, https:\/\/blogi.eoppimispalvelut.fi\/tourimiehille\/files\/2020\/02\/19.3.19-Koulutusp\u00e4iv\u00e4-510x382.jpg 510w, https:\/\/blogi.eoppimispalvelut.fi\/tourimiehille\/files\/2020\/02\/19.3.19-Koulutusp\u00e4iv\u00e4-480x360.jpg 480w, https:\/\/blogi.eoppimispalvelut.fi\/tourimiehille\/files\/2020\/02\/19.3.19-Koulutusp\u00e4iv\u00e4.jpg 640w\" sizes=\"(max-width: 511px) 100vw, 511px\" \/><\/p>\n<p>Pojasta mieheksi kasvamisen haasteisiin panudutaan Jari Sinkkosen johdolla 20.3.2019<\/p>\n<div id=\"attachment_353\" style=\"width: 525px\" class=\"wp-caption alignnone\"><img loading=\"lazy\" decoding=\"async\" aria-describedby=\"caption-attachment-353\" class=\" wp-image-353\" src=\"https:\/\/blogi.eoppimispalvelut.fi\/tourimiehille\/files\/2020\/02\/Yhteisty\u00f6palaveri-Ohjaamossa--600x450.jpg\" alt=\"\" width=\"515\" height=\"386\" srcset=\"https:\/\/blogi.eoppimispalvelut.fi\/tourimiehille\/files\/2020\/02\/Yhteisty\u00f6palaveri-Ohjaamossa--600x450.jpg 600w, https:\/\/blogi.eoppimispalvelut.fi\/tourimiehille\/files\/2020\/02\/Yhteisty\u00f6palaveri-Ohjaamossa--1280x960.jpg 1280w, https:\/\/blogi.eoppimispalvelut.fi\/tourimiehille\/files\/2020\/02\/Yhteisty\u00f6palaveri-Ohjaamossa--768x576.jpg 768w, https:\/\/blogi.eoppimispalvelut.fi\/tourimiehille\/files\/2020\/02\/Yhteisty\u00f6palaveri-Ohjaamossa--1536x1152.jpg 1536w, https:\/\/blogi.eoppimispalvelut.fi\/tourimiehille\/files\/2020\/02\/Yhteisty\u00f6palaveri-Ohjaamossa--2048x1536.jpg 2048w, https:\/\/blogi.eoppimispalvelut.fi\/tourimiehille\/files\/2020\/02\/Yhteisty\u00f6palaveri-Ohjaamossa--510x382.jpg 510w, https:\/\/blogi.eoppimispalvelut.fi\/tourimiehille\/files\/2020\/02\/Yhteisty\u00f6palaveri-Ohjaamossa--1080x810.jpg 1080w, https:\/\/blogi.eoppimispalvelut.fi\/tourimiehille\/files\/2020\/02\/Yhteisty\u00f6palaveri-Ohjaamossa--980x735.jpg 980w, https:\/\/blogi.eoppimispalvelut.fi\/tourimiehille\/files\/2020\/02\/Yhteisty\u00f6palaveri-Ohjaamossa--480x360.jpg 480w\" sizes=\"(max-width: 515px) 100vw, 515px\" \/><p id=\"caption-attachment-353\" class=\"wp-caption-text\">Yhteisty\u00f6palaveri Kemin Ohjaamossa.<\/p><\/div>\n<p>&nbsp;<\/p>\n<p>Yhteisty\u00f6t\u00e4 psykiatrian, nuorisotoimen, seurakunnan, koulutoimen ja Haaparannan kanssa 10.10.2018.<\/p>\n<div id=\"attachment_360\" style=\"width: 375px\" class=\"wp-caption alignnone\"><img loading=\"lazy\" decoding=\"async\" aria-describedby=\"caption-attachment-360\" class=\" wp-image-360\" src=\"https:\/\/blogi.eoppimispalvelut.fi\/tourimiehille\/files\/2020\/02\/Jari-Sinkkonen-Pojan-kehityksen-haasteet-20.3.19-rotated.jpg\" alt=\"\" width=\"365\" height=\"487\" \/><p id=\"caption-attachment-360\" class=\"wp-caption-text\">Jari Sinkkonen 20.3.19 kouluttajana her\u00e4tti suurta mielenkiintoa<\/p><\/div>\n<p><img loading=\"lazy\" decoding=\"async\" class=\"alignnone wp-image-400\" src=\"https:\/\/blogi.eoppimispalvelut.fi\/tourimiehille\/files\/2020\/02\/Ker\u00e4t\u00e4r-Raija-600x432.jpg\" alt=\"\" width=\"536\" height=\"386\" srcset=\"https:\/\/blogi.eoppimispalvelut.fi\/tourimiehille\/files\/2020\/02\/Ker\u00e4t\u00e4r-Raija-600x432.jpg 600w, https:\/\/blogi.eoppimispalvelut.fi\/tourimiehille\/files\/2020\/02\/Ker\u00e4t\u00e4r-Raija-480x346.jpg 480w, https:\/\/blogi.eoppimispalvelut.fi\/tourimiehille\/files\/2020\/02\/Ker\u00e4t\u00e4r-Raija.jpg 730w\" sizes=\"(max-width: 536px) 100vw, 536px\" \/><\/p>\n<p>STM:lle selvityksen tekij\u00e4 Raija Ker\u00e4t\u00e4r on tutkinut pitk\u00e4aikaisty\u00f6tt\u00f6mi\u00e4 ja osa ty\u00f6kykyisi\u00e4.<\/p>\n<p>\u201dTy\u00f6tt\u00f6m\u00e4t ovat t\u00e4ll\u00e4 hetkell\u00e4 syrj\u00e4ss\u00e4 ty\u00f6kykypalveluista, etuuksista ja osallisuudesta\u201d, toteavat Tuija Oivo ja Raija Ker\u00e4t\u00e4r<\/p>\n<p>Ker\u00e4t\u00e4rt\u00e4 saatiin kuulla 19.9.2019 koulutusp\u00e4iv\u00e4ll\u00e4.<\/p>\n<div id=\"attachment_361\" style=\"width: 551px\" class=\"wp-caption alignnone\"><img loading=\"lazy\" decoding=\"async\" aria-describedby=\"caption-attachment-361\" class=\"size-full wp-image-361\" src=\"https:\/\/blogi.eoppimispalvelut.fi\/tourimiehille\/files\/2020\/02\/KIRA-Tuomo.jpg\" alt=\"\" width=\"541\" height=\"380\" srcset=\"https:\/\/blogi.eoppimispalvelut.fi\/tourimiehille\/files\/2020\/02\/KIRA-Tuomo.jpg 541w, https:\/\/blogi.eoppimispalvelut.fi\/tourimiehille\/files\/2020\/02\/KIRA-Tuomo-480x337.jpg 480w\" sizes=\"(min-width: 0px) and (max-width: 480px) 480px, (min-width: 481px) 541px, 100vw\" \/><p id=\"caption-attachment-361\" class=\"wp-caption-text\">Kira Hurme ja Tarmo Kyll\u00f6nen luennoivat verkon v\u00e4lityksell\u00e4\u00a0 20.3.19 aiheesta: Aikuisten yhteistoiminta lapsen turvallisuudentunteen vahvistamisessa.<\/p><\/div>\n<div id=\"attachment_348\" style=\"width: 610px\" class=\"wp-caption alignnone\"><img loading=\"lazy\" decoding=\"async\" aria-describedby=\"caption-attachment-348\" class=\"size-medium wp-image-348\" src=\"https:\/\/blogi.eoppimispalvelut.fi\/tourimiehille\/files\/2020\/02\/IMG_2080-600x450.jpg\" alt=\"\" width=\"600\" height=\"450\" \/><p id=\"caption-attachment-348\" class=\"wp-caption-text\">Alkunkarin laavulla kev\u00e4\u00e4ll\u00e4 2019<\/p><\/div>\n<div id=\"attachment_351\" style=\"width: 610px\" class=\"wp-caption alignnone\"><img loading=\"lazy\" decoding=\"async\" aria-describedby=\"caption-attachment-351\" class=\"size-medium wp-image-351\" src=\"https:\/\/blogi.eoppimispalvelut.fi\/tourimiehille\/files\/2020\/02\/Alkunkarin-laavulla-makkara-maistui-10.4.19-600x450.jpg\" alt=\"\" width=\"600\" height=\"450\" \/><p id=\"caption-attachment-351\" class=\"wp-caption-text\">Makkaranpaistoa Alkunkarin laavulla<\/p><\/div>\n<div id=\"attachment_354\" style=\"width: 610px\" class=\"wp-caption alignnone\"><img loading=\"lazy\" decoding=\"async\" aria-describedby=\"caption-attachment-354\" class=\"size-medium wp-image-354\" src=\"https:\/\/blogi.eoppimispalvelut.fi\/tourimiehille\/files\/2020\/02\/Yhteisty\u00f6t\u00e4-Suo-Susiraja-ja-segregaatio-600x450.jpg\" alt=\"\" width=\"600\" height=\"450\" srcset=\"https:\/\/blogi.eoppimispalvelut.fi\/tourimiehille\/files\/2020\/02\/Yhteisty\u00f6t\u00e4-Suo-Susiraja-ja-segregaatio-600x450.jpg 600w, https:\/\/blogi.eoppimispalvelut.fi\/tourimiehille\/files\/2020\/02\/Yhteisty\u00f6t\u00e4-Suo-Susiraja-ja-segregaatio-1280x960.jpg 1280w, https:\/\/blogi.eoppimispalvelut.fi\/tourimiehille\/files\/2020\/02\/Yhteisty\u00f6t\u00e4-Suo-Susiraja-ja-segregaatio-768x576.jpg 768w, https:\/\/blogi.eoppimispalvelut.fi\/tourimiehille\/files\/2020\/02\/Yhteisty\u00f6t\u00e4-Suo-Susiraja-ja-segregaatio-1536x1152.jpg 1536w, https:\/\/blogi.eoppimispalvelut.fi\/tourimiehille\/files\/2020\/02\/Yhteisty\u00f6t\u00e4-Suo-Susiraja-ja-segregaatio-2048x1536.jpg 2048w, https:\/\/blogi.eoppimispalvelut.fi\/tourimiehille\/files\/2020\/02\/Yhteisty\u00f6t\u00e4-Suo-Susiraja-ja-segregaatio-510x382.jpg 510w, https:\/\/blogi.eoppimispalvelut.fi\/tourimiehille\/files\/2020\/02\/Yhteisty\u00f6t\u00e4-Suo-Susiraja-ja-segregaatio-1080x810.jpg 1080w, https:\/\/blogi.eoppimispalvelut.fi\/tourimiehille\/files\/2020\/02\/Yhteisty\u00f6t\u00e4-Suo-Susiraja-ja-segregaatio-980x735.jpg 980w, https:\/\/blogi.eoppimispalvelut.fi\/tourimiehille\/files\/2020\/02\/Yhteisty\u00f6t\u00e4-Suo-Susiraja-ja-segregaatio-480x360.jpg 480w\" sizes=\"(max-width: 600px) 100vw, 600px\" \/><p id=\"caption-attachment-354\" class=\"wp-caption-text\">Suo, Susiraja ja Segregaatio- hankkeen koulutusp\u00e4iv\u00e4ll\u00e4 Rovaniemell\u00e4<\/p><\/div>\n<div id=\"attachment_342\" style=\"width: 370px\" class=\"wp-caption alignnone\"><img loading=\"lazy\" decoding=\"async\" aria-describedby=\"caption-attachment-342\" class=\"size-full wp-image-342\" src=\"https:\/\/blogi.eoppimispalvelut.fi\/tourimiehille\/files\/2020\/02\/19.9.19-miessakit-mies.jpg\" alt=\"\" width=\"360\" height=\"480\" \/><p id=\"caption-attachment-342\" class=\"wp-caption-text\">Visa Kuusikallio Miessakit ry:st\u00e4 19.9.19 koulutusp\u00e4iv\u00e4ss\u00e4<\/p><\/div>\n<div id=\"attachment_341\" style=\"width: 370px\" class=\"wp-caption alignnone\"><img loading=\"lazy\" decoding=\"async\" aria-describedby=\"caption-attachment-341\" class=\"size-full wp-image-341\" src=\"https:\/\/blogi.eoppimispalvelut.fi\/tourimiehille\/files\/2020\/02\/19.9.19-kirkonmies.jpg\" alt=\"\" width=\"360\" height=\"480\" \/><p id=\"caption-attachment-341\" class=\"wp-caption-text\">Kari Rekil\u00e4 Oulun seurakunnan ja kaupungin miesty\u00f6ntekij\u00e4 kertoo ty\u00f6st\u00e4\u00e4n 19.9.19 koulutusp\u00e4iv\u00e4ss\u00e4<\/p><\/div>\n<div id=\"attachment_338\" style=\"width: 370px\" class=\"wp-caption alignnone\"><img loading=\"lazy\" decoding=\"async\" aria-describedby=\"caption-attachment-338\" class=\"size-full wp-image-338\" src=\"https:\/\/blogi.eoppimispalvelut.fi\/tourimiehille\/files\/2020\/02\/19.9.19-esiintyj\u00e4-1-1.jpg\" alt=\"\" width=\"360\" height=\"480\" \/><p id=\"caption-attachment-338\" class=\"wp-caption-text\">Markku Naukkarinen Oulusta 19.9.19 koulutusp\u00e4iv\u00e4n esiintyj\u00e4n\u00e4<\/p><\/div>\n<div id=\"attachment_347\" style=\"width: 443px\" class=\"wp-caption alignnone\"><img loading=\"lazy\" decoding=\"async\" aria-describedby=\"caption-attachment-347\" class=\" wp-image-347\" src=\"https:\/\/blogi.eoppimispalvelut.fi\/tourimiehille\/files\/2020\/02\/Timo-BIrgit-ja-Hannele-messuilla-4.12.19-600x800.jpg\" alt=\"\" width=\"433\" height=\"578\" \/><p id=\"caption-attachment-347\" class=\"wp-caption-text\">Lapin AMK avoimet ovet 4.12.19 ja Touri Miehille- hanke oli mukana kertomassa toiminnastaan. Kuvassa Hannele Kauppila osaamisp\u00e4\u00e4llikk\u00f6 ja hankkeen ohjausryhm\u00e4n puheenjohtaja, Timo Marttala ja Birgit Myll\u00e4ri .<\/p><\/div>\n<p>&nbsp;<\/p>\n<div id=\"attachment_322\" style=\"width: 610px\" class=\"wp-caption alignnone\"><img loading=\"lazy\" decoding=\"async\" aria-describedby=\"caption-attachment-322\" class=\"size-medium wp-image-322\" src=\"https:\/\/blogi.eoppimispalvelut.fi\/tourimiehille\/files\/2020\/01\/20200124_122016-600x450.jpg\" alt=\"\" width=\"600\" height=\"450\" \/><p id=\"caption-attachment-322\" class=\"wp-caption-text\">Miesty\u00f6n foorumin suunnittelukokous 24.1.20\u00a0 Lapin AMK tiloissa. Visa Kuusikallio oli mukana skypeyhteydell\u00e4 Helsingist\u00e4 MIessakit ry:st\u00e4.<\/p><\/div>\n<p>&nbsp;<\/p>\n<p>&nbsp;<\/p>\n<div id=\"attachment_364\" style=\"width: 610px\" class=\"wp-caption alignnone\"><img loading=\"lazy\" decoding=\"async\" aria-describedby=\"caption-attachment-364\" class=\"size-medium wp-image-364\" src=\"https:\/\/blogi.eoppimispalvelut.fi\/tourimiehille\/files\/2020\/02\/Miesty\u00f6nfoorumi-3-600x450.jpg\" alt=\"\" width=\"600\" height=\"450\" srcset=\"https:\/\/blogi.eoppimispalvelut.fi\/tourimiehille\/files\/2020\/02\/Miesty\u00f6nfoorumi-3-600x450.jpg 600w, https:\/\/blogi.eoppimispalvelut.fi\/tourimiehille\/files\/2020\/02\/Miesty\u00f6nfoorumi-3-1280x960.jpg 1280w, https:\/\/blogi.eoppimispalvelut.fi\/tourimiehille\/files\/2020\/02\/Miesty\u00f6nfoorumi-3-768x576.jpg 768w, https:\/\/blogi.eoppimispalvelut.fi\/tourimiehille\/files\/2020\/02\/Miesty\u00f6nfoorumi-3-1536x1152.jpg 1536w, https:\/\/blogi.eoppimispalvelut.fi\/tourimiehille\/files\/2020\/02\/Miesty\u00f6nfoorumi-3-2048x1536.jpg 2048w, https:\/\/blogi.eoppimispalvelut.fi\/tourimiehille\/files\/2020\/02\/Miesty\u00f6nfoorumi-3-510x382.jpg 510w, https:\/\/blogi.eoppimispalvelut.fi\/tourimiehille\/files\/2020\/02\/Miesty\u00f6nfoorumi-3-1080x810.jpg 1080w, https:\/\/blogi.eoppimispalvelut.fi\/tourimiehille\/files\/2020\/02\/Miesty\u00f6nfoorumi-3-980x735.jpg 980w, https:\/\/blogi.eoppimispalvelut.fi\/tourimiehille\/files\/2020\/02\/Miesty\u00f6nfoorumi-3-480x360.jpg 480w\" sizes=\"(max-width: 600px) 100vw, 600px\" \/><p id=\"caption-attachment-364\" class=\"wp-caption-text\">Miesty\u00f6n foorumi 24.1.20<\/p><\/div>\n<p>&nbsp;<\/p>\n<p>&nbsp;<\/p>\n<p><img loading=\"lazy\" decoding=\"async\" class=\"alignnone wp-image-385\" src=\"https:\/\/blogi.eoppimispalvelut.fi\/tourimiehille\/files\/2020\/02\/SOKU-2-hankkeen-kokemukset-600x800.jpg\" alt=\"Neuropsykiatriset valmentajat\" width=\"494\" height=\"659\" \/><\/p>\n<p>SOKU 2 -hankkeen kokemukset k\u00e4ytt\u00f6\u00f6n Tourimiehille -hankkeeseen<\/p>\n<p><img loading=\"lazy\" decoding=\"async\" class=\"alignnone wp-image-387\" src=\"https:\/\/blogi.eoppimispalvelut.fi\/tourimiehille\/files\/2020\/02\/NYPSYT-600x800.jpg\" alt=\"\" width=\"479\" height=\"639\" \/><\/p>\n<p>22.1.2020 Neuropsykiatristen valmentajien kokemuksia Tourimiehille -hankkeeseen<\/p>\n<p><img loading=\"lazy\" decoding=\"async\" class=\"alignnone size-medium wp-image-388\" src=\"https:\/\/blogi.eoppimispalvelut.fi\/tourimiehille\/files\/2020\/02\/Laskiasisp\u00e4iv\u00e4n-viettoa-toivotaan-joka-vuotiseksi-600x800.jpg\" alt=\"\" width=\"600\" height=\"800\" srcset=\"https:\/\/blogi.eoppimispalvelut.fi\/tourimiehille\/files\/2020\/02\/Laskiasisp\u00e4iv\u00e4n-viettoa-toivotaan-joka-vuotiseksi-600x800.jpg 600w, https:\/\/blogi.eoppimispalvelut.fi\/tourimiehille\/files\/2020\/02\/Laskiasisp\u00e4iv\u00e4n-viettoa-toivotaan-joka-vuotiseksi-1280x1707.jpg 1280w, https:\/\/blogi.eoppimispalvelut.fi\/tourimiehille\/files\/2020\/02\/Laskiasisp\u00e4iv\u00e4n-viettoa-toivotaan-joka-vuotiseksi-768x1024.jpg 768w, https:\/\/blogi.eoppimispalvelut.fi\/tourimiehille\/files\/2020\/02\/Laskiasisp\u00e4iv\u00e4n-viettoa-toivotaan-joka-vuotiseksi-1152x1536.jpg 1152w, https:\/\/blogi.eoppimispalvelut.fi\/tourimiehille\/files\/2020\/02\/Laskiasisp\u00e4iv\u00e4n-viettoa-toivotaan-joka-vuotiseksi-1536x2048.jpg 1536w, https:\/\/blogi.eoppimispalvelut.fi\/tourimiehille\/files\/2020\/02\/Laskiasisp\u00e4iv\u00e4n-viettoa-toivotaan-joka-vuotiseksi-1080x1440.jpg 1080w, https:\/\/blogi.eoppimispalvelut.fi\/tourimiehille\/files\/2020\/02\/Laskiasisp\u00e4iv\u00e4n-viettoa-toivotaan-joka-vuotiseksi-980x1307.jpg 980w, https:\/\/blogi.eoppimispalvelut.fi\/tourimiehille\/files\/2020\/02\/Laskiasisp\u00e4iv\u00e4n-viettoa-toivotaan-joka-vuotiseksi-480x640.jpg 480w, https:\/\/blogi.eoppimispalvelut.fi\/tourimiehille\/files\/2020\/02\/Laskiasisp\u00e4iv\u00e4n-viettoa-toivotaan-joka-vuotiseksi-scaled.jpg 1920w\" sizes=\"(max-width: 600px) 100vw, 600px\" \/><img loading=\"lazy\" decoding=\"async\" class=\"alignnone size-medium wp-image-389\" src=\"https:\/\/blogi.eoppimispalvelut.fi\/tourimiehille\/files\/2020\/02\/LapinAMK.n-kuvataitelijaopiskelijat-laskiasiriehassa-Kallilla-600x800.jpg\" alt=\"\" width=\"600\" height=\"800\" \/><\/p>\n<p>Kallinkankaalle toivotaan joka vuotiseksi Lapin Ammattikorkeakoulun opiskelijoiden j\u00e4rjest\u00e4m\u00e4\u00e4 laskiaisriehaa. Touri Miehille hanke oli mukana liikunnallisessa p\u00e4iv\u00e4ss\u00e4.<\/p>\n<p><img loading=\"lazy\" decoding=\"async\" class=\"alignnone size-medium wp-image-390\" src=\"https:\/\/blogi.eoppimispalvelut.fi\/tourimiehille\/files\/2020\/02\/Kilpailua-Kallilla-25.2.2020-600x800.jpg\" alt=\"\" width=\"600\" height=\"800\" \/><img loading=\"lazy\" decoding=\"async\" class=\"alignnone size-medium wp-image-394\" src=\"https:\/\/blogi.eoppimispalvelut.fi\/tourimiehille\/files\/2020\/02\/Kallin-huipulla-25.2.2020-600x800.jpg\" alt=\"\" width=\"600\" height=\"800\" \/><\/p>\n<p>25.2.2020 Laskettelukilpailua Kallilla ja huipulle k\u00e4vellen. Tourimiehille -hanke peukuttaa opiskeljoita.<\/p>\n<p><img loading=\"lazy\" decoding=\"async\" class=\"alignnone wp-image-391\" src=\"https:\/\/blogi.eoppimispalvelut.fi\/tourimiehille\/files\/2020\/02\/Tyyli\u00e4-Kallilla-25.2.2020-600x800.jpg\" alt=\"\" width=\"493\" height=\"657\" srcset=\"https:\/\/blogi.eoppimispalvelut.fi\/tourimiehille\/files\/2020\/02\/Tyyli\u00e4-Kallilla-25.2.2020-600x800.jpg 600w, https:\/\/blogi.eoppimispalvelut.fi\/tourimiehille\/files\/2020\/02\/Tyyli\u00e4-Kallilla-25.2.2020-1280x1707.jpg 1280w, https:\/\/blogi.eoppimispalvelut.fi\/tourimiehille\/files\/2020\/02\/Tyyli\u00e4-Kallilla-25.2.2020-768x1024.jpg 768w, https:\/\/blogi.eoppimispalvelut.fi\/tourimiehille\/files\/2020\/02\/Tyyli\u00e4-Kallilla-25.2.2020-1152x1536.jpg 1152w, https:\/\/blogi.eoppimispalvelut.fi\/tourimiehille\/files\/2020\/02\/Tyyli\u00e4-Kallilla-25.2.2020-1536x2048.jpg 1536w, https:\/\/blogi.eoppimispalvelut.fi\/tourimiehille\/files\/2020\/02\/Tyyli\u00e4-Kallilla-25.2.2020-1080x1440.jpg 1080w, https:\/\/blogi.eoppimispalvelut.fi\/tourimiehille\/files\/2020\/02\/Tyyli\u00e4-Kallilla-25.2.2020-980x1307.jpg 980w, https:\/\/blogi.eoppimispalvelut.fi\/tourimiehille\/files\/2020\/02\/Tyyli\u00e4-Kallilla-25.2.2020-480x640.jpg 480w, https:\/\/blogi.eoppimispalvelut.fi\/tourimiehille\/files\/2020\/02\/Tyyli\u00e4-Kallilla-25.2.2020-scaled.jpg 1920w\" sizes=\"(max-width: 493px) 100vw, 493px\" \/><\/p>\n<p>25.2.2020 Tyyli\u00e4 Kallilla Laskiaisriehassa<\/p>\n<p><strong>Digivideot<\/strong><\/p>\n<p>Mielenkoneisto kuvaa mielentaitojen kehitt\u00e4misest\u00e4. Mielen maailmamme on ihmeellinen. Videon tekij\u00e4 on Birgit Myll\u00e4ri. Kuvista kiit\u00e4n Pixabayta ja Leena Tarkiaista Mielentaidot materiaalista, joka l\u00f6ytyy linkist\u00e4<\/p>\n<p><a href=\"https:\/\/kuntoutussaatio.fi\/assets\/files\/2018\/06\/Tarkiainen_Kuinka-tukea2_KP18.pdf\">https:\/\/kuntoutussaatio.fi\/assets\/files\/2018\/06\/Tarkiainen_Kuinka-tukea2_KP18.pdf\u00a0\u00a0\u00a0\u00a0<\/a><\/p>\n<p><iframe loading=\"lazy\" title=\"2020 Mielenkoneisto\" width=\"1080\" height=\"608\" src=\"https:\/\/www.youtube.com\/embed\/hX30QOD-Zvk?feature=oembed\" frameborder=\"0\" allow=\"accelerometer; autoplay; encrypted-media; gyroscope; picture-in-picture\" allowfullscreen><\/iframe><\/p>\n<p>&nbsp;<\/p>\n<p>&nbsp;<\/p>\n<p>Herra X on antanut tarinansa kertoakseen usean ty\u00f6tt\u00f6m\u00e4n ihmisen el\u00e4m\u00e4st\u00e4. Tarina vahvistaa kuntoutusl\u00e4\u00e4k\u00e4ri Raija Ker\u00e4tt\u00e4ren ja Tuija Oivon ty\u00f6tt\u00f6miin liittyv\u00e4n selvitysty\u00f6n tarpeellisuuden.<\/p>\n<p><span style=\"font-weight: 400\">Kuvia on l\u00f6ytynyt Pixabaysta ja itselt\u00e4 Herra X:lt\u00e4. Tarina on aito. \u00c4\u00e4ni on Timo Marttalan ja videon tekij\u00e4 on Birgit Myll\u00e4ri\u00a0<\/span><\/p>\n<p><iframe loading=\"lazy\" title=\"2020 Herra X Toimeentuloviidakossa\" width=\"1080\" height=\"608\" src=\"https:\/\/www.youtube.com\/embed\/q5kGjXRXru0?feature=oembed\" frameborder=\"0\" allow=\"accelerometer; autoplay; encrypted-media; gyroscope; picture-in-picture\" allowfullscreen><\/iframe><\/p>\n<p>&nbsp;<\/p>\n<p><iframe loading=\"lazy\" title=\"Mielen hyvinvointi\" width=\"1080\" height=\"608\" src=\"https:\/\/www.youtube.com\/embed\/BDOwTn_51TM?feature=oembed\" frameborder=\"0\" allow=\"accelerometer; autoplay; encrypted-media; gyroscope; picture-in-picture\" allowfullscreen><\/iframe><\/p>\n<p>Mielen hyvinvointi-digitarinat ovat Jenni Alaviippolan terveydenhoitajaopinnoissa toteuttama kehitt\u00e4misteht\u00e4v\u00e4.\u00a0 Digitarinoiden tavoitteena on varhainen puuttuminen nuoren mielenterveyden ongelmiin, lis\u00e4ten positiivista mielenterveytt\u00e4 aina aikuisuuteen saakka. Lasten ja nuorten kokonaisvaltainen kasvun ja kehityksen tukeminen lis\u00e4\u00e4 mahdollisuuksia kehitty\u00e4\u00a0 hyvinvoivaksi ty\u00f6kykyiseksi aikuiseksi.<\/p>\n<p>&nbsp;<\/p>\n","protected":false},"excerpt":{"rendered":"<p>T\u00e4lle sivulle olemme ker\u00e4nneet joitakin kuvia hankkeen tapahtumista sek\u00e4 hankkeen aikana toteutet digitarinat l\u00f6ytyv\u00e4t t\u00e4\u00e4lt\u00e4. Digitarinat l\u00f6yd\u00e4t sivun lopusta. Pojasta mieheksi kasvamisen haasteisiin panudutaan Jari Sinkkosen johdolla 20.3.2019 &nbsp; Yhteisty\u00f6t\u00e4 psykiatrian, nuorisotoimen, seurakunnan, koulutoimen ja Haaparannan kanssa 10.10.2018. STM:lle selvityksen tekij\u00e4 Raija Ker\u00e4t\u00e4r on tutkinut pitk\u00e4aikaisty\u00f6tt\u00f6mi\u00e4 ja osa ty\u00f6kykyisi\u00e4. \u201dTy\u00f6tt\u00f6m\u00e4t ovat t\u00e4ll\u00e4 hetkell\u00e4 syrj\u00e4ss\u00e4 ty\u00f6kykypalveluista, [&hellip;]<\/p>\n","protected":false},"author":2032,"featured_media":0,"parent":0,"menu_order":0,"comment_status":"closed","ping_status":"closed","template":"","meta":{"_et_pb_use_builder":"","_et_pb_old_content":"","_et_gb_content_width":"","footnotes":""},"class_list":["post-329","page","type-page","status-publish","hentry"],"_links":{"self":[{"href":"https:\/\/blogi.eoppimispalvelut.fi\/tourimiehille\/wp-json\/wp\/v2\/pages\/329","targetHints":{"allow":["GET"]}}],"collection":[{"href":"https:\/\/blogi.eoppimispalvelut.fi\/tourimiehille\/wp-json\/wp\/v2\/pages"}],"about":[{"href":"https:\/\/blogi.eoppimispalvelut.fi\/tourimiehille\/wp-json\/wp\/v2\/types\/page"}],"author":[{"embeddable":true,"href":"https:\/\/blogi.eoppimispalvelut.fi\/tourimiehille\/wp-json\/wp\/v2\/users\/2032"}],"replies":[{"embeddable":true,"href":"https:\/\/blogi.eoppimispalvelut.fi\/tourimiehille\/wp-json\/wp\/v2\/comments?post=329"}],"version-history":[{"count":32,"href":"https:\/\/blogi.eoppimispalvelut.fi\/tourimiehille\/wp-json\/wp\/v2\/pages\/329\/revisions"}],"predecessor-version":[{"id":504,"href":"https:\/\/blogi.eoppimispalvelut.fi\/tourimiehille\/wp-json\/wp\/v2\/pages\/329\/revisions\/504"}],"wp:attachment":[{"href":"https:\/\/blogi.eoppimispalvelut.fi\/tourimiehille\/wp-json\/wp\/v2\/media?parent=329"}],"curies":[{"name":"wp","href":"https:\/\/api.w.org\/{rel}","templated":true}]}}