{"id":43,"date":"2019-04-15T13:58:29","date_gmt":"2019-04-15T10:58:29","guid":{"rendered":"https:\/\/blogi.eoppimispalvelut.fi\/tourimiehille\/?page_id=43"},"modified":"2020-02-26T09:25:11","modified_gmt":"2020-02-26T07:25:11","slug":"tapahtumat","status":"publish","type":"page","link":"https:\/\/blogi.eoppimispalvelut.fi\/tourimiehille\/tapahtumat\/","title":{"rendered":"Tapahtumakalenteri"},"content":{"rendered":"<p>&nbsp;<\/p>\n<p><span style=\"color: #0000ff\">TAMMIKUUSSA TAPAHTUU<\/span><\/p>\n<p>Ilmoittaudu mukaan RYHDY RYHM\u00c4NOHJAAJAKSI kurssille. Ne toteuteaan yhteisty\u00f6ss\u00e4 Kemin Kivalo-opiston ja Tornion Kansalaisopiston kanssa. Seuraavasta linkist\u00e4 l\u00f6yd\u00e4t koulutuksen esitteen Tornion Kansalasiopistolla toteutuvaan koulutukseen:<\/p>\n<p>[pdf-embedder url=&#8221;https:\/\/blogi.eoppimispalvelut.fi\/tourimiehille\/files\/2019\/11\/Touri-miehille-kev\u00e4t-esite-ryhm\u00e4nohjaajakoulutuksesta-Tornio.pdf&#8221; title=&#8221;Touri miehille kev\u00e4t- esite ryhm\u00e4nohjaajakoulutuksesta Tornio&#8221;]<\/p>\n<p>Ja t\u00e4ss\u00e4 sinulle on suora linkki ilmoittautumiseen:<\/p>\n<p><a href=\"https:\/\/opistopalvelut.fi\/tornio\/search.php?l=fi&amp;search=999511\">https:\/\/opistopalvelut.fi\/tornio\/search.php?l=fi&amp;search=999511<\/a><\/p>\n<p><span style=\"color: #0000ff\">Kivalo-opistolla<\/span> Kemiss\u00e4 toetutuvaan koulutukseen p\u00e4\u00e4set t\u00e4st\u00e4 linkist\u00e4:<\/p>\n<p><a href=\"https:\/\/opistopalvelut.fi\/kivalo-opisto\/search.php?l=fi&amp;search=ryhdy\">https:\/\/opistopalvelut.fi\/kivalo-opisto\/search.php?l=fi&amp;search=ryhdy<\/a><\/p>\n<p>14.1.2020 Nuorten Starttipaja Tornio klo 9.00<\/p>\n<p>16.1.2020 V\u00e4yl\u00e4n Valo<\/p>\n<p>17.1.2020 Tornion ty\u00f6voimalas\u00e4\u00e4ti\u00f6n Pelipaja<\/p>\n<p>17.1.2020 Tornion Me\u00e4ntalo<\/p>\n<p>21.1.2020 Simon 4H j\u00e4rjest\u00f6<\/p>\n<p>23.1.2020 Miesporukat Hyvinvointipys\u00e4kki Tietokatu 1 Kemi klo 11-12 Tervetuloa<\/p>\n<p>24.1.2020 Miesty\u00f6 foorumi Kemiss\u00e4<\/p>\n<p>30.1.2020 Miesporukat Hyvinvointipys\u00e4kki Tietokatu 1 Kemi klo 11-12 Tervetuloa<\/p>\n<p>30.1.2020 Rekry -messut Tietokatu 1 Kemi klo 13-17.00 Tervetuloa<\/p>\n<p>31.1.2020 Tornion ty\u00f6voimalas\u00e4\u00e4ti\u00f6 Pelipaja<\/p>\n<p>31.1.2020 Tornion Me\u00e4ntalo Miesten porukka klo 13-15 Tervetuloa!<\/p>\n<p><span style=\"color: #3366ff\">HELMIKUUSSA TAPAHTUU<\/span><\/p>\n<p>4.2. 2020 Simon 4H j\u00e4rjest\u00f6n ryhm\u00e4<\/p>\n<p>6.2.2020 Meriva s\u00e4\u00e4ti\u00f6n ryhm\u00e4 Hyvinvointipys\u00e4kill\u00e4<\/p>\n<p>13.2.2020 Miesporukka Hyvinvointipys\u00e4kki Tietokatu 1 Kemi klo 11-12.<\/p>\n<p>13.2.2020 Tornio V\u00e4yl\u00e4nvalo<\/p>\n<p>14.2.2020 Tornion ty\u00f6voimalas\u00e4\u00e4ti\u00f6 Pelipaja<\/p>\n<p>14.2.2020 Tornio Me\u00e4ntalo miesten ryhm\u00e4 klo 13-15 Tervetuloa<\/p>\n<p>18.2.2020 Merivan ryhm\u00e4 Kemiss\u00e4<\/p>\n<p>18.2.2020 Simon 4H j\u00e4rjest\u00f6n ryhm\u00e4 Hyvinvointipys\u00e4kill\u00e4 jatkuu sovitusti.<\/p>\n<p>19.2.2020 Keminmaan nuorten ryhm\u00e4 k\u00e4ynnistyy ja jatkuu sovitusti.<\/p>\n<p>27.2.2020 Hyvinvointipys\u00e4kill\u00e4 Tietokatu 1 Miesten porukka joka torstai klo 10-12.00. Ei vk 10.<\/p>\n<p>28.2.2020 Tornion ty\u00f6voimalas\u00e4\u00e4ti\u00f6n Pelipaja<\/p>\n<p>Yksil\u00f6tapaamiset Kemin Ty\u00f6llisyyspalveluissa ja Tornion ty\u00f6tt\u00f6mien terveystarkastuksissa.<\/p>\n<p><span style=\"color: #0000ff\">\u00a0RYHM\u00c4TOIMINTAA<\/span><\/p>\n<p>Hankkeessa j\u00e4rjestet\u00e4\u00e4n erilaista ryhm\u00e4-, ja yksil\u00f6toimintaa miehille yhdess\u00e4 yhteisty\u00f6kummppaneiden kanssa. Uusia ryhmi\u00e4 alkaa\u00a0 vuoden 2020 alussa Simossa ja Keminmaalla.<\/p>\n<p>Kemiss\u00e4 ryhm\u00e4toimintaa on\u00a0 ollut Meriva sr;n tiloissa, Kohtaamossa, Ammattikorkeakoululla. Syksyll\u00e4 ryhm\u00e4toiminta k\u00e4ynnistyi my\u00f6s Kemi-Kammarissa ja Ty\u00f6voimapalveluissa.<\/p>\n<p>Keminmaalla ryhm\u00e4toimintaa on j\u00e4rjestetty Keminmaan Rantatuvalla\u00a0 ja se jatkuu my\u00f6s syksyll\u00e4.<\/p>\n<p>Torniossa ryhm\u00e4toimintaa on j\u00e4rjestetty Me\u00e4n Talolla ja Nuorten ty\u00f6pajalla sek\u00e4 Rantakartanossa. Kumppanuuskeskus Luotsissa yritettiin k\u00e4ynnistet\u00e4\u00e4 toimintaa toukokuun alusta l\u00e4htien. Torniossa on kev\u00e4\u00e4n aikana kokoontunut sivistystoimen ja varhaiskasvatuksen henkil\u00f6st\u00f6lle yhteinen konsultatiivinen ryhm\u00e4.<\/p>\n<p>Ryhmien ajankohdat l\u00f6yd\u00e4t tulevia tapahtumia otsikon alta.<\/p>\n<p>&nbsp;<\/p>\n<p>&nbsp;<\/p>\n<p>&nbsp;<\/p>\n<p>&nbsp;<\/p>\n<p>&nbsp;<\/p>\n<p>&nbsp;<\/p>\n","protected":false},"excerpt":{"rendered":"<p>&nbsp; TAMMIKUUSSA TAPAHTUU Ilmoittaudu mukaan RYHDY RYHM\u00c4NOHJAAJAKSI kurssille. Ne toteuteaan yhteisty\u00f6ss\u00e4 Kemin Kivalo-opiston ja Tornion Kansalaisopiston kanssa. Seuraavasta linkist\u00e4 l\u00f6yd\u00e4t koulutuksen esitteen Tornion Kansalasiopistolla toteutuvaan koulutukseen: [pdf-embedder url=&#8221;https:\/\/blogi.eoppimispalvelut.fi\/tourimiehille\/files\/2019\/11\/Touri-miehille-kev\u00e4t-esite-ryhm\u00e4nohjaajakoulutuksesta-Tornio.pdf&#8221; title=&#8221;Touri miehille kev\u00e4t- esite ryhm\u00e4nohjaajakoulutuksesta Tornio&#8221;] Ja t\u00e4ss\u00e4 sinulle on suora linkki ilmoittautumiseen: https:\/\/opistopalvelut.fi\/tornio\/search.php?l=fi&amp;search=999511 Kivalo-opistolla Kemiss\u00e4 toetutuvaan koulutukseen p\u00e4\u00e4set t\u00e4st\u00e4 linkist\u00e4: https:\/\/opistopalvelut.fi\/kivalo-opisto\/search.php?l=fi&amp;search=ryhdy 14.1.2020 Nuorten Starttipaja Tornio klo [&hellip;]<\/p>\n","protected":false},"author":2032,"featured_media":0,"parent":0,"menu_order":0,"comment_status":"closed","ping_status":"closed","template":"","meta":{"_et_pb_use_builder":"","_et_pb_old_content":"","_et_gb_content_width":"","footnotes":""},"class_list":["post-43","page","type-page","status-publish","hentry"],"_links":{"self":[{"href":"https:\/\/blogi.eoppimispalvelut.fi\/tourimiehille\/wp-json\/wp\/v2\/pages\/43","targetHints":{"allow":["GET"]}}],"collection":[{"href":"https:\/\/blogi.eoppimispalvelut.fi\/tourimiehille\/wp-json\/wp\/v2\/pages"}],"about":[{"href":"https:\/\/blogi.eoppimispalvelut.fi\/tourimiehille\/wp-json\/wp\/v2\/types\/page"}],"author":[{"embeddable":true,"href":"https:\/\/blogi.eoppimispalvelut.fi\/tourimiehille\/wp-json\/wp\/v2\/users\/2032"}],"replies":[{"embeddable":true,"href":"https:\/\/blogi.eoppimispalvelut.fi\/tourimiehille\/wp-json\/wp\/v2\/comments?post=43"}],"version-history":[{"count":70,"href":"https:\/\/blogi.eoppimispalvelut.fi\/tourimiehille\/wp-json\/wp\/v2\/pages\/43\/revisions"}],"predecessor-version":[{"id":375,"href":"https:\/\/blogi.eoppimispalvelut.fi\/tourimiehille\/wp-json\/wp\/v2\/pages\/43\/revisions\/375"}],"wp:attachment":[{"href":"https:\/\/blogi.eoppimispalvelut.fi\/tourimiehille\/wp-json\/wp\/v2\/media?parent=43"}],"curies":[{"name":"wp","href":"https:\/\/api.w.org\/{rel}","templated":true}]}}