{"id":7,"date":"2018-10-15T12:53:52","date_gmt":"2018-10-15T09:53:52","guid":{"rendered":"https:\/\/blogi.eoppimispalvelut.fi\/tourimiehille\/?page_id=7"},"modified":"2021-01-15T14:53:21","modified_gmt":"2021-01-15T12:53:21","slug":"etusivu","status":"publish","type":"page","link":"https:\/\/blogi.eoppimispalvelut.fi\/tourimiehille\/","title":{"rendered":""},"content":{"rendered":"<p>[et_pb_section fb_built=&#8221;1&#8243; inner_shadow=&#8221;on&#8221; fullwidth=&#8221;on&#8221; _builder_version=&#8221;3.22&#8243; max_width=&#8221;72%&#8221; module_alignment=&#8221;center&#8221;][et_pb_fullwidth_image src=&#8221;https:\/\/blogi.eoppimispalvelut.fi\/tourimiehille\/files\/2019\/08\/Untitled-1.jpg&#8221; _builder_version=&#8221;3.20.2&#8243; module_alignment=&#8221;center&#8221;]<br \/>\n[\/et_pb_fullwidth_image][\/et_pb_section][et_pb_section fb_built=&#8221;1&#8243; admin_label=&#8221;section&#8221; _builder_version=&#8221;3.22&#8243;][et_pb_row admin_label=&#8221;row&#8221; _builder_version=&#8221;3.25&#8243; background_size=&#8221;initial&#8221; background_position=&#8221;top_left&#8221; background_repeat=&#8221;repeat&#8221;][et_pb_column type=&#8221;4_4&#8243; _builder_version=&#8221;3.0.47&#8243; custom_padding=&#8221;|||&#8221; custom_padding__hover=&#8221;|||&#8221;][et_pb_text admin_label=&#8221;Text&#8221; _builder_version=&#8221;4.6.6&#8243; background_size=&#8221;initial&#8221; background_position=&#8221;top_left&#8221; background_repeat=&#8221;repeat&#8221; vertical_offset_tablet=&#8221;0&#8243; horizontal_offset_tablet=&#8221;0&#8243; z_index_tablet=&#8221;500&#8243; text_text_shadow_horizontal_length_tablet=&#8221;0px&#8221; text_text_shadow_vertical_length_tablet=&#8221;0px&#8221; text_text_shadow_blur_strength_tablet=&#8221;1px&#8221; link_text_shadow_horizontal_length_tablet=&#8221;0px&#8221; link_text_shadow_vertical_length_tablet=&#8221;0px&#8221; link_text_shadow_blur_strength_tablet=&#8221;1px&#8221; ul_text_shadow_horizontal_length_tablet=&#8221;0px&#8221; ul_text_shadow_vertical_length_tablet=&#8221;0px&#8221; ul_text_shadow_blur_strength_tablet=&#8221;1px&#8221; ol_text_shadow_horizontal_length_tablet=&#8221;0px&#8221; ol_text_shadow_vertical_length_tablet=&#8221;0px&#8221; ol_text_shadow_blur_strength_tablet=&#8221;1px&#8221; quote_text_shadow_horizontal_length_tablet=&#8221;0px&#8221; quote_text_shadow_vertical_length_tablet=&#8221;0px&#8221; quote_text_shadow_blur_strength_tablet=&#8221;1px&#8221; header_text_shadow_horizontal_length_tablet=&#8221;0px&#8221; header_text_shadow_vertical_length_tablet=&#8221;0px&#8221; header_text_shadow_blur_strength_tablet=&#8221;1px&#8221; header_2_text_shadow_horizontal_length_tablet=&#8221;0px&#8221; header_2_text_shadow_vertical_length_tablet=&#8221;0px&#8221; header_2_text_shadow_blur_strength_tablet=&#8221;1px&#8221; header_3_text_shadow_horizontal_length_tablet=&#8221;0px&#8221; header_3_text_shadow_vertical_length_tablet=&#8221;0px&#8221; header_3_text_shadow_blur_strength_tablet=&#8221;1px&#8221; header_4_text_shadow_horizontal_length_tablet=&#8221;0px&#8221; header_4_text_shadow_vertical_length_tablet=&#8221;0px&#8221; header_4_text_shadow_blur_strength_tablet=&#8221;1px&#8221; header_5_text_shadow_horizontal_length_tablet=&#8221;0px&#8221; header_5_text_shadow_vertical_length_tablet=&#8221;0px&#8221; header_5_text_shadow_blur_strength_tablet=&#8221;1px&#8221; header_6_text_shadow_horizontal_length_tablet=&#8221;0px&#8221; header_6_text_shadow_vertical_length_tablet=&#8221;0px&#8221; header_6_text_shadow_blur_strength_tablet=&#8221;1px&#8221; box_shadow_horizontal_tablet=&#8221;0px&#8221; box_shadow_vertical_tablet=&#8221;0px&#8221; box_shadow_blur_tablet=&#8221;40px&#8221; box_shadow_spread_tablet=&#8221;0px&#8221;]<\/p>\n<p><span style=\"color: #000000\"><strong>Terve tuloa\u00a0<\/strong> Touri Miehille- hankkeen sivustolle. Hanke on p\u00e4\u00e4ttynyt 30.9.2020.\u00a0 Kiit\u00e4mme l\u00e4mpim\u00e4sti kaikkia yhteis\u00f6j\u00e4 ja yksil\u00f6it\u00e4, jotka yhdess\u00e4 kanssamme mahdollistitte t\u00e4m\u00e4n hankkeen toteutumisen.\u00a0<\/span><\/p>\n<p><span style=\"color: #000000\"><strong>T\u00e4ss\u00e4 teille linkki hankkeen julkaisuun:<\/strong>\u00a0<a href=\"https:\/\/www.lapinamk.fi\/fi\/Yrityksille-ja-yhteisoille\/Julkaisut\/Lapin-AMKin-julkaisut?itemid=2618&amp;showlocation=a318a90d-6e54-4407-87e7-e228aa8e400f\">https:\/\/www.lapinamk.fi\/fi\/Yrityksille-ja-yhteisoille\/Julkaisut\/Lapin-AMKin-julkaisut?itemid=2618&amp;showlocation=a318a90d-6e54-4407-87e7-e228aa8e400f.\u00a0<\/a><\/span>Julkaisussa kuvataan hankkeessa toteutettuja toimenpiteit\u00e4, tuloksia ja niit\u00e4 ohjaavia tausta-ajatuksia miesten n\u00e4k\u00f6kulmasta.<\/p>\n<p><span style=\"color: #000000\"><\/span><\/p>\n<p><span style=\"color: #000000\">T\u00e4m\u00e4 sivusto j\u00e4\u00e4 k\u00e4ytt\u00f6\u00f6nne.\u00a0 Etusivulle on lis\u00e4tty otsikko <strong>Toiminnasta tuotteeksi.<\/strong> Sielt\u00e4 l\u00f6ytyv\u00e4t hankkeen aikana toteutetut ja suunnittellut toiminnat ja tuotteet. Niit\u00e4 saatte vapaasti hy\u00f6dynt\u00e4\u00e4 ja tarvittessa pyyt\u00e4\u00e4 apua Lapin Ammattikorkeakoulun Kemin kampuksen Hyvinvointipys\u00e4kilt\u00e4. Sill\u00e4 harjoittelussa olevat sosiaali- ja terveysalan opiskelijat voivat tulla yksik\u00f6ihinne toteuttamaan erilaisia ryhmi\u00e4 tai toimintaa, jolla tuetaan miesten ty\u00f6- ja toimintakyky\u00e4 ja hyvinvointia. Hankkeen s\u00e4hk\u00f6inen julkaisu ilmestyy syksyn kuluessa. Siihen liittyv\u00e4 linkki tulle my\u00f6s t\u00e4nne sivustolle.<\/span><\/p>\n<p><span style=\"color: #000000\"><span style=\"color: #0000ff\">Miesty\u00f6n foorumi<\/span> on\u00a0 jatkanut\u00a0<\/span><span style=\"color: #000000\"> toimintaansa ja suunnitellut\u00a0 yhdess\u00e4 yhteisty\u00f6kumppaneiden kanssa valtakunnallisen Miesten viikon tapahtumia\u00a0 Kemiin ja Tornioon. <span style=\"color: #0000ff\">Viikko on marraskuussa 2.11- 8.11.20<\/span>. \u00a0 Mukana\u00a0 j\u00e4rjestelyiss\u00e4 ovat\u00a0 olleet Torniossa Me\u00e4n Talo ja Tornion seurakunta, sek\u00e4 Ty\u00f6t\u00e4 ja Turvaa ry . Kemiss\u00e4 Lapin AMK Hyvinvointipys\u00e4kki, Mikseri, Meriva sr, Maahanmuuttaja Ohjaamo ja SPR Ruokaa ja kohtaamisia hanke.\u00a0 Voit osallistua\u00a0 retkeen Kiikelin laavulle\u00a0 5.11. klo 13 Kemiss\u00e4, Torniossa\u00a0 on keilausta, kuntosalia, ryhm\u00e4\u00e4 ja saunomista 4.11- 5.11.20. N\u00e4ist\u00e4 l\u00f6yd\u00e4t tarkemmat tiedost tuosta linkist\u00e4.\u00a0 Teamsissa toteutuu Miesty\u00f6ntekij\u00e4- miehet ja hyvinvointiala tapahtuma 5.11.klo 10-12 .\u00a0 Hyvinvointialalla ty\u00f6skentelev\u00e4t miehet kertovat ty\u00f6st\u00e4\u00e4n ja el\u00e4m\u00e4st\u00e4\u00e4n. Teams-linkki tapahtumaan l\u00f6ytyy tuosta MIesten viikon tapahtumat linkist\u00e4.\u00a0 Terve tuloa mukaan, muistakaa ilmoittautua noihin muihin\u00a0 tilaisuuksiin!\u00a0<\/span><\/p>\n<p><strong><span style=\"color: #0000ff\">Miesten viikon tiedot l\u00f6yd\u00e4t oheisesta linkist\u00e4<\/span><\/strong> : <a href=\"https:\/\/www.lapinamk.fi\/events\/Miesten-Viikko-2020\/w0ap50f5\/255633c8-db87-4627-8548-9f2d3f42d8d6\">Miesten viikon tapahtumat<\/a><\/p>\n<p><span style=\"color: #000000\">Tapahtumissa huomioidaan koronan aiheuttamat varotoimet ja noudatetaan tarkasti valtakunnallisia ohjeita<\/span><\/p>\n<p><span style=\"color: #000000\">Hyv\u00e4\u00e4 jatkoa teille kaikille !\u00a0 Pidet\u00e4\u00e4n huolta toisistamme !\u00a0<\/span><\/p>\n<p><span style=\"color: #000000\">Terveisin Tarja LIpponen<\/span><\/p>\n<p>&nbsp;<\/p>\n<p>[\/et_pb_text][\/et_pb_column][\/et_pb_row][\/et_pb_section]<\/p>\n","protected":false},"excerpt":{"rendered":"<p>Terve tuloa\u00a0 Touri Miehille- hankkeen sivustolle. Hanke on p\u00e4\u00e4ttynyt 30.9.2020.\u00a0 Kiit\u00e4mme l\u00e4mpim\u00e4sti kaikkia yhteis\u00f6j\u00e4 ja yksil\u00f6it\u00e4, jotka yhdess\u00e4 kanssamme mahdollistitte t\u00e4m\u00e4n hankkeen toteutumisen.\u00a0 T\u00e4ss\u00e4 teille linkki hankkeen julkaisuun:\u00a0https:\/\/www.lapinamk.fi\/fi\/Yrityksille-ja-yhteisoille\/Julkaisut\/Lapin-AMKin-julkaisut?itemid=2618&amp;showlocation=a318a90d-6e54-4407-87e7-e228aa8e400f.\u00a0Julkaisussa kuvataan hankkeessa toteutettuja toimenpiteit\u00e4, tuloksia ja niit\u00e4 ohjaavia tausta-ajatuksia miesten n\u00e4k\u00f6kulmasta. T\u00e4m\u00e4 sivusto j\u00e4\u00e4 k\u00e4ytt\u00f6\u00f6nne.\u00a0 Etusivulle on lis\u00e4tty otsikko Toiminnasta tuotteeksi. Sielt\u00e4 l\u00f6ytyv\u00e4t hankkeen aikana toteutetut ja [&hellip;]<\/p>\n","protected":false},"author":31,"featured_media":0,"parent":0,"menu_order":0,"comment_status":"closed","ping_status":"closed","template":"","meta":{"_et_pb_use_builder":"on","_et_pb_old_content":"Terve tuloa\u00a0 Touri Miehille- hankkeen sivustolle.\u00a0 Sivusto on luotu huhtikuussa 2019. T\u00e4\u00e4lt\u00e4 l\u00f6yd\u00e4t tietoa hankkeesta , yhteisty\u00f6kumppaneista , hankkeen toimijoista \u00a0ja tapahtumista. Eri otsikoiden alle on ker\u00e4tty tietoja, jotka auttavat sinua hahmottamaan mist\u00e4 t\u00e4ss\u00e4 hankkeessa on kysymys. Ole rohkeasti yhteydess\u00e4 hanketoimijoihin s\u00e4hk\u00f6postilla tai puhelimitse. P\u00e4ivit\u00e4mme t\u00e4nne sivustolle tietoa hankkeen toiminnasta ja tapahtumista. Nyt l\u00f6ytyy syksyn p\u00e4iv\u00e4m\u00e4\u00e4ri\u00e4\u00a0 tapahtumat sivulta.\u00a0 2019 Elokuun\u00a0 alusta taas toiminta jatkuu eri yhteisty\u00f6kumppaneiden kanssa. terveisin Birgit Myll\u00e4ri, Tarja Lipponen ja Timo Marttala","_et_gb_content_width":"","footnotes":""},"class_list":["post-7","page","type-page","status-publish","hentry"],"_links":{"self":[{"href":"https:\/\/blogi.eoppimispalvelut.fi\/tourimiehille\/wp-json\/wp\/v2\/pages\/7","targetHints":{"allow":["GET"]}}],"collection":[{"href":"https:\/\/blogi.eoppimispalvelut.fi\/tourimiehille\/wp-json\/wp\/v2\/pages"}],"about":[{"href":"https:\/\/blogi.eoppimispalvelut.fi\/tourimiehille\/wp-json\/wp\/v2\/types\/page"}],"author":[{"embeddable":true,"href":"https:\/\/blogi.eoppimispalvelut.fi\/tourimiehille\/wp-json\/wp\/v2\/users\/31"}],"replies":[{"embeddable":true,"href":"https:\/\/blogi.eoppimispalvelut.fi\/tourimiehille\/wp-json\/wp\/v2\/comments?post=7"}],"version-history":[{"count":63,"href":"https:\/\/blogi.eoppimispalvelut.fi\/tourimiehille\/wp-json\/wp\/v2\/pages\/7\/revisions"}],"predecessor-version":[{"id":631,"href":"https:\/\/blogi.eoppimispalvelut.fi\/tourimiehille\/wp-json\/wp\/v2\/pages\/7\/revisions\/631"}],"wp:attachment":[{"href":"https:\/\/blogi.eoppimispalvelut.fi\/tourimiehille\/wp-json\/wp\/v2\/media?parent=7"}],"curies":[{"name":"wp","href":"https:\/\/api.w.org\/{rel}","templated":true}]}}